{"id":4848,"date":"2022-01-31T20:24:29","date_gmt":"2022-01-31T19:24:29","guid":{"rendered":"https:\/\/agora.xtec.cat\/ins-salasixandri\/?page_id=4848"},"modified":"2022-01-31T20:24:29","modified_gmt":"2022-01-31T19:24:29","slug":"documentacio-basica","status":"publish","type":"page","link":"https:\/\/agora.xtec.cat\/ins-salasixandri\/documentacio-basica\/","title":{"rendered":"Documentaci\u00f3 b\u00e0sica"},"content":{"rendered":"<p>A continuaci\u00f3 us facilitem diversos documents informatius.<\/p>\n<p><a href=\"https:\/\/agora.xtec.cat\/ins-salasixandri\/wp-content\/uploads\/usu1444\/2022\/01\/documents-1920461_1280.png\"><img loading=\"lazy\" decoding=\"async\" class=\"alignnone  wp-image-4849\" src=\"https:\/\/agora.xtec.cat\/ins-salasixandri\/wp-content\/uploads\/usu1444\/2022\/01\/documents-1920461_1280-1024x1024.png\" alt=\"\" width=\"450\" height=\"450\" srcset=\"https:\/\/agora.xtec.cat\/ins-salasixandri\/wp-content\/uploads\/usu1444\/2022\/01\/documents-1920461_1280-1024x1024.png 1024w, https:\/\/agora.xtec.cat\/ins-salasixandri\/wp-content\/uploads\/usu1444\/2022\/01\/documents-1920461_1280-300x300.png 300w, https:\/\/agora.xtec.cat\/ins-salasixandri\/wp-content\/uploads\/usu1444\/2022\/01\/documents-1920461_1280-150x150.png 150w, https:\/\/agora.xtec.cat\/ins-salasixandri\/wp-content\/uploads\/usu1444\/2022\/01\/documents-1920461_1280-768x768.png 768w, https:\/\/agora.xtec.cat\/ins-salasixandri\/wp-content\/uploads\/usu1444\/2022\/01\/documents-1920461_1280.png 1280w\" sizes=\"auto, (max-width: 450px) 100vw, 450px\" \/><\/a><\/p>\n","protected":false},"excerpt":{"rendered":"<p>A continuaci\u00f3 us facilitem diversos documents informatius.<br \/>\n<a href=\"https:\/\/agora.xtec.cat\/ins-salasixandri\/wp-content\/uploads\/usu1444\/2022\/01\/documents-1920461_1280.png\"><\/a><\/p>\n","protected":false},"author":3,"featured_media":0,"parent":0,"menu_order":0,"comment_status":"closed","ping_status":"closed","template":"","meta":{"_bbp_topic_count":0,"_bbp_reply_count":0,"_bbp_total_topic_count":0,"_bbp_total_reply_count":0,"_bbp_voice_count":0,"_bbp_anonymous_reply_count":0,"_bbp_topic_count_hidden":0,"_bbp_reply_count_hidden":0,"_bbp_forum_subforum_count":0,"footnotes":""},"class_list":["post-4848","page","type-page","status-publish","hentry"],"post_mailing_queue_ids":[],"_links":{"self":[{"href":"https:\/\/agora.xtec.cat\/ins-salasixandri\/wp-json\/wp\/v2\/pages\/4848","targetHints":{"allow":["GET"]}}],"collection":[{"href":"https:\/\/agora.xtec.cat\/ins-salasixandri\/wp-json\/wp\/v2\/pages"}],"about":[{"href":"https:\/\/agora.xtec.cat\/ins-salasixandri\/wp-json\/wp\/v2\/types\/page"}],"author":[{"embeddable":true,"href":"https:\/\/agora.xtec.cat\/ins-salasixandri\/wp-json\/wp\/v2\/users\/3"}],"replies":[{"embeddable":true,"href":"https:\/\/agora.xtec.cat\/ins-salasixandri\/wp-json\/wp\/v2\/comments?post=4848"}],"version-history":[{"count":1,"href":"https:\/\/agora.xtec.cat\/ins-salasixandri\/wp-json\/wp\/v2\/pages\/4848\/revisions"}],"predecessor-version":[{"id":4850,"href":"https:\/\/agora.xtec.cat\/ins-salasixandri\/wp-json\/wp\/v2\/pages\/4848\/revisions\/4850"}],"wp:attachment":[{"href":"https:\/\/agora.xtec.cat\/ins-salasixandri\/wp-json\/wp\/v2\/media?parent=4848"}],"curies":[{"name":"wp","href":"https:\/\/api.w.org\/{rel}","templated":true}]}}