{"id":2685,"date":"2018-06-04T09:16:46","date_gmt":"2018-06-04T07:16:46","guid":{"rendered":"http:\/\/agora.xtec.cat\/ins-salasixandri\/?page_id=2685"},"modified":"2025-02-15T20:19:37","modified_gmt":"2025-02-15T19:19:37","slug":"com-treballem-per-projectes","status":"publish","type":"page","link":"https:\/\/agora.xtec.cat\/ins-salasixandri\/com-treballem-per-projectes\/","title":{"rendered":"Treball per projectes"},"content":{"rendered":"<p>Per complementar el treball que es fa a les diferentes mat\u00e8ries, es fan projectes d&#8217;\u00e0mbit i projectes trimestrals:<\/p>\n<p><strong>Projectes d\u2019\u00e0mbit:<\/strong> Els professors de cada \u00e0mbit preparen un projecte interdisciplinar, de les mat\u00e8ries que integren cada \u00e0mbit de coneixement. Aquest projecte est\u00e0 basat en aspectes curriculars de les mat\u00e8ries, per\u00f2 tamb\u00e9 es treballen altres compet\u00e8ncies. Hi ha tasques individuals, tasques en grups, sortides i activitats avaluables. Els alumnes, guiats pels professors, aprenen els conceptes curriculars, les compet\u00e8ncies espec\u00edfiques, les compet\u00e8ncies transversals i desenvolupen habilitats socials. A m\u00e9s, es tenen en compte les mesures i els suports universals per ajudar a tot l&#8217;alumnat a assolir els objectius establerts per a cada projecte.<\/p>\n<p><strong>Projectes trimestrals:<\/strong> durant la darrera setmana de cada trimestre, es realitza un projecte transversal. En grups, l&#8217;alumnat ha de resoldre el repte proposat, planificar, desenvolupar i resoldre tasques. Algun dels projectes es fan durant les col\u00f2nies o en activitats fora del centre.<\/p>\n<p>Podeu consultar els materials que utilitzem per als projectes en el seg\u00fcent enlla\u00e7:\u00a0<a href=\"http:\/\/agora.xtec.cat\/ins-salasixandri\/materials-dels-projectes\/\">Mostres dels projectes.<\/a><\/p>\n","protected":false},"excerpt":{"rendered":"<p>Per complementar el treball que es fa a les diferentes mat\u00e8ries, es fan projectes d&#8217;\u00e0mbit i projectes trimestrals:<br \/>\nProjectes d\u2019\u00e0mbit: Els professors de cada \u00e0mbit preparen un projecte interdisciplinar, de les mat\u00e8ries que integren cada \u00e0mbit de coneixement. Aquest projecte est\u00e0 basat en aspectes curriculars de&hellip;  <a href=\"https:\/\/agora.xtec.cat\/ins-salasixandri\/com-treballem-per-projectes\/\" title=\"Read Treball per projectes\">Llegeix m\u00e9s\u00bb<\/a><\/p>\n","protected":false},"author":1,"featured_media":0,"parent":0,"menu_order":0,"comment_status":"closed","ping_status":"closed","template":"","meta":{"_bbp_topic_count":0,"_bbp_reply_count":0,"_bbp_total_topic_count":0,"_bbp_total_reply_count":0,"_bbp_voice_count":0,"_bbp_anonymous_reply_count":0,"_bbp_topic_count_hidden":0,"_bbp_reply_count_hidden":0,"_bbp_forum_subforum_count":0,"footnotes":""},"class_list":["post-2685","page","type-page","status-publish","hentry"],"post_mailing_queue_ids":[],"_links":{"self":[{"href":"https:\/\/agora.xtec.cat\/ins-salasixandri\/wp-json\/wp\/v2\/pages\/2685","targetHints":{"allow":["GET"]}}],"collection":[{"href":"https:\/\/agora.xtec.cat\/ins-salasixandri\/wp-json\/wp\/v2\/pages"}],"about":[{"href":"https:\/\/agora.xtec.cat\/ins-salasixandri\/wp-json\/wp\/v2\/types\/page"}],"author":[{"embeddable":true,"href":"https:\/\/agora.xtec.cat\/ins-salasixandri\/wp-json\/wp\/v2\/users\/1"}],"replies":[{"embeddable":true,"href":"https:\/\/agora.xtec.cat\/ins-salasixandri\/wp-json\/wp\/v2\/comments?post=2685"}],"version-history":[{"count":6,"href":"https:\/\/agora.xtec.cat\/ins-salasixandri\/wp-json\/wp\/v2\/pages\/2685\/revisions"}],"predecessor-version":[{"id":6607,"href":"https:\/\/agora.xtec.cat\/ins-salasixandri\/wp-json\/wp\/v2\/pages\/2685\/revisions\/6607"}],"wp:attachment":[{"href":"https:\/\/agora.xtec.cat\/ins-salasixandri\/wp-json\/wp\/v2\/media?parent=2685"}],"curies":[{"name":"wp","href":"https:\/\/api.w.org\/{rel}","templated":true}]}}