{"id":1706,"date":"2017-04-29T11:06:29","date_gmt":"2017-04-29T09:06:29","guid":{"rendered":"http:\/\/agora.xtec.cat\/ins-salasixandri\/?page_id=1706"},"modified":"2026-02-02T14:13:13","modified_gmt":"2026-02-02T13:13:13","slug":"treball-per-materies","status":"publish","type":"page","link":"https:\/\/agora.xtec.cat\/ins-salasixandri\/treball-per-materies\/","title":{"rendered":"Treball per mat\u00e8ries i optatives"},"content":{"rendered":"<p style=\"text-align: justify;\">El treball per mat\u00e8ries treballa el coneixement propi de cada disciplina amb el m\u00e0xim de rigor de cient\u00edfic. S&#8217;utilitzen materials diversos segons el criteri del professorat implicat en cada mat\u00e8ria i \u00e0mbit.<\/p>\n<h3><span style=\"color: #666699;\">Quines mat\u00e8ries optatives s&#8217;ofereixen?<\/span><\/h3>\n<p>L&#8217;alumnat t\u00e9 la possibilitat d&#8217;escollir <strong>Franc\u00e8s<\/strong> com a mat\u00e8ria optativa, amb el comprom\u00eds de cursar-la els 4 cursos d&#8217;ESO. En acabar, se li oferir\u00e0 l&#8217;opci\u00f3 de presentar-se a una prova per obtenir un t\u00edtol oficial (DELF).<\/p>\n<p>L&#8217;alumnat que no cursa franc\u00e8s, pot escollir les seg\u00fcents optatives (poden variar):<\/p>\n<p><strong>Primer d&#8217;ESO:\u00a0<\/strong> projectes de disseny \/ esports de raqueta.<\/p>\n<p><strong>Segon d&#8217;ESO:<\/strong> cultura cl\u00e0ssica\/ programaci\u00f3 i pensament computacional.<\/p>\n<p><strong>Tercer d&#8217;ESO:<\/strong> Rob\u00f2tica\/ emprenedoria.<\/p>\n<p><strong>Quart d&#8217;ESO:<\/strong> Tres d&#8217;entre filosofia\/ f\u00edsica i qu\u00edmica\/ biologia i geologia\/ emprenedoria (esportiva amb CIATE)\/ economia b\u00e0sica\/ expressi\u00f3 art\u00edstica\/ digitalitzaci\u00f3.<\/p>\n<p><img loading=\"lazy\" decoding=\"async\" class=\"alignleft size-full wp-image-7918\" src=\"https:\/\/agora.xtec.cat\/ins-salasixandri\/wp-content\/uploads\/usu1444\/2026\/02\/optatives.png\" alt=\"\" width=\"1558\" height=\"1083\" srcset=\"https:\/\/agora.xtec.cat\/ins-salasixandri\/wp-content\/uploads\/usu1444\/2026\/02\/optatives.png 1558w, https:\/\/agora.xtec.cat\/ins-salasixandri\/wp-content\/uploads\/usu1444\/2026\/02\/optatives-300x209.png 300w, https:\/\/agora.xtec.cat\/ins-salasixandri\/wp-content\/uploads\/usu1444\/2026\/02\/optatives-1024x712.png 1024w, https:\/\/agora.xtec.cat\/ins-salasixandri\/wp-content\/uploads\/usu1444\/2026\/02\/optatives-768x534.png 768w, https:\/\/agora.xtec.cat\/ins-salasixandri\/wp-content\/uploads\/usu1444\/2026\/02\/optatives-1536x1068.png 1536w\" sizes=\"auto, (max-width: 1558px) 100vw, 1558px\" \/><\/p>\n<p>&nbsp;<\/p>\n<p>&nbsp;<\/p>\n","protected":false},"excerpt":{"rendered":"<p>El treball per mat\u00e8ries treballa el coneixement propi de cada disciplina amb el m\u00e0xim de rigor de cient\u00edfic. S&#8217;utilitzen materials diversos segons el criteri del professorat implicat en cada mat\u00e8ria i \u00e0mbit.<br \/>\nQuines mat\u00e8ries optatives s&#8217;ofereixen?<br \/>\nL&#8217;alumnat t\u00e9 la possibilitat d&#8217;escollir Franc\u00e8s com a mat\u00e8ria optativa, amb&hellip;  <a href=\"https:\/\/agora.xtec.cat\/ins-salasixandri\/treball-per-materies\/\" title=\"Read Treball per mat\u00e8ries i optatives\">Llegeix m\u00e9s\u00bb<\/a><\/p>\n","protected":false},"author":1,"featured_media":0,"parent":0,"menu_order":0,"comment_status":"closed","ping_status":"closed","template":"","meta":{"_bbp_topic_count":0,"_bbp_reply_count":0,"_bbp_total_topic_count":0,"_bbp_total_reply_count":0,"_bbp_voice_count":0,"_bbp_anonymous_reply_count":0,"_bbp_topic_count_hidden":0,"_bbp_reply_count_hidden":0,"_bbp_forum_subforum_count":0,"footnotes":""},"class_list":["post-1706","page","type-page","status-publish","hentry"],"post_mailing_queue_ids":[],"_links":{"self":[{"href":"https:\/\/agora.xtec.cat\/ins-salasixandri\/wp-json\/wp\/v2\/pages\/1706","targetHints":{"allow":["GET"]}}],"collection":[{"href":"https:\/\/agora.xtec.cat\/ins-salasixandri\/wp-json\/wp\/v2\/pages"}],"about":[{"href":"https:\/\/agora.xtec.cat\/ins-salasixandri\/wp-json\/wp\/v2\/types\/page"}],"author":[{"embeddable":true,"href":"https:\/\/agora.xtec.cat\/ins-salasixandri\/wp-json\/wp\/v2\/users\/1"}],"replies":[{"embeddable":true,"href":"https:\/\/agora.xtec.cat\/ins-salasixandri\/wp-json\/wp\/v2\/comments?post=1706"}],"version-history":[{"count":7,"href":"https:\/\/agora.xtec.cat\/ins-salasixandri\/wp-json\/wp\/v2\/pages\/1706\/revisions"}],"predecessor-version":[{"id":7919,"href":"https:\/\/agora.xtec.cat\/ins-salasixandri\/wp-json\/wp\/v2\/pages\/1706\/revisions\/7919"}],"wp:attachment":[{"href":"https:\/\/agora.xtec.cat\/ins-salasixandri\/wp-json\/wp\/v2\/media?parent=1706"}],"curies":[{"name":"wp","href":"https:\/\/api.w.org\/{rel}","templated":true}]}}