{"id":1522,"date":"2015-02-16T10:40:22","date_gmt":"2015-02-16T08:40:22","guid":{"rendered":"http:\/\/tecnocentres.org\/salasixandri\/?page_id=26"},"modified":"2025-09-08T13:56:08","modified_gmt":"2025-09-08T11:56:08","slug":"equip-huma","status":"publish","type":"page","link":"https:\/\/agora.xtec.cat\/ins-salasixandri\/equip-huma\/","title":{"rendered":"Equip hum\u00e0"},"content":{"rendered":"<p><strong>EQUIP DIRECTIU\u00a0<\/strong><\/p>\n<p>Directora: Marta Hern\u00e1ndez <a class=\"rABsFf RffVmb AL18ce\" href=\"mailto:direccio@salasixandri.cat\" target=\"_blank\" rel=\"noopener\" data-tooltip-position=\"top\" data-tooltip=\"Dels teus contactes de Google\">direccio<span class=\"\">@salasixandri.cat<\/span><\/a><\/p>\n<p>Cap d&#8217;estudis: Joan Moya <a class=\"rABsFf RffVmb AL18ce\" href=\"mailto:capestudis@salasixandri.cat\" target=\"_blank\" rel=\"noopener\" data-tooltip-position=\"top\" data-tooltip=\"Dels teus contactes de Google\">capestudis@salasixandri.cat<\/a><\/p>\n<p>Secretaria: Montse Carvajal <a class=\"rABsFf RffVmb AL18ce\" href=\"mailto:secretaria@salasixandri.cat\" target=\"_blank\" rel=\"noopener\" data-tooltip-position=\"top\" data-tooltip=\"Dels teus contactes de Google\">secretaria@salasixandri.cat<\/a><\/p>\n<p>Coordinaci\u00f3 pedag\u00f2gica: Laia Prat <a class=\"rABsFf RffVmb AL18ce\" href=\"mailto:coordinaciopedagogica@salasixandri.cat\" target=\"_blank\" rel=\"noopener\" data-tooltip-position=\"top\" data-tooltip=\"Dels teus contactes de Google\">coordinaciopedagogica@salasixandri.cat<\/a><\/p>\n<p><strong>COORDINACI\u00d3 TIC<\/strong><\/p>\n<p>Eva Ram\u00edrez:\u00a0 <a href=\"mailto:coordinaciotic@salasixandri.cat\">coordinaciotic@salasixandri.cat<\/a><\/p>\n<div><\/div>\n<div style=\"text-align: left;\"><strong>\u00c0MBIT LING\u00dc\u00cdSTIC:\u00a0<\/strong><\/div>\n<div>\n<table style=\"border-collapse: collapse; width: 89.734%; height: 254px;\">\n<tbody>\n<tr style=\"height: 46px;\">\n<td style=\"width: 23.6594%; height: 46px; text-align: center;\"><strong>Caterina Briguglia<\/strong><\/p>\n<p>Castell\u00e0<\/p>\n<p><span style=\"color: #0000ff;\"><strong>Cap d&#8217;\u00e0mbit ling\u00fc\u00edstic<\/strong><\/span><\/td>\n<td style=\"height: 46px; width: 23.8863%; text-align: center;\"><strong>Mar\u00eda Cercadillo<\/strong><\/p>\n<p>Castell\u00e0<\/td>\n<td style=\"width: 25.0575%; height: 32px; text-align: center;\"><strong>Anna Donaire<\/strong><\/p>\n<p>Angl\u00e8s<\/td>\n<td style=\"width: 68.1316%; height: 32px; text-align: center;\"><strong>Luc\u00eda Gonz\u00e1lez<\/strong><\/p>\n<p>Angl\u00e8s<\/td>\n<\/tr>\n<tr style=\"height: 46px;\">\n<td style=\"width: 23.6594%; height: 32px; text-align: center;\"><strong>Marta Hern\u00e1ndez<\/strong><\/p>\n<p>Angl\u00e8s<\/p>\n<p>Directora<\/td>\n<td style=\"width: 23.8863%; height: 32px; text-align: center;\"><strong>Maia Satz<\/strong><\/p>\n<p style=\"text-align: center;\"><span style=\"font-family: inherit; font-size: 1em;\">Franc\u00e8s i Castell\u00e0<\/span><\/p>\n<\/td>\n<td style=\"width: 25.0575%; text-align: center;\"><strong>Joan Gil<\/strong><\/p>\n<p>Catal\u00e0<\/td>\n<td style=\"height: 32px; width: 68.1316%; text-align: center;\"><strong>Janot Vila<\/strong><\/p>\n<p>Catal\u00e0<\/td>\n<\/tr>\n<\/tbody>\n<\/table>\n<\/div>\n<div class=\"LwGrSc\">\n<div data-email=\"coordinaciopedagogica@salasixandri.cat\" data-client=\"1\">\n<div class=\"vxr9Dc qbmD1c\" data-tooltip=\"Del calendari de: coordinaciopedagogica@salasixandri.cat\">\n<div><\/div>\n<div style=\"text-align: left;\"><strong>\u00c0MBIT ARTISTICOSOCIAL:\u00a0<\/strong><\/div>\n<\/div>\n<\/div>\n<\/div>\n<div class=\"LwGrSc\">\n<div>\n<table style=\"border-collapse: collapse; width: 88.891%; height: 42px;\">\n<tbody>\n<tr style=\"height: 46px;\">\n<td style=\"text-align: center; height: 10px; width: 23.7234%;\"><strong>Laia Prat<\/strong><\/p>\n<p>Ci\u00e8ncies Socials<\/td>\n<td style=\"text-align: center; width: 23.6313%; height: 10px;\"><strong>Cl\u00e0udia Jim\u00e9nez<\/strong><\/p>\n<p>Ci\u00e8ncies Socials<\/p>\n<p><strong><span style=\"color: #0000ff;\">Cap d&#8217;\u00e0mbit artisticosocial\u00a0<\/span><\/strong><\/td>\n<td style=\"text-align: center; height: 10px; width: 26.271%;\"><strong>Javier Canovas<\/strong><\/p>\n<p>Ci\u00e8ncies Socials<\/td>\n<td style=\"text-align: center; width: 27.6021%; height: 10px;\"><strong>Eric Caballero<\/strong><\/p>\n<p>M\u00fasica<\/td>\n<\/tr>\n<tr style=\"height: 32px;\">\n<td style=\"text-align: center; height: 32px; width: 23.7234%;\"><strong><span style=\"font-family: inherit; font-size: 1em;\">Meritxell Bonet<\/span><\/strong><\/p>\n<p><span style=\"font-family: inherit; font-size: 1em;\">Educaci\u00f3 Visual i Pl\u00e0stica<\/span><\/td>\n<td style=\"height: 32px; width: 23.6313%; text-align: center;\">\n<p style=\"font-family: 'Helvetica Neue', Helvetica, Helvetica, Arial, sans-serif; font-size: 14px;\"><strong>Montse Carvajal<\/strong><\/p>\n<p style=\"font-family: 'Helvetica Neue', Helvetica, Helvetica, Arial, sans-serif; font-size: 14px;\">\u00a0d&#8217;Educaci\u00f3 F\u00edsica<\/p>\n<\/td>\n<td style=\"width: 26.271%; text-align: center; height: 32px;\"><strong>Judith Hern\u00e1ndez<\/strong><\/p>\n<p>Educaci\u00f3 F\u00edsica<\/td>\n<td style=\"width: 27.6021%; text-align: center; height: 32px;\"><\/td>\n<\/tr>\n<\/tbody>\n<\/table>\n<\/div>\n<div data-email=\"coordinaciopedagogica@salasixandri.cat\" data-client=\"1\">\n<div><\/div>\n<div style=\"text-align: left;\"><strong>\u00c0MBIT CIENTIFICOTECNOL\u00d2GIC:\u00a0<\/strong><\/div>\n<\/div>\n<\/div>\n<div>\n<table style=\"border-collapse: collapse; width: 100%;\">\n<tbody>\n<tr>\n<td style=\"width: 25%; text-align: center;\">\n<p style=\"text-align: center;\"><strong>Elena Calvet<\/strong><\/p>\n<p style=\"text-align: center;\">Ci\u00e8ncies Naturals<\/p>\n<p style=\"text-align: center;\"><span style=\"color: #0000ff;\"><strong>Cap d&#8217;\u00e0mbit cientificotecnol\u00f2gic<\/strong><\/span><\/p>\n<\/td>\n<td style=\"width: 25%; text-align: center;\"><strong>Joan Moya<\/strong><\/p>\n<p>Tecnologia<\/p>\n<p>Cap d&#8217;estudis<\/td>\n<td style=\"width: 25%; text-align: center;\">\n<p style=\"font-family: 'Helvetica Neue', Helvetica, Helvetica, Arial, sans-serif; font-size: 14px;\"><strong>Eva Ram\u00edrez<\/strong><\/p>\n<p style=\"font-family: 'Helvetica Neue', Helvetica, Helvetica, Arial, sans-serif; font-size: 14px;\">\u00a0Tecnologia<\/p>\n<p>Coordinadora TIC<\/td>\n<td style=\"width: 25%; text-align: center;\">\n<p style=\"font-family: 'Helvetica Neue', Helvetica, Helvetica, Arial, sans-serif; font-size: 14px;\"><strong>Gemma Ballar\u00e0<\/strong><\/p>\n<p>Matem\u00e0tiques<\/td>\n<\/tr>\n<tr>\n<td style=\"width: 25%; text-align: center;\"><strong>Salvador Escriv\u00e0<\/strong><\/p>\n<p>Matem\u00e0tiques<\/td>\n<td style=\"width: 25%; text-align: center;\">\n<p style=\"font-family: 'Helvetica Neue', Helvetica, Helvetica, Arial, sans-serif; font-size: 14px;\"><strong>Daniel Balateu<\/strong><\/p>\n<p style=\"font-family: 'Helvetica Neue', Helvetica, Helvetica, Arial, sans-serif; font-size: 14px;\">F\u00edsica i Qu\u00edmica<\/p>\n<\/td>\n<td style=\"width: 25%; text-align: center;\"><\/td>\n<td style=\"width: 25%; text-align: center;\"><\/td>\n<\/tr>\n<\/tbody>\n<\/table>\n<\/div>\n<div class=\"LwGrSc\">\n<p><strong>EQUIP D&#8217;ORIENTACI\u00d3:<\/strong><\/p>\n<table style=\"height: 88px; width: 44.0471%;\" width=\"100%\">\n<tbody>\n<tr style=\"height: 78px;\">\n<td style=\"text-align: center; width: 12.6564%; height: 78px;\"><strong>Alba Navarro<\/strong><\/p>\n<p>Orientadora pedag\u00f2gica 1r cicle<\/td>\n<td style=\"text-align: center; width: 12.9934%; height: 78px;\"><strong>Marta Company<\/strong><\/p>\n<p>Orientadora pedag\u00f2gica 2n cicle<\/td>\n<\/tr>\n<\/tbody>\n<\/table>\n<\/div>\n<p><strong>PERSONAL D&#8217;ADMINISTRACI\u00d3 I SERVEIS<\/strong><\/p>\n<table style=\"border-collapse: collapse; width: 76.6038%; height: 88px;\">\n<tbody>\n<tr style=\"height: 46px;\">\n<td style=\"text-align: center; height: 46px; width: 18.8959%;\"><strong>Pol Abad<\/strong><\/p>\n<p>Conserge secund\u00e0ria<\/td>\n<td style=\"text-align: center; width: 14.6666%; height: 46px;\"><strong>Ana M\u00aa Palau<\/strong><\/p>\n<p>Administrativa<\/td>\n<td style=\"text-align: center; height: 48px; width: 15.2824%;\"><\/td>\n<\/tr>\n<\/tbody>\n<\/table>\n<p style=\"text-align: center;\">\n","protected":false},"excerpt":{"rendered":"<p>EQUIP DIRECTIU\u00a0<br \/>\nDirectora: Marta Hern\u00e1ndez <a class=\"rABsFf RffVmb AL18ce\" href=\"mailto:direccio@salasixandri.cat\" target=\"_blank\" rel=\"noopener\" data-tooltip-position=\"top\" data-tooltip=\"Dels teus contactes de Google\">direccio@salasixandri.cat<\/a><br \/>\nCap d&#8217;estudis: Joan Moya <a class=\"rABsFf RffVmb AL18ce\" href=\"mailto:capestudis@salasixandri.cat\" target=\"_blank\" rel=\"noopener\" data-tooltip-position=\"top\" data-tooltip=\"Dels teus contactes de Google\">capestudis@salasixandri.cat<\/a><br \/>\nSecretaria: Montse Carvajal <a class=\"rABsFf RffVmb AL18ce\" href=\"mailto:secretaria@salasixandri.cat\" target=\"_blank\" rel=\"noopener\" data-tooltip-position=\"top\" data-tooltip=\"Dels teus&hellip;  <a href=\"https:\/\/agora.xtec.cat\/ins-salasixandri\/equip-huma\/\" title=\"Read Equip hum\u00e0\">Llegeix m\u00e9s\u00bb<\/a><\/p>\n","protected":false},"author":1,"featured_media":0,"parent":0,"menu_order":0,"comment_status":"open","ping_status":"open","template":"","meta":{"_bbp_topic_count":0,"_bbp_reply_count":0,"_bbp_total_topic_count":0,"_bbp_total_reply_count":0,"_bbp_voice_count":0,"_bbp_anonymous_reply_count":0,"_bbp_topic_count_hidden":0,"_bbp_reply_count_hidden":0,"_bbp_forum_subforum_count":0,"footnotes":""},"class_list":["post-1522","page","type-page","status-publish","hentry"],"post_mailing_queue_ids":[],"_links":{"self":[{"href":"https:\/\/agora.xtec.cat\/ins-salasixandri\/wp-json\/wp\/v2\/pages\/1522","targetHints":{"allow":["GET"]}}],"collection":[{"href":"https:\/\/agora.xtec.cat\/ins-salasixandri\/wp-json\/wp\/v2\/pages"}],"about":[{"href":"https:\/\/agora.xtec.cat\/ins-salasixandri\/wp-json\/wp\/v2\/types\/page"}],"author":[{"embeddable":true,"href":"https:\/\/agora.xtec.cat\/ins-salasixandri\/wp-json\/wp\/v2\/users\/1"}],"replies":[{"embeddable":true,"href":"https:\/\/agora.xtec.cat\/ins-salasixandri\/wp-json\/wp\/v2\/comments?post=1522"}],"version-history":[{"count":7,"href":"https:\/\/agora.xtec.cat\/ins-salasixandri\/wp-json\/wp\/v2\/pages\/1522\/revisions"}],"predecessor-version":[{"id":7691,"href":"https:\/\/agora.xtec.cat\/ins-salasixandri\/wp-json\/wp\/v2\/pages\/1522\/revisions\/7691"}],"wp:attachment":[{"href":"https:\/\/agora.xtec.cat\/ins-salasixandri\/wp-json\/wp\/v2\/media?parent=1522"}],"curies":[{"name":"wp","href":"https:\/\/api.w.org\/{rel}","templated":true}]}}