{"id":15,"date":"2015-02-16T10:35:10","date_gmt":"2015-02-16T08:35:10","guid":{"rendered":"http:\/\/tecnocentres.org\/salasixandri\/?page_id=15"},"modified":"2022-01-31T22:11:49","modified_gmt":"2022-01-31T21:11:49","slug":"programes-i-projectes","status":"publish","type":"page","link":"https:\/\/agora.xtec.cat\/ins-salasixandri\/programes-i-projectes\/","title":{"rendered":"Programes"},"content":{"rendered":"<p><img loading=\"lazy\" decoding=\"async\" class=\" wp-image-405 aligncenter\" src=\"http:\/\/agora.xtec.cat\/ins-salasixandri\/wp-content\/uploads\/usu1444\/2016\/01\/20151110_132144.jpg\" alt=\"20151110_132144\" width=\"508\" height=\"305\" \/><\/p>\n<p>A\u00a0continuaci\u00f3 us indiquem quins s\u00f3n aquests programes que realitzem al centre:<\/p>\n<ul>\n<li style=\"text-align: justify;\"><strong>Pluriling\u00fcisme:<\/strong> catal\u00e0 i castell\u00e0 com\u00fa a tot l\u2019alumnat. Angl\u00e8s com a primera llengua estrangera amb la inclusi\u00f3 d&#8217;activitats \u00a0en aquesta llengua anglesa en la majoria de mat\u00e8ries. Incorporar la llengua francesa com a segona llengua estrangera. <span style=\"font-weight: 400;\">Participem al programa <\/span><a href=\"http:\/\/xtec.gencat.cat\/ca\/projectes\/plurilinguisme\/programes\/pluri\/gep\/\" target=\"_blank\" rel=\"noopener\"><b><i>Grups d\u2019Experimentaci\u00f3 per al Plurilinguisme<\/i><\/b><\/a><b> (GEP), <\/b><span style=\"font-weight: 400;\">emmarcat dins del desplegament del Marc per al pluriling\u00fcisme que ofereix el Departament d\u2019Ensenyament.De forma general, aquest programa proposa:<\/span>\n<ul>\n<li style=\"font-weight: 400;\"><span style=\"font-weight: 400;\">Augmentar la compet\u00e8ncia ling\u00fc\u00edstica en llengua estrangera de l\u2019alumnat<\/span><\/li>\n<li style=\"font-weight: 400;\"><span style=\"font-weight: 400;\">Contribuir al desenvolupament competencial de l\u2019alumnat <\/span><\/li>\n<li style=\"font-weight: 400;\"><span style=\"font-weight: 400;\">Innovar i promoure canvis sist\u00e8mics, metodol\u00f2gics i organitzatius.<\/span><\/li>\n<\/ul>\n<p><span style=\"font-weight: 400;\">Els objectius espec\u00edfics d\u2019aquest programa estan en total sintonia amb el nostre projecte de centre, ja que,\u00a0<\/span><span style=\"font-weight: 400;\">a m\u00e9s de millorar la compet\u00e8ncia comunicativa en llengua estrangera, tamb\u00e9 pret\u00e9n que l\u2019alumnat:<\/span><\/p>\n<ul>\n<li style=\"font-weight: 400;\"><span style=\"font-weight: 400;\">Desenvolupi compet\u00e8ncies clau per al s. XXI <\/span><\/li>\n<li style=\"font-weight: 400;\"><span style=\"font-weight: 400;\">Fomenti el treball cooperatiu i per projectes <\/span><\/li>\n<li style=\"font-weight: 400;\"><span style=\"font-weight: 400;\">Adquireixi estrat\u00e8gies per a l\u2019aprenentatge aut\u00f2nom <\/span><\/li>\n<\/ul>\n<p><span style=\"font-weight: 400;\">Aix\u00f2 implica una reflexi\u00f3 constant i una an\u00e0lisi peri\u00f2dica de les pr\u00e0ctiques docents, aix\u00ed com una planificaci\u00f3 curricular. Per quest motiu hem establert un grup impulsor que es reuneix peri\u00f2dicament per dinamitzar el desenvolupament del projecte de pluriling\u00fcisme del centre i dissenyar el pla d\u2019acci\u00f3 per a la seva implementaci\u00f3.<\/span><\/li>\n<\/ul>\n<p style=\"text-align: center;\"><img loading=\"lazy\" decoding=\"async\" class=\"aligncenter wp-image-238\" src=\"http:\/\/agora.xtec.cat\/ins-salasixandri\/wp-content\/uploads\/usu1444\/2015\/02\/pluri-300x219.png\" alt=\"pluri\" width=\"122\" height=\"89\" srcset=\"https:\/\/agora.xtec.cat\/ins-salasixandri\/wp-content\/uploads\/usu1444\/2015\/02\/pluri-300x219.png 300w, https:\/\/agora.xtec.cat\/ins-salasixandri\/wp-content\/uploads\/usu1444\/2015\/02\/pluri.png 307w\" sizes=\"auto, (max-width: 122px) 100vw, 122px\" \/><\/p>\n<ul>\n<li><strong>Sostenibilitat i Xarxa:<\/strong> som una Escola Verda i com a tal desenvolupem aquest programa per promoure l&#8217;educaci\u00f3 ambiental de manera transversal a tot el curr\u00edculum. Els materials que creem dins les mat\u00e8ries o molts dels projectes d&#8217;\u00e0mbit o transversals que fem estan acreditats amb el segell-verd SIX. En aquesta <a href=\"https:\/\/sites.google.com\/salasixandri.cat\/sostenibilitat-i-xarxa\" target=\"_blank\" rel=\"noopener\">p\u00e0gina web<\/a> recollim totes les accions que fem cada curs. Els delegats verds (un per cada aula) es reuneixen cada divendres durant l&#8217;estona de pla lector amb el professor\/a responsable i plegats lideren, coordinen i promouen aquest programa.<\/li>\n<\/ul>\n<p><a href=\"https:\/\/agora.xtec.cat\/ins-salasixandri\/wp-content\/uploads\/usu1444\/2022\/01\/Captura-de-pantalla-2022-01-31-220538.jpg\"><img loading=\"lazy\" decoding=\"async\" class=\"wp-image-4855 aligncenter\" src=\"https:\/\/agora.xtec.cat\/ins-salasixandri\/wp-content\/uploads\/usu1444\/2022\/01\/Captura-de-pantalla-2022-01-31-220538.jpg\" alt=\"\" width=\"139\" height=\"145\" srcset=\"https:\/\/agora.xtec.cat\/ins-salasixandri\/wp-content\/uploads\/usu1444\/2022\/01\/Captura-de-pantalla-2022-01-31-220538.jpg 415w, https:\/\/agora.xtec.cat\/ins-salasixandri\/wp-content\/uploads\/usu1444\/2022\/01\/Captura-de-pantalla-2022-01-31-220538-288x300.jpg 288w\" sizes=\"auto, (max-width: 139px) 100vw, 139px\" \/><\/a><\/p>\n<ul>\n<li style=\"text-align: justify;\"><strong>Projecte digital:<\/strong> un ordinador per cada alumne. Els alumnes compren el seu port\u00e0til (Chromebook) amb una recomanaci\u00f3 per part del centre, que disposa del sistema Google apps for Education. Majorit\u00e0riament no s&#8217;utilitzen llibres de text, sin\u00f3 material elaborat pels propis professors. Els alumnes usen l&#8217;ordinador com una eina b\u00e0sica de treball, per\u00f2 no de forma exclusiva. Els fulls per escriure a m\u00e0 tamb\u00e9 s\u00f3n una pr\u00e0ctica habitual al centre.<\/li>\n<\/ul>\n<p style=\"text-align: center;\"><img loading=\"lazy\" decoding=\"async\" class=\"alignnone size-full wp-image-594\" src=\"http:\/\/agora.xtec.cat\/ins-salasixandri\/wp-content\/uploads\/usu1444\/2015\/02\/projecte_digital.jpg\" alt=\"projecte_digital\" width=\"200\" height=\"120\" \/><\/p>\n<ul>\n<li style=\"text-align: justify;\"><strong><b>Pla de lectura i programa de biblioteca:<\/b>\u00a0<\/strong>la lectura \u00e9s una gran eina per millorar en moltes compet\u00e8ncies, especialment la lectura que es fa per plaer. \u00c9s per aix\u00f2 que el centre destina una estona cada dia a la lectura. A m\u00e9s tenim uns delegats de biblioteca que, juntament amb un professor\/a, mantenen i actualitzen aquest espai per poder tenir les prestatgeries plenes de llibres. En aquesta<a href=\"https:\/\/sites.google.com\/salasixandri.cat\/library\/inici\" target=\"_blank\" rel=\"noopener\"> p\u00e0gina web<\/a> tenim la base per promoure aquest programa.<\/li>\n<\/ul>\n<p style=\"text-align: center;\"><img loading=\"lazy\" decoding=\"async\" class=\"alignnone wp-image-518\" src=\"http:\/\/agora.xtec.cat\/ins-salasixandri\/wp-content\/uploads\/usu1444\/2015\/02\/llibres.jpg\" alt=\"llibres\" width=\"192\" height=\"125\" \/><\/p>\n<ul>\n<li style=\"text-align: justify;\"><strong>Tutoria entre iguals:<\/strong>\u00a0participem en el <a href=\"http:\/\/programatei.com\/\" target=\"_blank\" rel=\"noopener\">programa TEI<\/a> (tutoria entre iguals)\u00a0que implica a tota la comunitat educativa i s&#8217;orienta a millorar la integraci\u00f3 escolar i a treballar per una escola inclusiva i no violenta<\/li>\n<\/ul>\n<p style=\"text-align: center;\"><a href=\"http:\/\/programatei.com\/\" target=\"_blank\" rel=\"noopener\"><img loading=\"lazy\" decoding=\"async\" class=\"alignnone wp-image-2838 size-full\" src=\"http:\/\/agora.xtec.cat\/ins-salasixandri\/wp-content\/uploads\/usu1444\/2018\/09\/tei.png\" alt=\"\" width=\"166\" height=\"200\" \/><\/a><\/p>\n","protected":false},"excerpt":{"rendered":"<p>A\u00a0continuaci\u00f3 us indiquem quins s\u00f3n aquests programes que realitzem al centre:<\/p>\n<ul>\n<li style=\"text-align: justify;\">Pluriling\u00fcisme: catal\u00e0 i castell\u00e0 com\u00fa a tot l\u2019alumnat. Angl\u00e8s com a primera llengua estrangera amb la inclusi\u00f3 d&#8217;activitats \u00a0en aquesta llengua anglesa en la majoria de mat\u00e8ries. Incorporar la llengua francesa com a&hellip;  <a href=\"https:\/\/agora.xtec.cat\/ins-salasixandri\/programes-i-projectes\/\" title=\"Read Programes\">Llegeix m\u00e9s\u00bb<\/a><br \/>\n","protected":false},"author":1,"featured_media":0,"parent":0,"menu_order":0,"comment_status":"open","ping_status":"open","template":"","meta":{"_bbp_topic_count":0,"_bbp_reply_count":0,"_bbp_total_topic_count":0,"_bbp_total_reply_count":0,"_bbp_voice_count":0,"_bbp_anonymous_reply_count":0,"_bbp_topic_count_hidden":0,"_bbp_reply_count_hidden":0,"_bbp_forum_subforum_count":0,"footnotes":""},"class_list":["post-15","page","type-page","status-publish","hentry"],"post_mailing_queue_ids":[],"_links":{"self":[{"href":"https:\/\/agora.xtec.cat\/ins-salasixandri\/wp-json\/wp\/v2\/pages\/15","targetHints":{"allow":["GET"]}}],"collection":[{"href":"https:\/\/agora.xtec.cat\/ins-salasixandri\/wp-json\/wp\/v2\/pages"}],"about":[{"href":"https:\/\/agora.xtec.cat\/ins-salasixandri\/wp-json\/wp\/v2\/types\/page"}],"author":[{"embeddable":true,"href":"https:\/\/agora.xtec.cat\/ins-salasixandri\/wp-json\/wp\/v2\/users\/1"}],"replies":[{"embeddable":true,"href":"https:\/\/agora.xtec.cat\/ins-salasixandri\/wp-json\/wp\/v2\/comments?post=15"}],"version-history":[{"count":4,"href":"https:\/\/agora.xtec.cat\/ins-salasixandri\/wp-json\/wp\/v2\/pages\/15\/revisions"}],"predecessor-version":[{"id":4856,"href":"https:\/\/agora.xtec.cat\/ins-salasixandri\/wp-json\/wp\/v2\/pages\/15\/revisions\/4856"}],"wp:attachment":[{"href":"https:\/\/agora.xtec.cat\/ins-salasixandri\/wp-json\/wp\/v2\/media?parent=15"}],"curies":[{"name":"wp","href":"https:\/\/api.w.org\/{rel}","templated":true}]}}