{"id":923,"date":"2020-07-23T20:28:53","date_gmt":"2020-07-23T18:28:53","guid":{"rendered":"https:\/\/agora.xtec.cat\/ies-sagulla\/?page_id=923"},"modified":"2025-03-21T15:34:34","modified_gmt":"2025-03-21T14:34:34","slug":"cicles-formatius","status":"publish","type":"page","link":"https:\/\/agora.xtec.cat\/ins-sagulla\/cicles-formatius\/","title":{"rendered":"Cicles formatius"},"content":{"rendered":"<p>En aquesta presentaci\u00f3 podeu veure els cicles que s&#8217;imparteixen al centre:<\/p>\n<ul>\n<li><span style=\"color: #000000;\">Els de <strong>grau mitj\u00e0<\/strong> (CFGM) de:<\/span>\n<ul>\n<li><a href=\"https:\/\/agora.xtec.cat\/ins-sagulla\/cicles-formatius\/grau-mitja\/atencio-persones-situacio-dependencia\/\"><span style=\"color: #000000;\">T\u00e8cnic\/a en Atenci\u00f3 a Persones en Situaci\u00f3 de Depend\u00e8ncia<\/span><\/a><\/li>\n<li><a href=\"https:\/\/agora.xtec.cat\/ins-sagulla\/linstitut\/estudis\/cicles-formatius\/grau-mitja\/cfpm-cures-auxiliars-dinfermeria\/\"><span style=\"color: #000000;\">T\u00e8cnic\/a en Cures Auxiliars d&#8217;Infermeria\u00a0<\/span><\/a><\/li>\n<li>T\u00e8cnic\/a en Farm\u00e0cia i Parafarm\u00e0cia<\/li>\n<\/ul>\n<\/li>\n<\/ul>\n<ul>\n<li><span style=\"color: #000000;\">Els de <strong>grau superior<\/strong> (CFGS) de:<\/span>\n<ul>\n<li><a href=\"https:\/\/agora.xtec.cat\/ins-sagulla\/linstitut\/estudis\/cicles-formatius\/grau-superior\/cfps-educacio-infantil\/\"><span style=\"color: #000000;\">T\u00e8cnic\/a Superior en Educaci\u00f3 Infantil <\/span><\/a><\/li>\n<li><a href=\"https:\/\/agora.xtec.cat\/ins-sagulla\/linstitut\/estudis\/cicles-formatius\/grau-superior\/cfps-integracio-social\/\"><span style=\"color: #000000;\">T\u00e8cnic\/a en Integraci\u00f3 Social<\/span><\/a><\/li>\n<li><span style=\"color: #000000;\"><a style=\"color: #000000;\" href=\"https:\/\/agora.xtec.cat\/ins-sagulla\/cfgs-documentacio-i-administracio-sanitaries\/\" target=\"_blank\" rel=\"noopener\">T\u00e8cnic\/a en Documentaci\u00f3 i Administraci\u00f3 sanit\u00e0ries\u00a0 \u00a0 \u00a0 \u00a0<strong>Nou! Curs 2025-2026<\/strong><\/a><\/span><\/li>\n<\/ul>\n<\/li>\n<\/ul>\n<div style=\"width: 100%;\">\n<div style=\"position: relative; padding-bottom: 56.25%; padding-top: 0; height: 0;\"><iframe loading=\"lazy\" src=\"https:\/\/view.genial.ly\/6039118127abdd0db3e96479\" width=\"1200px\" height=\"675px\" frameborder=\"0\"><\/iframe><\/div>\n<\/div>\n<p>&nbsp;<\/p>\n<p>&nbsp;<\/p>\n<p>&nbsp;<\/p>\n<p>&nbsp;<\/p>\n<p>&nbsp;<\/p>\n","protected":false},"excerpt":{"rendered":"<p>En aquesta presentaci\u00f3 podeu veure els cicles que s&#8217;imparteixen al centre:<\/p>\n<ul>\n<li>Els de grau mitj\u00e0 (CFGM) de:\n<ul>\n<li><a href=\"https:\/\/agora.xtec.cat\/ins-sagulla\/cicles-formatius\/grau-mitja\/atencio-persones-situacio-dependencia\/\">T\u00e8cnic\/a en Atenci\u00f3 a Persones en Situaci\u00f3 de Depend\u00e8ncia<\/a><\/li>\n<li><a href=\"https:\/\/agora.xtec.cat\/ins-sagulla\/linstitut\/estudis\/cicles-formatius\/grau-mitja\/cfpm-cures-auxiliars-dinfermeria\/\">T\u00e8cnic\/a en Cures Auxiliars d&#8217;Infermeria\u00a0<\/a><\/li>\n<li>T\u00e8cnic\/a en Farm\u00e0cia i Parafarm\u00e0cia<\/li>\n<\/ul>\n<\/li>\n<\/ul>\n<ul>\n<li>Els de grau superior (CFGS) de:\n<ul>\n<li><a href=\"https:\/\/agora.xtec.cat\/ins-sagulla\/linstitut\/estudis\/cicles-formatius\/grau-superior\/cfps-educacio-infantil\/\">T\u00e8cnic\/a Superior en Educaci\u00f3 Infantil <\/a><\/li>\n<li><a&hellip;  <a href=\"https:\/\/agora.xtec.cat\/ins-sagulla\/cicles-formatius\/\" title=\"Read Cicles formatius\">Llegeix m\u00e9s\u00bb<\/a><br \/>\n","protected":false},"author":1,"featured_media":0,"parent":0,"menu_order":0,"comment_status":"closed","ping_status":"closed","template":"page-templates\/side-menu.php","meta":{"_bbp_topic_count":0,"_bbp_reply_count":0,"_bbp_total_topic_count":0,"_bbp_total_reply_count":0,"_bbp_voice_count":0,"_bbp_anonymous_reply_count":0,"_bbp_topic_count_hidden":0,"_bbp_reply_count_hidden":0,"_bbp_forum_subforum_count":0,"footnotes":""},"class_list":["post-923","page","type-page","status-publish","hentry"],"post_mailing_queue_ids":[],"_links":{"self":[{"href":"https:\/\/agora.xtec.cat\/ins-sagulla\/wp-json\/wp\/v2\/pages\/923","targetHints":{"allow":["GET"]}}],"collection":[{"href":"https:\/\/agora.xtec.cat\/ins-sagulla\/wp-json\/wp\/v2\/pages"}],"about":[{"href":"https:\/\/agora.xtec.cat\/ins-sagulla\/wp-json\/wp\/v2\/types\/page"}],"author":[{"embeddable":true,"href":"https:\/\/agora.xtec.cat\/ins-sagulla\/wp-json\/wp\/v2\/users\/1"}],"replies":[{"embeddable":true,"href":"https:\/\/agora.xtec.cat\/ins-sagulla\/wp-json\/wp\/v2\/comments?post=923"}],"version-history":[{"count":7,"href":"https:\/\/agora.xtec.cat\/ins-sagulla\/wp-json\/wp\/v2\/pages\/923\/revisions"}],"predecessor-version":[{"id":24788,"href":"https:\/\/agora.xtec.cat\/ins-sagulla\/wp-json\/wp\/v2\/pages\/923\/revisions\/24788"}],"wp:attachment":[{"href":"https:\/\/agora.xtec.cat\/ins-sagulla\/wp-json\/wp\/v2\/media?parent=923"}],"curies":[{"name":"wp","href":"https:\/\/api.w.org\/{rel}","templated":true}]}}