{"id":919,"date":"2020-07-23T20:25:58","date_gmt":"2020-07-23T18:25:58","guid":{"rendered":"https:\/\/agora.xtec.cat\/ies-sagulla\/?page_id=919"},"modified":"2025-03-21T21:15:04","modified_gmt":"2025-03-21T20:15:04","slug":"batxillerat","status":"publish","type":"page","link":"https:\/\/agora.xtec.cat\/ins-sagulla\/batxillerat\/","title":{"rendered":"Batxillerat"},"content":{"rendered":"<p>Aquest apartat cont\u00e9 tota la informaci\u00f3 relacionada amb els estudis de Batxillerat.<\/p>\n<ul>\n<li><a href=\"http:\/\/agora.xtec.cat\/ins-sagulla\/batxillerat\/estudis\">Estudis<\/a><\/li>\n<\/ul>\n<p>Informaci\u00f3 dels grups de batxillerat tant de 1r com de 2n, on recullen tota la informaci\u00f3 necess\u00e0ria i les diferents activitats que es realitzen.<\/p>\n<ul>\n<li><a href=\"https:\/\/agora.xtec.cat\/ins-sagulla\/categoria\/batxillerat\/batx-1\/\">1r de Batxillerat<\/a><\/li>\n<li><a href=\"https:\/\/agora.xtec.cat\/ins-sagulla\/categoria\/batxillerat\/batx-2\/\">2n de Batxillerat<\/a><\/li>\n<\/ul>\n<p>A m\u00e9s a m\u00e9s, es pot consultar el funcionament dels Treballs de Recerca i alguns dels millors projectes que s&#8217;han fet fins ara al centre.<\/p>\n<ul>\n<li><a href=\"https:\/\/agora.xtec.cat\/ins-sagulla\/batxillerat\/treball-de-recerca\/\">Treball de recerca<\/a><\/li>\n<\/ul>\n","protected":false},"excerpt":{"rendered":"<p>Aquest apartat cont\u00e9 tota la informaci\u00f3 relacionada amb els estudis de Batxillerat.<\/p>\n<ul>\n<li><a href=\"http:\/\/agora.xtec.cat\/ins-sagulla\/batxillerat\/estudis\">Estudis<\/a><\/li>\n<\/ul>\n<p>Informaci\u00f3 dels grups de batxillerat tant de 1r com de 2n, on recullen tota la informaci\u00f3 necess\u00e0ria i les diferents activitats que es realitzen.<\/p>\n<ul>\n<li><a href=\"https:\/\/agora.xtec.cat\/ins-sagulla\/categoria\/batxillerat\/batx-1\/\">1r de Batxillerat<\/a><\/li>\n<li><a href=\"https:\/\/agora.xtec.cat\/ins-sagulla\/categoria\/batxillerat\/batx-2\/\">2n de Batxillerat<\/a><\/li>\n<\/ul>\n<p>A m\u00e9s a m\u00e9s,&hellip;  <a href=\"https:\/\/agora.xtec.cat\/ins-sagulla\/batxillerat\/\" title=\"Read Batxillerat\">Llegeix m\u00e9s\u00bb<\/a><\/p>\n","protected":false},"author":1,"featured_media":0,"parent":0,"menu_order":10,"comment_status":"closed","ping_status":"closed","template":"page-templates\/side-menu.php","meta":{"_bbp_topic_count":0,"_bbp_reply_count":0,"_bbp_total_topic_count":0,"_bbp_total_reply_count":0,"_bbp_voice_count":0,"_bbp_anonymous_reply_count":0,"_bbp_topic_count_hidden":0,"_bbp_reply_count_hidden":0,"_bbp_forum_subforum_count":0,"footnotes":""},"class_list":["post-919","page","type-page","status-publish","hentry"],"post_mailing_queue_ids":[],"_links":{"self":[{"href":"https:\/\/agora.xtec.cat\/ins-sagulla\/wp-json\/wp\/v2\/pages\/919","targetHints":{"allow":["GET"]}}],"collection":[{"href":"https:\/\/agora.xtec.cat\/ins-sagulla\/wp-json\/wp\/v2\/pages"}],"about":[{"href":"https:\/\/agora.xtec.cat\/ins-sagulla\/wp-json\/wp\/v2\/types\/page"}],"author":[{"embeddable":true,"href":"https:\/\/agora.xtec.cat\/ins-sagulla\/wp-json\/wp\/v2\/users\/1"}],"replies":[{"embeddable":true,"href":"https:\/\/agora.xtec.cat\/ins-sagulla\/wp-json\/wp\/v2\/comments?post=919"}],"version-history":[{"count":5,"href":"https:\/\/agora.xtec.cat\/ins-sagulla\/wp-json\/wp\/v2\/pages\/919\/revisions"}],"predecessor-version":[{"id":24793,"href":"https:\/\/agora.xtec.cat\/ins-sagulla\/wp-json\/wp\/v2\/pages\/919\/revisions\/24793"}],"wp:attachment":[{"href":"https:\/\/agora.xtec.cat\/ins-sagulla\/wp-json\/wp\/v2\/media?parent=919"}],"curies":[{"name":"wp","href":"https:\/\/api.w.org\/{rel}","templated":true}]}}