{"id":812,"date":"2020-07-21T13:03:49","date_gmt":"2020-07-21T11:03:49","guid":{"rendered":"https:\/\/agora.xtec.cat\/ies-sagulla\/?page_id=812"},"modified":"2022-06-21T12:48:58","modified_gmt":"2022-06-21T10:48:58","slug":"projecte-linguistic-de-centre-plc-2","status":"publish","type":"page","link":"https:\/\/agora.xtec.cat\/ins-sagulla\/documents\/projecte-linguistic-de-centre-plc-2\/","title":{"rendered":"Projecte Ling\u00fc\u00edstic de Centre (PLC)"},"content":{"rendered":"<p>L&#8217;objectiu del <strong>Projecte Ling\u00fc\u00edstic de Centre<\/strong> (PLC) \u00e9s deixar per escrit quina \u00e9s la situaci\u00f3 ling\u00fc\u00edstica actual del nostre centre i, a partir de les seves caracter\u00edstiques pr\u00f2pies, elaborar un document que sigui un instrument per al desenvolupament efica\u00e7 i coherent de les activitats educatives que s\u2019hi porten a terme.<\/p>\n<p>A banda, ser un document que reculli tots els acords presos en relaci\u00f3 a l\u2019ensenyament i aprenentatge de les lleng\u00fces i la comunicaci\u00f3 al centre, acords que han de con\u00e8ixer i respectar tots els membres de la comunitat educativa.<\/p>\n<p><a href=\"https:\/\/agora.xtec.cat\/ins-sagulla\/wp-content\/uploads\/usu2114\/2022\/06\/Projecte_Linguistic_de_Centre.pdf\">Projecte_Ling\u00fc\u00edstic_de_Centre<\/a><\/p>\n","protected":false},"excerpt":{"rendered":"<p>L&#8217;objectiu del Projecte Ling\u00fc\u00edstic de Centre (PLC) \u00e9s deixar per escrit quina \u00e9s la situaci\u00f3 ling\u00fc\u00edstica actual del nostre centre i, a partir de les seves caracter\u00edstiques pr\u00f2pies, elaborar un document que sigui un instrument per al desenvolupament efica\u00e7 i coherent de les activitats educatives&hellip;  <a href=\"https:\/\/agora.xtec.cat\/ins-sagulla\/documents\/projecte-linguistic-de-centre-plc-2\/\" title=\"Read Projecte Ling\u00fc\u00edstic de Centre (PLC)\">Llegeix m\u00e9s\u00bb<\/a><\/p>\n","protected":false},"author":1,"featured_media":0,"parent":632,"menu_order":90,"comment_status":"closed","ping_status":"closed","template":"page-templates\/side-menu.php","meta":{"_bbp_topic_count":0,"_bbp_reply_count":0,"_bbp_total_topic_count":0,"_bbp_total_reply_count":0,"_bbp_voice_count":0,"_bbp_anonymous_reply_count":0,"_bbp_topic_count_hidden":0,"_bbp_reply_count_hidden":0,"_bbp_forum_subforum_count":0,"footnotes":""},"class_list":["post-812","page","type-page","status-publish","hentry"],"post_mailing_queue_ids":[],"_links":{"self":[{"href":"https:\/\/agora.xtec.cat\/ins-sagulla\/wp-json\/wp\/v2\/pages\/812","targetHints":{"allow":["GET"]}}],"collection":[{"href":"https:\/\/agora.xtec.cat\/ins-sagulla\/wp-json\/wp\/v2\/pages"}],"about":[{"href":"https:\/\/agora.xtec.cat\/ins-sagulla\/wp-json\/wp\/v2\/types\/page"}],"author":[{"embeddable":true,"href":"https:\/\/agora.xtec.cat\/ins-sagulla\/wp-json\/wp\/v2\/users\/1"}],"replies":[{"embeddable":true,"href":"https:\/\/agora.xtec.cat\/ins-sagulla\/wp-json\/wp\/v2\/comments?post=812"}],"version-history":[{"count":3,"href":"https:\/\/agora.xtec.cat\/ins-sagulla\/wp-json\/wp\/v2\/pages\/812\/revisions"}],"predecessor-version":[{"id":21151,"href":"https:\/\/agora.xtec.cat\/ins-sagulla\/wp-json\/wp\/v2\/pages\/812\/revisions\/21151"}],"up":[{"embeddable":true,"href":"https:\/\/agora.xtec.cat\/ins-sagulla\/wp-json\/wp\/v2\/pages\/632"}],"wp:attachment":[{"href":"https:\/\/agora.xtec.cat\/ins-sagulla\/wp-json\/wp\/v2\/media?parent=812"}],"curies":[{"name":"wp","href":"https:\/\/api.w.org\/{rel}","templated":true}]}}