{"id":655,"date":"2020-06-16T13:27:47","date_gmt":"2020-06-16T11:27:47","guid":{"rendered":"https:\/\/agora.xtec.cat\/ies-sagulla\/?page_id=655"},"modified":"2024-11-14T12:08:09","modified_gmt":"2024-11-14T11:08:09","slug":"cfps-integraciosocial","status":"publish","type":"page","link":"https:\/\/agora.xtec.cat\/ins-sagulla\/cicles-formatius\/grau-superior\/cfps-integraciosocial\/","title":{"rendered":"CFGS Integraci\u00f3 social"},"content":{"rendered":"<p><a href=\"https:\/\/agora.xtec.cat\/ins-sagulla\/wp-content\/uploads\/usu2114\/2024\/11\/BANNER-WEB-CFGS-TIS.png\"><img loading=\"lazy\" decoding=\"async\" class=\"wp-image-24308 aligncenter\" src=\"https:\/\/agora.xtec.cat\/ins-sagulla\/wp-content\/uploads\/usu2114\/2024\/11\/BANNER-WEB-CFGS-TIS-300x75.png\" alt=\"\" width=\"864\" height=\"216\" srcset=\"https:\/\/agora.xtec.cat\/ins-sagulla\/wp-content\/uploads\/usu2114\/2024\/11\/BANNER-WEB-CFGS-TIS-300x75.png 300w, https:\/\/agora.xtec.cat\/ins-sagulla\/wp-content\/uploads\/usu2114\/2024\/11\/BANNER-WEB-CFGS-TIS-1024x256.png 1024w, https:\/\/agora.xtec.cat\/ins-sagulla\/wp-content\/uploads\/usu2114\/2024\/11\/BANNER-WEB-CFGS-TIS-768x192.png 768w, https:\/\/agora.xtec.cat\/ins-sagulla\/wp-content\/uploads\/usu2114\/2024\/11\/BANNER-WEB-CFGS-TIS-1536x384.png 1536w, https:\/\/agora.xtec.cat\/ins-sagulla\/wp-content\/uploads\/usu2114\/2024\/11\/BANNER-WEB-CFGS-TIS.png 1920w\" sizes=\"auto, (max-width: 864px) 100vw, 864px\" \/><\/a><\/p>\n<table style=\"width: 99.6802%;\">\n<tbody>\n<tr>\n<td style=\"width: 44.1026%;\"><b>FAM\u00cdLIA PROFESSIONAL<\/b><\/p>\n<p><span style=\"font-weight: 400;\">Serveis Socioculturals i a la Comunitat<\/span><\/td>\n<td style=\"width: 182.811%;\"><b>T\u00cdTOL<\/b><\/p>\n<p><span style=\"font-weight: 400;\">T\u00e8cnic\/a en Integraci\u00f3 Social<\/span><\/td>\n<\/tr>\n<tr>\n<td style=\"width: 44.1026%;\"><b>NIVELL<\/b><\/p>\n<p><span style=\"font-weight: 400;\">Cicle formatiu de grau superior<\/span><\/td>\n<td style=\"width: 182.811%;\"><b>DURADA<\/b><\/p>\n<p><span style=\"font-weight: 400;\">2000 hores (distribu\u00efdes en 2 cursos acad\u00e8mics)<\/span><\/td>\n<\/tr>\n<tr>\n<td style=\"width: 44.1026%;\"><b>HORARI<\/b><\/p>\n<p><span style=\"font-weight: 400;\">Torn de tardes<\/span><\/td>\n<td style=\"width: 182.811%;\"><\/td>\n<\/tr>\n<\/tbody>\n<\/table>\n<p><b>COMPET\u00c8NCIA GENERAL<\/b><\/p>\n<p><span style=\"font-weight: 400;\">La compet\u00e8ncia general d&#8217;aquest t\u00edtol consisteix a programar, organitzar, implementar i avaluar les intervencions d&#8217;integraci\u00f3 social aplicant estrat\u00e8gies i t\u00e8cniques espec\u00edfiques, promovent la igualtat d&#8217;oportunitats, actuant en tot moment amb una actitud de respecte cap a les persones destinat\u00e0ries i garantint la creaci\u00f3 d&#8217;entorns segurs tant per a les persones destinat\u00e0ries com per al professional.<\/span><\/p>\n<table style=\"width: 99.6728%;\">\n<tbody>\n<tr>\n<td style=\"width: 100%;\"><b>SORTIDES ACAD\u00c8MIQUES<\/b><\/td>\n<\/tr>\n<tr>\n<td style=\"width: 100%;\"><span style=\"font-weight: 400;\">Amb aquests estudis s&#8217;obt\u00e9 el t\u00edtol de t\u00e8cnic superior o t\u00e8cnica superior, que permet accedir a:\u00a0<\/span><\/p>\n<ul>\n<li style=\"font-weight: 400;\" aria-level=\"1\"><span style=\"font-weight: 400;\">qualsevol estudi universitari oficial de grau.\u00a0<\/span><\/li>\n<\/ul>\n<p><span style=\"font-weight: 400;\">Les persones que s&#8217;han graduat en un cicle formatiu de grau superior poden obtenir la convalidaci\u00f3 de cr\u00e8dits universitaris ECTS.<\/span><\/td>\n<\/tr>\n<\/tbody>\n<\/table>\n<table style=\"width: 99.8261%; height: 657px;\">\n<tbody>\n<tr style=\"height: 57px;\">\n<td style=\"height: 57px; width: 100%;\"><b>SORTIDES PROFESSIONALS<\/b><\/td>\n<\/tr>\n<tr style=\"height: 600px;\">\n<td style=\"height: 600px; width: 100%;\">La superaci\u00f3 d&#8217;aquest cicle formatiu permet accedir al m\u00f3n laboral com a:<\/p>\n<p>\u2022 T\u00e8cnic\/a de programes de prevenci\u00f3 i inserci\u00f3 social<\/p>\n<p>\u2022 Educador\/a d&#8217;equipaments residencials de tipus diversos<\/p>\n<p>\u2022 Treballador\/a familiar<\/p>\n<p>\u2022 Auxiliar de tutela<\/p>\n<p>\u2022 T\u00e8cnic\/a d&#8217;integraci\u00f3 social<\/p>\n<p>\u2022 Educador\/a d&#8217;educaci\u00f3 especial<\/p>\n<p>\u2022 Monitor\/a de persones amb discapacitat<\/p>\n<p>\u2022 T\u00e8cnic\/a de mobilitat b\u00e0sica<\/p>\n<p>\u2022 Mediador\/a ocupacional i\/o laboral<\/p>\n<p>\u2022 Mediador\/a comunitari\/\u00e0ria<\/p>\n<p>\u2022 Mediador\/a intercultural<\/p>\n<p>\u2022 T\u00e8cnic\/a en ocupaci\u00f3 amb suport<\/p>\n<p>\u2022 T\u00e8cnic\/a d&#8217;acompanyament laboral<\/p>\n<p>\u2022 Monitor\/a de rehabilitaci\u00f3 psicosocial<\/td>\n<\/tr>\n<\/tbody>\n<\/table>\n<table style=\"width: 100.082%; height: 411px;\">\n<tbody>\n<tr style=\"height: 10px;\">\n<td style=\"width: 100%; height: 10px;\"><b>ACC\u00c9S<\/b><\/td>\n<\/tr>\n<tr style=\"height: 401px;\">\n<td style=\"width: 100%; height: 401px;\">Tenen acc\u00e9s directe al cicle les persones que compleixen algun dels requisits seg\u00fcents:<\/p>\n<ul>\n<li aria-level=\"1\">Batxillerat.<\/li>\n<li aria-level=\"1\">Batxillerat LOGSE.<\/li>\n<li aria-level=\"1\">BUP.<\/li>\n<li aria-level=\"1\">T\u00e8cnic\/a superior de formaci\u00f3 professional o grau universitari o equivalent.<\/li>\n<li aria-level=\"1\">T\u00e8cnic\/a especialista, t\u00e8cnic\/a superior o equivalent.<\/li>\n<li aria-level=\"1\">T\u00e8cnic\/a de grau mitj\u00e0 de formaci\u00f3 professional o t\u00edtol de t\u00e8cnic\/a o t\u00e8cnic\/a d&#8217;arts pl\u00e0stiques i disseny.<\/li>\n<\/ul>\n<p>O b\u00e9, haver superat:<\/p>\n<ul>\n<li aria-level=\"1\">Una oferta formativa de certificat professional inclosa en el cicle.<\/li>\n<li aria-level=\"1\">Un curs de formaci\u00f3 espec\u00edfic per a l\u2019acc\u00e9s als cicles de grau superior.<\/li>\n<li aria-level=\"1\">\u00a0Una prova d&#8217;acc\u00e9s.<\/li>\n<li aria-level=\"1\">El segon curs de qualsevol modalitat de batxillerat experimental.<\/li>\n<li aria-level=\"1\">El COU o un curs preuniversitari.<\/li>\n<li aria-level=\"1\">Haver superat la prova d&#8217;acc\u00e9s a la universitat per a m\u00e9s grans de 25 o de 45 anys, o haver accedit a la universitat per tenir 40 anys o m\u00e9s i acreditar experi\u00e8ncia laboral o professional.<\/li>\n<\/ul>\n<\/td>\n<\/tr>\n<\/tbody>\n<\/table>\n<table style=\"width: 99.9478%; height: 16px;\">\n<tbody>\n<tr style=\"height: 16px;\">\n<td style=\"width: 100%; height: 16px;\"><b>M\u00d2DULS PROFESSIONALS<\/b><\/td>\n<\/tr>\n<\/tbody>\n<\/table>\n<p><b>Primer curs:<\/b><\/p>\n<ul>\n<li style=\"font-weight: 400;\" aria-level=\"1\"><span style=\"font-weight: 400;\">Context de la intervenci\u00f3 social: 132 hores<\/span><\/li>\n<li style=\"font-weight: 400;\" aria-level=\"1\"><span style=\"font-weight: 400;\">Atenci\u00f3 a les unitats de conviv\u00e8ncia: 132 hores<\/span><\/li>\n<li style=\"font-weight: 400;\" aria-level=\"1\"><span style=\"font-weight: 400;\">Suport a la intervenci\u00f3 educativa: 132 hores<\/span><\/li>\n<li style=\"font-weight: 400;\" aria-level=\"1\"><span style=\"font-weight: 400;\">Promoci\u00f3 de l\u2019autonomia personal: 198 hores<\/span><\/li>\n<li style=\"font-weight: 400;\" aria-level=\"1\"><span style=\"font-weight: 400;\">Metodologia de la intervenci\u00f3 social: 132 hores.<\/span><\/li>\n<li style=\"font-weight: 400;\" aria-level=\"1\"><span style=\"font-weight: 400;\">Habilitats socials: 132 hores.<\/span><\/li>\n<li style=\"font-weight: 400;\" aria-level=\"1\"><span style=\"font-weight: 400;\">Primers auxilis: 66 hores.<\/span><\/li>\n<li style=\"font-weight: 400;\" aria-level=\"1\"><span style=\"font-weight: 400;\">Angl\u00e8s professional: 66 hores.<\/span><\/li>\n<li style=\"font-weight: 400;\" aria-level=\"1\"><span style=\"font-weight: 400;\">Digitalitzaci\u00f3 aplicada als sectors productius: 33 hores<\/span><\/li>\n<li style=\"font-weight: 400;\" aria-level=\"1\"><span style=\"font-weight: 400;\">Sostenibilitat aplicada al sistema productiu: 33 hores.<\/span><\/li>\n<li style=\"font-weight: 400;\" aria-level=\"1\"><span style=\"font-weight: 400;\">Itinerari per a l&#8217;ocupabilitat I: 99 hores.<\/span><\/li>\n<li style=\"font-weight: 400;\" aria-level=\"1\"><span style=\"font-weight: 400;\">Tutoria &#8211; 33 hores.\u00a0<\/span><\/li>\n<\/ul>\n<p><b>Segon curs:<\/b><\/p>\n<ul>\n<li style=\"font-weight: 400;\" aria-level=\"1\"><span style=\"font-weight: 400;\">Inserci\u00f3 sociolaboral: 198 hores<\/span><\/li>\n<li style=\"font-weight: 400;\" aria-level=\"1\"><span style=\"font-weight: 400;\">Mediaci\u00f3 comunit\u00e0ria: 152 hores<\/span><\/li>\n<li style=\"font-weight: 400;\" aria-level=\"1\"><span style=\"font-weight: 400;\">Sistemes augmentatius i alternatius de comunicaci\u00f3: 132 hores.<\/span><\/li>\n<li style=\"font-weight: 400;\" aria-level=\"1\"><span style=\"font-weight: 400;\">Itinerari per a l&#8217;ocupabilitat II: 66 hores.<\/span><\/li>\n<li style=\"font-weight: 400;\" aria-level=\"1\"><span style=\"font-weight: 400;\">Projecte Intermodular d&#8217;Integraci\u00f3 social: 198 hores.<\/span><\/li>\n<li style=\"font-weight: 400;\" aria-level=\"1\"><span style=\"font-weight: 400;\">M\u00f2dul professional optatiu &#8211; 99 hores.<\/span><\/li>\n<li style=\"font-weight: 400;\" aria-level=\"1\"><span style=\"font-weight: 400;\">Tutoria: 33 hores.<\/span><\/li>\n<\/ul>\n<table style=\"width: 99.53%; height: 60px;\">\n<tbody>\n<tr style=\"height: 50px;\">\n<td style=\"width: 100%; height: 50px;\"><b>TRIA EDUCATIVA<\/b><\/td>\n<\/tr>\n<tr style=\"height: 10px;\">\n<td style=\"width: 100%; height: 10px;\"><a href=\"https:\/\/triaeducativa.gencat.cat\/ca\/estudis?integracio-social&amp;p_id=2055\"><span style=\"font-weight: 400;\">https:\/\/triaeducativa.gencat.cat\/ca\/estudis?integracio-social&amp;p_id=2055<\/span><\/a><\/td>\n<\/tr>\n<\/tbody>\n<\/table>\n<p>&nbsp;<\/p>\n","protected":false},"excerpt":{"rendered":"<p><a href=\"https:\/\/agora.xtec.cat\/ins-sagulla\/wp-content\/uploads\/usu2114\/2024\/11\/BANNER-WEB-CFGS-TIS.png\"><\/a><\/p>\n<p>FAM\u00cdLIA PROFESSIONAL<br \/>\nServeis Socioculturals i a la Comunitat<br \/>\nT\u00cdTOL<br \/>\nT\u00e8cnic\/a en Integraci\u00f3 Social<\/p>\n<p>NIVELL<br \/>\nCicle formatiu de grau superior<br \/>\nDURADA<br \/>\n2000 hores (distribu\u00efdes en 2 cursos acad\u00e8mics)<\/p>\n<p>HORARI<br \/>\nTorn de tardes<\/p>\n<p>COMPET\u00c8NCIA GENERAL<br \/>\nLa compet\u00e8ncia general d&#8217;aquest t\u00edtol consisteix a programar, organitzar, implementar i avaluar les intervencions d&#8217;integraci\u00f3 social aplicant estrat\u00e8gies i t\u00e8cniques espec\u00edfiques, promovent&hellip;  <a href=\"https:\/\/agora.xtec.cat\/ins-sagulla\/cicles-formatius\/grau-superior\/cfps-integraciosocial\/\" title=\"Read CFGS Integraci\u00f3 social\">Llegeix m\u00e9s\u00bb<\/a><\/p>\n","protected":false},"author":1,"featured_media":0,"parent":1970,"menu_order":0,"comment_status":"closed","ping_status":"closed","template":"page-templates\/side-menu.php","meta":{"_bbp_topic_count":0,"_bbp_reply_count":0,"_bbp_total_topic_count":0,"_bbp_total_reply_count":0,"_bbp_voice_count":0,"_bbp_anonymous_reply_count":0,"_bbp_topic_count_hidden":0,"_bbp_reply_count_hidden":0,"_bbp_forum_subforum_count":0,"footnotes":""},"class_list":["post-655","page","type-page","status-publish","hentry"],"post_mailing_queue_ids":[],"_links":{"self":[{"href":"https:\/\/agora.xtec.cat\/ins-sagulla\/wp-json\/wp\/v2\/pages\/655","targetHints":{"allow":["GET"]}}],"collection":[{"href":"https:\/\/agora.xtec.cat\/ins-sagulla\/wp-json\/wp\/v2\/pages"}],"about":[{"href":"https:\/\/agora.xtec.cat\/ins-sagulla\/wp-json\/wp\/v2\/types\/page"}],"author":[{"embeddable":true,"href":"https:\/\/agora.xtec.cat\/ins-sagulla\/wp-json\/wp\/v2\/users\/1"}],"replies":[{"embeddable":true,"href":"https:\/\/agora.xtec.cat\/ins-sagulla\/wp-json\/wp\/v2\/comments?post=655"}],"version-history":[{"count":6,"href":"https:\/\/agora.xtec.cat\/ins-sagulla\/wp-json\/wp\/v2\/pages\/655\/revisions"}],"predecessor-version":[{"id":24314,"href":"https:\/\/agora.xtec.cat\/ins-sagulla\/wp-json\/wp\/v2\/pages\/655\/revisions\/24314"}],"up":[{"embeddable":true,"href":"https:\/\/agora.xtec.cat\/ins-sagulla\/wp-json\/wp\/v2\/pages\/1970"}],"wp:attachment":[{"href":"https:\/\/agora.xtec.cat\/ins-sagulla\/wp-json\/wp\/v2\/media?parent=655"}],"curies":[{"name":"wp","href":"https:\/\/api.w.org\/{rel}","templated":true}]}}