{"id":593,"date":"2020-06-16T11:57:22","date_gmt":"2020-06-16T09:57:22","guid":{"rendered":"https:\/\/agora.xtec.cat\/ies-sagulla\/?page_id=593"},"modified":"2025-11-14T09:39:04","modified_gmt":"2025-11-14T08:39:04","slug":"pla-demergencia-i-evacuacio","status":"publish","type":"page","link":"https:\/\/agora.xtec.cat\/ins-sagulla\/documents\/pla-demergencia-i-evacuacio\/","title":{"rendered":"Pla de Prevenci\u00f3 de Riscos Laborals (PRL)"},"content":{"rendered":"<p>Aqu\u00ed trobareu el Pla d&#8217;Evacuaci\u00f3 del centre, en el context del Pla de Riscos Laborals (PRL).<\/p>\n<p><a href=\"https:\/\/agora.xtec.cat\/ins-sagulla\/wp-content\/uploads\/usu2114\/2025\/11\/PLA-DEMERGENCIA-25-26.pdf\">PLA D&#8217;EMERG\u00c8NCIA 25-26<\/a><\/p>\n","protected":false},"excerpt":{"rendered":"<p>Aqu\u00ed trobareu el Pla d&#8217;Evacuaci\u00f3 del centre, en el context del Pla de Riscos Laborals (PRL).<br \/>\n<a href=\"https:\/\/agora.xtec.cat\/ins-sagulla\/wp-content\/uploads\/usu2114\/2025\/11\/PLA-DEMERGENCIA-25-26.pdf\">PLA D&#8217;EMERG\u00c8NCIA 25-26<\/a><\/p>\n","protected":false},"author":1,"featured_media":0,"parent":632,"menu_order":50,"comment_status":"closed","ping_status":"closed","template":"page-templates\/side-menu.php","meta":{"_bbp_topic_count":0,"_bbp_reply_count":0,"_bbp_total_topic_count":0,"_bbp_total_reply_count":0,"_bbp_voice_count":0,"_bbp_anonymous_reply_count":0,"_bbp_topic_count_hidden":0,"_bbp_reply_count_hidden":0,"_bbp_forum_subforum_count":0,"footnotes":""},"class_list":["post-593","page","type-page","status-publish","hentry"],"post_mailing_queue_ids":[],"_links":{"self":[{"href":"https:\/\/agora.xtec.cat\/ins-sagulla\/wp-json\/wp\/v2\/pages\/593","targetHints":{"allow":["GET"]}}],"collection":[{"href":"https:\/\/agora.xtec.cat\/ins-sagulla\/wp-json\/wp\/v2\/pages"}],"about":[{"href":"https:\/\/agora.xtec.cat\/ins-sagulla\/wp-json\/wp\/v2\/types\/page"}],"author":[{"embeddable":true,"href":"https:\/\/agora.xtec.cat\/ins-sagulla\/wp-json\/wp\/v2\/users\/1"}],"replies":[{"embeddable":true,"href":"https:\/\/agora.xtec.cat\/ins-sagulla\/wp-json\/wp\/v2\/comments?post=593"}],"version-history":[{"count":4,"href":"https:\/\/agora.xtec.cat\/ins-sagulla\/wp-json\/wp\/v2\/pages\/593\/revisions"}],"predecessor-version":[{"id":25366,"href":"https:\/\/agora.xtec.cat\/ins-sagulla\/wp-json\/wp\/v2\/pages\/593\/revisions\/25366"}],"up":[{"embeddable":true,"href":"https:\/\/agora.xtec.cat\/ins-sagulla\/wp-json\/wp\/v2\/pages\/632"}],"wp:attachment":[{"href":"https:\/\/agora.xtec.cat\/ins-sagulla\/wp-json\/wp\/v2\/media?parent=593"}],"curies":[{"name":"wp","href":"https:\/\/api.w.org\/{rel}","templated":true}]}}