{"id":49,"date":"2020-03-25T16:55:55","date_gmt":"2020-03-25T15:55:55","guid":{"rendered":"http:\/\/agora.xtec.cat\/ies-sagulla\/?page_id=49"},"modified":"2025-11-13T18:33:12","modified_gmt":"2025-11-13T17:33:12","slug":"normes-dorganitzacio-i-funcionament","status":"publish","type":"page","link":"https:\/\/agora.xtec.cat\/ins-sagulla\/documents\/normes-dorganitzacio-i-funcionament\/","title":{"rendered":"Normes d\u2019Organitzaci\u00f3 i Funcionament del Centre (NOFC)"},"content":{"rendered":"<p>A continuaci\u00f3 podeu trobar el document amb la normativa d\u2019organitzaci\u00f3 i funcionament del centre. En aquest document es recullen les normes de disciplina i les sancions corresponents. <strong><em>Aquesta \u00e9s l&#8217;\u00faltima versi\u00f3 actualitzada amb la nova normativa de m\u00f2bils.<\/em><\/strong><\/p>\n<p><a href=\"https:\/\/agora.xtec.cat\/ins-sagulla\/wp-content\/uploads\/usu2114\/2025\/11\/NOFCv0.8NOV-25.pdf\">NOFCv0.8(NOV 25)<\/a><\/p>\n","protected":false},"excerpt":{"rendered":"<p>A continuaci\u00f3 podeu trobar el document amb la normativa d\u2019organitzaci\u00f3 i funcionament del centre. En aquest document es recullen les normes de disciplina i les sancions corresponents. Aquesta \u00e9s l&#8217;\u00faltima versi\u00f3 actualitzada amb la nova normativa de m\u00f2bils.<br \/>\n<a href=\"https:\/\/agora.xtec.cat\/ins-sagulla\/wp-content\/uploads\/usu2114\/2025\/11\/NOFCv0.8NOV-25.pdf\">NOFCv0.8(NOV 25)<\/a><\/p>\n","protected":false},"author":1,"featured_media":0,"parent":632,"menu_order":30,"comment_status":"closed","ping_status":"closed","template":"page-templates\/side-menu.php","meta":{"_bbp_topic_count":0,"_bbp_reply_count":0,"_bbp_total_topic_count":0,"_bbp_total_reply_count":0,"_bbp_voice_count":0,"_bbp_anonymous_reply_count":0,"_bbp_topic_count_hidden":0,"_bbp_reply_count_hidden":0,"_bbp_forum_subforum_count":0,"footnotes":""},"class_list":["post-49","page","type-page","status-publish","hentry"],"post_mailing_queue_ids":[],"_links":{"self":[{"href":"https:\/\/agora.xtec.cat\/ins-sagulla\/wp-json\/wp\/v2\/pages\/49","targetHints":{"allow":["GET"]}}],"collection":[{"href":"https:\/\/agora.xtec.cat\/ins-sagulla\/wp-json\/wp\/v2\/pages"}],"about":[{"href":"https:\/\/agora.xtec.cat\/ins-sagulla\/wp-json\/wp\/v2\/types\/page"}],"author":[{"embeddable":true,"href":"https:\/\/agora.xtec.cat\/ins-sagulla\/wp-json\/wp\/v2\/users\/1"}],"replies":[{"embeddable":true,"href":"https:\/\/agora.xtec.cat\/ins-sagulla\/wp-json\/wp\/v2\/comments?post=49"}],"version-history":[{"count":4,"href":"https:\/\/agora.xtec.cat\/ins-sagulla\/wp-json\/wp\/v2\/pages\/49\/revisions"}],"predecessor-version":[{"id":25363,"href":"https:\/\/agora.xtec.cat\/ins-sagulla\/wp-json\/wp\/v2\/pages\/49\/revisions\/25363"}],"up":[{"embeddable":true,"href":"https:\/\/agora.xtec.cat\/ins-sagulla\/wp-json\/wp\/v2\/pages\/632"}],"wp:attachment":[{"href":"https:\/\/agora.xtec.cat\/ins-sagulla\/wp-json\/wp\/v2\/media?parent=49"}],"curies":[{"name":"wp","href":"https:\/\/api.w.org\/{rel}","templated":true}]}}