{"id":24218,"date":"2024-10-16T14:46:47","date_gmt":"2024-10-16T12:46:47","guid":{"rendered":"https:\/\/agora.xtec.cat\/ins-sagulla\/?page_id=24218"},"modified":"2024-11-15T09:54:21","modified_gmt":"2024-11-15T08:54:21","slug":"perfil-del-contractant","status":"publish","type":"page","link":"https:\/\/agora.xtec.cat\/ins-sagulla\/perfil-del-contractant\/","title":{"rendered":"Perfil del contractant"},"content":{"rendered":"<p>En el perfil del contractant trobareu informaci\u00f3 relativa a les licitacions en curs, les adjudicacions i les formalitzacions dels contractes negociats de l\u2019Institut.<\/p>\n<hr \/>\n<p><strong>LICITACI\u00d3 SERVEI NETEJA<\/strong><\/p>\n<p>S\u2019ha publicat a la Plataforma de Serveis de Contractaci\u00f3 P\u00fablica (PSCP) l\u2019anunci de licitaci\u00f3 i la resta de la documentaci\u00f3 de l\u2019expedient del contracte per a licitar el servei neteja del centre. L\u2019enlla\u00e7 \u00e9s el seg\u00fcent:<\/p>\n<p><a href=\"https:\/\/contractaciopublica.cat\/ca\/detall-publicacio\/8b82bf54-6ad9-427b-8d02-ceeebb159c62\/300290667\">https:\/\/contractaciopublica.cat\/ca\/detall-publicacio\/8b82bf54-6ad9-427b-8d02-ceeebb159c62\/300290667<\/a><\/p>\n<p><strong>El termini de presentaci\u00f3 d\u2019ofertes \u00e9s fins el 25 de novembre a les 14h.<\/strong><\/p>\n<p>L&#8217;acte p\u00fablic d&#8217;obertura del sobres B es far\u00e0 el proper dia 28 de novembre a les 10.30h. L&#8217;enlla\u00e7 de la publicaci\u00f3 \u00e9s el seg\u00fcent:<\/p>\n<p><a href=\"https:\/\/contractaciopublica.cat\/ca\/detall-avis\/avis-recurs\/300296899\">https:\/\/contractaciopublica.cat\/ca\/detall-avis\/avis-recurs\/300296899<\/a><\/p>\n<hr \/>\n<p>&nbsp;<\/p>\n","protected":false},"excerpt":{"rendered":"<p>En el perfil del contractant trobareu informaci\u00f3 relativa a les licitacions en curs, les adjudicacions i les formalitzacions dels contractes negociats de l\u2019Institut.<\/p>\n<p>LICITACI\u00d3 SERVEI NETEJA<br \/>\nS\u2019ha publicat a la Plataforma de Serveis de Contractaci\u00f3 P\u00fablica (PSCP) l\u2019anunci de licitaci\u00f3 i la resta de la documentaci\u00f3 de&hellip;  <a href=\"https:\/\/agora.xtec.cat\/ins-sagulla\/perfil-del-contractant\/\" title=\"Read Perfil del contractant\">Llegeix m\u00e9s\u00bb<\/a><\/p>\n","protected":false},"author":1,"featured_media":0,"parent":0,"menu_order":0,"comment_status":"closed","ping_status":"closed","template":"","meta":{"_bbp_topic_count":0,"_bbp_reply_count":0,"_bbp_total_topic_count":0,"_bbp_total_reply_count":0,"_bbp_voice_count":0,"_bbp_anonymous_reply_count":0,"_bbp_topic_count_hidden":0,"_bbp_reply_count_hidden":0,"_bbp_forum_subforum_count":0,"footnotes":""},"class_list":["post-24218","page","type-page","status-publish","hentry"],"post_mailing_queue_ids":[],"_links":{"self":[{"href":"https:\/\/agora.xtec.cat\/ins-sagulla\/wp-json\/wp\/v2\/pages\/24218","targetHints":{"allow":["GET"]}}],"collection":[{"href":"https:\/\/agora.xtec.cat\/ins-sagulla\/wp-json\/wp\/v2\/pages"}],"about":[{"href":"https:\/\/agora.xtec.cat\/ins-sagulla\/wp-json\/wp\/v2\/types\/page"}],"author":[{"embeddable":true,"href":"https:\/\/agora.xtec.cat\/ins-sagulla\/wp-json\/wp\/v2\/users\/1"}],"replies":[{"embeddable":true,"href":"https:\/\/agora.xtec.cat\/ins-sagulla\/wp-json\/wp\/v2\/comments?post=24218"}],"version-history":[{"count":6,"href":"https:\/\/agora.xtec.cat\/ins-sagulla\/wp-json\/wp\/v2\/pages\/24218\/revisions"}],"predecessor-version":[{"id":24317,"href":"https:\/\/agora.xtec.cat\/ins-sagulla\/wp-json\/wp\/v2\/pages\/24218\/revisions\/24317"}],"wp:attachment":[{"href":"https:\/\/agora.xtec.cat\/ins-sagulla\/wp-json\/wp\/v2\/media?parent=24218"}],"curies":[{"name":"wp","href":"https:\/\/api.w.org\/{rel}","templated":true}]}}