{"id":2278,"date":"2021-02-20T21:33:46","date_gmt":"2021-02-20T20:33:46","guid":{"rendered":"https:\/\/agora.xtec.cat\/ins-sagulla\/?page_id=2278"},"modified":"2022-02-14T12:22:36","modified_gmt":"2022-02-14T11:22:36","slug":"assessorament","status":"publish","type":"page","link":"https:\/\/agora.xtec.cat\/ins-sagulla\/serveis\/assessorament\/","title":{"rendered":"Assessorament"},"content":{"rendered":"<p>El servei d&#8217;assessorament en la formaci\u00f3 professional t\u00e9 per objectiu definir i orientar un itinerari formatiu i professional de la persona interessada per aconseguir-ne millorar la qualificaci\u00f3. Compta amb l&#8217;atenci\u00f3 personalitzada d&#8217;experts de la fam\u00edlia professional escollida.<\/p>\n<p>Durant el proc\u00e9s d&#8217;assessorament, que es desenvolupa al llarg de 2 o 3 sessions presencials al centre, l&#8217;usuari aporta tota la documentaci\u00f3 de qu\u00e8 disposa perqu\u00e8 li sigui valorat l\u2019expedient formatiu i laboral.<\/p>\n<p>Com a resultat del proc\u00e9s l&#8217;usuari obt\u00e9 un informe d&#8217;assessorament que cont\u00e9 el seu itinerari amb les recomanacions per dur-lo a terme.<\/p>\n<p>Aquest informe \u00e9s un requisit previ per sol\u00b7licitar el servei de reconeixement acad\u00e8mic dels aprenentatges que s&#8217;hagin assolit mitjan\u00e7ant l&#8217;experi\u00e8ncia laboral o en activitats socials.<\/p>\n<p><strong>Destinataris<\/strong><br \/>\nPersones amb experi\u00e8ncia laboral i formaci\u00f3 pr\u00e8via que estiguin interessades a millorar la seva qualificaci\u00f3 i que vulguin rebre assessorament personalitzat per aconseguir-ho.<\/p>\n<p><strong>On es pot fer<\/strong><br \/>\nAquest servei es porta a terme als centres educatius. Podeu consultar els centres educatius que l&#8217;ofereixen i de quines fam\u00edlies professionals assessoren.<\/p>\n<p>La sol\u00b7licitud s&#8217;ha de fer de forma presencial a la secretaria del centre. Nom\u00e9s es pot fer una \u00fanica sol\u00b7licitud per persona. Al web del centre escollit trobareu la informaci\u00f3 per fer la sol\u00b7licitud i tamb\u00e9 l&#8217;impr\u00e8s.<\/p>\n<p>Podeu consultar el termini de presentaci\u00f3 de sol\u00b7licituds al web de cada centre. Una vegada finalitzat el per\u00edode, si queden places vacants, el centre pot obrir nous terminis per sol\u00b7licitar el servei.<\/p>\n<p><strong>Import del servei<\/strong><br \/>\n60 euros en centres p\u00fablics del Departament d&#8217;Ensenyament.<\/p>\n<p><strong>Criteris d&#8217;admissi\u00f3<\/strong><br \/>\nL&#8217;ordre d&#8217;admissi\u00f3, als centres p\u00fablics del Departament, es fa d&#8217;acord amb l&#8217;edat de la persona sol\u00b7licitant (de m\u00e9s edat a menys edat).<\/p>\n<p><strong>Publicaci\u00f3 de llistes de persones admeses<\/strong><br \/>\nLes llistes de les persones admeses al servei d&#8217;assessorament i de les places de reserva es publica al web de cada centre.<\/p>\n<p>La publicaci\u00f3 es fa, com a m\u00e0xim, 7 dies h\u00e0bils (sense comptar dissabtes i dies festius del centre) despr\u00e9s del termini de presentaci\u00f3 de sol\u00b7licituds.<\/p>\n<p>Al <strong>web del centre escollit<\/strong> s&#8217;informar\u00e0 dels tr\u00e0mits que cal fer a partir del moment que la persona ha estat admesa, aix\u00ed com de la documentaci\u00f3 que cal aportar.<\/p>\n<p>Trobareu m\u00e9s informaci\u00f3 sobre al web: <a href=\"http:\/\/queestudiar.gencat.cat\/ca\/estudis\/fp\/mesures-flexib\/assessorament\/\">http:\/\/queestudiar.gencat.cat\/ca\/estudis\/fp\/mesures-flexib\/assessorament\/<\/a><\/p>\n","protected":false},"excerpt":{"rendered":"<p>El servei d&#8217;assessorament en la formaci\u00f3 professional t\u00e9 per objectiu definir i orientar un itinerari formatiu i professional de la persona interessada per aconseguir-ne millorar la qualificaci\u00f3. Compta amb l&#8217;atenci\u00f3 personalitzada d&#8217;experts de la fam\u00edlia professional escollida.<br \/>\nDurant el proc\u00e9s d&#8217;assessorament, que es desenvolupa al llarg&hellip;  <a href=\"https:\/\/agora.xtec.cat\/ins-sagulla\/serveis\/assessorament\/\" title=\"Read Assessorament\">Llegeix m\u00e9s\u00bb<\/a><\/p>\n","protected":false},"author":1,"featured_media":0,"parent":63,"menu_order":50,"comment_status":"closed","ping_status":"closed","template":"","meta":{"_bbp_topic_count":0,"_bbp_reply_count":0,"_bbp_total_topic_count":0,"_bbp_total_reply_count":0,"_bbp_voice_count":0,"_bbp_anonymous_reply_count":0,"_bbp_topic_count_hidden":0,"_bbp_reply_count_hidden":0,"_bbp_forum_subforum_count":0,"footnotes":""},"class_list":["post-2278","page","type-page","status-publish","hentry"],"post_mailing_queue_ids":[],"_links":{"self":[{"href":"https:\/\/agora.xtec.cat\/ins-sagulla\/wp-json\/wp\/v2\/pages\/2278","targetHints":{"allow":["GET"]}}],"collection":[{"href":"https:\/\/agora.xtec.cat\/ins-sagulla\/wp-json\/wp\/v2\/pages"}],"about":[{"href":"https:\/\/agora.xtec.cat\/ins-sagulla\/wp-json\/wp\/v2\/types\/page"}],"author":[{"embeddable":true,"href":"https:\/\/agora.xtec.cat\/ins-sagulla\/wp-json\/wp\/v2\/users\/1"}],"replies":[{"embeddable":true,"href":"https:\/\/agora.xtec.cat\/ins-sagulla\/wp-json\/wp\/v2\/comments?post=2278"}],"version-history":[{"count":3,"href":"https:\/\/agora.xtec.cat\/ins-sagulla\/wp-json\/wp\/v2\/pages\/2278\/revisions"}],"predecessor-version":[{"id":2488,"href":"https:\/\/agora.xtec.cat\/ins-sagulla\/wp-json\/wp\/v2\/pages\/2278\/revisions\/2488"}],"up":[{"embeddable":true,"href":"https:\/\/agora.xtec.cat\/ins-sagulla\/wp-json\/wp\/v2\/pages\/63"}],"wp:attachment":[{"href":"https:\/\/agora.xtec.cat\/ins-sagulla\/wp-json\/wp\/v2\/media?parent=2278"}],"curies":[{"name":"wp","href":"https:\/\/api.w.org\/{rel}","templated":true}]}}