{"id":2236,"date":"2021-02-19T11:13:10","date_gmt":"2021-02-19T10:13:10","guid":{"rendered":"https:\/\/agora.xtec.cat\/ins-sagulla\/?page_id=2236"},"modified":"2022-02-14T12:20:26","modified_gmt":"2022-02-14T11:20:26","slug":"programa-acreditacio-departament-deducacio","status":"publish","type":"page","link":"https:\/\/agora.xtec.cat\/ins-sagulla\/serveis\/acreditat\/programa-acreditacio-departament-deducacio\/","title":{"rendered":"Programa Acreditaci\u00f3 Departament d\u2019Educaci\u00f3"},"content":{"rendered":"<p>Aquest \u00e9s l&#8217;enlla\u00e7 del programa Acredita&#8217;t del Departament d&#8217;Educaci\u00f3: <a href=\"http:\/\/acreditat.gencat.cat\/ca\/\">http:\/\/acreditat.gencat.cat\/ca\/<\/a><\/p>\n","protected":false},"excerpt":{"rendered":"<p>Aquest \u00e9s l&#8217;enlla\u00e7 del programa Acredita&#8217;t del Departament d&#8217;Educaci\u00f3: <a href=\"http:\/\/acreditat.gencat.cat\/ca\/\">http:\/\/acreditat.gencat.cat\/ca\/<\/a><\/p>\n","protected":false},"author":1,"featured_media":0,"parent":2229,"menu_order":30,"comment_status":"closed","ping_status":"closed","template":"","meta":{"_bbp_topic_count":0,"_bbp_reply_count":0,"_bbp_total_topic_count":0,"_bbp_total_reply_count":0,"_bbp_voice_count":0,"_bbp_anonymous_reply_count":0,"_bbp_topic_count_hidden":0,"_bbp_reply_count_hidden":0,"_bbp_forum_subforum_count":0,"footnotes":""},"class_list":["post-2236","page","type-page","status-publish","hentry"],"post_mailing_queue_ids":[],"_links":{"self":[{"href":"https:\/\/agora.xtec.cat\/ins-sagulla\/wp-json\/wp\/v2\/pages\/2236","targetHints":{"allow":["GET"]}}],"collection":[{"href":"https:\/\/agora.xtec.cat\/ins-sagulla\/wp-json\/wp\/v2\/pages"}],"about":[{"href":"https:\/\/agora.xtec.cat\/ins-sagulla\/wp-json\/wp\/v2\/types\/page"}],"author":[{"embeddable":true,"href":"https:\/\/agora.xtec.cat\/ins-sagulla\/wp-json\/wp\/v2\/users\/1"}],"replies":[{"embeddable":true,"href":"https:\/\/agora.xtec.cat\/ins-sagulla\/wp-json\/wp\/v2\/comments?post=2236"}],"version-history":[{"count":1,"href":"https:\/\/agora.xtec.cat\/ins-sagulla\/wp-json\/wp\/v2\/pages\/2236\/revisions"}],"predecessor-version":[{"id":2237,"href":"https:\/\/agora.xtec.cat\/ins-sagulla\/wp-json\/wp\/v2\/pages\/2236\/revisions\/2237"}],"up":[{"embeddable":true,"href":"https:\/\/agora.xtec.cat\/ins-sagulla\/wp-json\/wp\/v2\/pages\/2229"}],"wp:attachment":[{"href":"https:\/\/agora.xtec.cat\/ins-sagulla\/wp-json\/wp\/v2\/media?parent=2236"}],"curies":[{"name":"wp","href":"https:\/\/api.w.org\/{rel}","templated":true}]}}