{"id":2232,"date":"2021-02-19T11:08:48","date_gmt":"2021-02-19T10:08:48","guid":{"rendered":"https:\/\/agora.xtec.cat\/ins-sagulla\/?page_id=2232"},"modified":"2022-02-14T12:25:57","modified_gmt":"2022-02-14T11:25:57","slug":"tauler-danuncis","status":"publish","type":"page","link":"https:\/\/agora.xtec.cat\/ins-sagulla\/serveis\/acreditat\/tauler-danuncis\/","title":{"rendered":"Tauler d\u2019anuncis"},"content":{"rendered":"<p><a href=\"https:\/\/agora.xtec.cat\/ins-sagulla\/wp-content\/uploads\/usu2114\/2021\/06\/Resultats-avaluaci\u00f3-web.pdf\">Resultats avaluaci\u00f3<\/a><\/p>\n<p>Aqu\u00ed teniu el correu de l&#8217;institut on podreu adre\u00e7ar-vos per q\u00fcestions relacionades amb l&#8217;Acredita&#8217;t:<\/p>\n<p><a href=\"mailto:acreditat20-21sagulla@institutsagulla.cat\"><strong>acreditat20-21sagulla@institutsagulla.cat<\/strong><\/a><\/p>\n<p>&nbsp;<\/p>\n","protected":false},"excerpt":{"rendered":"<p><a href=\"https:\/\/agora.xtec.cat\/ins-sagulla\/wp-content\/uploads\/usu2114\/2021\/06\/Resultats-avaluaci\u00f3-web.pdf\">Resultats avaluaci\u00f3<\/a><br \/>\nAqu\u00ed teniu el correu de l&#8217;institut on podreu adre\u00e7ar-vos per q\u00fcestions relacionades amb l&#8217;Acredita&#8217;t:<br \/>\n<a href=\"mailto:acreditat20-21sagulla@institutsagulla.cat\">acreditat20-21sagulla@institutsagulla.cat<\/a><br \/>\n&nbsp;<\/p>\n","protected":false},"author":1,"featured_media":0,"parent":2229,"menu_order":10,"comment_status":"closed","ping_status":"closed","template":"","meta":{"_bbp_topic_count":0,"_bbp_reply_count":0,"_bbp_total_topic_count":0,"_bbp_total_reply_count":0,"_bbp_voice_count":0,"_bbp_anonymous_reply_count":0,"_bbp_topic_count_hidden":0,"_bbp_reply_count_hidden":0,"_bbp_forum_subforum_count":0,"footnotes":""},"class_list":["post-2232","page","type-page","status-publish","hentry"],"post_mailing_queue_ids":[],"_links":{"self":[{"href":"https:\/\/agora.xtec.cat\/ins-sagulla\/wp-json\/wp\/v2\/pages\/2232","targetHints":{"allow":["GET"]}}],"collection":[{"href":"https:\/\/agora.xtec.cat\/ins-sagulla\/wp-json\/wp\/v2\/pages"}],"about":[{"href":"https:\/\/agora.xtec.cat\/ins-sagulla\/wp-json\/wp\/v2\/types\/page"}],"author":[{"embeddable":true,"href":"https:\/\/agora.xtec.cat\/ins-sagulla\/wp-json\/wp\/v2\/users\/1"}],"replies":[{"embeddable":true,"href":"https:\/\/agora.xtec.cat\/ins-sagulla\/wp-json\/wp\/v2\/comments?post=2232"}],"version-history":[{"count":4,"href":"https:\/\/agora.xtec.cat\/ins-sagulla\/wp-json\/wp\/v2\/pages\/2232\/revisions"}],"predecessor-version":[{"id":19782,"href":"https:\/\/agora.xtec.cat\/ins-sagulla\/wp-json\/wp\/v2\/pages\/2232\/revisions\/19782"}],"up":[{"embeddable":true,"href":"https:\/\/agora.xtec.cat\/ins-sagulla\/wp-json\/wp\/v2\/pages\/2229"}],"wp:attachment":[{"href":"https:\/\/agora.xtec.cat\/ins-sagulla\/wp-json\/wp\/v2\/media?parent=2232"}],"curies":[{"name":"wp","href":"https:\/\/api.w.org\/{rel}","templated":true}]}}