{"id":2229,"date":"2021-02-19T11:08:12","date_gmt":"2021-02-19T10:08:12","guid":{"rendered":"https:\/\/agora.xtec.cat\/ins-sagulla\/?page_id=2229"},"modified":"2022-02-14T12:19:37","modified_gmt":"2022-02-14T11:19:37","slug":"acreditat","status":"publish","type":"page","link":"https:\/\/agora.xtec.cat\/ins-sagulla\/serveis\/acreditat\/","title":{"rendered":"Acredita&#8217;t"},"content":{"rendered":"<p>En aquesta secci\u00f3 trobar\u00e0s articles d&#8217;informaci\u00f3 sobre el programa ACREDITA&#8217;T.<\/p>\n<p><a href=\"https:\/\/agora.xtec.cat\/ins-sagulla\/wp-content\/uploads\/usu2114\/2021\/02\/acreditat-gris.png_2146174578.png\"><img loading=\"lazy\" decoding=\"async\" class=\"alignnone size-large wp-image-2243\" src=\"https:\/\/agora.xtec.cat\/ins-sagulla\/wp-content\/uploads\/usu2114\/2021\/02\/acreditat-gris.png_2146174578-1024x85.png\" alt=\"\" width=\"1024\" height=\"85\" srcset=\"https:\/\/agora.xtec.cat\/ins-sagulla\/wp-content\/uploads\/usu2114\/2021\/02\/acreditat-gris.png_2146174578-1024x85.png 1024w, https:\/\/agora.xtec.cat\/ins-sagulla\/wp-content\/uploads\/usu2114\/2021\/02\/acreditat-gris.png_2146174578-300x25.png 300w, https:\/\/agora.xtec.cat\/ins-sagulla\/wp-content\/uploads\/usu2114\/2021\/02\/acreditat-gris.png_2146174578-768x64.png 768w, https:\/\/agora.xtec.cat\/ins-sagulla\/wp-content\/uploads\/usu2114\/2021\/02\/acreditat-gris.png_2146174578.png 1468w\" sizes=\"auto, (max-width: 1024px) 100vw, 1024px\" \/><\/a><\/p>\n","protected":false},"excerpt":{"rendered":"<p>En aquesta secci\u00f3 trobar\u00e0s articles d&#8217;informaci\u00f3 sobre el programa ACREDITA&#8217;T.<br \/>\n<a href=\"https:\/\/agora.xtec.cat\/ins-sagulla\/wp-content\/uploads\/usu2114\/2021\/02\/acreditat-gris.png_2146174578.png\"><\/a><\/p>\n","protected":false},"author":1,"featured_media":0,"parent":63,"menu_order":40,"comment_status":"closed","ping_status":"closed","template":"","meta":{"_bbp_topic_count":0,"_bbp_reply_count":0,"_bbp_total_topic_count":0,"_bbp_total_reply_count":0,"_bbp_voice_count":0,"_bbp_anonymous_reply_count":0,"_bbp_topic_count_hidden":0,"_bbp_reply_count_hidden":0,"_bbp_forum_subforum_count":0,"footnotes":""},"class_list":["post-2229","page","type-page","status-publish","hentry"],"post_mailing_queue_ids":[],"_links":{"self":[{"href":"https:\/\/agora.xtec.cat\/ins-sagulla\/wp-json\/wp\/v2\/pages\/2229","targetHints":{"allow":["GET"]}}],"collection":[{"href":"https:\/\/agora.xtec.cat\/ins-sagulla\/wp-json\/wp\/v2\/pages"}],"about":[{"href":"https:\/\/agora.xtec.cat\/ins-sagulla\/wp-json\/wp\/v2\/types\/page"}],"author":[{"embeddable":true,"href":"https:\/\/agora.xtec.cat\/ins-sagulla\/wp-json\/wp\/v2\/users\/1"}],"replies":[{"embeddable":true,"href":"https:\/\/agora.xtec.cat\/ins-sagulla\/wp-json\/wp\/v2\/comments?post=2229"}],"version-history":[{"count":3,"href":"https:\/\/agora.xtec.cat\/ins-sagulla\/wp-json\/wp\/v2\/pages\/2229\/revisions"}],"predecessor-version":[{"id":2312,"href":"https:\/\/agora.xtec.cat\/ins-sagulla\/wp-json\/wp\/v2\/pages\/2229\/revisions\/2312"}],"up":[{"embeddable":true,"href":"https:\/\/agora.xtec.cat\/ins-sagulla\/wp-json\/wp\/v2\/pages\/63"}],"wp:attachment":[{"href":"https:\/\/agora.xtec.cat\/ins-sagulla\/wp-json\/wp\/v2\/media?parent=2229"}],"curies":[{"name":"wp","href":"https:\/\/api.w.org\/{rel}","templated":true}]}}