{"id":20903,"date":"2022-09-28T13:43:11","date_gmt":"2022-09-28T11:43:11","guid":{"rendered":"https:\/\/agora.xtec.cat\/ins-sagulla\/?page_id=20903"},"modified":"2025-03-26T10:44:10","modified_gmt":"2025-03-26T09:44:10","slug":"treball-de-recerca","status":"publish","type":"page","link":"https:\/\/agora.xtec.cat\/ins-sagulla\/batxillerat\/treball-de-recerca\/","title":{"rendered":"Treball de Recerca"},"content":{"rendered":"<p>El treball de recerca consisteix a desenvolupar una petita investigaci\u00f3 sobre un tema determinat orientada per un\/a tutor\/a. Al final del treball l\u2019alumne\/a ha de presentar una mem\u00f2ria escrita i l\u2019ha de defensar oralment.<\/p>\n<p>Per portar a terme aquest treball de recerca l\u2019alumne\/a ha de fer servir tot un conjunt de coneixements i compet\u00e8ncies adquirits des de diferents mat\u00e8ries que ha cursat al llarg de l\u2019etapa. Permet comprovar, doncs, l\u2019assoliment d\u2019alguns objectius, alhora que mesura la maduresa pel que fa a la iniciativa, ordre, rigor, const\u00e0ncia i capacitat per rec\u00f3rrer a les fonts d\u2019informaci\u00f3 m\u00e9s adients.<\/p>\n<p>El treball de recerca \u00e9s imprescindible aprovar-lo per superar l\u2019etapa. Compta un 10% sobre la nota final del batxillerat. Els\/les alumnes repetidor\/es amb el treball de recerca aprovat no cal que tornin a fer-lo.<\/p>\n<p>L\u2019equip docent de batxillerat elabora i revisa cada curs un dossier amb totes les indicacions necess\u00e0ries.<\/p>\n<p>En aquest apartat podreu consultar els millors treballs de recerca que s&#8217;han realitzat a l&#8217;institut el curs 2024-25:<\/p>\n<p><a href=\"https:\/\/drive.google.com\/drive\/folders\/1TqA7A3HzIMEGZYLkCeXgrlzEzbQV33-B?usp=sharing\">Treballs TDR Enlla\u00e7<\/a><\/p>\n<p>En aquest apartat podreu consultar els millors treballs de recerca que s&#8217;han realitzat a l&#8217;institut el curs 2023-24:<\/p>\n<p><a href=\"https:\/\/drive.google.com\/drive\/folders\/1R8TNNhD5lofIp85ax9LAFBnfMDMj0c4O\">Treballs TDR Enlla\u00e7<\/a><\/p>\n<p>En aquest apartat podreu consultar els millors treballs de recerca que s&#8217;han realitzat a l&#8217;institut el curs 2022-23:<\/p>\n<p><a href=\"https:\/\/drive.google.com\/drive\/folders\/17QdFJxI_c37M9AC0RBRGgMWUvCGzCA4x\">Treballs TDR Enlla\u00e7<\/a><\/p>\n<p>En aquest apartat podreu consultar els millors treballs de recerca que s&#8217;han realitzat a l&#8217;institut el curs 2021-22:<\/p>\n<p><a href=\"https:\/\/drive.google.com\/drive\/folders\/1UETx4qcujrAuXCJMsdb5LANA6nEX8mi9?usp=sharing\">Treballs TDR Enlla\u00e7<\/a><\/p>\n<p>Tamb\u00e9 podeu donar un cop d&#8217;ull als p\u00f2sters dels TdR:<\/p>\n<p><a href=\"https:\/\/drive.google.com\/drive\/folders\/141RNeb4UmaM532xamuU75s02bjyJBgjX?usp=drive_link\">P\u00f2sters TDR Enlla\u00e7 24-25 <\/a><\/p>\n<p><a href=\"https:\/\/drive.google.com\/drive\/folders\/1fv3V0RnfGIhg6mxw6GCYZxvnyEIgZQiH?usp=drive_link\">P\u00f2sters TDR Enlla\u00e7 23-24<\/a><\/p>\n<p><a href=\"https:\/\/agora.xtec.cat\/ins-sagulla\/wp-content\/uploads\/usu2114\/2025\/02\/Remacha_MarinaPoster-TDR_page-0001.jpg\"><img loading=\"lazy\" decoding=\"async\" class=\"alignleft wp-image-24636\" src=\"https:\/\/agora.xtec.cat\/ins-sagulla\/wp-content\/uploads\/usu2114\/2025\/02\/Remacha_MarinaPoster-TDR_page-0001-210x300.jpg\" alt=\"\" width=\"375\" height=\"536\" srcset=\"https:\/\/agora.xtec.cat\/ins-sagulla\/wp-content\/uploads\/usu2114\/2025\/02\/Remacha_MarinaPoster-TDR_page-0001-210x300.jpg 210w, https:\/\/agora.xtec.cat\/ins-sagulla\/wp-content\/uploads\/usu2114\/2025\/02\/Remacha_MarinaPoster-TDR_page-0001-717x1024.jpg 717w, https:\/\/agora.xtec.cat\/ins-sagulla\/wp-content\/uploads\/usu2114\/2025\/02\/Remacha_MarinaPoster-TDR_page-0001-768x1097.jpg 768w, https:\/\/agora.xtec.cat\/ins-sagulla\/wp-content\/uploads\/usu2114\/2025\/02\/Remacha_MarinaPoster-TDR_page-0001.jpg 1000w\" sizes=\"auto, (max-width: 375px) 100vw, 375px\" \/><\/a> <a href=\"https:\/\/agora.xtec.cat\/ins-sagulla\/wp-content\/uploads\/usu2114\/2025\/02\/Sala-Parreno-Oriol-2n-Batx-A_page-0001.jpg\"><img loading=\"lazy\" decoding=\"async\" class=\"alignleft wp-image-24635\" src=\"https:\/\/agora.xtec.cat\/ins-sagulla\/wp-content\/uploads\/usu2114\/2025\/02\/Sala-Parreno-Oriol-2n-Batx-A_page-0001-212x300.jpg\" alt=\"\" width=\"367\" height=\"519\" srcset=\"https:\/\/agora.xtec.cat\/ins-sagulla\/wp-content\/uploads\/usu2114\/2025\/02\/Sala-Parreno-Oriol-2n-Batx-A_page-0001-212x300.jpg 212w, https:\/\/agora.xtec.cat\/ins-sagulla\/wp-content\/uploads\/usu2114\/2025\/02\/Sala-Parreno-Oriol-2n-Batx-A_page-0001-724x1024.jpg 724w, https:\/\/agora.xtec.cat\/ins-sagulla\/wp-content\/uploads\/usu2114\/2025\/02\/Sala-Parreno-Oriol-2n-Batx-A_page-0001-768x1086.jpg 768w, https:\/\/agora.xtec.cat\/ins-sagulla\/wp-content\/uploads\/usu2114\/2025\/02\/Sala-Parreno-Oriol-2n-Batx-A_page-0001-1086x1536.jpg 1086w, https:\/\/agora.xtec.cat\/ins-sagulla\/wp-content\/uploads\/usu2114\/2025\/02\/Sala-Parreno-Oriol-2n-Batx-A_page-0001.jpg 1241w\" sizes=\"auto, (max-width: 367px) 100vw, 367px\" \/><\/a><\/p>\n<p>&nbsp;<\/p>\n<p>&nbsp;<\/p>\n<p>&nbsp;<\/p>\n<p>&nbsp;<\/p>\n<p>&nbsp;<\/p>\n<p>&nbsp;<\/p>\n<p>&nbsp;<\/p>\n<p>&nbsp;<\/p>\n<p>&nbsp;<\/p>\n<p>&nbsp;<\/p>\n<p>&nbsp;<\/p>\n<p>&nbsp;<\/p>\n<p>&nbsp;<\/p>\n<p><a href=\"https:\/\/agora.xtec.cat\/ins-sagulla\/wp-content\/uploads\/usu2114\/2022\/10\/by-nc-nd-88x31-1.png\"><img loading=\"lazy\" decoding=\"async\" class=\"alignnone size-full wp-image-21489\" src=\"https:\/\/agora.xtec.cat\/ins-sagulla\/wp-content\/uploads\/usu2114\/2022\/10\/by-nc-nd-88x31-1.png\" alt=\"\" width=\"88\" height=\"31\" \/><\/a><\/p>\n<p>Tots els treballs, si no s&#8217;indica al contrari, estan sota la llic\u00e8ncia: <strong>Reconeixement &#8211; NoComercial &#8211; SenseObraDerivada (by-nc-nd) o CC by-nc-nd:<\/strong> <em>No es permet un \u00fas comercial de l&#8217;obra original ni la generaci\u00f3 d&#8217;obres derivades per altres persones que no siguin les propiet\u00e0ries dels drets. \u00c9s la llic\u00e8ncia m\u00e9s restrictiva ja que nom\u00e9s permet que altres persones es descarreguin l&#8217;obra i la comparteixin amb altres sempre i quan en reconeguin l&#8217;autoria, per\u00f2 sense fer-ne modificacions ni \u00fas comercial.\u00a0<\/em><\/p>\n<p>Data de Modificaci\u00f3 el 21 de mar\u00e7 del 2025<\/p>\n","protected":false},"excerpt":{"rendered":"<p>El treball de recerca consisteix a desenvolupar una petita investigaci\u00f3 sobre un tema determinat orientada per un\/a tutor\/a. Al final del treball l\u2019alumne\/a ha de presentar una mem\u00f2ria escrita i l\u2019ha de defensar oralment.<br \/>\nPer portar a terme aquest treball de recerca l\u2019alumne\/a ha de fer&hellip;  <a href=\"https:\/\/agora.xtec.cat\/ins-sagulla\/batxillerat\/treball-de-recerca\/\" title=\"Read Treball de Recerca\">Llegeix m\u00e9s\u00bb<\/a><\/p>\n","protected":false},"author":1,"featured_media":0,"parent":919,"menu_order":10,"comment_status":"closed","ping_status":"closed","template":"page-templates\/side-menu.php","meta":{"_bbp_topic_count":0,"_bbp_reply_count":0,"_bbp_total_topic_count":0,"_bbp_total_reply_count":0,"_bbp_voice_count":0,"_bbp_anonymous_reply_count":0,"_bbp_topic_count_hidden":0,"_bbp_reply_count_hidden":0,"_bbp_forum_subforum_count":0,"footnotes":""},"class_list":["post-20903","page","type-page","status-publish","hentry"],"post_mailing_queue_ids":[],"_links":{"self":[{"href":"https:\/\/agora.xtec.cat\/ins-sagulla\/wp-json\/wp\/v2\/pages\/20903","targetHints":{"allow":["GET"]}}],"collection":[{"href":"https:\/\/agora.xtec.cat\/ins-sagulla\/wp-json\/wp\/v2\/pages"}],"about":[{"href":"https:\/\/agora.xtec.cat\/ins-sagulla\/wp-json\/wp\/v2\/types\/page"}],"author":[{"embeddable":true,"href":"https:\/\/agora.xtec.cat\/ins-sagulla\/wp-json\/wp\/v2\/users\/1"}],"replies":[{"embeddable":true,"href":"https:\/\/agora.xtec.cat\/ins-sagulla\/wp-json\/wp\/v2\/comments?post=20903"}],"version-history":[{"count":7,"href":"https:\/\/agora.xtec.cat\/ins-sagulla\/wp-json\/wp\/v2\/pages\/20903\/revisions"}],"predecessor-version":[{"id":24827,"href":"https:\/\/agora.xtec.cat\/ins-sagulla\/wp-json\/wp\/v2\/pages\/20903\/revisions\/24827"}],"up":[{"embeddable":true,"href":"https:\/\/agora.xtec.cat\/ins-sagulla\/wp-json\/wp\/v2\/pages\/919"}],"wp:attachment":[{"href":"https:\/\/agora.xtec.cat\/ins-sagulla\/wp-json\/wp\/v2\/media?parent=20903"}],"curies":[{"name":"wp","href":"https:\/\/api.w.org\/{rel}","templated":true}]}}