{"id":20135,"date":"2022-03-11T11:02:17","date_gmt":"2022-03-11T10:02:17","guid":{"rendered":"https:\/\/agora.xtec.cat\/ins-sagulla\/?page_id=20135"},"modified":"2023-11-28T11:39:48","modified_gmt":"2023-11-28T10:39:48","slug":"estudis","status":"publish","type":"page","link":"https:\/\/agora.xtec.cat\/ins-sagulla\/linstitut\/estudis\/","title":{"rendered":"Estudis"},"content":{"rendered":"<p>Els estudis que es poden cursar al centre s\u00f3n:<\/p>\n<ul>\n<li><a href=\"https:\/\/agora.xtec.cat\/ins-sagulla\/eso\/\">Educaci\u00f3 Secund\u00e0ria Obligat\u00f2ria (ESO)<\/a><\/li>\n<li><a href=\"https:\/\/agora.xtec.cat\/ins-sagulla\/batxillerat\/\">Batxillerat<\/a>\n<ul>\n<li>Ci\u00e8ncies i Tecnologia<\/li>\n<li>Humanitats i Ci\u00e8ncies socials<\/li>\n<\/ul>\n<\/li>\n<li><a href=\"https:\/\/agora.xtec.cat\/ins-sagulla\/linstitut\/cicles-formatius\/\">Cicles formatius<\/a>\n<ul>\n<li>Grau mitj\u00e0 (CFGM)\n<ul>\n<li><a href=\"https:\/\/agora.xtec.cat\/ins-sagulla\/cicles-formatius\/grau-mitja\/atencio-persones-situacio-dependencia\/\">T\u00e8cnic\/a en Atenci\u00f3 a Persones en Situaci\u00f3 de Depend\u00e8ncia<\/a><\/li>\n<li><a href=\"https:\/\/agora.xtec.cat\/ins-sagulla\/linstitut\/estudis\/cicles-formatius\/grau-mitja\/cfpm-cures-auxiliars-dinfermeria\/\">T\u00e8cnic\/a en Cures Auxiliars d\u2019Infermeria\u00a0<\/a><\/li>\n<li>T\u00e8cnic\/a en Farm\u00e0cia i Parafarm\u00e0cia<\/li>\n<\/ul>\n<\/li>\n<li>Grau superior (CFGS)\n<ul>\n<li><a href=\"https:\/\/agora.xtec.cat\/ins-sagulla\/linstitut\/estudis\/cicles-formatius\/grau-superior\/cfps-educacio-infantil\/\">T\u00e8cnic\/a Superior en Educaci\u00f3 Infantil<\/a><\/li>\n<li><a href=\"https:\/\/agora.xtec.cat\/ins-sagulla\/linstitut\/estudis\/cicles-formatius\/grau-superior\/cfps-integracio-social\/\">T\u00e8cnic\/a en Integraci\u00f3 Social<\/a><\/li>\n<\/ul>\n<\/li>\n<\/ul>\n<\/li>\n<\/ul>\n","protected":false},"excerpt":{"rendered":"<p>Els estudis que es poden cursar al centre s\u00f3n:<\/p>\n<ul>\n<li><a href=\"https:\/\/agora.xtec.cat\/ins-sagulla\/eso\/\">Educaci\u00f3 Secund\u00e0ria Obligat\u00f2ria (ESO)<\/a><\/li>\n<li><a href=\"https:\/\/agora.xtec.cat\/ins-sagulla\/batxillerat\/\">Batxillerat<\/a>\n<ul>\n<li>Ci\u00e8ncies i Tecnologia<\/li>\n<li>Humanitats i Ci\u00e8ncies socials<\/li>\n<\/ul>\n<\/li>\n<li><a href=\"https:\/\/agora.xtec.cat\/ins-sagulla\/linstitut\/cicles-formatius\/\">Cicles formatius<\/a>\n<ul>\n<li>Grau mitj\u00e0 (CFGM)\n<ul>\n<li><a href=\"https:\/\/agora.xtec.cat\/ins-sagulla\/cicles-formatius\/grau-mitja\/atencio-persones-situacio-dependencia\/\">T\u00e8cnic\/a en Atenci\u00f3 a Persones en Situaci\u00f3 de Depend\u00e8ncia<\/a><\/li>\n<li><a href=\"https:\/\/agora.xtec.cat\/ins-sagulla\/linstitut\/estudis\/cicles-formatius\/grau-mitja\/cfpm-cures-auxiliars-dinfermeria\/\">T\u00e8cnic\/a en Cures Auxiliars d\u2019Infermeria\u00a0<\/a><\/li>\n<li>T\u00e8cnic\/a en Farm\u00e0cia i Parafarm\u00e0cia<\/li>\n<\/ul>\n<\/li>\n<li>Grau superior (CFGS)\n<ul>\n<li><a href=\"https:\/\/agora.xtec.cat\/ins-sagulla\/linstitut\/estudis\/cicles-formatius\/grau-superior\/cfps-educacio-infantil\/\">T\u00e8cnic\/a Superior&hellip;  <a href=\"https:\/\/agora.xtec.cat\/ins-sagulla\/linstitut\/estudis\/\" title=\"Read Estudis\">Llegeix m\u00e9s\u00bb<\/a><br \/>\n","protected":false},"author":1,"featured_media":0,"parent":19,"menu_order":40,"comment_status":"closed","ping_status":"closed","template":"page-templates\/side-menu.php","meta":{"_bbp_topic_count":0,"_bbp_reply_count":0,"_bbp_total_topic_count":0,"_bbp_total_reply_count":0,"_bbp_voice_count":0,"_bbp_anonymous_reply_count":0,"_bbp_topic_count_hidden":0,"_bbp_reply_count_hidden":0,"_bbp_forum_subforum_count":0,"footnotes":""},"class_list":["post-20135","page","type-page","status-publish","hentry"],"post_mailing_queue_ids":[],"_links":{"self":[{"href":"https:\/\/agora.xtec.cat\/ins-sagulla\/wp-json\/wp\/v2\/pages\/20135","targetHints":{"allow":["GET"]}}],"collection":[{"href":"https:\/\/agora.xtec.cat\/ins-sagulla\/wp-json\/wp\/v2\/pages"}],"about":[{"href":"https:\/\/agora.xtec.cat\/ins-sagulla\/wp-json\/wp\/v2\/types\/page"}],"author":[{"embeddable":true,"href":"https:\/\/agora.xtec.cat\/ins-sagulla\/wp-json\/wp\/v2\/users\/1"}],"replies":[{"embeddable":true,"href":"https:\/\/agora.xtec.cat\/ins-sagulla\/wp-json\/wp\/v2\/comments?post=20135"}],"version-history":[{"count":5,"href":"https:\/\/agora.xtec.cat\/ins-sagulla\/wp-json\/wp\/v2\/pages\/20135\/revisions"}],"predecessor-version":[{"id":23601,"href":"https:\/\/agora.xtec.cat\/ins-sagulla\/wp-json\/wp\/v2\/pages\/20135\/revisions\/23601"}],"up":[{"embeddable":true,"href":"https:\/\/agora.xtec.cat\/ins-sagulla\/wp-json\/wp\/v2\/pages\/19"}],"wp:attachment":[{"href":"https:\/\/agora.xtec.cat\/ins-sagulla\/wp-json\/wp\/v2\/media?parent=20135"}],"curies":[{"name":"wp","href":"https:\/\/api.w.org\/{rel}","templated":true}]}}