{"id":1968,"date":"2021-01-25T12:24:24","date_gmt":"2021-01-25T11:24:24","guid":{"rendered":"https:\/\/agora.xtec.cat\/ins-sagulla\/?page_id=1968"},"modified":"2025-03-14T08:45:06","modified_gmt":"2025-03-14T07:45:06","slug":"grau-mitja","status":"publish","type":"page","link":"https:\/\/agora.xtec.cat\/ins-sagulla\/cicles-formatius\/grau-mitja\/","title":{"rendered":"Grau Mitj\u00e0"},"content":{"rendered":"<p><strong><em>Curs 2025-2026<\/em><\/strong><\/p>\n<p><strong><em>La Generalitat est\u00e0 adequant la informaci\u00f3, l&#8217;enlla\u00e7 \u00e9s el seg\u00fcent <a href=\"https:\/\/preinscripcio.gencat.cat\/ca\/estudis\/fp-grau-mitja\/inici\/index.html\">https:\/\/preinscripcio.gencat.cat\/ca\/estudis\/fp-grau-mitja\/inici\/index.html<\/a><\/em><\/strong><\/p>\n<p>Els cicles de <strong>grau mitj\u00e0<\/strong> (CFGM) que s&#8217;imparteixen, en horari de tarda, s\u00f3n:<\/p>\n<ul>\n<li><a href=\"https:\/\/agora.xtec.cat\/ins-sagulla\/cicles-formatius\/grau-mitja\/atencio-persones-situacio-dependencia\/\">T\u00e8cnic\/a en Atenci\u00f3 a Persones en Situaci\u00f3 de Depend\u00e8ncia<\/a><\/li>\n<li><a href=\"https:\/\/agora.xtec.cat\/ins-sagulla\/cicles-formatius\/grau-mitja\/cfpm-cures-auxiliars-dinfermeria\/\">T\u00e8cnic\/a en Cures Auxiliars d\u2019Infermeria\u00a0<\/a><\/li>\n<li><a href=\"https:\/\/agora.xtec.cat\/ins-sagulla\/cicles-formatius\/grau-mitja\/cfgm-farmacia-i-parafarmacia\/\">T\u00e8cnic\/a en Farm\u00e0cia i parafarm\u00e0cia<\/a><\/li>\n<\/ul>\n","protected":false},"excerpt":{"rendered":"<p>Curs 2025-2026<br \/>\nLa Generalitat est\u00e0 adequant la informaci\u00f3, l&#8217;enlla\u00e7 \u00e9s el seg\u00fcent <a href=\"https:\/\/preinscripcio.gencat.cat\/ca\/estudis\/fp-grau-mitja\/inici\/index.html\">https:\/\/preinscripcio.gencat.cat\/ca\/estudis\/fp-grau-mitja\/inici\/index.html<\/a><br \/>\nEls cicles de grau mitj\u00e0 (CFGM) que s&#8217;imparteixen, en horari de tarda, s\u00f3n:<\/p>\n<ul>\n<li><a href=\"https:\/\/agora.xtec.cat\/ins-sagulla\/cicles-formatius\/grau-mitja\/atencio-persones-situacio-dependencia\/\">T\u00e8cnic\/a en Atenci\u00f3 a Persones en Situaci\u00f3 de Depend\u00e8ncia<\/a><\/li>\n<li><a href=\"https:\/\/agora.xtec.cat\/ins-sagulla\/cicles-formatius\/grau-mitja\/cfpm-cures-auxiliars-dinfermeria\/\">T\u00e8cnic\/a en Cures Auxiliars d\u2019Infermeria\u00a0<\/a><\/li>\n<li><a href=\"https:\/\/agora.xtec.cat\/ins-sagulla\/cicles-formatius\/grau-mitja\/cfgm-farmacia-i-parafarmacia\/\">T\u00e8cnic\/a en Farm\u00e0cia i parafarm\u00e0cia<\/a><\/li>\n<\/ul>\n","protected":false},"author":1,"featured_media":0,"parent":923,"menu_order":0,"comment_status":"closed","ping_status":"closed","template":"page-templates\/side-menu.php","meta":{"_bbp_topic_count":0,"_bbp_reply_count":0,"_bbp_total_topic_count":0,"_bbp_total_reply_count":0,"_bbp_voice_count":0,"_bbp_anonymous_reply_count":0,"_bbp_topic_count_hidden":0,"_bbp_reply_count_hidden":0,"_bbp_forum_subforum_count":0,"footnotes":""},"class_list":["post-1968","page","type-page","status-publish","hentry"],"post_mailing_queue_ids":[],"_links":{"self":[{"href":"https:\/\/agora.xtec.cat\/ins-sagulla\/wp-json\/wp\/v2\/pages\/1968","targetHints":{"allow":["GET"]}}],"collection":[{"href":"https:\/\/agora.xtec.cat\/ins-sagulla\/wp-json\/wp\/v2\/pages"}],"about":[{"href":"https:\/\/agora.xtec.cat\/ins-sagulla\/wp-json\/wp\/v2\/types\/page"}],"author":[{"embeddable":true,"href":"https:\/\/agora.xtec.cat\/ins-sagulla\/wp-json\/wp\/v2\/users\/1"}],"replies":[{"embeddable":true,"href":"https:\/\/agora.xtec.cat\/ins-sagulla\/wp-json\/wp\/v2\/comments?post=1968"}],"version-history":[{"count":7,"href":"https:\/\/agora.xtec.cat\/ins-sagulla\/wp-json\/wp\/v2\/pages\/1968\/revisions"}],"predecessor-version":[{"id":24710,"href":"https:\/\/agora.xtec.cat\/ins-sagulla\/wp-json\/wp\/v2\/pages\/1968\/revisions\/24710"}],"up":[{"embeddable":true,"href":"https:\/\/agora.xtec.cat\/ins-sagulla\/wp-json\/wp\/v2\/pages\/923"}],"wp:attachment":[{"href":"https:\/\/agora.xtec.cat\/ins-sagulla\/wp-json\/wp\/v2\/media?parent=1968"}],"curies":[{"name":"wp","href":"https:\/\/api.w.org\/{rel}","templated":true}]}}