{"id":19475,"date":"2021-12-23T12:29:54","date_gmt":"2021-12-23T11:29:54","guid":{"rendered":"https:\/\/agora.xtec.cat\/ins-sagulla\/?page_id=19475"},"modified":"2023-10-10T12:04:42","modified_gmt":"2023-10-10T10:04:42","slug":"proves-per-obtenir-titols-de-formacio-professional-pot","status":"publish","type":"page","link":"https:\/\/agora.xtec.cat\/ins-sagulla\/serveis\/proves-per-obtenir-titols-de-formacio-professional-pot\/","title":{"rendered":"Proves per obtenir t\u00edtols de formaci\u00f3 professional (POT)"},"content":{"rendered":"<div class=\"element-llegir-mes\">\n<div class=\"text-tallat\" tabindex=\"-1\">\n<div class=\"text-complet link-dotted\">\n<p>Proves per a l&#8217;obtenci\u00f3 dels t\u00edtols de t\u00e8cnic\/a de<strong> Cures Auxiliar d&#8217;infermeria<\/strong>. L&#8217;objectiu de les proves \u00e9s que els candidats demostrin que tenen les capacitats, els coneixements i les habilitats suficients per obtenir el t\u00edtol.<\/p>\n<p>Trobareu tota la <strong>informaci\u00f3 oficial i actualitzada a la web de la Generalitat<\/strong>\u00a0<a href=\"https:\/\/educacio.gencat.cat\/ca\/serveis-tramits\/proves\/proves-lliures-obtencio-titols\/obtencio-titols-fp\/\">https:\/\/educacio.gencat.cat\/ca\/serveis-tramits\/proves\/proves-lliures-obtencio-titols\/obtencio-titols-fp\/<\/a><\/p>\n<p>o al Tel\u00e8fon d&#8217;informaci\u00f3 de la Generalitat 012.<\/p>\n<p><strong>Inscripcions del 9 al 19 d&#8217;octubre de 2023<\/strong><\/p>\n<\/div>\n<\/div>\n<\/div>\n<div>Aqu\u00ed podeu consultar els continguts, caracter\u00edstiques i criteris de superaci\u00f3 de les proves.<\/div>\n<div><\/div>\n<div><a href=\"https:\/\/educacio.gencat.cat\/ca\/serveis-tramits\/proves\/proves-lliures-obtencio-titols\/obtencio-titols-fp\/continguts-proves\/\">https:\/\/educacio.gencat.cat\/ca\/serveis-tramits\/proves\/proves-lliures-obtencio-titols\/obtencio-titols-fp\/continguts-proves\/<\/a><\/div>\n","protected":false},"excerpt":{"rendered":"<p>Proves per a l&#8217;obtenci\u00f3 dels t\u00edtols de t\u00e8cnic\/a de Cures Auxiliar d&#8217;infermeria. L&#8217;objectiu de les proves \u00e9s que els candidats demostrin que tenen les capacitats, els coneixements i les habilitats suficients per obtenir el t\u00edtol.<br \/>\nTrobareu tota la informaci\u00f3 oficial i actualitzada a la web de&hellip;  <a href=\"https:\/\/agora.xtec.cat\/ins-sagulla\/serveis\/proves-per-obtenir-titols-de-formacio-professional-pot\/\" title=\"Read Proves per obtenir t\u00edtols de formaci\u00f3 professional (POT)\">Llegeix m\u00e9s\u00bb<\/a><\/p>\n","protected":false},"author":1,"featured_media":0,"parent":63,"menu_order":3,"comment_status":"closed","ping_status":"closed","template":"","meta":{"_bbp_topic_count":0,"_bbp_reply_count":0,"_bbp_total_topic_count":0,"_bbp_total_reply_count":0,"_bbp_voice_count":0,"_bbp_anonymous_reply_count":0,"_bbp_topic_count_hidden":0,"_bbp_reply_count_hidden":0,"_bbp_forum_subforum_count":0,"footnotes":""},"class_list":["post-19475","page","type-page","status-publish","hentry"],"post_mailing_queue_ids":[],"_links":{"self":[{"href":"https:\/\/agora.xtec.cat\/ins-sagulla\/wp-json\/wp\/v2\/pages\/19475","targetHints":{"allow":["GET"]}}],"collection":[{"href":"https:\/\/agora.xtec.cat\/ins-sagulla\/wp-json\/wp\/v2\/pages"}],"about":[{"href":"https:\/\/agora.xtec.cat\/ins-sagulla\/wp-json\/wp\/v2\/types\/page"}],"author":[{"embeddable":true,"href":"https:\/\/agora.xtec.cat\/ins-sagulla\/wp-json\/wp\/v2\/users\/1"}],"replies":[{"embeddable":true,"href":"https:\/\/agora.xtec.cat\/ins-sagulla\/wp-json\/wp\/v2\/comments?post=19475"}],"version-history":[{"count":6,"href":"https:\/\/agora.xtec.cat\/ins-sagulla\/wp-json\/wp\/v2\/pages\/19475\/revisions"}],"predecessor-version":[{"id":23371,"href":"https:\/\/agora.xtec.cat\/ins-sagulla\/wp-json\/wp\/v2\/pages\/19475\/revisions\/23371"}],"up":[{"embeddable":true,"href":"https:\/\/agora.xtec.cat\/ins-sagulla\/wp-json\/wp\/v2\/pages\/63"}],"wp:attachment":[{"href":"https:\/\/agora.xtec.cat\/ins-sagulla\/wp-json\/wp\/v2\/media?parent=19475"}],"curies":[{"name":"wp","href":"https:\/\/api.w.org\/{rel}","templated":true}]}}