{"id":1014,"date":"2020-07-28T13:19:28","date_gmt":"2020-07-28T11:19:28","guid":{"rendered":"https:\/\/agora.xtec.cat\/ies-sagulla\/?page_id=1014"},"modified":"2026-03-26T09:22:18","modified_gmt":"2026-03-26T08:22:18","slug":"beques-i-ajuts","status":"publish","type":"page","link":"https:\/\/agora.xtec.cat\/ins-sagulla\/secretaria\/beques-i-ajuts\/","title":{"rendered":"Beques i ajuts estudis postobligatoris"},"content":{"rendered":"<p>&nbsp;<\/p>\n<p>Tot i no saber si continuareu estudiant ni qu\u00e8 estudiar\u00e0s, ni a quin centre el proper curs,\u00a0 si creieu que reuniu els requisits sol.licitats a la convocat\u00f2ria, heu de presentar la sol.licitud dins del termini. <em>(Veure enlla\u00e7 al final d&#8217;aquest text)<\/em><\/p>\n<p>No hi haur\u00e0 un altre termini de sol.licitud.<\/p>\n<p>Aqu\u00ed teniu informaci\u00f3 sobre les beques convocades <em>per la Generalitat de Catalunya (antigues beques del Ministerio de Educaci\u00f3n)<\/em>, per a estudiants que cursaran ensenyaments postobligatoris (cicles formatius o batxillerat):<\/p>\n<p>Us recomanem llegir b\u00e9 les explicacions i omplir la sol\u00b7licitud amb cura per a evitar endarreriments en la tramitaci\u00f3, que \u00e9s totalment telem\u00e0tica.<\/p>\n<p>Els instituts nom\u00e9s certifiquem les dades acad\u00e8miques de l&#8217;alumnat que ha formalitzat la matr\u00edcula, quan ens ho demana el <em>Departament d&#8217;Educaci\u00f3 i Formaci\u00f3 Professional de la Generalitat de Catalunya.<\/em><\/p>\n<p>La tramitaci\u00f3 i seguiment de la beca es fa sempre des de l&#8217;aplicaci\u00f3 que adjuntem enlla\u00e7, MOLT IMPORTANT tenir actualitzat el correu electr\u00f2nic que hi poseu, i anar-lo revisant peri\u00f3dicament, els comunicats us arribaran sempre all\u00e0.<\/p>\n<p><a href=\"https:\/\/tramits.gencat.cat\/ca\/tramits\/tramits-temes\/beques-estudis-no-universitaris?moda=1\">https:\/\/tramits.gencat.cat\/ca\/tramits\/tramits-temes\/beques-estudis-no-universitaris?moda=1<\/a><\/p>\n","protected":false},"excerpt":{"rendered":"<p>&nbsp;<br \/>\nTot i no saber si continuareu estudiant ni qu\u00e8 estudiar\u00e0s, ni a quin centre el proper curs,\u00a0 si creieu que reuniu els requisits sol.licitats a la convocat\u00f2ria, heu de presentar la sol.licitud dins del termini. (Veure enlla\u00e7 al final d&#8217;aquest text)<br \/>\nNo hi haur\u00e0 un altre&hellip;  <a href=\"https:\/\/agora.xtec.cat\/ins-sagulla\/secretaria\/beques-i-ajuts\/\" title=\"Read Beques i ajuts estudis postobligatoris\">Llegeix m\u00e9s\u00bb<\/a><\/p>\n","protected":false},"author":1,"featured_media":0,"parent":81,"menu_order":50,"comment_status":"closed","ping_status":"closed","template":"page-templates\/side-menu.php","meta":{"_bbp_topic_count":0,"_bbp_reply_count":0,"_bbp_total_topic_count":0,"_bbp_total_reply_count":0,"_bbp_voice_count":0,"_bbp_anonymous_reply_count":0,"_bbp_topic_count_hidden":0,"_bbp_reply_count_hidden":0,"_bbp_forum_subforum_count":0,"footnotes":""},"class_list":["post-1014","page","type-page","status-publish","hentry"],"post_mailing_queue_ids":[],"_links":{"self":[{"href":"https:\/\/agora.xtec.cat\/ins-sagulla\/wp-json\/wp\/v2\/pages\/1014","targetHints":{"allow":["GET"]}}],"collection":[{"href":"https:\/\/agora.xtec.cat\/ins-sagulla\/wp-json\/wp\/v2\/pages"}],"about":[{"href":"https:\/\/agora.xtec.cat\/ins-sagulla\/wp-json\/wp\/v2\/types\/page"}],"author":[{"embeddable":true,"href":"https:\/\/agora.xtec.cat\/ins-sagulla\/wp-json\/wp\/v2\/users\/1"}],"replies":[{"embeddable":true,"href":"https:\/\/agora.xtec.cat\/ins-sagulla\/wp-json\/wp\/v2\/comments?post=1014"}],"version-history":[{"count":6,"href":"https:\/\/agora.xtec.cat\/ins-sagulla\/wp-json\/wp\/v2\/pages\/1014\/revisions"}],"predecessor-version":[{"id":25642,"href":"https:\/\/agora.xtec.cat\/ins-sagulla\/wp-json\/wp\/v2\/pages\/1014\/revisions\/25642"}],"up":[{"embeddable":true,"href":"https:\/\/agora.xtec.cat\/ins-sagulla\/wp-json\/wp\/v2\/pages\/81"}],"wp:attachment":[{"href":"https:\/\/agora.xtec.cat\/ins-sagulla\/wp-json\/wp\/v2\/media?parent=1014"}],"curies":[{"name":"wp","href":"https:\/\/api.w.org\/{rel}","templated":true}]}}