{"id":986,"date":"2016-06-08T17:12:21","date_gmt":"2016-06-08T16:12:21","guid":{"rendered":"http:\/\/agora.xtec.cat\/ins-pere-ribot\/?page_id=986"},"modified":"2025-07-07T13:11:25","modified_gmt":"2025-07-07T11:11:25","slug":"documents-de-lampa-curs-2015-2016","status":"publish","type":"page","link":"https:\/\/agora.xtec.cat\/ins-pere-ribot\/ampa\/documents-de-lampa-curs-2015-2016\/","title":{"rendered":"Documents AFA"},"content":{"rendered":"<h5><strong>Projecte de socialitzaci\u00f3 de llibres de text.<\/strong><\/h5>\n<p>El projecte de socialitzaci\u00f3 de llibres s&#8217;externalitza a partir del curs 17-18, mitjan\u00e7ant la gesti\u00f3 de l&#8217;empresa Iddink. Podeu consultar tota la documentaci\u00f3 a l&#8217;apartat &#8220;<a href=\"https:\/\/agora.xtec.cat\/ins-pere-ribot\/ampa\/socialitzacio-llibres\/\">Socialitzaci\u00f3 llibres<\/a>&#8220;.<\/p>\n<h5><strong>Armariets<\/strong><\/h5>\n<ul style=\"list-style-type: square;\">\n<li><a href=\"https:\/\/drive.google.com\/file\/d\/1eDWSm1sSiy6GTH1Igc7uezmhDsWwydBy\/view?usp=sharing\" target=\"_blank\" rel=\"noopener noreferrer\">Devoluci\u00f3 claus armariets<\/a><\/li>\n<li><a href=\"https:\/\/drive.google.com\/file\/d\/1COBi30tY-7_0yK3rdgmWjU57y9D1ymvd\/view?usp=sharing\" target=\"_blank\" rel=\"noopener noreferrer\">Full de sol\u00b7licitud d&#8217;armariets<\/a><\/li>\n<\/ul>\n","protected":false},"excerpt":{"rendered":"<p>Projecte de socialitzaci\u00f3 de llibres de text.<br \/>\nEl projecte de socialitzaci\u00f3 de llibres s&#8217;externalitza a partir del curs 17-18, mitjan\u00e7ant la gesti\u00f3 de l&#8217;empresa Iddink. Podeu consultar tota la documentaci\u00f3 a l&#8217;apartat &#8220;<a href=\"https:\/\/agora.xtec.cat\/ins-pere-ribot\/ampa\/socialitzacio-llibres\/\">Socialitzaci\u00f3 llibres<\/a>&#8220;.<br \/>\nArmariets<\/p>\n<ul style=\"list-style-type: square;\">\n<li><a href=\"https:\/\/drive.google.com\/file\/d\/1eDWSm1sSiy6GTH1Igc7uezmhDsWwydBy\/view?usp=sharing\" target=\"_blank\" rel=\"noopener noreferrer\">Devoluci\u00f3 claus armariets<\/a><\/li>\n<li><a href=\"https:\/\/drive.google.com\/file\/d\/1COBi30tY-7_0yK3rdgmWjU57y9D1ymvd\/view?usp=sharing\" target=\"_blank\" rel=\"noopener&hellip;  <a href=\"https:\/\/agora.xtec.cat\/ins-pere-ribot\/ampa\/documents-de-lampa-curs-2015-2016\/\" title=\"Read Documents AFA\">Llegeix m\u00e9s\u00bb<\/a><br \/>\n","protected":false},"author":1,"featured_media":0,"parent":858,"menu_order":0,"comment_status":"closed","ping_status":"closed","template":"page-templates\/side-menu.php","meta":{"_bbp_topic_count":0,"_bbp_reply_count":0,"_bbp_total_topic_count":0,"_bbp_total_reply_count":0,"_bbp_voice_count":0,"_bbp_anonymous_reply_count":0,"_bbp_topic_count_hidden":0,"_bbp_reply_count_hidden":0,"_bbp_forum_subforum_count":0,"footnotes":""},"class_list":["post-986","page","type-page","status-publish","hentry"],"post_mailing_queue_ids":[],"_links":{"self":[{"href":"https:\/\/agora.xtec.cat\/ins-pere-ribot\/wp-json\/wp\/v2\/pages\/986","targetHints":{"allow":["GET"]}}],"collection":[{"href":"https:\/\/agora.xtec.cat\/ins-pere-ribot\/wp-json\/wp\/v2\/pages"}],"about":[{"href":"https:\/\/agora.xtec.cat\/ins-pere-ribot\/wp-json\/wp\/v2\/types\/page"}],"author":[{"embeddable":true,"href":"https:\/\/agora.xtec.cat\/ins-pere-ribot\/wp-json\/wp\/v2\/users\/1"}],"replies":[{"embeddable":true,"href":"https:\/\/agora.xtec.cat\/ins-pere-ribot\/wp-json\/wp\/v2\/comments?post=986"}],"version-history":[{"count":7,"href":"https:\/\/agora.xtec.cat\/ins-pere-ribot\/wp-json\/wp\/v2\/pages\/986\/revisions"}],"predecessor-version":[{"id":7193,"href":"https:\/\/agora.xtec.cat\/ins-pere-ribot\/wp-json\/wp\/v2\/pages\/986\/revisions\/7193"}],"up":[{"embeddable":true,"href":"https:\/\/agora.xtec.cat\/ins-pere-ribot\/wp-json\/wp\/v2\/pages\/858"}],"wp:attachment":[{"href":"https:\/\/agora.xtec.cat\/ins-pere-ribot\/wp-json\/wp\/v2\/media?parent=986"}],"curies":[{"name":"wp","href":"https:\/\/api.w.org\/{rel}","templated":true}]}}