{"id":7563,"date":"2026-05-06T11:23:13","date_gmt":"2026-05-06T09:23:13","guid":{"rendered":"https:\/\/agora.xtec.cat\/ins-pere-ribot\/?page_id=7563"},"modified":"2026-05-06T11:44:14","modified_gmt":"2026-05-06T09:44:14","slug":"titols","status":"publish","type":"page","link":"https:\/\/agora.xtec.cat\/ins-pere-ribot\/titols\/","title":{"rendered":"T\u00edtols"},"content":{"rendered":"<p>La gesti\u00f3 dels t\u00edtols acad\u00e8mics no universitaris ha canviat.<\/p>\n<p>&nbsp;<\/p>\n<p>Segons indicacions del Registre de T\u00edtols d&#8217;Educaci\u00f3, aquest enlla\u00e7 \u00e9s on l&#8217;alumnat pot accedir per saber l&#8217;estat dels seus t\u00edtols no universitaris. Us haureu d&#8217;identificar amb certificat digital (cl<span class=\"atwho-query\">@<\/span>ve, idcat, &#8230;) i podreu consultar l&#8217;estat dels t\u00edtols i on podreu imprimir-vos els resguards corresponents.<\/p>\n<p><a href=\"https:\/\/tramits.gencat.cat\/ca\/tramits\/tramits-temes\/titols-academics-no-universitaris?category=742b7874-a82c-11e3-a972-000c29052e2c\" data-saferedirecturl=\"https:\/\/www.google.com\/url?q=https:\/\/tramits.gencat.cat\/ca\/tramits\/tramits-temes\/titols-academics-no-universitaris?category%3D742b7874-a82c-11e3-a972-000c29052e2c&amp;source=gmail&amp;ust=1778068528707000&amp;usg=AOvVaw14O3V89Bmfge_HH3MxqHdD\">https:\/\/tramits.gencat.cat\/ca\/tramits\/tramits-temes\/titols-academics-no-universitaris?category=742b7874-a82c-11e3-a972-000c29052e2c<\/a><\/p>\n<p>Tamb\u00e9 hi ha l&#8217;enlla\u00e7 del Ministerio de Educaci\u00f3n, Formaci\u00f3n Profesional y Deportes que a trav\u00e9s de la Sede Electr\u00f2nica, amb un certificat digital o amb la identificaci\u00f3 Cl@ave, pots mirar d&#8217;obtenir o consultar els t\u00edtols no universitaris oficials espanyols expedits a partir de l&#8217;any 1991.<\/p>\n<p><a href=\"https:\/\/www.educacionfpydeportes.gob.es\/servicios-al-ciudadano\/catalogo\/gestion-titulos\/estudios-no-universitarios\/titulos-espanoles\/consulta-titulos-no-universitarios.html\" data-saferedirecturl=\"https:\/\/www.google.com\/url?q=https:\/\/www.educacionfpydeportes.gob.es\/servicios-al-ciudadano\/catalogo\/gestion-titulos\/estudios-no-universitarios\/titulos-espanoles\/consulta-titulos-no-universitarios.html&amp;source=gmail&amp;ust=1778068528707000&amp;usg=AOvVaw09l6nVUZjdYBc76K2HC0Yx\">https:\/\/www.educacionfpydeportes.gob.es\/servicios-al-ciudadano\/catalogo\/gestion-titulos\/estudios-no-universitarios\/titulos-espanoles\/consulta-titulos-no-universitarios.html<\/a><\/p>\n","protected":false},"excerpt":{"rendered":"<p>La gesti\u00f3 dels t\u00edtols acad\u00e8mics no universitaris ha canviat.<br \/>\n&nbsp;<br \/>\nSegons indicacions del Registre de T\u00edtols d&#8217;Educaci\u00f3, aquest enlla\u00e7 \u00e9s on l&#8217;alumnat pot accedir per saber l&#8217;estat dels seus t\u00edtols no universitaris. Us haureu d&#8217;identificar amb certificat digital (cl@ve, idcat, &#8230;) i podreu consultar l&#8217;estat dels t\u00edtols&hellip;  <a href=\"https:\/\/agora.xtec.cat\/ins-pere-ribot\/titols\/\" title=\"Read T\u00edtols\">Llegeix m\u00e9s\u00bb<\/a><\/p>\n","protected":false},"author":47,"featured_media":0,"parent":0,"menu_order":0,"comment_status":"closed","ping_status":"closed","template":"","meta":{"_bbp_topic_count":0,"_bbp_reply_count":0,"_bbp_total_topic_count":0,"_bbp_total_reply_count":0,"_bbp_voice_count":0,"_bbp_anonymous_reply_count":0,"_bbp_topic_count_hidden":0,"_bbp_reply_count_hidden":0,"_bbp_forum_subforum_count":0,"footnotes":""},"class_list":["post-7563","page","type-page","status-publish","hentry"],"post_mailing_queue_ids":[],"_links":{"self":[{"href":"https:\/\/agora.xtec.cat\/ins-pere-ribot\/wp-json\/wp\/v2\/pages\/7563","targetHints":{"allow":["GET"]}}],"collection":[{"href":"https:\/\/agora.xtec.cat\/ins-pere-ribot\/wp-json\/wp\/v2\/pages"}],"about":[{"href":"https:\/\/agora.xtec.cat\/ins-pere-ribot\/wp-json\/wp\/v2\/types\/page"}],"author":[{"embeddable":true,"href":"https:\/\/agora.xtec.cat\/ins-pere-ribot\/wp-json\/wp\/v2\/users\/47"}],"replies":[{"embeddable":true,"href":"https:\/\/agora.xtec.cat\/ins-pere-ribot\/wp-json\/wp\/v2\/comments?post=7563"}],"version-history":[{"count":4,"href":"https:\/\/agora.xtec.cat\/ins-pere-ribot\/wp-json\/wp\/v2\/pages\/7563\/revisions"}],"predecessor-version":[{"id":7570,"href":"https:\/\/agora.xtec.cat\/ins-pere-ribot\/wp-json\/wp\/v2\/pages\/7563\/revisions\/7570"}],"wp:attachment":[{"href":"https:\/\/agora.xtec.cat\/ins-pere-ribot\/wp-json\/wp\/v2\/media?parent=7563"}],"curies":[{"name":"wp","href":"https:\/\/api.w.org\/{rel}","templated":true}]}}