{"id":57,"date":"2014-09-17T17:01:07","date_gmt":"2014-09-17T17:01:07","guid":{"rendered":"http:\/\/agora.xtec.cat\/ins-pere-ribot\/?page_id=57"},"modified":"2020-03-15T19:36:12","modified_gmt":"2020-03-15T18:36:12","slug":"projecte-educatiu","status":"publish","type":"page","link":"https:\/\/agora.xtec.cat\/ins-pere-ribot\/normes-dorganitzacio-i-funcionament\/projecte-educatiu\/","title":{"rendered":"Projecte educatiu"},"content":{"rendered":"<div class=\"primer_bloc\">\n<p style=\"text-align: justify;\">Educar \u00e9s sin\u00f2nim de formar a les persones desenvolupant i dirigint les seves facultats f\u00edsiques, morals i intel\u00b7lectuals. \u00c9s per aix\u00f2 que en un centre educatiu hi ha d\u2019haver una estreta col\u00b7laboraci\u00f3 entre les fam\u00edlies i el centre (tutors, professors, equip directiu) per tal que l\u2019alumne\/a es formi com a persona adquirint uns \u00fanics valors (respecte, toler\u00e0ncia, confian\u00e7a) i desenvolupi les seves habilitats i aptituds. Aquesta col\u00b7laboraci\u00f3 i confian\u00e7a m\u00fatua (fam\u00edlia\/centre) facilita la tasca docent i refor\u00e7a l\u2019educaci\u00f3 en l\u2019entorn familiar. La finalitat d\u2019un centre educatiu \u00e9s que l\u2019alumnat adquireixi una autonomia pr\u00f2pia i suficient, amb capacitat de resoluci\u00f3 de conflictes i presa de decisions a fi d\u2019integrar-se en la societat.<\/p>\n<p style=\"text-align: justify;\">Quan es trenca aquest vincle de confian\u00e7a fam\u00edlia\/ centre se\u2019ns fa molt dif\u00edcil poder educar ja que l\u2019alumnat rep informacions contradict\u00f2ries i aix\u00f2 genera dispersi\u00f3 i malentesos. Per tant us demanem que per qualsevol consulta us dirigiu al tutor\/a com a responsable del grup\/classe.<\/p>\n<p style=\"text-align: justify;\"><b>La col\u00b7laboraci\u00f3 fam\u00edlia-centre \u00e9s fonamental per a la formaci\u00f3 dels vostres fills\/es.<\/b><\/p>\n<\/div>\n<p style=\"text-align: justify;\">D&#8217;acord amb la <a title=\"Article 91 LEC\" href=\"http:\/\/www20.gencat.cat\/portal\/site\/portaljuridic\/menuitem.d15a4e5dfb99396dc366ec10b0c0e1a0\/?vgnextoid=b85297b5a87d6210VgnVCM1000000b0c1e0aRCRD&amp;vgnextchannel=b85297b5a87d6210VgnVCM1000000b0c1e0aRCRD&amp;vgnextfmt=default&amp;action=fitxa&amp;portalId=1&amp;documentId=480169&amp;newLang=ca_ES#fragment-1182442\" target=\"_blank\" rel=\"noopener noreferrer\">Llei d&#8217;Educaci\u00f3 de Catalunya<\/a>,\u00a0 cada centre ha de tenir el seu projecte educatiu. En el cas de l&#8217;Institut Pere Ribot el projecte educatiu \u00e9s el que trobeu en aquest link.<\/p>\n<p style=\"text-align: justify;\"><span style=\"font-size: 14pt; font-family: verdana,geneva;\"><a href=\"https:\/\/drive.google.com\/open?id=1tSLxf9Omu3Z8veVncwTBvZ76XeHnuiO1\" target=\"blank\" rel=\"noopener noreferrer\">Projecte educatiu de l&#8217;Institut Pere Ribot <\/a><\/span><\/p>\n<p style=\"text-align: justify;\">Aqu\u00ed podreu veure quin s\u00f3n els nostres principis pedag\u00f2gics, la nostra identitat i la definici\u00f3 del centre, aix\u00ed con els objectius del projecte educatiu, de l&#8217;avaluaci\u00f3 del centre, de l&#8217;\u00e0mbit organitzatiu, del curr\u00edculum, de l&#8217;atenci\u00f3 a la diversitat, de l&#8217;\u00e0mbit de la conviv\u00e8ncia i de la coeducaci\u00f3, de la participaci\u00f3 de la comunitat educativa i del projecte ling\u00fc\u00edstic del centre, entre d&#8217;altres informacions.<\/p>\n<p>&nbsp;<\/p>\n","protected":false},"excerpt":{"rendered":"<p>Educar \u00e9s sin\u00f2nim de formar a les persones desenvolupant i dirigint les seves facultats f\u00edsiques, morals i intel\u00b7lectuals. \u00c9s per aix\u00f2 que en un centre educatiu hi ha d\u2019haver una estreta col\u00b7laboraci\u00f3 entre les fam\u00edlies i el centre (tutors, professors, equip directiu) per tal que&hellip;  <a href=\"https:\/\/agora.xtec.cat\/ins-pere-ribot\/normes-dorganitzacio-i-funcionament\/projecte-educatiu\/\" title=\"Read Projecte educatiu\">Llegeix m\u00e9s\u00bb<\/a><\/p>\n","protected":false},"author":1,"featured_media":0,"parent":49,"menu_order":20,"comment_status":"closed","ping_status":"closed","template":"page-templates\/side-menu.php","meta":{"_bbp_topic_count":0,"_bbp_reply_count":0,"_bbp_total_topic_count":0,"_bbp_total_reply_count":0,"_bbp_voice_count":0,"_bbp_anonymous_reply_count":0,"_bbp_topic_count_hidden":0,"_bbp_reply_count_hidden":0,"_bbp_forum_subforum_count":0,"footnotes":""},"class_list":["post-57","page","type-page","status-publish","hentry"],"post_mailing_queue_ids":[],"_links":{"self":[{"href":"https:\/\/agora.xtec.cat\/ins-pere-ribot\/wp-json\/wp\/v2\/pages\/57","targetHints":{"allow":["GET"]}}],"collection":[{"href":"https:\/\/agora.xtec.cat\/ins-pere-ribot\/wp-json\/wp\/v2\/pages"}],"about":[{"href":"https:\/\/agora.xtec.cat\/ins-pere-ribot\/wp-json\/wp\/v2\/types\/page"}],"author":[{"embeddable":true,"href":"https:\/\/agora.xtec.cat\/ins-pere-ribot\/wp-json\/wp\/v2\/users\/1"}],"replies":[{"embeddable":true,"href":"https:\/\/agora.xtec.cat\/ins-pere-ribot\/wp-json\/wp\/v2\/comments?post=57"}],"version-history":[{"count":4,"href":"https:\/\/agora.xtec.cat\/ins-pere-ribot\/wp-json\/wp\/v2\/pages\/57\/revisions"}],"predecessor-version":[{"id":3092,"href":"https:\/\/agora.xtec.cat\/ins-pere-ribot\/wp-json\/wp\/v2\/pages\/57\/revisions\/3092"}],"up":[{"embeddable":true,"href":"https:\/\/agora.xtec.cat\/ins-pere-ribot\/wp-json\/wp\/v2\/pages\/49"}],"wp:attachment":[{"href":"https:\/\/agora.xtec.cat\/ins-pere-ribot\/wp-json\/wp\/v2\/media?parent=57"}],"curies":[{"name":"wp","href":"https:\/\/api.w.org\/{rel}","templated":true}]}}