{"id":5475,"date":"2022-06-17T12:37:20","date_gmt":"2022-06-17T10:37:20","guid":{"rendered":"https:\/\/agora.xtec.cat\/ins-pere-ribot\/?page_id=5475"},"modified":"2023-02-03T12:59:28","modified_gmt":"2023-02-03T11:59:28","slug":"altres","status":"publish","type":"page","link":"https:\/\/agora.xtec.cat\/ins-pere-ribot\/documents1\/altres\/","title":{"rendered":"Altres"},"content":{"rendered":"<p style=\"text-align: justify;\"><a href=\"https:\/\/drive.google.com\/file\/d\/1u7yhFLWin3Yz-nxGSMDo3lf40UdkDI1j\/view?usp=sharing\">Tecnologies digitals a la inf\u00e0ncia, l&#8217;adolesc\u00e8ncia i la joventut<\/a>. Aquest \u00e9s un extens document del <em>Pla integral d&#8217;atenci\u00f3 a les persones amb trastorn mental i addiccions,<\/em> de la Generalitat de Catalunya. En aquest document podeu trobar informaci\u00f3 sobre la inf\u00e0ncia i l&#8217;adolesc\u00e8ncia a les xarxes, acompanyament digital, riscos vinculats a l&#8217;\u00fas de les tecnologies digitals, privacitat, seguretat i drets, i recomanacions.<\/p>\n","protected":false},"excerpt":{"rendered":"<p><a href=\"https:\/\/drive.google.com\/file\/d\/1u7yhFLWin3Yz-nxGSMDo3lf40UdkDI1j\/view?usp=sharing\">Tecnologies digitals a la inf\u00e0ncia, l&#8217;adolesc\u00e8ncia i la joventut<\/a>. Aquest \u00e9s un extens document del Pla integral d&#8217;atenci\u00f3 a les persones amb trastorn mental i addiccions, de la Generalitat de Catalunya. En aquest document podeu trobar informaci\u00f3 sobre la inf\u00e0ncia i l&#8217;adolesc\u00e8ncia a les&hellip;  <a href=\"https:\/\/agora.xtec.cat\/ins-pere-ribot\/documents1\/altres\/\" title=\"Read Altres\">Llegeix m\u00e9s\u00bb<\/a><\/p>\n","protected":false},"author":49,"featured_media":0,"parent":1035,"menu_order":50,"comment_status":"closed","ping_status":"closed","template":"page-templates\/side-menu.php","meta":{"_bbp_topic_count":0,"_bbp_reply_count":0,"_bbp_total_topic_count":0,"_bbp_total_reply_count":0,"_bbp_voice_count":0,"_bbp_anonymous_reply_count":0,"_bbp_topic_count_hidden":0,"_bbp_reply_count_hidden":0,"_bbp_forum_subforum_count":0,"footnotes":""},"class_list":["post-5475","page","type-page","status-publish","hentry"],"post_mailing_queue_ids":[],"_links":{"self":[{"href":"https:\/\/agora.xtec.cat\/ins-pere-ribot\/wp-json\/wp\/v2\/pages\/5475","targetHints":{"allow":["GET"]}}],"collection":[{"href":"https:\/\/agora.xtec.cat\/ins-pere-ribot\/wp-json\/wp\/v2\/pages"}],"about":[{"href":"https:\/\/agora.xtec.cat\/ins-pere-ribot\/wp-json\/wp\/v2\/types\/page"}],"author":[{"embeddable":true,"href":"https:\/\/agora.xtec.cat\/ins-pere-ribot\/wp-json\/wp\/v2\/users\/49"}],"replies":[{"embeddable":true,"href":"https:\/\/agora.xtec.cat\/ins-pere-ribot\/wp-json\/wp\/v2\/comments?post=5475"}],"version-history":[{"count":3,"href":"https:\/\/agora.xtec.cat\/ins-pere-ribot\/wp-json\/wp\/v2\/pages\/5475\/revisions"}],"predecessor-version":[{"id":5906,"href":"https:\/\/agora.xtec.cat\/ins-pere-ribot\/wp-json\/wp\/v2\/pages\/5475\/revisions\/5906"}],"up":[{"embeddable":true,"href":"https:\/\/agora.xtec.cat\/ins-pere-ribot\/wp-json\/wp\/v2\/pages\/1035"}],"wp:attachment":[{"href":"https:\/\/agora.xtec.cat\/ins-pere-ribot\/wp-json\/wp\/v2\/media?parent=5475"}],"curies":[{"name":"wp","href":"https:\/\/api.w.org\/{rel}","templated":true}]}}