{"id":49,"date":"2014-09-17T16:55:55","date_gmt":"2014-09-17T16:55:55","guid":{"rendered":"http:\/\/agora.xtec.cat\/ins-pere-ribot\/?page_id=49"},"modified":"2019-09-23T14:10:12","modified_gmt":"2019-09-23T12:10:12","slug":"normes-dorganitzacio-i-funcionament","status":"publish","type":"page","link":"https:\/\/agora.xtec.cat\/ins-pere-ribot\/normes-dorganitzacio-i-funcionament\/","title":{"rendered":"Normes i funcionament"},"content":{"rendered":"<p style=\"text-align: justify;\">L&#8217;Institut Pere Ribot de Vilassar de Mar, \u00e9s un institut p\u00fablic amb 3 l\u00ednies de l&#8217;ESO i 2 l\u00ednies de batxillerat. Aix\u00f2 es concreta en:<\/p>\n<ul style=\"list-style-type: disc;\">\n<li>1r d&#8217;ESO: grups A, B i C<\/li>\n<li>2n d&#8217;ESO: grups A, B i C<\/li>\n<li>3r d&#8217;ESO: grups A, B i C<\/li>\n<li>4t d&#8217;ESO: grups A, B i C<\/li>\n<li>1r de batxillerat: grups A, B i C<\/li>\n<li>2n de batxillerat: grups A i B<\/li>\n<\/ul>\n<p style=\"text-align: justify;\">Cada grup t\u00e9 la r\u00e0tio marcada pel Departament d&#8217;Ensenyament de 30 alumnes per aula a l&#8217;ESO i a 35 alumnes per aula al batxillerat. Amb tot, a l&#8217;Institut Pere Ribot organitzem el dia al dia del centre per tal d&#8217;intentar oferir una millor atenci\u00f3 a l&#8217;alumnat, que es concreten en la disminuci\u00f3 de la r\u00e0tio a l&#8217;aula segons les din\u00e0miques seg\u00fcents:<\/p>\n<ul style=\"text-align: justify;\">\n<li>De 1r a 3r d&#8217;ESO organitzem el grup flexible, de les \u00e0rees instrumentals (catal\u00e0, castell\u00e0 i matem\u00e0tiques), on una part de l&#8217;alumnat surt de l&#8217;aula per incorporar-se a un grup m\u00e9s redu\u00eft d&#8217;alumnes amb una atenci\u00f3 m\u00e9s personalitzada. D&#8217;aquesta manera obtenim un grup de 10-15 alumnes aproximadament i tres grups d&#8217;uns 25 alumnes.<\/li>\n<li>Desdoblaments dels grups classe a la meitat (aproximadament a 15 alumnes) en assignatures com angl\u00e8s (desdoblament de &#8220;listening and speaking&#8221; a l&#8217;aula pr\u00f2pia i a l&#8217;aula d&#8217;idiomes), ci\u00e8ncies naturals (laboratori de biologia i geologia), ci\u00e8ncies experimentals (laboratoris de f\u00edsica i qu\u00edmica), tecnologia (taller de tecnologia i aules d&#8217;inform\u00e0tica) i religi\u00f3 i cultura i valors \u00e8tics.<\/li>\n<li>Oferta de mat\u00e8ries optatives a 3r d&#8217;ESO amb prou varietat com per poder organitzar aules amb un m\u00e0xim de 20 alumnes.<\/li>\n<li>A 4t d&#8217;ESO i a batxillerat l&#8217;obligatorietat d&#8217;escollir itineraris i mat\u00e8ries optatives fa que en aquestes mat\u00e8ries les r\u00e0tios siguin menors a les oficials.<\/li>\n<li>Des de fa 5 anys tamb\u00e9 tenim assignada pel Departament d&#8217;Ensenyament una SIEI, amb dotaci\u00f3 de personal i que es concreta en la creaci\u00f3 de l&#8217;Aula d&#8217;Impuls amb unes r\u00e0tios molt favorables.<\/li>\n<\/ul>\n<p style=\"text-align: justify;\">En d&#8217;altres apartats d&#8217;aquest web ja hem explicat l&#8217;esperit de l&#8217;Institut Pere Ribot, aix\u00ed com la nostra situaci\u00f3, hist\u00f2ria i organitzaci\u00f3.<\/p>\n<p style=\"text-align: justify;\">Aqu\u00ed us podeu descarregar el document amb les NOFC (Normes d&#8217;organitzaci\u00f3 i funcionament del centre) en el link de la l\u00ednia seg\u00fcent:<\/p>\n<p style=\"text-align: justify;\"><span style=\"font-size: 14pt; font-family: verdana,geneva;\"><a href=\"https:\/\/drive.google.com\/a\/xtec.cat\/file\/d\/0B9Xl2KHJNuLKaHJBaXpzbUpHQWs\/view\" target=\"blank\" rel=\"noopener noreferrer\">Document amb les NOFC <\/a> <\/span><\/p>\n<p style=\"text-align: justify;\">En aquest document podreu trobar informaci\u00f3 de l&#8217;estructura organitzativa, d&#8217;aspectes acad\u00e8mics i administratius, de l&#8217;avaluaci\u00f3 i recuperaci\u00f3, dels deures d&#8217;estiu, de les activitats de fora del centre, de les festes tradicionals, de les col\u00b7laboracions amb l&#8217;entorn, dels \u00f2rgans de govern, de la gesti\u00f3 del personal, dels criteris i mecanismes pedag\u00f2gics, del procediment de revisi\u00f3 de projectes i acords, de la participaci\u00f3 de la comunitat escolar i de les normes de conviv\u00e8ncia, entre d&#8217;altres.<\/p>\n<p>&nbsp;<\/p>\n","protected":false},"excerpt":{"rendered":"<p>L&#8217;Institut Pere Ribot de Vilassar de Mar, \u00e9s un institut p\u00fablic amb 3 l\u00ednies de l&#8217;ESO i 2 l\u00ednies de batxillerat. Aix\u00f2 es concreta en:<\/p>\n<ul style=\"list-style-type: disc;\">\n<li>1r d&#8217;ESO: grups A, B i C<\/li>\n<li>2n d&#8217;ESO: grups A, B i C<\/li>\n<li>3r d&#8217;ESO: grups A, B i C<\/li>\n<li>4t&hellip;  <a href=\"https:\/\/agora.xtec.cat\/ins-pere-ribot\/normes-dorganitzacio-i-funcionament\/\" title=\"Read Normes i funcionament\">Llegeix m\u00e9s\u00bb<\/a><br \/>\n","protected":false},"author":1,"featured_media":0,"parent":0,"menu_order":60,"comment_status":"closed","ping_status":"closed","template":"page-templates\/side-menu.php","meta":{"_bbp_topic_count":0,"_bbp_reply_count":0,"_bbp_total_topic_count":0,"_bbp_total_reply_count":0,"_bbp_voice_count":0,"_bbp_anonymous_reply_count":0,"_bbp_topic_count_hidden":0,"_bbp_reply_count_hidden":0,"_bbp_forum_subforum_count":0,"footnotes":""},"class_list":["post-49","page","type-page","status-publish","hentry"],"post_mailing_queue_ids":[],"_links":{"self":[{"href":"https:\/\/agora.xtec.cat\/ins-pere-ribot\/wp-json\/wp\/v2\/pages\/49","targetHints":{"allow":["GET"]}}],"collection":[{"href":"https:\/\/agora.xtec.cat\/ins-pere-ribot\/wp-json\/wp\/v2\/pages"}],"about":[{"href":"https:\/\/agora.xtec.cat\/ins-pere-ribot\/wp-json\/wp\/v2\/types\/page"}],"author":[{"embeddable":true,"href":"https:\/\/agora.xtec.cat\/ins-pere-ribot\/wp-json\/wp\/v2\/users\/1"}],"replies":[{"embeddable":true,"href":"https:\/\/agora.xtec.cat\/ins-pere-ribot\/wp-json\/wp\/v2\/comments?post=49"}],"version-history":[{"count":5,"href":"https:\/\/agora.xtec.cat\/ins-pere-ribot\/wp-json\/wp\/v2\/pages\/49\/revisions"}],"predecessor-version":[{"id":3143,"href":"https:\/\/agora.xtec.cat\/ins-pere-ribot\/wp-json\/wp\/v2\/pages\/49\/revisions\/3143"}],"wp:attachment":[{"href":"https:\/\/agora.xtec.cat\/ins-pere-ribot\/wp-json\/wp\/v2\/media?parent=49"}],"curies":[{"name":"wp","href":"https:\/\/api.w.org\/{rel}","templated":true}]}}