{"id":43,"date":"2014-09-17T16:45:07","date_gmt":"2014-09-17T16:45:07","guid":{"rendered":"http:\/\/agora.xtec.cat\/ins-pere-ribot\/?page_id=43"},"modified":"2023-10-31T11:48:49","modified_gmt":"2023-10-31T10:48:49","slug":"consell-escolar","status":"publish","type":"page","link":"https:\/\/agora.xtec.cat\/ins-pere-ribot\/linstitut\/consell-escolar\/","title":{"rendered":"Consell escolar"},"content":{"rendered":"<p style=\"text-align: justify;\">El Consell Escolar \u00e9s un \u00f2rgan col\u00b7legiat on estan representats tots els sectors de la comunitat educativa (professors, pares, alumnes, AMPA, Ajuntament, equip directiu i PAS). \u00c9s un espai de reflexi\u00f3, di\u00e0leg i debat d&#8217;afers relatius a la comunitat educativa. \u00c9s per aix\u00f2 que qualsevol reflexi\u00f3 o aportaci\u00f3 que vulgueu fer, us heu de dirigir al representant del vostre sector per tal que ho exposi en les reunions de Consell Escolar tal i com ho estableix les NOFC (Normes d&#8217;Organitzaci\u00f3 i Funcionament del Centre).<\/p>\n<p>Actualment, composen el Consell Escolar les persones seg\u00fcents:<\/p>\n<ul style=\"list-style-type: disc;\">\n<li>Direcci\u00f3: Marta Pons, Clara Ramos, Enric Mambrilla<\/li>\n<li>Professorat: Francesc Nieto, Eug\u00e8nia Nicol\u00e0s, S\u00edlvia D\u00edaz, Maria Su\u00e0rez, Jordi Adsuar i Mireia Ledesma<\/li>\n<li>Alumnat: Nil Vi\u00f1as, Mireia Mena, Paula Capilla<\/li>\n<li>Fam\u00edlies: Anna Banet, Eug\u00e8nia Ganuza i Virg\u00ednia Quesada<\/li>\n<li>Representant de l&#8217;AFA: Anna Momblant<\/li>\n<li>PAS (Personal d&#8217;Administraci\u00f3 i Serveis): Marc Mart\u00ed.<\/li>\n<li>Ajuntament: Gemma Manchado<\/li>\n<\/ul>\n<p>En aquest enlla\u00e7 podeu trobar tota la informaci\u00f3 del Departament d&#8217;Educaci\u00f3 referida als consells escolars de centre. <a href=\"https:\/\/educacio.gencat.cat\/ca\/arees-actuacio\/centres-serveis-educatius\/centres\/consells-escolars-centres\/\">CONSELLS ESCOLARS<\/a><\/p>\n","protected":false},"excerpt":{"rendered":"<p>El Consell Escolar \u00e9s un \u00f2rgan col\u00b7legiat on estan representats tots els sectors de la comunitat educativa (professors, pares, alumnes, AMPA, Ajuntament, equip directiu i PAS). \u00c9s un espai de reflexi\u00f3, di\u00e0leg i debat d&#8217;afers relatius a la comunitat educativa. \u00c9s per aix\u00f2 que qualsevol&hellip;  <a href=\"https:\/\/agora.xtec.cat\/ins-pere-ribot\/linstitut\/consell-escolar\/\" title=\"Read Consell escolar\">Llegeix m\u00e9s\u00bb<\/a><\/p>\n","protected":false},"author":1,"featured_media":0,"parent":19,"menu_order":40,"comment_status":"closed","ping_status":"closed","template":"page-templates\/side-menu.php","meta":{"_bbp_topic_count":0,"_bbp_reply_count":0,"_bbp_total_topic_count":0,"_bbp_total_reply_count":0,"_bbp_voice_count":0,"_bbp_anonymous_reply_count":0,"_bbp_topic_count_hidden":0,"_bbp_reply_count_hidden":0,"_bbp_forum_subforum_count":0,"footnotes":""},"class_list":["post-43","page","type-page","status-publish","hentry"],"post_mailing_queue_ids":[],"_links":{"self":[{"href":"https:\/\/agora.xtec.cat\/ins-pere-ribot\/wp-json\/wp\/v2\/pages\/43","targetHints":{"allow":["GET"]}}],"collection":[{"href":"https:\/\/agora.xtec.cat\/ins-pere-ribot\/wp-json\/wp\/v2\/pages"}],"about":[{"href":"https:\/\/agora.xtec.cat\/ins-pere-ribot\/wp-json\/wp\/v2\/types\/page"}],"author":[{"embeddable":true,"href":"https:\/\/agora.xtec.cat\/ins-pere-ribot\/wp-json\/wp\/v2\/users\/1"}],"replies":[{"embeddable":true,"href":"https:\/\/agora.xtec.cat\/ins-pere-ribot\/wp-json\/wp\/v2\/comments?post=43"}],"version-history":[{"count":5,"href":"https:\/\/agora.xtec.cat\/ins-pere-ribot\/wp-json\/wp\/v2\/pages\/43\/revisions"}],"predecessor-version":[{"id":6425,"href":"https:\/\/agora.xtec.cat\/ins-pere-ribot\/wp-json\/wp\/v2\/pages\/43\/revisions\/6425"}],"up":[{"embeddable":true,"href":"https:\/\/agora.xtec.cat\/ins-pere-ribot\/wp-json\/wp\/v2\/pages\/19"}],"wp:attachment":[{"href":"https:\/\/agora.xtec.cat\/ins-pere-ribot\/wp-json\/wp\/v2\/media?parent=43"}],"curies":[{"name":"wp","href":"https:\/\/api.w.org\/{rel}","templated":true}]}}