{"id":3292,"date":"2019-12-11T20:37:57","date_gmt":"2019-12-11T19:37:57","guid":{"rendered":"http:\/\/agora.xtec.cat\/ins-pere-ribot\/?page_id=3292"},"modified":"2025-11-18T11:37:16","modified_gmt":"2025-11-18T10:37:16","slug":"servei-comunitari","status":"publish","type":"page","link":"https:\/\/agora.xtec.cat\/ins-pere-ribot\/estudis\/4t-eso\/servei-comunitari\/","title":{"rendered":"Servei Comunitari"},"content":{"rendered":"<p style=\"text-align: justify;\"><span style=\"font-weight: 400;\">El Servei Comunitari \u00e9s una acci\u00f3 que vol promoure que els alumnes experimentin i protagonitzin actes de comprom\u00eds c\u00edvic.\u00a0<\/span><\/p>\n<p style=\"text-align: justify;\"><span style=\"font-weight: 400;\">Consisteix en 20 hores de dedicaci\u00f3 amb l\u2019objectiu que els alumnes participin en algunes entitats del poble i que aquest comprom\u00eds sigui per a ells una experi\u00e8ncia enriquidora per\u00f2 tamb\u00e9 que la seva acci\u00f3 incideixi positivament en el seu entorn.\u00a0<\/span><\/p>\n<p style=\"text-align: justify;\"><span style=\"font-weight: 400;\">Aquestes 20 hores es distribueixen en 10 de lectives i 10 de servei fora del centre i majorit\u00e0riament fora d\u2019horari escolar. Cada servei fa una proposta de col\u00b7laboraci\u00f3, estableix el nombre d\u2019alumnes i l\u2019horari que es far\u00e0.<\/span><\/p>\n<p style=\"text-align: justify;\"><span style=\"font-weight: 400;\">A partir de la informaci\u00f3 sobre els diferents serveis i l\u2019horari que es proposa, els alumnes faran la seva tria, que es respectar\u00e0 en la mesura que sigui possible. L\u2019alumne haur\u00e0 de tenir en compte l\u2019horari, hi ha serveis que es fan a les tardes despr\u00e9s de les classes, d\u2019altres els matins de dissabte o diumenge, dependr\u00e0 de les activitats que s\u2019hi desenvolupen.\u00a0<\/span><\/p>\n<p><b>En quins serveis podr\u00e0 participar l\u2019alumne?<\/b><\/p>\n<ul>\n<li style=\"font-weight: 400;\" aria-level=\"1\"><span style=\"font-weight: 400;\">Joventut de l\u2019AjVdM: pintura mural, murals en espais del municipi<\/span><\/li>\n<li style=\"font-weight: 400;\" aria-level=\"1\"><span style=\"font-weight: 400;\">Suport escolar a l\u2019Escola P\u00e9rez Sala\u00a0<\/span><\/li>\n<li style=\"font-weight: 400;\" aria-level=\"1\"><span style=\"font-weight: 400;\">Suport escolar a l\u2019Escola els Alocs<\/span><\/li>\n<li aria-level=\"1\">Suport al Centre de Formaci\u00f3 d&#8217;Adults Els Ametllers<\/li>\n<li aria-level=\"1\">Col\u00b7laboraci\u00f3 amb el Centre C\u00edvic El Passeig<\/li>\n<li aria-level=\"1\">Col\u00b7laboraci\u00f3 amb el Centre de Dia del Casal de Curaci\u00f3<\/li>\n<li aria-level=\"1\">Col\u00b7laboraci\u00f3 amb la Biblioteca Municipal Ernest Lluch<\/li>\n<li style=\"font-weight: 400;\" aria-level=\"1\"><span style=\"font-weight: 400;\">Campanya de donaci\u00f3 de sang<\/span><\/li>\n<li style=\"font-weight: 400;\" aria-level=\"1\"><span style=\"font-weight: 400;\">Col\u00b7laboraci\u00f3 en les festes populars de l&#8217;institut i de l&#8217;Escola Els Alocs<\/span><\/li>\n<\/ul>\n<p><b>Qu\u00e8 haur\u00e0 de fer l\u2019alumne?<\/b><\/p>\n<p style=\"text-align: justify;\"><span style=\"font-weight: 400;\">Les 10 hores lectives del servei es desenvoluparan en diverses mat\u00e8ries (biologia, religi\u00f3, catal\u00e0, tutoria, &#8230;)<\/span><\/p>\n<p style=\"text-align: justify;\"><span style=\"font-weight: 400;\">Mentre estigui fent el servei l\u2019alumne haur\u00e0 de fer fotografies i gravar alguns dels moments m\u00e9s significatius dels serveis en qu\u00e8 col\u00b7laborar\u00e0. Amb aquest recull d\u2019imatges l\u2019alumne\/a:<\/span><\/p>\n<ul>\n<li style=\"font-weight: 400; text-align: justify;\" aria-level=\"1\"><span style=\"font-weight: 400;\">Haur\u00e0 de fer un petit v\u00eddeo per explicar el seu servei i l&#8217;experi\u00e8ncia que ha tingut, amb el qual tamb\u00e9 es valorar\u00e0 la compet\u00e8ncia oral en llengua catalana.<\/span><\/li>\n<li style=\"font-weight: 400; text-align: justify;\" aria-level=\"1\"><span style=\"font-weight: 400;\">Presentar\u00e0 el v\u00eddeo <\/span><span style=\"font-weight: 400;\">en el moment que es presenti el servei Comunitari a l&#8217;alumnat de 3r d&#8217;ESO.<\/span><\/li>\n<\/ul>\n<p>El <span style=\"font-family: inherit; font-size: 1em;\">Servei Comunitari es tindr\u00e0 en compte tamb\u00e9 per avaluar les compet\u00e8ncies transversals.<\/span><\/p>\n<ul>\n<li><a href=\"https:\/\/drive.google.com\/file\/d\/1wGr6f6N7m_aVcX3aQHtZWejRRHqD3v21\/view?usp=sharing\">Full de tria Servei Comunitari 4t d&#8217;ESO 25-26<\/a><\/li>\n<li><a href=\"https:\/\/drive.google.com\/file\/d\/1elYtVxllvNJql3t5PIn56TH30ge2Z55U\/view?usp=sharing\">Descripci\u00f3 de les ofertes de Servei Comunitari 4t d&#8217;ESO 25-26<\/a><\/li>\n<\/ul>\n<p>A continuaci\u00f3 teniu una presentaci\u00f3 del servei comunitari del nostre institut:<\/p>\n<p><iframe loading=\"lazy\" src=\"https:\/\/docs.google.com\/presentation\/d\/e\/2PACX-1vT08190TbI-Vs1lz30ihhU-FIPadq0Dxq_JNmbNdwIHYZiRhSyV6a1MfoIpkSG4RNt9dZg3t_i_E6RH\/embed?start=false&amp;loop=false&amp;delayms=3000\" width=\"960\" height=\"569\" frameborder=\"0\" allowfullscreen=\"allowfullscreen\"><\/iframe><\/p>\n<p>&nbsp;<\/p>\n","protected":false},"excerpt":{"rendered":"<p>El Servei Comunitari \u00e9s una acci\u00f3 que vol promoure que els alumnes experimentin i protagonitzin actes de comprom\u00eds c\u00edvic.\u00a0<br \/>\nConsisteix en 20 hores de dedicaci\u00f3 amb l\u2019objectiu que els alumnes participin en algunes entitats del poble i que aquest comprom\u00eds sigui per a ells una experi\u00e8ncia&hellip;  <a href=\"https:\/\/agora.xtec.cat\/ins-pere-ribot\/estudis\/4t-eso\/servei-comunitari\/\" title=\"Read Servei Comunitari\">Llegeix m\u00e9s\u00bb<\/a><\/p>\n","protected":false},"author":49,"featured_media":0,"parent":568,"menu_order":0,"comment_status":"closed","ping_status":"closed","template":"page-templates\/side-menu.php","meta":{"_bbp_topic_count":0,"_bbp_reply_count":0,"_bbp_total_topic_count":0,"_bbp_total_reply_count":0,"_bbp_voice_count":0,"_bbp_anonymous_reply_count":0,"_bbp_topic_count_hidden":0,"_bbp_reply_count_hidden":0,"_bbp_forum_subforum_count":0,"footnotes":""},"class_list":["post-3292","page","type-page","status-publish","hentry"],"post_mailing_queue_ids":[],"_links":{"self":[{"href":"https:\/\/agora.xtec.cat\/ins-pere-ribot\/wp-json\/wp\/v2\/pages\/3292","targetHints":{"allow":["GET"]}}],"collection":[{"href":"https:\/\/agora.xtec.cat\/ins-pere-ribot\/wp-json\/wp\/v2\/pages"}],"about":[{"href":"https:\/\/agora.xtec.cat\/ins-pere-ribot\/wp-json\/wp\/v2\/types\/page"}],"author":[{"embeddable":true,"href":"https:\/\/agora.xtec.cat\/ins-pere-ribot\/wp-json\/wp\/v2\/users\/49"}],"replies":[{"embeddable":true,"href":"https:\/\/agora.xtec.cat\/ins-pere-ribot\/wp-json\/wp\/v2\/comments?post=3292"}],"version-history":[{"count":7,"href":"https:\/\/agora.xtec.cat\/ins-pere-ribot\/wp-json\/wp\/v2\/pages\/3292\/revisions"}],"predecessor-version":[{"id":7253,"href":"https:\/\/agora.xtec.cat\/ins-pere-ribot\/wp-json\/wp\/v2\/pages\/3292\/revisions\/7253"}],"up":[{"embeddable":true,"href":"https:\/\/agora.xtec.cat\/ins-pere-ribot\/wp-json\/wp\/v2\/pages\/568"}],"wp:attachment":[{"href":"https:\/\/agora.xtec.cat\/ins-pere-ribot\/wp-json\/wp\/v2\/media?parent=3292"}],"curies":[{"name":"wp","href":"https:\/\/api.w.org\/{rel}","templated":true}]}}