{"id":3220,"date":"2019-10-08T10:38:05","date_gmt":"2019-10-08T08:38:05","guid":{"rendered":"http:\/\/agora.xtec.cat\/ins-pere-ribot\/?page_id=3220"},"modified":"2026-02-09T12:58:45","modified_gmt":"2026-02-09T11:58:45","slug":"socialitzacio-de-llibres","status":"publish","type":"page","link":"https:\/\/agora.xtec.cat\/ins-pere-ribot\/projectes\/socialitzacio-de-llibres\/","title":{"rendered":"Socialitzaci\u00f3 de llibres"},"content":{"rendered":"<p style=\"text-align: justify;\">Una caracter\u00edstica de l&#8217;Institut Pere Ribot \u00e9s el projecte de socialitzaci\u00f3 de llibres, que est\u00e0 aprovat i assumit per tota la comunitat educativa.<\/p>\n<p style=\"text-align: justify;\">Aquest projecte incorpora valors educatius de reutilitzaci\u00f3, de consum responsable, corresponsabilitat, autonomia i solidaritat. A m\u00e9s a m\u00e9s, comporta\u00a0un important estalvi econ\u00f2mic per a les fam\u00edlies del centre.<\/p>\n<p style=\"text-align: justify;\">El projecte el lidera i el coordina l&#8217;AFA, que externalitza la seva gesti\u00f3 a Iddink.<\/p>\n<p style=\"text-align: justify;\">Per tal de con\u00e8ixer els llibres que l&#8217;alumnat utilitza a cada curs podeu anar a l&#8217;apartat &#8220;Men\u00fa&#8221; &#8220;Estudis&#8221;, on curs a curs podeu consultar en format pdf la llista de llibres de text i de lectura i quins d&#8217;ells estan dins del projecte de socialitzaci\u00f3.<\/p>\n<p style=\"text-align: justify;\">Aqu\u00ed podeu trobar el resum del projecte per al curs actual i informaci\u00f3 de l&#8217;estalvi econ\u00f2mic que suposa, i com fer els processos de comanda i devoluci\u00f3 dels llibres<strong>. <\/strong>Tamb\u00e9 trobareu v\u00eddeos de presentaci\u00f3 d&#8217;Iddink, de com fer les devolucions, de com tractar els ecoBooks, de com fer les comandes, &#8230;<\/p>\n<p>&nbsp;<\/p>\n<h1 style=\"text-align: center;\"><em><span style=\"text-decoration: underline;\"><span style=\"color: #ff0000;\"><strong><a style=\"color: #ff0000; text-decoration: underline;\" href=\"https:\/\/agora.xtec.cat\/ins-pere-ribot\/ampa\/socialitzacio-llibres\/\">PROJECTE DE SOCIALITZACI\u00d3<\/a><\/strong><\/span><\/span><\/em><\/h1>\n<p><a href=\"https:\/\/agora.xtec.cat\/ins-pere-ribot\/wp-content\/uploads\/usu1167\/2026\/02\/Iddink1.png\"><img loading=\"lazy\" decoding=\"async\" class=\"aligncenter size-full wp-image-7310\" src=\"https:\/\/agora.xtec.cat\/ins-pere-ribot\/wp-content\/uploads\/usu1167\/2026\/02\/Iddink1.png\" alt=\"\" width=\"607\" height=\"868\" srcset=\"https:\/\/agora.xtec.cat\/ins-pere-ribot\/wp-content\/uploads\/usu1167\/2026\/02\/Iddink1.png 607w, https:\/\/agora.xtec.cat\/ins-pere-ribot\/wp-content\/uploads\/usu1167\/2026\/02\/Iddink1-210x300.png 210w\" sizes=\"auto, (max-width: 607px) 100vw, 607px\" \/><\/a> <a href=\"https:\/\/agora.xtec.cat\/ins-pere-ribot\/wp-content\/uploads\/usu1167\/2026\/02\/Iddink2.png\"><img loading=\"lazy\" decoding=\"async\" class=\"aligncenter size-full wp-image-7311\" src=\"https:\/\/agora.xtec.cat\/ins-pere-ribot\/wp-content\/uploads\/usu1167\/2026\/02\/Iddink2.png\" alt=\"\" width=\"613\" height=\"871\" srcset=\"https:\/\/agora.xtec.cat\/ins-pere-ribot\/wp-content\/uploads\/usu1167\/2026\/02\/Iddink2.png 613w, https:\/\/agora.xtec.cat\/ins-pere-ribot\/wp-content\/uploads\/usu1167\/2026\/02\/Iddink2-211x300.png 211w\" sizes=\"auto, (max-width: 613px) 100vw, 613px\" \/><\/a><\/p>\n<p>&nbsp;<\/p>\n<p><a href=\"https:\/\/agora.xtec.cat\/ins-pere-ribot\/wp-content\/uploads\/usu1167\/2025\/06\/497_CC_2025_page-0002-scaled.jpg\"><img loading=\"lazy\" decoding=\"async\" class=\"aligncenter size-full wp-image-7184\" src=\"https:\/\/agora.xtec.cat\/ins-pere-ribot\/wp-content\/uploads\/usu1167\/2025\/06\/497_CC_2025_page-0002-scaled.jpg\" alt=\"\" width=\"2560\" height=\"1440\" srcset=\"https:\/\/agora.xtec.cat\/ins-pere-ribot\/wp-content\/uploads\/usu1167\/2025\/06\/497_CC_2025_page-0002-scaled.jpg 2560w, https:\/\/agora.xtec.cat\/ins-pere-ribot\/wp-content\/uploads\/usu1167\/2025\/06\/497_CC_2025_page-0002-300x169.jpg 300w, https:\/\/agora.xtec.cat\/ins-pere-ribot\/wp-content\/uploads\/usu1167\/2025\/06\/497_CC_2025_page-0002-1024x576.jpg 1024w, https:\/\/agora.xtec.cat\/ins-pere-ribot\/wp-content\/uploads\/usu1167\/2025\/06\/497_CC_2025_page-0002-768x432.jpg 768w, https:\/\/agora.xtec.cat\/ins-pere-ribot\/wp-content\/uploads\/usu1167\/2025\/06\/497_CC_2025_page-0002-1536x864.jpg 1536w, https:\/\/agora.xtec.cat\/ins-pere-ribot\/wp-content\/uploads\/usu1167\/2025\/06\/497_CC_2025_page-0002-2048x1152.jpg 2048w\" sizes=\"auto, (max-width: 2560px) 100vw, 2560px\" \/><\/a><\/p>\n<p><a href=\"https:\/\/agora.xtec.cat\/ins-pere-ribot\/wp-content\/uploads\/usu1167\/2025\/06\/2025-Val-escolar.png\"><img loading=\"lazy\" decoding=\"async\" class=\"aligncenter size-full wp-image-7188\" src=\"https:\/\/agora.xtec.cat\/ins-pere-ribot\/wp-content\/uploads\/usu1167\/2025\/06\/2025-Val-escolar.png\" alt=\"\" width=\"667\" height=\"978\" srcset=\"https:\/\/agora.xtec.cat\/ins-pere-ribot\/wp-content\/uploads\/usu1167\/2025\/06\/2025-Val-escolar.png 667w, https:\/\/agora.xtec.cat\/ins-pere-ribot\/wp-content\/uploads\/usu1167\/2025\/06\/2025-Val-escolar-205x300.png 205w\" sizes=\"auto, (max-width: 667px) 100vw, 667px\" \/><\/a><a href=\"https:\/\/agora.xtec.cat\/ins-pere-ribot\/wp-content\/uploads\/usu1167\/2025\/02\/Captura2.png\"><img loading=\"lazy\" decoding=\"async\" class=\"aligncenter size-full wp-image-6935\" src=\"https:\/\/agora.xtec.cat\/ins-pere-ribot\/wp-content\/uploads\/usu1167\/2025\/02\/Captura2.png\" alt=\"\" width=\"543\" height=\"886\" srcset=\"https:\/\/agora.xtec.cat\/ins-pere-ribot\/wp-content\/uploads\/usu1167\/2025\/02\/Captura2.png 543w, https:\/\/agora.xtec.cat\/ins-pere-ribot\/wp-content\/uploads\/usu1167\/2025\/02\/Captura2-184x300.png 184w\" sizes=\"auto, (max-width: 543px) 100vw, 543px\" \/><\/a><\/p>\n<p><a href=\"https:\/\/agora.xtec.cat\/ins-pere-ribot\/wp-content\/uploads\/usu1167\/2024\/06\/CAT-Com-tractar-els-ecoBooks.png\"><img loading=\"lazy\" decoding=\"async\" class=\"aligncenter size-full wp-image-6806\" src=\"https:\/\/agora.xtec.cat\/ins-pere-ribot\/wp-content\/uploads\/usu1167\/2024\/06\/CAT-Com-tractar-els-ecoBooks.png\" alt=\"\" width=\"4380\" height=\"2722\" srcset=\"https:\/\/agora.xtec.cat\/ins-pere-ribot\/wp-content\/uploads\/usu1167\/2024\/06\/CAT-Com-tractar-els-ecoBooks.png 4380w, https:\/\/agora.xtec.cat\/ins-pere-ribot\/wp-content\/uploads\/usu1167\/2024\/06\/CAT-Com-tractar-els-ecoBooks-300x186.png 300w, https:\/\/agora.xtec.cat\/ins-pere-ribot\/wp-content\/uploads\/usu1167\/2024\/06\/CAT-Com-tractar-els-ecoBooks-1024x636.png 1024w, https:\/\/agora.xtec.cat\/ins-pere-ribot\/wp-content\/uploads\/usu1167\/2024\/06\/CAT-Com-tractar-els-ecoBooks-768x477.png 768w, https:\/\/agora.xtec.cat\/ins-pere-ribot\/wp-content\/uploads\/usu1167\/2024\/06\/CAT-Com-tractar-els-ecoBooks-1536x955.png 1536w, https:\/\/agora.xtec.cat\/ins-pere-ribot\/wp-content\/uploads\/usu1167\/2024\/06\/CAT-Com-tractar-els-ecoBooks-2048x1273.png 2048w\" sizes=\"auto, (max-width: 4380px) 100vw, 4380px\" \/><\/a><a href=\"https:\/\/agora.xtec.cat\/ins-pere-ribot\/wp-content\/uploads\/usu1167\/2024\/06\/WhatsApp-Image-2024-06-17-at-13.13.45.jpeg\"><img loading=\"lazy\" decoding=\"async\" class=\"aligncenter size-full wp-image-6808\" src=\"https:\/\/agora.xtec.cat\/ins-pere-ribot\/wp-content\/uploads\/usu1167\/2024\/06\/WhatsApp-Image-2024-06-17-at-13.13.45.jpeg\" alt=\"\" width=\"1600\" height=\"985\" srcset=\"https:\/\/agora.xtec.cat\/ins-pere-ribot\/wp-content\/uploads\/usu1167\/2024\/06\/WhatsApp-Image-2024-06-17-at-13.13.45.jpeg 1600w, https:\/\/agora.xtec.cat\/ins-pere-ribot\/wp-content\/uploads\/usu1167\/2024\/06\/WhatsApp-Image-2024-06-17-at-13.13.45-300x185.jpeg 300w, https:\/\/agora.xtec.cat\/ins-pere-ribot\/wp-content\/uploads\/usu1167\/2024\/06\/WhatsApp-Image-2024-06-17-at-13.13.45-1024x630.jpeg 1024w, https:\/\/agora.xtec.cat\/ins-pere-ribot\/wp-content\/uploads\/usu1167\/2024\/06\/WhatsApp-Image-2024-06-17-at-13.13.45-768x473.jpeg 768w, https:\/\/agora.xtec.cat\/ins-pere-ribot\/wp-content\/uploads\/usu1167\/2024\/06\/WhatsApp-Image-2024-06-17-at-13.13.45-1536x946.jpeg 1536w\" sizes=\"auto, (max-width: 1600px) 100vw, 1600px\" \/><\/a><\/p>\n<p>&nbsp;<\/p>\n<p>&nbsp;<\/p>\n<p>&nbsp;<\/p>\n","protected":false},"excerpt":{"rendered":"<p>Una caracter\u00edstica de l&#8217;Institut Pere Ribot \u00e9s el projecte de socialitzaci\u00f3 de llibres, que est\u00e0 aprovat i assumit per tota la comunitat educativa.<br \/>\nAquest projecte incorpora valors educatius de reutilitzaci\u00f3, de consum responsable, corresponsabilitat, autonomia i solidaritat. A m\u00e9s a m\u00e9s, comporta\u00a0un important estalvi econ\u00f2mic per&hellip;  <a href=\"https:\/\/agora.xtec.cat\/ins-pere-ribot\/projectes\/socialitzacio-de-llibres\/\" title=\"Read Socialitzaci\u00f3 de llibres\">Llegeix m\u00e9s\u00bb<\/a><\/p>\n","protected":false},"author":49,"featured_media":0,"parent":1005,"menu_order":0,"comment_status":"closed","ping_status":"closed","template":"page-templates\/side-menu.php","meta":{"_bbp_topic_count":0,"_bbp_reply_count":0,"_bbp_total_topic_count":0,"_bbp_total_reply_count":0,"_bbp_voice_count":0,"_bbp_anonymous_reply_count":0,"_bbp_topic_count_hidden":0,"_bbp_reply_count_hidden":0,"_bbp_forum_subforum_count":0,"footnotes":""},"class_list":["post-3220","page","type-page","status-publish","hentry"],"post_mailing_queue_ids":[],"_links":{"self":[{"href":"https:\/\/agora.xtec.cat\/ins-pere-ribot\/wp-json\/wp\/v2\/pages\/3220","targetHints":{"allow":["GET"]}}],"collection":[{"href":"https:\/\/agora.xtec.cat\/ins-pere-ribot\/wp-json\/wp\/v2\/pages"}],"about":[{"href":"https:\/\/agora.xtec.cat\/ins-pere-ribot\/wp-json\/wp\/v2\/types\/page"}],"author":[{"embeddable":true,"href":"https:\/\/agora.xtec.cat\/ins-pere-ribot\/wp-json\/wp\/v2\/users\/49"}],"replies":[{"embeddable":true,"href":"https:\/\/agora.xtec.cat\/ins-pere-ribot\/wp-json\/wp\/v2\/comments?post=3220"}],"version-history":[{"count":6,"href":"https:\/\/agora.xtec.cat\/ins-pere-ribot\/wp-json\/wp\/v2\/pages\/3220\/revisions"}],"predecessor-version":[{"id":7312,"href":"https:\/\/agora.xtec.cat\/ins-pere-ribot\/wp-json\/wp\/v2\/pages\/3220\/revisions\/7312"}],"up":[{"embeddable":true,"href":"https:\/\/agora.xtec.cat\/ins-pere-ribot\/wp-json\/wp\/v2\/pages\/1005"}],"wp:attachment":[{"href":"https:\/\/agora.xtec.cat\/ins-pere-ribot\/wp-json\/wp\/v2\/media?parent=3220"}],"curies":[{"name":"wp","href":"https:\/\/api.w.org\/{rel}","templated":true}]}}