{"id":27,"date":"2014-09-17T16:24:03","date_gmt":"2014-09-17T16:24:03","guid":{"rendered":"http:\/\/agora.xtec.cat\/ins-pere-ribot\/?page_id=27"},"modified":"2022-03-04T09:59:38","modified_gmt":"2022-03-04T08:59:38","slug":"historia","status":"publish","type":"page","link":"https:\/\/agora.xtec.cat\/ins-pere-ribot\/linstitut\/historia\/","title":{"rendered":"Hist\u00f2ria"},"content":{"rendered":"<p style=\"text-align: justify;\">L\u2019Institut Pere Ribot \u00e9s un centre educatiu de secund\u00e0ria situat al marge dret de la poblaci\u00f3 de Vilassar de Mar, tenint com a refer\u00e8ncia la riera que baixa de Cabrils, per atendre la poblaci\u00f3 escolar majorit\u00e0riament dels barris de l\u2019Estaci\u00f3, el Veral d\u2019Ocata, el Pol\u00edgon V\u00edcor i de Pinedes, aix\u00ed com a totes aquelles fam\u00edlies i alumnat de Vilassar de Mar i de Cabrera de Mar que vulguin i tri\u00efn la proposta pedag\u00f2gico-educativa que s\u2019ofereix en el centre.<\/p>\n<p style=\"text-align: justify;\">L\u2019Institut fou creat el curs 98-99 i s\u2019instal\u00b7l\u00e0 de forma provisional en m\u00f2duls prefabricats a prop de la carretera d\u2019Argentona, a l\u2019altra punta del poble. Es va iniciar amb dues l\u00ednies d\u2019ESO i una de Batxillerat.<\/p>\n<p style=\"text-align: justify;\">Vuit anys m\u00e9s tard, al mar\u00e7 del 2006, s\u2019iniciaren les activitats en el nou centre acabat de construir a la zona de les \u201cPinedes\u201d. Aquesta zona ha portat a terme un cert proc\u00e9s d\u2019expansi\u00f3 at\u00e8s que s\u2019ha constru\u00eft un gran nombre d\u2019habitatges. La poblaci\u00f3 escolar ha anat augmentat progressivament i actualment el centre est\u00e0 format per tres l\u00ednies a l\u2019ESO i dues a batxillerat.<\/p>\n<p style=\"text-align: justify;\">L\u2019institut inicialment s\u2019anomenava Institut Vilassar de Mar, per\u00f2 a l\u2019any 2009, despr\u00e9s d\u2019un llarg proc\u00e9s valoratiu i participatiu, i amb el vistiplau de l\u2019Ajuntament de Vilassar de Mar, es va canviar el nom i es va anomenar \u201cInstitut Pere Ribot\u201d.<\/p>\n<div id=\"issu\"><\/div>\n","protected":false},"excerpt":{"rendered":"<p>L\u2019Institut Pere Ribot \u00e9s un centre educatiu de secund\u00e0ria situat al marge dret de la poblaci\u00f3 de Vilassar de Mar, tenint com a refer\u00e8ncia la riera que baixa de Cabrils, per atendre la poblaci\u00f3 escolar majorit\u00e0riament dels barris de l\u2019Estaci\u00f3, el Veral d\u2019Ocata, el Pol\u00edgon&hellip;  <a href=\"https:\/\/agora.xtec.cat\/ins-pere-ribot\/linstitut\/historia\/\" title=\"Read Hist\u00f2ria\">Llegeix m\u00e9s\u00bb<\/a><\/p>\n","protected":false},"author":1,"featured_media":0,"parent":19,"menu_order":20,"comment_status":"closed","ping_status":"closed","template":"page-templates\/side-menu.php","meta":{"_bbp_topic_count":0,"_bbp_reply_count":0,"_bbp_total_topic_count":0,"_bbp_total_reply_count":0,"_bbp_voice_count":0,"_bbp_anonymous_reply_count":0,"_bbp_topic_count_hidden":0,"_bbp_reply_count_hidden":0,"_bbp_forum_subforum_count":0,"footnotes":""},"class_list":["post-27","page","type-page","status-publish","hentry"],"post_mailing_queue_ids":[],"_links":{"self":[{"href":"https:\/\/agora.xtec.cat\/ins-pere-ribot\/wp-json\/wp\/v2\/pages\/27","targetHints":{"allow":["GET"]}}],"collection":[{"href":"https:\/\/agora.xtec.cat\/ins-pere-ribot\/wp-json\/wp\/v2\/pages"}],"about":[{"href":"https:\/\/agora.xtec.cat\/ins-pere-ribot\/wp-json\/wp\/v2\/types\/page"}],"author":[{"embeddable":true,"href":"https:\/\/agora.xtec.cat\/ins-pere-ribot\/wp-json\/wp\/v2\/users\/1"}],"replies":[{"embeddable":true,"href":"https:\/\/agora.xtec.cat\/ins-pere-ribot\/wp-json\/wp\/v2\/comments?post=27"}],"version-history":[{"count":3,"href":"https:\/\/agora.xtec.cat\/ins-pere-ribot\/wp-json\/wp\/v2\/pages\/27\/revisions"}],"predecessor-version":[{"id":5024,"href":"https:\/\/agora.xtec.cat\/ins-pere-ribot\/wp-json\/wp\/v2\/pages\/27\/revisions\/5024"}],"up":[{"embeddable":true,"href":"https:\/\/agora.xtec.cat\/ins-pere-ribot\/wp-json\/wp\/v2\/pages\/19"}],"wp:attachment":[{"href":"https:\/\/agora.xtec.cat\/ins-pere-ribot\/wp-json\/wp\/v2\/media?parent=27"}],"curies":[{"name":"wp","href":"https:\/\/api.w.org\/{rel}","templated":true}]}}