{"id":195,"date":"2014-09-22T10:39:39","date_gmt":"2014-09-22T10:39:39","guid":{"rendered":"http:\/\/agora.xtec.cat\/ins-pere-ribot\/?page_id=195"},"modified":"2025-12-03T11:59:26","modified_gmt":"2025-12-03T10:59:26","slug":"estudis","status":"publish","type":"page","link":"https:\/\/agora.xtec.cat\/ins-pere-ribot\/estudis\/","title":{"rendered":"Estudis"},"content":{"rendered":"<p style=\"text-align: justify;\">En aquest espai podreu trobar la informaci\u00f3 b\u00e0sica de funcionament organitzada per cursos. Aix\u00ed doncs trobeu les llistes dels llibres que utilitzen els vostres fills i les vostres filles, l&#8217;equip docent que els fa classe i els horaris dels diferents grups.<\/p>\n<p style=\"text-align: justify;\">D&#8217;altra banda tamb\u00e9 afegim informaci\u00f3 espec\u00edfica que pugui ser d&#8217;inter\u00e8s segons els cursos, com per exemple el material que necessita l&#8217;alumnat que comen\u00e7a de nou a 1r d&#8217;ESO i tota la informaci\u00f3 de les PAU (proves d&#8217;acc\u00e9s a la Universitat) de qu\u00e8 disposem.<\/p>\n<p style=\"text-align: justify;\">Finalment incorporem la informaci\u00f3 per a l&#8217;obtenci\u00f3 del GESO (Graduat d&#8217;Educaci\u00f3 Secund\u00e0ria Obligat\u00f2ria), que s\u00f3n proves anuals per tal d&#8217;obtenir el graduat de l&#8217;ESO.<\/p>\n<p>&nbsp;<\/p>\n<p><a href=\"https:\/\/drive.google.com\/file\/d\/1QxfFOtc-JofW8ohgV7TpesiCnNmHCiMS\/view?usp=sharing\">Criteris d&#8217;avaluaci\u00f3 de l&#8217;ESO per al curs 25-26<\/a><\/p>\n<p><a href=\"https:\/\/drive.google.com\/file\/d\/18NuRG3tmGaMceilPzJOq6RtUz53J9plX\/view?usp=sharing\">Criteris d&#8217;avaluaci\u00f3 del batxillerat per al curs 25-26<\/a><\/p>\n<p>&nbsp;<\/p>\n<h5><span style=\"text-decoration: underline; color: #ff0000;\"><strong>Llistes de llibres per al curs 25-26<\/strong><\/span><\/h5>\n<ul>\n<li><a href=\"https:\/\/drive.google.com\/file\/d\/19PgftGkftt-Z-O_GAAeODtKigQICsFnu\/view?usp=drive_link\"><span style=\"color: #ff0000;\">Llibres de text i llic\u00e8ncies digitals de 1r d&#8217;ESO. Curs 25-26<\/span><\/a><\/li>\n<li><a href=\"https:\/\/drive.google.com\/file\/d\/1E1x-XSMUe2zqtZnHjjjDBzLr_PoL1Fbm\/view?usp=drive_link\"><span style=\"color: #ff0000;\">Llibres de text i llic\u00e8ncies digitals de 2n d&#8217;ESO. Curs 25-26<\/span><\/a><\/li>\n<li><a href=\"https:\/\/drive.google.com\/file\/d\/1Xo3YvnQDTsBQByysfRzOHD5qpA_GOaka\/view?usp=drive_link\"><span style=\"color: #ff0000;\">Llibres de text i llic\u00e8ncies digitals de 3r d&#8217;ESO. Curs 25-26<\/span><\/a><\/li>\n<li><a href=\"https:\/\/drive.google.com\/file\/d\/1esNZeSgqKh6wS1mHCc2uGVoTThVK7Ibg\/view?usp=drive_link\"><span style=\"color: #ff0000;\">Llibres de text i llic\u00e8ncies digitals de 4t d&#8217;ESO. Curs 25-26<\/span><\/a><\/li>\n<li><a href=\"https:\/\/drive.google.com\/file\/d\/14IcJmvh2oYA6RmKAuObyrBoPN5FmP3CF\/view?usp=drive_link\"><span style=\"color: #ff0000;\">Llibres de text i llic\u00e8ncies digitals de 1r de batxillerat. Curs 25-26<\/span><\/a><\/li>\n<li><a href=\"https:\/\/drive.google.com\/file\/d\/1XR1d6Y5L6BvSSZx8Dkz4dculZdhIWn1N\/view?usp=drive_link\"><span style=\"color: #ff0000;\">Llibres de text i llic\u00e8ncies digitals de 2n de batxillerat. Curs 25-26<\/span><\/a><\/li>\n<\/ul>\n<p>&nbsp;<\/p>\n<h5><span style=\"text-decoration: underline; color: #008000;\"><strong>Llistes de llibres per al curs 24-25<\/strong><\/span><\/h5>\n<ul>\n<li><span style=\"color: #008000;\"><a style=\"color: #008000;\" href=\"https:\/\/drive.google.com\/file\/d\/1ORbRVOEMSJX9tW7Q8yu7w8MzayIftpip\/view?usp=sharing\">Llibres de text i llic\u00e8ncies digitals de 1r d&#8217;ESO. Curs 24-25<\/a><\/span><\/li>\n<li><span style=\"color: #008000;\"><a style=\"color: #008000;\" href=\"https:\/\/drive.google.com\/file\/d\/1rGShJBn1xXCnA2_9-oSUYAv5Kem3ccsk\/view?usp=sharing\">Llibres de text i llic\u00e8ncies digitals de 2n d&#8217;ESO. Curs 24-25<\/a><\/span><\/li>\n<li><span style=\"color: #008000;\"><a style=\"color: #008000;\" href=\"https:\/\/drive.google.com\/file\/d\/1aJqE7D68y-hxl85KiVDw6P1V_ib3acH5\/view?usp=sharing\">Llibres de text i llic\u00e8ncies digitals de 3r d&#8217;ESO. Curs 24-25<\/a><\/span><\/li>\n<li><span style=\"color: #008000;\"><a style=\"color: #008000;\" href=\"https:\/\/drive.google.com\/file\/d\/11QLhD5B7MKMvRncYESZmwwLhZq2hqf3t\/view?usp=sharing\">Llibres de text i llic\u00e8ncies digitals de 4t d&#8217;ESO. Curs 24-25<\/a><\/span><\/li>\n<li><span style=\"color: #008000;\"><a style=\"color: #008000;\" href=\"https:\/\/drive.google.com\/file\/d\/15LphvPqULr8srSRF5WeDySwonhPQLzeo\/view?usp=sharing\">Llibres de text i llic\u00e8ncies digitals de 1r de batxillerat. Curs 24-25<\/a><\/span><\/li>\n<li><span style=\"color: #008000;\"><a style=\"color: #008000;\" href=\"https:\/\/drive.google.com\/file\/d\/1By_eyF2WYqukt3tHPKSow5yJzYSDaLsy\/view?usp=sharing\">Llibres de text i llic\u00e8ncies digitals de 2n de batxillerat. Curs 24-25<\/a><\/span><\/li>\n<\/ul>\n<p>&nbsp;<\/p>\n<p style=\"text-align: justify;\">Finalment tamb\u00e9 us facilitem l&#8217;enlla\u00e7 a tota la informaci\u00f3 de <a href=\"https:\/\/agora.xtec.cat\/ins-pere-ribot\/ampa\/socialitzacio-llibres\/\">socialitzaci\u00f3 de llibres<\/a> on podreu trobar la informaci\u00f3 gen\u00e8rica, la carta de presentaci\u00f3 del projecte, la manera de com fer les comandes, els mecanismes de devoluci\u00f3 dels llibres, etc.<\/p>\n<p>&nbsp;<\/p>\n","protected":false},"excerpt":{"rendered":"<p>En aquest espai podreu trobar la informaci\u00f3 b\u00e0sica de funcionament organitzada per cursos. Aix\u00ed doncs trobeu les llistes dels llibres que utilitzen els vostres fills i les vostres filles, l&#8217;equip docent que els fa classe i els horaris dels diferents grups.<br \/>\nD&#8217;altra banda tamb\u00e9 afegim informaci\u00f3&hellip;  <a href=\"https:\/\/agora.xtec.cat\/ins-pere-ribot\/estudis\/\" title=\"Read Estudis\">Llegeix m\u00e9s\u00bb<\/a><\/p>\n","protected":false},"author":1,"featured_media":0,"parent":0,"menu_order":0,"comment_status":"closed","ping_status":"closed","template":"","meta":{"_bbp_topic_count":0,"_bbp_reply_count":0,"_bbp_total_topic_count":0,"_bbp_total_reply_count":0,"_bbp_voice_count":0,"_bbp_anonymous_reply_count":0,"_bbp_topic_count_hidden":0,"_bbp_reply_count_hidden":0,"_bbp_forum_subforum_count":0,"footnotes":""},"class_list":["post-195","page","type-page","status-publish","hentry"],"post_mailing_queue_ids":[],"_links":{"self":[{"href":"https:\/\/agora.xtec.cat\/ins-pere-ribot\/wp-json\/wp\/v2\/pages\/195","targetHints":{"allow":["GET"]}}],"collection":[{"href":"https:\/\/agora.xtec.cat\/ins-pere-ribot\/wp-json\/wp\/v2\/pages"}],"about":[{"href":"https:\/\/agora.xtec.cat\/ins-pere-ribot\/wp-json\/wp\/v2\/types\/page"}],"author":[{"embeddable":true,"href":"https:\/\/agora.xtec.cat\/ins-pere-ribot\/wp-json\/wp\/v2\/users\/1"}],"replies":[{"embeddable":true,"href":"https:\/\/agora.xtec.cat\/ins-pere-ribot\/wp-json\/wp\/v2\/comments?post=195"}],"version-history":[{"count":7,"href":"https:\/\/agora.xtec.cat\/ins-pere-ribot\/wp-json\/wp\/v2\/pages\/195\/revisions"}],"predecessor-version":[{"id":7273,"href":"https:\/\/agora.xtec.cat\/ins-pere-ribot\/wp-json\/wp\/v2\/pages\/195\/revisions\/7273"}],"wp:attachment":[{"href":"https:\/\/agora.xtec.cat\/ins-pere-ribot\/wp-json\/wp\/v2\/media?parent=195"}],"curies":[{"name":"wp","href":"https:\/\/api.w.org\/{rel}","templated":true}]}}