{"id":1785,"date":"2017-06-08T13:14:10","date_gmt":"2017-06-08T11:14:10","guid":{"rendered":"http:\/\/agora.xtec.cat\/ins-pere-ribot\/?page_id=1785"},"modified":"2025-05-07T12:14:40","modified_gmt":"2025-05-07T10:14:40","slug":"socialitzacio-llibres","status":"publish","type":"page","link":"https:\/\/agora.xtec.cat\/ins-pere-ribot\/ampa\/socialitzacio-llibres\/","title":{"rendered":"Socialitzaci\u00f3 llibres"},"content":{"rendered":"<p style=\"text-align: justify;\">Una caracter\u00edstica de l&#8217;Institut Pere Ribot \u00e9s el projecte de socialitzaci\u00f3 de llibres, que est\u00e0 aprovat i assumit per tota la comunitat educativa.<\/p>\n<p style=\"text-align: justify;\">Aquest projecte incorpora valors educatius de reutilitzaci\u00f3, de consum responsable, corresponsabilitat, autonomia i solidaritat. A m\u00e9s a m\u00e9s, comporta un important estalvi econ\u00f2mic per a les fam\u00edlies del centre. El projecte el lidera i el coordina l&#8217;AFA i la seva execuci\u00f3 est\u00e0 externalitzada amb l&#8217;empresa Iddink.<\/p>\n<p>Podeu obtenir tota la informaci\u00f3 i resoldre qualsevol dubte mitjan\u00e7ant aquestes tres vies que Iddink posa a la vostra disposici\u00f3:<\/p>\n<p style=\"text-align: center;\"><strong>www.iddink.cat<\/strong><\/p>\n<p style=\"text-align: center;\"><strong>info@iddink.cat<\/strong><\/p>\n<p style=\"text-align: center;\"><strong>93 238 88 33<\/strong><\/p>\n<p><iframe loading=\"lazy\" title=\"Els avantatges d&#039;Iddink i els ecobooks 55%\" src=\"https:\/\/player.vimeo.com\/video\/729651331?dnt=1&amp;app_id=122963\" width=\"422\" height=\"750\" frameborder=\"0\" allow=\"autoplay; fullscreen; picture-in-picture; clipboard-write; encrypted-media\"><\/iframe><\/p>\n<p>Aqu\u00ed us deixem el v\u00eddeo d&#8217;Iddink:<\/p>\n<p><iframe loading=\"lazy\" title=\"Presentaci\u00f3 d&#039;Iddink i els ecoBooks\" src=\"https:\/\/player.vimeo.com\/video\/953990128?dnt=1&amp;app_id=122963\" width=\"500\" height=\"281\" frameborder=\"0\" allow=\"autoplay; fullscreen; picture-in-picture; clipboard-write; encrypted-media\"><\/iframe><\/p>\n<p><iframe loading=\"lazy\" title=\"Comprar a Iddink llibres, ecoBooks i llic\u00e8ncies digitals\" src=\"https:\/\/player.vimeo.com\/video\/418474967?dnt=1&amp;app_id=122963\" width=\"500\" height=\"281\" frameborder=\"0\" allow=\"autoplay; fullscreen; picture-in-picture; clipboard-write; encrypted-media\"><\/iframe><\/p>\n<h3 style=\"text-align: justify;\"><span style=\"color: #ff0000;\"><strong><span style=\"color: #0000ff;\">Com i quan fer la devoluci\u00f3 dels ecoBooks?<\/span> <\/strong><\/span><\/h3>\n<p style=\"text-align: justify;\"><span style=\"color: #ff0000;\"><span style=\"color: #000000;\">La devoluci\u00f3 dels llibres a Iddink es realitzar\u00e0 el dia 7 de juliol a la biblioteca del centre, entre les 09.30 i les 14.00 h i entre les 15.00 i les 16.30 h. L&#8217;entrada es realitzar\u00e0 per la porta de la cantonada dels carrers Santa Eul\u00e0lia i Torrent de la Santa.<\/span><\/span><\/p>\n<p style=\"text-align: justify;\">Us recordem que els llibres han de venir esborrats i en les mateixes condicions en les que es van adquirir. Aqu\u00ed us deixem dos v\u00eddeos explicatius sobre com tractar els ecoBooks i sobre com retornar els ecoBooks.<\/p>\n<ul style=\"text-align: justify;\">\n<li>Com tractar els ecoBooks\u00a0<a style=\"color: #2795b6;\" href=\"https:\/\/vimeo.com\/45076699\" target=\"_blank\" rel=\"noopener noreferrer\" data-saferedirecturl=\"https:\/\/www.google.com\/url?q=https:\/\/vimeo.com\/45076699&amp;source=gmail&amp;ust=1593448408348000&amp;usg=AFQjCNFf-Gwz7M7tZcS617ufAO5ytbp-4w\">https:\/\/vimeo.com\/45076699<\/a><\/li>\n<li>Com retornar els ecoBooks\u00a0<a style=\"color: #2795b6;\" href=\"https:\/\/vimeo.com\/97832068\" target=\"_blank\" rel=\"noopener noreferrer\" data-saferedirecturl=\"https:\/\/www.google.com\/url?q=https:\/\/vimeo.com\/97832068&amp;source=gmail&amp;ust=1593448408348000&amp;usg=AFQjCNEwMThQZYDla2BrFZMGZ-Z_7JOyRg\">https:\/\/vimeo.com\/97832068<\/a><\/li>\n<\/ul>\n<h3 style=\"text-align: justify;\"><strong><span style=\"color: #0000ff;\">Tot seguit us relacionem tota la informaci\u00f3 necess\u00e0ria per tal de fer les comandes dels llibres dels vostres fills i filles:<\/span><\/strong><\/h3>\n<ul style=\"text-align: justify;\">\n<li><a href=\"https:\/\/drive.google.com\/file\/d\/16HspjkWc7pwt4q7oDr5twgsdRLVrnjfj\/view?usp=sharing\">Presentaci\u00f3 del projecte, com funciona i com faig la meva comanda<\/a><\/li>\n<li>Iddink ha creat una microsite web espec\u00edfic del nostre institut que podeu visitar en aquest enlla\u00e7<br \/>\n<h3><a href=\"https:\/\/microsites.iddink.es\/ca\/497_institut_pere_ribot\/\">Microsite Institut Pere Ribot<\/a><\/h3>\n<\/li>\n<li>Per a m\u00e9s informaci\u00f3 (com tractar els ecobooks, com fer la comada, etc&#8230;) podeu visitar el web d&#8217;Iddink <a href=\"https:\/\/www.iddink.cat\/\">https:\/\/www.iddink.cat\/<\/a><\/li>\n<li>Aqu\u00ed us enllacem directament a v\u00eddeos que creiem d&#8217;inter\u00e8s que podeu trobar a trav\u00e9s del nostre microsite i del web d&#8217;Iddink:\n<ul>\n<li>Presentaci\u00f3 Iddink (15 minuts)\u00a0<a style=\"color: #2795b6;\" href=\"https:\/\/vimeo.com\/346361089\" target=\"_blank\" rel=\"noopener noreferrer\" data-saferedirecturl=\"https:\/\/www.google.com\/url?q=https:\/\/vimeo.com\/346361089&amp;source=gmail&amp;ust=1593448408348000&amp;usg=AFQjCNHiy78jD1JTDj1KHhMifDuQSQ1V_Q\">https:\/\/vimeo.com\/346361089<\/a><\/li>\n<li>Presentaci\u00f3 Iddink (5 minuts)\u00a0<a href=\"https:\/\/vimeo.com\/420992016\" target=\"_blank\" rel=\"noopener noreferrer\" data-saferedirecturl=\"https:\/\/www.google.com\/url?q=https:\/\/vimeo.com\/420992016&amp;source=gmail&amp;ust=1593448408348000&amp;usg=AFQjCNEwyDl4ikACg_67s5vmUkCRh84FsQ\">https:\/\/vimeo.com\/420992016<\/a><\/li>\n<li>Com tractar els ecoBooks\u00a0<a style=\"color: #2795b6;\" href=\"https:\/\/vimeo.com\/45076699\" target=\"_blank\" rel=\"noopener noreferrer\" data-saferedirecturl=\"https:\/\/www.google.com\/url?q=https:\/\/vimeo.com\/45076699&amp;source=gmail&amp;ust=1593448408348000&amp;usg=AFQjCNFf-Gwz7M7tZcS617ufAO5ytbp-4w\">https:\/\/vimeo.com\/45076699<\/a><\/li>\n<li>Com retornar els ecoBooks\u00a0<a style=\"color: #2795b6;\" href=\"https:\/\/vimeo.com\/97832068\" target=\"_blank\" rel=\"noopener noreferrer\" data-saferedirecturl=\"https:\/\/www.google.com\/url?q=https:\/\/vimeo.com\/97832068&amp;source=gmail&amp;ust=1593448408348000&amp;usg=AFQjCNEwMThQZYDla2BrFZMGZ-Z_7JOyRg\">https:\/\/vimeo.com\/97832068<\/a><\/li>\n<li>Com fer una comanda\u00a0<a style=\"color: #2795b6;\" href=\"https:\/\/vimeo.com\/427671538\" target=\"_blank\" rel=\"noopener noreferrer\" data-saferedirecturl=\"https:\/\/www.google.com\/url?q=https:\/\/vimeo.com\/427671538&amp;source=gmail&amp;ust=1593448408348000&amp;usg=AFQjCNHX5PgfeldyDHQgihif_o1jl_xPaQ\">https:\/\/vimeo.com\/427671538<\/a><\/li>\n<\/ul>\n<\/li>\n<\/ul>\n<p style=\"text-align: justify;\">Les llistes de llibres estan donades d&#8217;alta a la p\u00e0gina web d&#8217;Iddink. Tot i aix\u00ed si les voleu consultar en tenim unes de confeccionades i les podeu consultar en aquest enlla\u00e7.<\/p>\n<ul>\n<li><a href=\"https:\/\/agora.xtec.cat\/ins-pere-ribot\/estudis\/\">Llistes de llibres per al curs 2023-2024 i per al curs 2024-2025<\/a><\/li>\n<\/ul>\n<p><a href=\"https:\/\/agora.xtec.cat\/ins-pere-ribot\/wp-content\/uploads\/usu1167\/2024\/06\/WhatsApp-Image-2024-06-17-at-13.13.45.jpeg\"><img loading=\"lazy\" decoding=\"async\" class=\"aligncenter size-full wp-image-6808\" src=\"https:\/\/agora.xtec.cat\/ins-pere-ribot\/wp-content\/uploads\/usu1167\/2024\/06\/WhatsApp-Image-2024-06-17-at-13.13.45.jpeg\" alt=\"\" width=\"1600\" height=\"985\" srcset=\"https:\/\/agora.xtec.cat\/ins-pere-ribot\/wp-content\/uploads\/usu1167\/2024\/06\/WhatsApp-Image-2024-06-17-at-13.13.45.jpeg 1600w, https:\/\/agora.xtec.cat\/ins-pere-ribot\/wp-content\/uploads\/usu1167\/2024\/06\/WhatsApp-Image-2024-06-17-at-13.13.45-300x185.jpeg 300w, https:\/\/agora.xtec.cat\/ins-pere-ribot\/wp-content\/uploads\/usu1167\/2024\/06\/WhatsApp-Image-2024-06-17-at-13.13.45-1024x630.jpeg 1024w, https:\/\/agora.xtec.cat\/ins-pere-ribot\/wp-content\/uploads\/usu1167\/2024\/06\/WhatsApp-Image-2024-06-17-at-13.13.45-768x473.jpeg 768w, https:\/\/agora.xtec.cat\/ins-pere-ribot\/wp-content\/uploads\/usu1167\/2024\/06\/WhatsApp-Image-2024-06-17-at-13.13.45-1536x946.jpeg 1536w\" sizes=\"auto, (max-width: 1600px) 100vw, 1600px\" \/><\/a> <a href=\"https:\/\/agora.xtec.cat\/ins-pere-ribot\/wp-content\/uploads\/usu1167\/2024\/06\/CAT-Com-retornar-els-ecoBooks-2.png\"><img loading=\"lazy\" decoding=\"async\" class=\"aligncenter size-full wp-image-6807\" src=\"https:\/\/agora.xtec.cat\/ins-pere-ribot\/wp-content\/uploads\/usu1167\/2024\/06\/CAT-Com-retornar-els-ecoBooks-2.png\" alt=\"\" width=\"4591\" height=\"2827\" srcset=\"https:\/\/agora.xtec.cat\/ins-pere-ribot\/wp-content\/uploads\/usu1167\/2024\/06\/CAT-Com-retornar-els-ecoBooks-2.png 4591w, https:\/\/agora.xtec.cat\/ins-pere-ribot\/wp-content\/uploads\/usu1167\/2024\/06\/CAT-Com-retornar-els-ecoBooks-2-300x185.png 300w, https:\/\/agora.xtec.cat\/ins-pere-ribot\/wp-content\/uploads\/usu1167\/2024\/06\/CAT-Com-retornar-els-ecoBooks-2-1024x631.png 1024w, https:\/\/agora.xtec.cat\/ins-pere-ribot\/wp-content\/uploads\/usu1167\/2024\/06\/CAT-Com-retornar-els-ecoBooks-2-768x473.png 768w, https:\/\/agora.xtec.cat\/ins-pere-ribot\/wp-content\/uploads\/usu1167\/2024\/06\/CAT-Com-retornar-els-ecoBooks-2-1536x946.png 1536w, https:\/\/agora.xtec.cat\/ins-pere-ribot\/wp-content\/uploads\/usu1167\/2024\/06\/CAT-Com-retornar-els-ecoBooks-2-2048x1261.png 2048w\" sizes=\"auto, (max-width: 4591px) 100vw, 4591px\" \/><\/a> <a href=\"https:\/\/agora.xtec.cat\/ins-pere-ribot\/wp-content\/uploads\/usu1167\/2024\/06\/CAT-Com-tractar-els-ecoBooks.png\"><img loading=\"lazy\" decoding=\"async\" class=\"aligncenter size-full wp-image-6806\" src=\"https:\/\/agora.xtec.cat\/ins-pere-ribot\/wp-content\/uploads\/usu1167\/2024\/06\/CAT-Com-tractar-els-ecoBooks.png\" alt=\"\" width=\"4380\" height=\"2722\" srcset=\"https:\/\/agora.xtec.cat\/ins-pere-ribot\/wp-content\/uploads\/usu1167\/2024\/06\/CAT-Com-tractar-els-ecoBooks.png 4380w, https:\/\/agora.xtec.cat\/ins-pere-ribot\/wp-content\/uploads\/usu1167\/2024\/06\/CAT-Com-tractar-els-ecoBooks-300x186.png 300w, https:\/\/agora.xtec.cat\/ins-pere-ribot\/wp-content\/uploads\/usu1167\/2024\/06\/CAT-Com-tractar-els-ecoBooks-1024x636.png 1024w, https:\/\/agora.xtec.cat\/ins-pere-ribot\/wp-content\/uploads\/usu1167\/2024\/06\/CAT-Com-tractar-els-ecoBooks-768x477.png 768w, https:\/\/agora.xtec.cat\/ins-pere-ribot\/wp-content\/uploads\/usu1167\/2024\/06\/CAT-Com-tractar-els-ecoBooks-1536x955.png 1536w, https:\/\/agora.xtec.cat\/ins-pere-ribot\/wp-content\/uploads\/usu1167\/2024\/06\/CAT-Com-tractar-els-ecoBooks-2048x1273.png 2048w\" sizes=\"auto, (max-width: 4380px) 100vw, 4380px\" \/><\/a><\/p>\n","protected":false},"excerpt":{"rendered":"<p>Una caracter\u00edstica de l&#8217;Institut Pere Ribot \u00e9s el projecte de socialitzaci\u00f3 de llibres, que est\u00e0 aprovat i assumit per tota la comunitat educativa.<br \/>\nAquest projecte incorpora valors educatius de reutilitzaci\u00f3, de consum responsable, corresponsabilitat, autonomia i solidaritat. A m\u00e9s a m\u00e9s, comporta un important estalvi econ\u00f2mic&hellip;  <a href=\"https:\/\/agora.xtec.cat\/ins-pere-ribot\/ampa\/socialitzacio-llibres\/\" title=\"Read Socialitzaci\u00f3 llibres\">Llegeix m\u00e9s\u00bb<\/a><\/p>\n","protected":false},"author":49,"featured_media":0,"parent":858,"menu_order":0,"comment_status":"closed","ping_status":"closed","template":"page-templates\/side-menu.php","meta":{"_bbp_topic_count":0,"_bbp_reply_count":0,"_bbp_total_topic_count":0,"_bbp_total_reply_count":0,"_bbp_voice_count":0,"_bbp_anonymous_reply_count":0,"_bbp_topic_count_hidden":0,"_bbp_reply_count_hidden":0,"_bbp_forum_subforum_count":0,"footnotes":""},"class_list":["post-1785","page","type-page","status-publish","hentry"],"post_mailing_queue_ids":[],"_links":{"self":[{"href":"https:\/\/agora.xtec.cat\/ins-pere-ribot\/wp-json\/wp\/v2\/pages\/1785","targetHints":{"allow":["GET"]}}],"collection":[{"href":"https:\/\/agora.xtec.cat\/ins-pere-ribot\/wp-json\/wp\/v2\/pages"}],"about":[{"href":"https:\/\/agora.xtec.cat\/ins-pere-ribot\/wp-json\/wp\/v2\/types\/page"}],"author":[{"embeddable":true,"href":"https:\/\/agora.xtec.cat\/ins-pere-ribot\/wp-json\/wp\/v2\/users\/49"}],"replies":[{"embeddable":true,"href":"https:\/\/agora.xtec.cat\/ins-pere-ribot\/wp-json\/wp\/v2\/comments?post=1785"}],"version-history":[{"count":7,"href":"https:\/\/agora.xtec.cat\/ins-pere-ribot\/wp-json\/wp\/v2\/pages\/1785\/revisions"}],"predecessor-version":[{"id":7109,"href":"https:\/\/agora.xtec.cat\/ins-pere-ribot\/wp-json\/wp\/v2\/pages\/1785\/revisions\/7109"}],"up":[{"embeddable":true,"href":"https:\/\/agora.xtec.cat\/ins-pere-ribot\/wp-json\/wp\/v2\/pages\/858"}],"wp:attachment":[{"href":"https:\/\/agora.xtec.cat\/ins-pere-ribot\/wp-json\/wp\/v2\/media?parent=1785"}],"curies":[{"name":"wp","href":"https:\/\/api.w.org\/{rel}","templated":true}]}}