{"id":1141,"date":"2016-07-04T12:09:25","date_gmt":"2016-07-04T11:09:25","guid":{"rendered":"http:\/\/agora.xtec.cat\/ins-pere-ribot\/?page_id=1141"},"modified":"2022-11-09T12:31:15","modified_gmt":"2022-11-09T11:31:15","slug":"etwinning","status":"publish","type":"page","link":"https:\/\/agora.xtec.cat\/ins-pere-ribot\/projectes\/etwinning\/","title":{"rendered":"E-twinning Erasmus+"},"content":{"rendered":"<p style=\"text-align: justify;\"><strong>e-twinning is the community for schools in Europe.<\/strong><\/p>\n<p><img loading=\"lazy\" decoding=\"async\" class=\" wp-image-3162 alignright\" src=\"https:\/\/agora.xtec.cat\/ins-pere-ribot\/wp-content\/uploads\/usu1167\/2019\/09\/logo-300x168.jpg\" alt=\"\" width=\"408\" height=\"228\" \/><\/p>\n<p style=\"text-align: justify;\">eTwinning offers a platform for staff (teachers, head teachers, librarians, etc.), working in a school in one of the European countries involved, to communicate, collaborate, develop projects, share and, in short, feel and be part of the most exciting learning community in Europe.<\/p>\n<p style=\"text-align: justify;\">The eTwinning action promotes school collaboration in Europe through the use of Information and Communication Technologies (ICT) by providing <span style=\"font-family: inherit; font-size: 1em; text-align: justify;\">support, tools and services for schools.<\/span><\/p>\n<p style=\"text-align: justify;\">Si voleu informaci\u00f3 m\u00e9s exhaustiva podeu visitar la p\u00e0gina web de la comunitat eTwinning <a href=\"https:\/\/www.etwinning.net\">www.etwinning.net<\/a><\/p>\n<h5><strong>Curs 2022-2023:<\/strong><\/h5>\n<p style=\"text-align: justify;\">After two years with restrictions due to the Covid-19 pandemic, we can go back to our International exchanges!<\/p>\n<p style=\"text-align: justify;\">We are really looking forward to working on our e-Twinning projects, which have always proven to be\u00a0 a fascinating, enriching and unforgettable experience. The e-Twinning platform is part of the EU programme for education and\u00a0provides European schools with the necessary tools to develop pedagogical and collaborative projects.<\/p>\n<p style=\"text-align: justify;\">This school year 2022-2023 we offer our students from 4th of ESO and 1st of baccalaureate the possibility to take part in cultural exchanges with a high school from Turkey and Greece.<\/p>\n<p style=\"text-align: justify;\">Despr\u00e9s de dos anys de restriccions per la pand\u00e8mia del Covid19 per fi podem recuperar els intercanvis internacionals!<\/p>\n<p style=\"text-align: justify;\">Ens fa il\u00b7lusi\u00f3 reprendre aquesta activitat tan enriquidora per a l\u2019alumnat. Els intercanvis els organitzem mitjan\u00e7ant la plataforma eTwinning, que \u00e9s una iniciativa de la Comissi\u00f3 Europea. El seu objectiu \u00e9s proporcionar la infraestructura necess\u00e0ria per tal que es puguin desenvolupar projectes col\u00b7laboratius i pedag\u00f2gics.<\/p>\n<p style=\"text-align: justify;\">Per al curs 2022-2023 oferim a les fam\u00edlies intercanvis amb instituts de Turquia i Gr\u00e8cia, per a les fam\u00edlies de 4t d\u2019ESO i de 1r de batxillerat.<\/p>\n<h5><strong>Curs 2021-2022: sense activitat a causa de la Covid-19<\/strong><\/h5>\n<h5><strong>Curs 2020-2021: sense activitat a causa de la Covid-19<\/strong><\/h5>\n<h5><strong>Curs 2019-2020: sense activitat a causa de la Covid-19<\/strong><\/h5>\n<h5><strong>Curs 2018-2019<\/strong><\/h5>\n<p style=\"text-align: justify;\">Aquest curs hem realitzat un intercanvi internacional amb un institut de Tessal\u00f2nica, a Gr\u00e8cia. Ha estat una experi\u00e8ncia realment incre\u00efble. L&#8217;intercanvi s&#8217;ha realitzat amb l&#8217;alumnat de 4t d&#8217;ESO de l&#8217;optativa de Cultura Cl\u00e0ssica.<\/p>\n<p style=\"text-align: justify;\">L&#8217;alumnat grec va visitar Vilassar de Mar i la nostra comarca, amb una conviv\u00e8ncia amb les fam\u00edlies del nostre alumnat, i tamb\u00e9 va tenir intenses visites a Barcelona.<\/p>\n<p style=\"text-align: justify;\">Aqu\u00ed podreu trobar molta m\u00e9s informaci\u00f3 i fotografies <a href=\"https:\/\/agora.xtec.cat\/ins-pere-ribot\/portada\/general\/intercanvi-internacional-amb-grecia\/\">INTERCANVI GR\u00c8CIA<\/a><\/p>\n<h5><strong>Curs 2017-2018<\/strong><\/h5>\n<p style=\"text-align: justify;\">Durant el curs 2017-2018 alumnat de 3r d&#8217;ESO del nostre institut va realitzar un intercanvi amb alumnat del Gimnazjum im Michala Sedziwoja Lukowicy, Lukovica, de Pol\u00f2nia. Aqu\u00ed podeu obtenir m\u00e9s informaci\u00f3 i fotografies de l<a href=\"https:\/\/agora.xtec.cat\/ins-pere-ribot\/portada\/general\/intercanvi-amb-polonia\/\">&#8216;INTERCANVI AMB POL\u00d4NIA<\/a><\/p>\n<p style=\"text-align: justify;\">I alumnat de 1r de batxillerat va realitzar un intercanvi amb un institut de Dinamarca. Aqu\u00ed podeu obtenir m\u00e9s informaci\u00f3 i fotografies de l&#8217;<a href=\"https:\/\/agora.xtec.cat\/ins-pere-ribot\/portada\/general\/intercanvi-amb-dinamarca\/\">INTERCANVI AMB DINAMARCA<\/a><\/p>\n<h5 style=\"text-align: justify;\"><strong>Curs 2016-2017:<\/strong><\/h5>\n<p style=\"text-align: justify;\">Dins del projecte e-twinning a l&#8217;Institut Pere Ribot realitzem uns intercanvis virtuals amb Pol\u00f2nia (2n d&#8217;ESO i 4t d&#8217;ESO).<\/p>\n<p style=\"text-align: justify;\">Tamb\u00e9 realitzem uns intercanvis de cartes entre l&#8217;alumnat de 2n de batxillerat i alumnes del Runshaw College (England).amb alumnat del Gimnazjum im Michala Sedziwoja Lukowicy, Lukovica, de Pol\u00f2nia.<\/p>\n<p style=\"text-align: justify;\">Durant aquest curs una escola de Dinamarca durant el seu viatge a Barcelona ens han vingut a visitar a Vilassar de Mar. Els hem rebut a les aules i els hem ensenyat el nostre poble durant tot un dia.<\/p>\n<p style=\"text-align: justify;\">Finalment estem realitzem actualment un intercanvi del nostre alumnat de 4t d&#8217;ESO amb alumnat del Gimnazjum im Michala Sedziwoja Lukowicy, Lukovica, de Pol\u00f2nia.<\/p>\n<p style=\"text-align: justify;\">Des de les optatives de cl\u00e0ssiques (llat\u00ed i grec) de 4t d&#8217;ESO i de 1r i 2n de batxillerat, vam rebre la visita d&#8217;alumnes grecs de l&#8217;Escola Internacional de Luxenburg, amb els que vam fer una activitat lectiva &#8220;workshop&#8221;.<\/p>\n<h5 style=\"text-align: justify;\"><strong>Curs 2015-2016:<\/strong><\/h5>\n<p style=\"text-align: justify;\">Dins del projecte e-twining a l&#8217;Institut Pere Ribot vam realitza uns intercanvis virtuals amb Pol\u00f2nia (1r d&#8217;ESO), amb Ucra\u00efna (2n d&#8217;ESO) i amb Alemanya i It\u00e0lia (optativa d&#8217;alemany de 3r d&#8217;ESO).<\/p>\n<h5 style=\"text-align: justify;\"><strong>Cursos 2010-2014:<\/strong><\/h5>\n<p style=\"text-align: justify;\">Entre els cursos 2010 i 2012 la Uni\u00f3 Europea, en el marc de les associacions escolars Com\u00e8nius, ens va concedir un projecte multilateral amb 3 altres centres de Noruega, Bulg\u00e0ria i Irlanda, el t\u00edtol del qual \u00e9s: \u201cMinority languages in Europe: a study case involving Bulgaria, Ireland, Norway and Spain\u201d.<\/p>\n<p style=\"text-align: justify;\">Posteriorment l&#8217;any de l&#8217;any 2012 fins al 2014 ens van concedir un nou projecte Com\u00e8nius. Un projecte multilateral amb 7 altres centres europeus. Projecte: &#8220;Our way to freedon: an audiovisual documentary from totalitarisme to democracy across Europe &#8221; Pa\u00efsos: &#8220;Catalunya, Pol\u00f2nia, Hongria, Alemanya, Cro\u00e0cia, Litu\u00e0nia i Est\u00f2nia&#8221;.<\/p>\n<p style=\"text-align: justify;\">Cliqueu sobre &#8220;Comenius&#8221; per tenir m\u00e9s informaci\u00f3. <a href=\"http:\/\/sortidesifestesinspereribot.jimdo.com\/comenius\/\" target=\"_blank\" rel=\"noopener noreferrer\"><u><span style=\"color: #0066cc;\">Comenius<\/span><\/u><\/a>.<\/p>\n<h5 style=\"text-align: justify;\"><strong>Curs 2011-2012:<\/strong><\/h5>\n<p style=\"text-align: justify;\">Intercanvi amb Pol\u00f2nia<\/p>\n<h5 style=\"text-align: justify;\"><strong>Curs 2009-2010:<\/strong><\/h5>\n<p style=\"text-align: justify;\">Intercanvi amb Dinamarca<\/p>\n<h5 style=\"text-align: justify;\"><strong>Curs 2008-2009:<\/strong><\/h5>\n<p style=\"text-align: justify;\">Intercanvi amb Finl\u00e0ndia<\/p>\n<h1><\/h1>\n","protected":false},"excerpt":{"rendered":"<p>e-twinning is the community for schools in Europe.<\/p>\n<p>eTwinning offers a platform for staff (teachers, head teachers, librarians, etc.), working in a school in one of the European countries involved, to communicate, collaborate, develop projects, share and, in short, feel and be part of the most&hellip;  <a href=\"https:\/\/agora.xtec.cat\/ins-pere-ribot\/projectes\/etwinning\/\" title=\"Read E-twinning Erasmus+\">Llegeix m\u00e9s\u00bb<\/a><\/p>\n","protected":false},"author":28,"featured_media":0,"parent":1005,"menu_order":0,"comment_status":"closed","ping_status":"closed","template":"page-templates\/side-menu.php","meta":{"_bbp_topic_count":0,"_bbp_reply_count":0,"_bbp_total_topic_count":0,"_bbp_total_reply_count":0,"_bbp_voice_count":0,"_bbp_anonymous_reply_count":0,"_bbp_topic_count_hidden":0,"_bbp_reply_count_hidden":0,"_bbp_forum_subforum_count":0,"footnotes":""},"class_list":["post-1141","page","type-page","status-publish","hentry"],"post_mailing_queue_ids":[],"_links":{"self":[{"href":"https:\/\/agora.xtec.cat\/ins-pere-ribot\/wp-json\/wp\/v2\/pages\/1141","targetHints":{"allow":["GET"]}}],"collection":[{"href":"https:\/\/agora.xtec.cat\/ins-pere-ribot\/wp-json\/wp\/v2\/pages"}],"about":[{"href":"https:\/\/agora.xtec.cat\/ins-pere-ribot\/wp-json\/wp\/v2\/types\/page"}],"author":[{"embeddable":true,"href":"https:\/\/agora.xtec.cat\/ins-pere-ribot\/wp-json\/wp\/v2\/users\/28"}],"replies":[{"embeddable":true,"href":"https:\/\/agora.xtec.cat\/ins-pere-ribot\/wp-json\/wp\/v2\/comments?post=1141"}],"version-history":[{"count":4,"href":"https:\/\/agora.xtec.cat\/ins-pere-ribot\/wp-json\/wp\/v2\/pages\/1141\/revisions"}],"predecessor-version":[{"id":5656,"href":"https:\/\/agora.xtec.cat\/ins-pere-ribot\/wp-json\/wp\/v2\/pages\/1141\/revisions\/5656"}],"up":[{"embeddable":true,"href":"https:\/\/agora.xtec.cat\/ins-pere-ribot\/wp-json\/wp\/v2\/pages\/1005"}],"wp:attachment":[{"href":"https:\/\/agora.xtec.cat\/ins-pere-ribot\/wp-json\/wp\/v2\/media?parent=1141"}],"curies":[{"name":"wp","href":"https:\/\/api.w.org\/{rel}","templated":true}]}}