{"id":1124,"date":"2016-06-29T10:55:30","date_gmt":"2016-06-29T09:55:30","guid":{"rendered":"http:\/\/agora.xtec.cat\/ins-pere-ribot\/?page_id=1124"},"modified":"2026-04-08T13:13:18","modified_gmt":"2026-04-08T11:13:18","slug":"batxillerat","status":"publish","type":"page","link":"https:\/\/agora.xtec.cat\/ins-pere-ribot\/estudis\/batxillerat\/","title":{"rendered":"Batxillerat"},"content":{"rendered":"<p>Aqu\u00ed trobareu informaci\u00f3 de caire general d&#8217;utilitat per l&#8217;alumnat de batxillerat i les seves fam\u00edlies..<\/p>\n<ul style=\"list-style-type: square;\">\n<li style=\"list-style-type: none;\">\n<ul style=\"list-style-type: square;\">\n<li style=\"text-align: justify;\"><strong><a href=\"http:\/\/aplicacions.universitats.gencat.cat\/qpq\/AppJava\/real\/iniciar.do?idioma=ca\" target=\"_blank\" rel=\"noopener noreferrer\">Canal Universitats. Qu\u00e8 i Per qu\u00e8 estudiar a les universitats catalanes? Cerca de l&#8217;oferta educatuva, ponderacions, notes de tall, beques i ajuts, informaci\u00f3 de les PAU, &#8230;<\/a><\/strong><\/li>\n<li><strong><a href=\"http:\/\/www.unportal.cat\/\" target=\"_blank\" rel=\"noopener noreferrer\">Portal amb informaci\u00f3 sobre graus universitaris, CFGS i CFGM<\/a><\/strong><\/li>\n<li><strong><a href=\"http:\/\/xtec.gencat.cat\/ca\/curriculum\/batxillerat\/premiextra\/\" target=\"_blank\" rel=\"noopener noreferrer\">Premis extraordinaris de batxillerat.<\/a><\/strong><\/li>\n<li><a href=\"https:\/\/drive.google.com\/file\/d\/18NuRG3tmGaMceilPzJOq6RtUz53J9plX\/view?usp=sharing\">Criteris d&#8217;avaluaci\u00f3 de Batxillerat<\/a><\/li>\n<li><a href=\"https:\/\/espai.educacio.gencat.cat\/Alumnes\/Beques-ajuts\/Ensenyaments-postobligatoris\/Pagines\/default.aspx\">Informaci\u00f3 beques estudis postobligatoris<\/a><\/li>\n<\/ul>\n<\/li>\n<\/ul>\n<p>&nbsp;<\/p>\n<ul>\n<li>Trobareu a l&#8217;apartat d&#8217;aquesta p\u00e0gina web del curs corresponent:\n<ul>\n<li>Horaris<\/li>\n<li>Llibres de text<\/li>\n<li>Modalitats i itineraris<\/li>\n<\/ul>\n<\/li>\n<\/ul>\n","protected":false},"excerpt":{"rendered":"<p>Aqu\u00ed trobareu informaci\u00f3 de caire general d&#8217;utilitat per l&#8217;alumnat de batxillerat i les seves fam\u00edlies..<\/p>\n<ul style=\"list-style-type: square;\">\n<li style=\"list-style-type: none;\">\n<ul style=\"list-style-type: square;\">\n<li style=\"text-align: justify;\"><a href=\"http:\/\/aplicacions.universitats.gencat.cat\/qpq\/AppJava\/real\/iniciar.do?idioma=ca\" target=\"_blank\" rel=\"noopener noreferrer\">Canal Universitats. Qu\u00e8 i Per qu\u00e8 estudiar a les universitats catalanes? Cerca de l&#8217;oferta educatuva, ponderacions, notes de tall,&hellip;  <a href=\"https:\/\/agora.xtec.cat\/ins-pere-ribot\/estudis\/batxillerat\/\" title=\"Read Batxillerat\">Llegeix m\u00e9s\u00bb<\/a><br \/>\n","protected":false},"author":1,"featured_media":0,"parent":195,"menu_order":0,"comment_status":"closed","ping_status":"closed","template":"page-templates\/side-menu.php","meta":{"_bbp_topic_count":0,"_bbp_reply_count":0,"_bbp_total_topic_count":0,"_bbp_total_reply_count":0,"_bbp_voice_count":0,"_bbp_anonymous_reply_count":0,"_bbp_topic_count_hidden":0,"_bbp_reply_count_hidden":0,"_bbp_forum_subforum_count":0,"footnotes":""},"class_list":["post-1124","page","type-page","status-publish","hentry"],"post_mailing_queue_ids":[],"_links":{"self":[{"href":"https:\/\/agora.xtec.cat\/ins-pere-ribot\/wp-json\/wp\/v2\/pages\/1124","targetHints":{"allow":["GET"]}}],"collection":[{"href":"https:\/\/agora.xtec.cat\/ins-pere-ribot\/wp-json\/wp\/v2\/pages"}],"about":[{"href":"https:\/\/agora.xtec.cat\/ins-pere-ribot\/wp-json\/wp\/v2\/types\/page"}],"author":[{"embeddable":true,"href":"https:\/\/agora.xtec.cat\/ins-pere-ribot\/wp-json\/wp\/v2\/users\/1"}],"replies":[{"embeddable":true,"href":"https:\/\/agora.xtec.cat\/ins-pere-ribot\/wp-json\/wp\/v2\/comments?post=1124"}],"version-history":[{"count":7,"href":"https:\/\/agora.xtec.cat\/ins-pere-ribot\/wp-json\/wp\/v2\/pages\/1124\/revisions"}],"predecessor-version":[{"id":7483,"href":"https:\/\/agora.xtec.cat\/ins-pere-ribot\/wp-json\/wp\/v2\/pages\/1124\/revisions\/7483"}],"up":[{"embeddable":true,"href":"https:\/\/agora.xtec.cat\/ins-pere-ribot\/wp-json\/wp\/v2\/pages\/195"}],"wp:attachment":[{"href":"https:\/\/agora.xtec.cat\/ins-pere-ribot\/wp-json\/wp\/v2\/media?parent=1124"}],"curies":[{"name":"wp","href":"https:\/\/api.w.org\/{rel}","templated":true}]}}