{"id":1084,"date":"2016-06-28T08:47:58","date_gmt":"2016-06-28T07:47:58","guid":{"rendered":"http:\/\/agora.xtec.cat\/ins-pere-ribot\/?page_id=1084"},"modified":"2026-03-25T09:07:16","modified_gmt":"2026-03-25T08:07:16","slug":"2n-bat","status":"publish","type":"page","link":"https:\/\/agora.xtec.cat\/ins-pere-ribot\/estudis\/batxillerat\/2n-bat\/","title":{"rendered":"2n BAT"},"content":{"rendered":"<ul style=\"list-style-type: square;\">\n<li><a href=\"https:\/\/agora.xtec.cat\/ins-pere-ribot\/estudis\/\">Llibres de text i llic\u00e8ncies digitals de 2n de batxillerat<\/a><\/li>\n<li>Presentaci\u00f3 de la reuni\u00f3 d\u2019inici de curs\u00a0<a href=\"https:\/\/drive.google.com\/file\/d\/1HEXQ8dyLRbqqLEkcOiGgDgxiKoiwUx_W\/view?usp=sharing\">PRESENTACI\u00d3 INICI CURS<\/a><\/li>\n<li><a href=\"http:\/\/agora.xtec.cat\/ins-pere-ribot\/horaris-grups\/\" target=\"_blank\" rel=\"noopener noreferrer\">Horaris<\/a><\/li>\n<li><a href=\"https:\/\/drive.google.com\/file\/d\/1db_jIPn3HKy1WKSLRCbO7L1FZsVUyKbF\/view?usp=sharing\">Itineraris 2n de batxillerat<\/a><\/li>\n<\/ul>\n<p><a href=\"https:\/\/agora.xtec.cat\/ins-pere-ribot\/wp-content\/uploads\/usu1167\/2026\/03\/Itineraris-de-2n-de-batxillerat.jpg\"><img loading=\"lazy\" decoding=\"async\" class=\"aligncenter size-full wp-image-7456\" src=\"https:\/\/agora.xtec.cat\/ins-pere-ribot\/wp-content\/uploads\/usu1167\/2026\/03\/Itineraris-de-2n-de-batxillerat.jpg\" alt=\"\" width=\"960\" height=\"720\" srcset=\"https:\/\/agora.xtec.cat\/ins-pere-ribot\/wp-content\/uploads\/usu1167\/2026\/03\/Itineraris-de-2n-de-batxillerat.jpg 960w, https:\/\/agora.xtec.cat\/ins-pere-ribot\/wp-content\/uploads\/usu1167\/2026\/03\/Itineraris-de-2n-de-batxillerat-300x225.jpg 300w, https:\/\/agora.xtec.cat\/ins-pere-ribot\/wp-content\/uploads\/usu1167\/2026\/03\/Itineraris-de-2n-de-batxillerat-768x576.jpg 768w, https:\/\/agora.xtec.cat\/ins-pere-ribot\/wp-content\/uploads\/usu1167\/2026\/03\/Itineraris-de-2n-de-batxillerat-200x150.jpg 200w\" sizes=\"auto, (max-width: 960px) 100vw, 960px\" \/><\/a><\/p>\n<ul style=\"list-style-type: square;\">\n<li>Com sol\u00b7licitar i obtenir el t\u00edtol de batxillerat:<\/li>\n<\/ul>\n<div>A partir d&#8217;ara, seran els propis alumnes qui hauran de sol\u00b7licitar el t\u00edtol, tant la primera expedici\u00f3, com un duplicat o actualitzaci\u00f3 del t\u00edtol inicialment expedit, a trav\u00e9s del tr\u00e0mit espec\u00edfic:<\/div>\n<div><\/div>\n<div><a href=\"https:\/\/web.gencat.cat\/ca\/tramits\/tramits-temes\/titols-academics-no-universitaris?category=742b7874-a82c-11e3-a972-000c29052e2c\" target=\"_blank\" rel=\"noopener\" data-saferedirecturl=\"https:\/\/www.google.com\/url?q=https:\/\/web.gencat.cat\/ca\/tramits\/tramits-temes\/titols-academics-no-universitaris?category%3D742b7874-a82c-11e3-a972-000c29052e2c&amp;source=gmail&amp;ust=1756986385138000&amp;usg=AOvVaw2MqpfZM33ED2jUUAZ-iRJE\">https:\/\/web.gencat.cat\/ca\/<wbr \/>tramits\/tramits-temes\/titols-<wbr \/>academics-no-universitaris?<wbr \/>category=742b7874-a82c-11e3-<wbr \/>a972-000c29052e2c<\/a><\/div>\n<div><\/div>\n<div>Per poder-ho fer, caldr\u00e0 que els alumnes tinguin identificaci\u00f3 digital &#8211; idcat m\u00f2bil, en aquest enlla\u00e7 podr\u00e0s gestionar el teu idcat:<\/div>\n<div><\/div>\n<div><a href=\"https:\/\/web.gencat.cat\/ca\/tramits\/suport-tramitacio\/durant-la-tramitacio\/signatura-identificacio-digital\/idcat-mobil\/index.html\" target=\"_blank\" rel=\"noopener\" data-saferedirecturl=\"https:\/\/www.google.com\/url?q=https:\/\/web.gencat.cat\/ca\/tramits\/suport-tramitacio\/durant-la-tramitacio\/signatura-identificacio-digital\/idcat-mobil\/index.html&amp;source=gmail&amp;ust=1756986385138000&amp;usg=AOvVaw04IILu9x7ywVdTbjWpE2dW\">https:\/\/web.gencat.cat\/ca\/<wbr \/>tramits\/suport-tramitacio\/<wbr \/>durant-la-tramitacio\/<wbr \/>signatura-identificacio-<wbr \/>digital\/idcat-mobil\/index.html<\/a><\/div>\n<div><\/div>\n<div>\u00a0 \u00a0 \u00a0&#8211; I<a href=\"https:\/\/drive.google.com\/file\/d\/1ly_fgxabTXU8PribjPm1lfJca70z8fkU\/view?usp=sharing\">nstruccions del centre<\/a><\/div>\n<div>\u00a0 \u00a0 \u00a0&#8211; <a href=\"https:\/\/drive.google.com\/file\/d\/1l8rZMgdPs1NMrvr0RPzULxewbKwRPy1N\/view?usp=sharing\">Guia instruccions sol\u00b7licitar t\u00edtol<\/a><\/div>\n","protected":false},"excerpt":{"rendered":"<ul style=\"list-style-type: square;\">\n<li><a href=\"https:\/\/agora.xtec.cat\/ins-pere-ribot\/estudis\/\">Llibres de text i llic\u00e8ncies digitals de 2n de batxillerat<\/a><\/li>\n<li>Presentaci\u00f3 de la reuni\u00f3 d\u2019inici de curs\u00a0<a href=\"https:\/\/drive.google.com\/file\/d\/1HEXQ8dyLRbqqLEkcOiGgDgxiKoiwUx_W\/view?usp=sharing\">PRESENTACI\u00d3 INICI CURS<\/a><\/li>\n<li><a href=\"http:\/\/agora.xtec.cat\/ins-pere-ribot\/horaris-grups\/\" target=\"_blank\" rel=\"noopener noreferrer\">Horaris<\/a><\/li>\n<li><a href=\"https:\/\/drive.google.com\/file\/d\/1db_jIPn3HKy1WKSLRCbO7L1FZsVUyKbF\/view?usp=sharing\">Itineraris 2n de batxillerat<\/a><\/li>\n<\/ul>\n<p><a href=\"https:\/\/agora.xtec.cat\/ins-pere-ribot\/wp-content\/uploads\/usu1167\/2026\/03\/Itineraris-de-2n-de-batxillerat.jpg\"><\/a><\/p>\n<ul style=\"list-style-type: square;\">\n<li>Com sol\u00b7licitar i obtenir el t\u00edtol de batxillerat:<\/li>\n<\/ul>\n<p>A partir d&#8217;ara, seran els propis&hellip;  <a href=\"https:\/\/agora.xtec.cat\/ins-pere-ribot\/estudis\/batxillerat\/2n-bat\/\" title=\"Read 2n BAT\">Llegeix m\u00e9s\u00bb<\/a><\/p>\n","protected":false},"author":1,"featured_media":0,"parent":1124,"menu_order":0,"comment_status":"closed","ping_status":"closed","template":"page-templates\/side-menu.php","meta":{"_bbp_topic_count":0,"_bbp_reply_count":0,"_bbp_total_topic_count":0,"_bbp_total_reply_count":0,"_bbp_voice_count":0,"_bbp_anonymous_reply_count":0,"_bbp_topic_count_hidden":0,"_bbp_reply_count_hidden":0,"_bbp_forum_subforum_count":0,"footnotes":""},"class_list":["post-1084","page","type-page","status-publish","hentry"],"post_mailing_queue_ids":[],"_links":{"self":[{"href":"https:\/\/agora.xtec.cat\/ins-pere-ribot\/wp-json\/wp\/v2\/pages\/1084","targetHints":{"allow":["GET"]}}],"collection":[{"href":"https:\/\/agora.xtec.cat\/ins-pere-ribot\/wp-json\/wp\/v2\/pages"}],"about":[{"href":"https:\/\/agora.xtec.cat\/ins-pere-ribot\/wp-json\/wp\/v2\/types\/page"}],"author":[{"embeddable":true,"href":"https:\/\/agora.xtec.cat\/ins-pere-ribot\/wp-json\/wp\/v2\/users\/1"}],"replies":[{"embeddable":true,"href":"https:\/\/agora.xtec.cat\/ins-pere-ribot\/wp-json\/wp\/v2\/comments?post=1084"}],"version-history":[{"count":6,"href":"https:\/\/agora.xtec.cat\/ins-pere-ribot\/wp-json\/wp\/v2\/pages\/1084\/revisions"}],"predecessor-version":[{"id":7457,"href":"https:\/\/agora.xtec.cat\/ins-pere-ribot\/wp-json\/wp\/v2\/pages\/1084\/revisions\/7457"}],"up":[{"embeddable":true,"href":"https:\/\/agora.xtec.cat\/ins-pere-ribot\/wp-json\/wp\/v2\/pages\/1124"}],"wp:attachment":[{"href":"https:\/\/agora.xtec.cat\/ins-pere-ribot\/wp-json\/wp\/v2\/media?parent=1084"}],"curies":[{"name":"wp","href":"https:\/\/api.w.org\/{rel}","templated":true}]}}