{"id":1061,"date":"2016-06-23T07:41:15","date_gmt":"2016-06-23T06:41:15","guid":{"rendered":"http:\/\/agora.xtec.cat\/ins-pere-ribot\/?page_id=1061"},"modified":"2022-11-08T12:06:49","modified_gmt":"2022-11-08T11:06:49","slug":"sortides","status":"publish","type":"page","link":"https:\/\/agora.xtec.cat\/ins-pere-ribot\/sortides\/","title":{"rendered":"SORTIDES"},"content":{"rendered":"<h6><a href=\"http:\/\/agora.xtec.cat\/ins-pere-ribot\/calendari-sortides\/\" target=\"_blank\" rel=\"noopener noreferrer\">Podeu consultar les sortides previstes per aquest curs clicant aqu\u00ed.<\/a><\/h6>\n<p style=\"text-align: justify;\">Els diferents departaments did\u00e0ctics proposen al llarg del curs activitats amb alumnes fora del centre i per tant s\u00f3n de compliment obligatori. Totes les sortides estan aprovades pel Consell Escolar del Centre. Aix\u00f2 vol dir que els alumnes han d&#8217;assistir a la sortida at\u00e8s que les activitats que s&#8217;hi solen fer tenen un pes determinat en la nota final d&#8217;\u00e0rea. Cada departament disposa d&#8217;uns criteris d&#8217;avaluaci\u00f3 on es contempla una determinada qualificaci\u00f3 pel que fa a les activitats amb alumnes fora del centre. La no assist\u00e8ncia, per tant, pot comportar obtenir una nota m\u00e9s baixa al final del trimestre o del curs. Si un alumne\/a no hi assisteix per malaltia o per causa justificada, el professor ja informar\u00e0 l&#8217;alumne\/a dels mecanismes de recuperaci\u00f3.<\/p>\n<p style=\"text-align: justify;\">L&#8217;impagament de les quotes dins dels terminis establerts impossibilitar\u00e0 l&#8217;assist\u00e8ncia de l&#8217;alumnat a les sortides. En el cas que un\/a alumne\/a no participi d&#8217;alguna sortida amb motiu justificat no es podr\u00e0 realitzar la devoluci\u00f3 de la sortida corresponent.<\/p>\n<p><a href=\"https:\/\/agora.xtec.cat\/ins-pere-ribot\/wp-content\/uploads\/usu1167\/2022\/10\/Sortides.png\"><img loading=\"lazy\" decoding=\"async\" class=\"aligncenter size-full wp-image-5576\" src=\"https:\/\/agora.xtec.cat\/ins-pere-ribot\/wp-content\/uploads\/usu1167\/2022\/10\/Sortides.png\" alt=\"\" width=\"966\" height=\"535\" srcset=\"https:\/\/agora.xtec.cat\/ins-pere-ribot\/wp-content\/uploads\/usu1167\/2022\/10\/Sortides.png 966w, https:\/\/agora.xtec.cat\/ins-pere-ribot\/wp-content\/uploads\/usu1167\/2022\/10\/Sortides-300x166.png 300w, https:\/\/agora.xtec.cat\/ins-pere-ribot\/wp-content\/uploads\/usu1167\/2022\/10\/Sortides-768x425.png 768w\" sizes=\"auto, (max-width: 966px) 100vw, 966px\" \/><\/a><\/p>\n<p style=\"text-align: justify;\">El centre est\u00e0 informat a trav\u00e9s dels Serveis Socials de l&#8217;Ajuntament de Vilassar de Mar dels alumnes becats. Si tot i aix\u00ed alguna fam\u00edlia considera que el seu fill\/a no pot assistir-hi, us demanem que us dirigiu al tutor\/a o a la coordinaci\u00f3 pedag\u00f2gica i expliqueu els vostres motius d&#8217;una manera individual i confidencial.<\/p>\n","protected":false},"excerpt":{"rendered":"<p><a href=\"http:\/\/agora.xtec.cat\/ins-pere-ribot\/calendari-sortides\/\" target=\"_blank\" rel=\"noopener noreferrer\">Podeu consultar les sortides previstes per aquest curs clicant aqu\u00ed.<\/a><br \/>\nEls diferents departaments did\u00e0ctics proposen al llarg del curs activitats amb alumnes fora del centre i per tant s\u00f3n de compliment obligatori. Totes les sortides estan aprovades pel Consell Escolar del Centre.&hellip;  <a href=\"https:\/\/agora.xtec.cat\/ins-pere-ribot\/sortides\/\" title=\"Read SORTIDES\">Llegeix m\u00e9s\u00bb<\/a><\/p>\n","protected":false},"author":1,"featured_media":0,"parent":0,"menu_order":0,"comment_status":"closed","ping_status":"closed","template":"page-templates\/side-menu.php","meta":{"_bbp_topic_count":0,"_bbp_reply_count":0,"_bbp_total_topic_count":0,"_bbp_total_reply_count":0,"_bbp_voice_count":0,"_bbp_anonymous_reply_count":0,"_bbp_topic_count_hidden":0,"_bbp_reply_count_hidden":0,"_bbp_forum_subforum_count":0,"footnotes":""},"class_list":["post-1061","page","type-page","status-publish","hentry"],"post_mailing_queue_ids":[],"_links":{"self":[{"href":"https:\/\/agora.xtec.cat\/ins-pere-ribot\/wp-json\/wp\/v2\/pages\/1061","targetHints":{"allow":["GET"]}}],"collection":[{"href":"https:\/\/agora.xtec.cat\/ins-pere-ribot\/wp-json\/wp\/v2\/pages"}],"about":[{"href":"https:\/\/agora.xtec.cat\/ins-pere-ribot\/wp-json\/wp\/v2\/types\/page"}],"author":[{"embeddable":true,"href":"https:\/\/agora.xtec.cat\/ins-pere-ribot\/wp-json\/wp\/v2\/users\/1"}],"replies":[{"embeddable":true,"href":"https:\/\/agora.xtec.cat\/ins-pere-ribot\/wp-json\/wp\/v2\/comments?post=1061"}],"version-history":[{"count":4,"href":"https:\/\/agora.xtec.cat\/ins-pere-ribot\/wp-json\/wp\/v2\/pages\/1061\/revisions"}],"predecessor-version":[{"id":5649,"href":"https:\/\/agora.xtec.cat\/ins-pere-ribot\/wp-json\/wp\/v2\/pages\/1061\/revisions\/5649"}],"wp:attachment":[{"href":"https:\/\/agora.xtec.cat\/ins-pere-ribot\/wp-json\/wp\/v2\/media?parent=1061"}],"curies":[{"name":"wp","href":"https:\/\/api.w.org\/{rel}","templated":true}]}}