{"id":1022,"date":"2016-06-09T19:44:24","date_gmt":"2016-06-09T18:44:24","guid":{"rendered":"http:\/\/agora.xtec.cat\/ins-pere-ribot\/?page_id=1022"},"modified":"2026-02-25T13:05:52","modified_gmt":"2026-02-25T12:05:52","slug":"matricula-batxillerat","status":"publish","type":"page","link":"https:\/\/agora.xtec.cat\/ins-pere-ribot\/secretaria\/matricula-batxillerat\/","title":{"rendered":"Matr\u00edcula Batxillerat"},"content":{"rendered":"<p lang=\"ca-ES\" align=\"JUSTIFY\"><span style=\"font-family: Arial,sans-serif;\"><span style=\"font-size: large;\">En el cas que el\/la vostre fill\/a estigui en la relaci\u00f3 definitiva de l\u2019alumnat adm\u00e8s en aquest centre, us informem que la matr\u00edcula oficial del batxillerat l\u2019haureu de formalitzar entre els dies 18 i 30 de juny de 2026.<\/span><\/span><\/p>\n<p><span style=\"font-family: Arial,sans-serif;\"><span style=\"font-size: large;\"><a href=\"https:\/\/preinscripcio.gencat.cat\/ca\/estudis\/batxillerat\/informat\/calendari\/\">Consulteu el calendari oficial de tot el proc\u00e9s de preinscripci\u00f3 i matr\u00edcula.<\/a><b><br \/>\n<\/b><\/span><\/span><\/p>\n<p><a href=\"https:\/\/agora.xtec.cat\/ins-pere-ribot\/secretaria\/preinscripcio-batxillerat\/\">En aquest enlla\u00e7 podeu trobar tota la informaci\u00f3 sobre la preinscripci\u00f3.<\/a><\/p>\n<p lang=\"ca-ES\" align=\"CENTER\"><span style=\"font-family: Arial,sans-serif;\"><span style=\"font-size: large;\"><u><b>RELACI\u00d3 DE DOCUMENTS QUE CAL PRESENTAR<\/b><\/u><\/span><\/span><\/p>\n<ul>\n<li>\n<p lang=\"ca-ES\" align=\"JUSTIFY\"><span style=\"font-family: Arial,sans-serif;\"><span style=\"font-size: large;\">Carnet de vacunacions de l\u2019alumne\/a (original i fotoc\u00f2pia).<\/span><\/span><\/p>\n<\/li>\n<li>\n<p lang=\"ca-ES\" align=\"JUSTIFY\"><span style=\"font-family: Arial,sans-serif;\"><span style=\"font-size: large;\">1 fotografia mida carnet (amb el nom i cognoms escrits al darrera). Cal fer-la sobre fons blanc i sense barrets, gorres o cintes al cap que dificultin el reconeixement de la persona fotografiada. <\/span><\/span><\/p>\n<\/li>\n<li>\n<p lang=\"ca-ES\" align=\"JUSTIFY\"><span style=\"font-family: Arial,sans-serif;\"><span style=\"font-size: large;\">En el cas que h\u00e0giu fer la preinscripci\u00f3 de manera telem\u00e0tica i no h\u00e0giu hagut de presentar documentaci\u00f3 acreditativa caldr\u00e0 que ens feu arribar c\u00f2pia del DNI de l&#8217;alumne\/a i dels mare i pare, aix\u00ed com c\u00f2pia del llibre de fam\u00edlia i de la TSE (targeta sanit\u00e0ria individual) de l&#8217;alumne\/a.<\/span><\/span><\/p>\n<\/li>\n<li>\n<p lang=\"ca-ES\" align=\"JUSTIFY\"><span style=\"font-family: Arial,sans-serif;\"><span style=\"font-size: large;\">Resguard del t\u00edtol de l\u2019ESO.<\/span><\/span><\/p>\n<\/li>\n<li>\n<p lang=\"ca-ES\" align=\"JUSTIFY\"><span style=\"font-family: Arial,sans-serif;\"><span style=\"font-size: large;\">Fulls de dades degudament complimentats:<\/span><\/span><\/p>\n<ul>\n<li><a href=\"https:\/\/drive.google.com\/file\/d\/1sWtRi7_TexJAIBAdlFjs-cv9UUSZB6qr\/view?usp=drive_link\" target=\"_blank\" rel=\"noopener noreferrer\">Autoritzaci\u00f3 per a les sortides<\/a><\/li>\n<li><a href=\"https:\/\/drive.google.com\/file\/d\/1cBUTRDaEf8LwwCFDv8KpHrpvR4UA0hdZ\/view?usp=sharing\">Autoritzaci\u00f3 per sortir a l&#8217;hora de l&#8217;esbarjo<\/a><\/li>\n<li><a href=\"https:\/\/drive.google.com\/file\/d\/12TwB-AbCMl-Dz6Ug6rzQJCHDcuumx9U7\/view?usp=drive_link\" target=\"_blank\" rel=\"noopener noreferrer\">Autoritzaci\u00f3 per a l\u2019\u00fas de la imatge<\/a><\/li>\n<li><a href=\"https:\/\/drive.google.com\/file\/d\/1xlQpFyu-8Uo3jLl7-KuMHBvX136Ui05v\/view?usp=drive_link\">Autoritzaci\u00f3 per a l\u2019\u00fas de serveis i recursos digitals<\/a><\/li>\n<li><a href=\"https:\/\/drive.google.com\/file\/d\/1WgXqhr0zFYqSeacOffoya_5OSsOecc2Q\/view?usp=drive_link\" target=\"_blank\" rel=\"noopener noreferrer\">Comunicacions SMS i APP<\/a><\/li>\n<li><a href=\"https:\/\/drive.google.com\/file\/d\/181JETSEoEjyTVWaFUttrQ9E3GN5zxYt7\/view?usp=drive_link\" target=\"_blank\" rel=\"noopener noreferrer\">Domiciliaci\u00f3 banc\u00e0ria<\/a><\/li>\n<li><a href=\"https:\/\/drive.google.com\/file\/d\/13AUyMq8sxZFdhMDO12gd7wGVMxjol9hV\/view?usp=drive_link\" target=\"_blank\" rel=\"noopener noreferrer\">Adre\u00e7a electr\u00f2nica<\/a><\/li>\n<li><a href=\"https:\/\/drive.google.com\/file\/d\/1F-Np8dz3a__bJzBPpXO6gOnyfZIvSEeS\/view?usp=drive_link\" target=\"_blank\" rel=\"noopener noreferrer\">Fitxa m\u00e8dica b\u00e0sica per a educaci\u00f3 f\u00edsica<\/a><\/li>\n<li><a href=\"https:\/\/drive.google.com\/file\/d\/1DhQ6rJbrhY9tolXlayCQ4xhYDhs8v1X8\/view?usp=drive_link\">Informaci\u00f3 addicional<\/a><\/li>\n<li>Si et matricules a 1r de batxillerat: Itineraris de 1r de batxillerat (pendents)<\/li>\n<li>Si et matricules a 2n de batxillerat: Itineraris de 2n de batxillerat (pendents)<\/li>\n<\/ul>\n<\/li>\n<\/ul>\n<p>&nbsp;<\/p>\n<p>&nbsp;<\/p>\n","protected":false},"excerpt":{"rendered":"<p>En el cas que el\/la vostre fill\/a estigui en la relaci\u00f3 definitiva de l\u2019alumnat adm\u00e8s en aquest centre, us informem que la matr\u00edcula oficial del batxillerat l\u2019haureu de formalitzar entre els dies 18 i 30 de juny de 2026.<br \/>\n<a href=\"https:\/\/preinscripcio.gencat.cat\/ca\/estudis\/batxillerat\/informat\/calendari\/\">Consulteu el calendari oficial de tot&hellip;  <a href=\"https:\/\/agora.xtec.cat\/ins-pere-ribot\/secretaria\/matricula-batxillerat\/\" title=\"Read Matr\u00edcula Batxillerat\">Llegeix m\u00e9s\u00bb<\/a><\/p>\n","protected":false},"author":1,"featured_media":0,"parent":81,"menu_order":0,"comment_status":"closed","ping_status":"closed","template":"","meta":{"_bbp_topic_count":0,"_bbp_reply_count":0,"_bbp_total_topic_count":0,"_bbp_total_reply_count":0,"_bbp_voice_count":0,"_bbp_anonymous_reply_count":0,"_bbp_topic_count_hidden":0,"_bbp_reply_count_hidden":0,"_bbp_forum_subforum_count":0,"footnotes":""},"class_list":["post-1022","page","type-page","status-publish","hentry"],"post_mailing_queue_ids":[],"_links":{"self":[{"href":"https:\/\/agora.xtec.cat\/ins-pere-ribot\/wp-json\/wp\/v2\/pages\/1022","targetHints":{"allow":["GET"]}}],"collection":[{"href":"https:\/\/agora.xtec.cat\/ins-pere-ribot\/wp-json\/wp\/v2\/pages"}],"about":[{"href":"https:\/\/agora.xtec.cat\/ins-pere-ribot\/wp-json\/wp\/v2\/types\/page"}],"author":[{"embeddable":true,"href":"https:\/\/agora.xtec.cat\/ins-pere-ribot\/wp-json\/wp\/v2\/users\/1"}],"replies":[{"embeddable":true,"href":"https:\/\/agora.xtec.cat\/ins-pere-ribot\/wp-json\/wp\/v2\/comments?post=1022"}],"version-history":[{"count":8,"href":"https:\/\/agora.xtec.cat\/ins-pere-ribot\/wp-json\/wp\/v2\/pages\/1022\/revisions"}],"predecessor-version":[{"id":7414,"href":"https:\/\/agora.xtec.cat\/ins-pere-ribot\/wp-json\/wp\/v2\/pages\/1022\/revisions\/7414"}],"up":[{"embeddable":true,"href":"https:\/\/agora.xtec.cat\/ins-pere-ribot\/wp-json\/wp\/v2\/pages\/81"}],"wp:attachment":[{"href":"https:\/\/agora.xtec.cat\/ins-pere-ribot\/wp-json\/wp\/v2\/media?parent=1022"}],"curies":[{"name":"wp","href":"https:\/\/api.w.org\/{rel}","templated":true}]}}