{"id":1020,"date":"2016-06-09T19:43:12","date_gmt":"2016-06-09T18:43:12","guid":{"rendered":"http:\/\/agora.xtec.cat\/ins-pere-ribot\/?page_id=1020"},"modified":"2026-04-08T13:19:22","modified_gmt":"2026-04-08T11:19:22","slug":"preinscripcio-batxillerat","status":"publish","type":"page","link":"https:\/\/agora.xtec.cat\/ins-pere-ribot\/secretaria\/preinscripcio-batxillerat\/","title":{"rendered":"Preinscripci\u00f3 Batxillerat"},"content":{"rendered":"<p style=\"text-align: center;\"><a href=\"https:\/\/drive.google.com\/file\/d\/1cJRaC4_O4ddVsEcSnPfN6W9f5mIeYHM9\/view?usp=sharing\">PRESENTACI\u00d3 PORTES OBERTES BATXILLERAT<\/a><\/p>\n<p style=\"text-align: justify;\">El Departament d\u2019Ensenyament estableix els processos d\u2019admissi\u00f3 dels alumnes als centres i, d\u2019entre d\u2019altres, pels ensenyaments sufragats amb fons p\u00fablics de batxillerat.<\/p>\n<p style=\"text-align: justify;\">\u00c9s per aix\u00f2 que el Departament d&#8217;Ensenyament publica un calendari de preinscripci\u00f3 i matr\u00edcula per a cada un dels ensenyaments.<\/p>\n<p style=\"text-align: justify;\">Cal formalitzar la sol\u00b7licitud de preinscripci\u00f3 per:<\/p>\n<ul style=\"text-align: justify;\">\n<li>ser adm\u00e8s\/esa per primera vegada en un centre per cursar ensenyaments sufragats amb fons p\u00fablics<\/li>\n<li>per accedir al primer curs de cada etapa educativa<\/li>\n<\/ul>\n<p style=\"text-align: justify;\">Si la vostra primera opci\u00f3 per a l\u2019escolaritzaci\u00f3 del vostre fill\/a per al curs vinent \u00e9s l\u2019Institut Pere Ribot de Vilassar de Mar, cal que, dins dels terminis establerts pel Departament d\u2019Educaci\u00f3 de la Generalitat de Catalunya, presenteu la sol\u00b7licitud electr\u00f2nica o en suport inform\u00e0tic.<\/p>\n<p style=\"text-align: justify;\"><strong>L&#8217;alumnat que est\u00e0 matriculat a 4t d&#8217;ESO a l&#8217;Institut Pere Ribot i que vol continuar fent el batxillerat al nostre centre NO cal que presenti cap sol\u00b7licitud perqu\u00e8 la reserva de pla\u00e7a es realitza per mecanismes interns.<\/strong><\/p>\n<p style=\"text-align: justify;\">En aquesta p\u00e0gina web i en els seus enlla\u00e7os podeu trobar tota la informaci\u00f3 necess\u00e0ria per tal de poder realitzar la preinscripci\u00f3 correctament. Tot i aix\u00ed, si teniu cap dubte o pregunta podeu contactar amb nosaltres a trav\u00e9s de l\u2019e-mail\u00a0<strong>institut@inspereribot.cat<\/strong>\u00a0o al tel\u00e8fon\u00a0<strong>93 750 07 08<\/strong>\u00a0en horari de 08.30 a 14.30 h de dilluns a divendres.<\/p>\n<p>Si necessiteu informacions del nostre centre, en aquest enlla\u00e7 trobareu tota la informaci\u00f3 de les portes obertes: xerrada, v\u00eddeos explicatius, \u2026\u00a0<a href=\"https:\/\/agora.xtec.cat\/ins-pere-ribot\/portada\/general\/jornada-de-portes-obertes-per-al-curs-2026-2027\/\">PORTES OBERTES<\/a><\/p>\n<p style=\"text-align: justify;\"><strong>JORNADA DE PORTES OBERTES ESPEC\u00cdFICA PER AL BATXILLERAT<\/strong><\/p>\n<p><strong>24 de mar\u00e7 de 2026, a les 17.30 h, a la biblioteca del centre<\/strong><\/p>\n<p>Aqu\u00ed podeu consultar la presentaci\u00f3 que va servir de suport a la jornada. PRESENTACI\u00d3 BATXILLERAT (Pendent)<\/p>\n<p style=\"text-align: justify;\"><strong>PREINSCRIPCI\u00d3 I MATR\u00cdCULA DE BATXILLERAT:<\/strong><\/p>\n<p style=\"text-align: justify;\"><a href=\"https:\/\/preinscripcio.gencat.cat\/ca\/estudis\/batxillerat\/informat\/calendari\/\">CALENDARI OFICIAL DEL PROC\u00c9S<\/a><\/p>\n<p style=\"text-align: justify;\">Us relacionem per ordre cronol\u00f2gic les actuacions principals del proc\u00e9s de preinscripci\u00f3 i matr\u00edcula per al batxillerat:<\/p>\n<ul>\n<li>Publicaci\u00f3 de l&#8217;oferta de places, el dia 8 d&#8217;abril.\n<ul>\n<li>1r de batxillerat: 13 vacants<\/li>\n<li>2n de batxillerat: 17 vacants<\/li>\n<\/ul>\n<\/li>\n<li>Per\u00edode de preinscripci\u00f3: <span style=\"color: #ff0000;\"><span style=\"color: #000000;\">del 9 al 16 <\/span><\/span><span style=\"color: #ff0000;\"><span style=\"color: #000000;\">d&#8217;abril (ambd\u00f3s inclosos)<\/span><\/span><\/li>\n<\/ul>\n<p><span style=\"color: #000000;\">En aquest enlla\u00e7 podr\u00e0s accedir als formularis per<\/span><span style=\"color: #ff0000;\"><strong>: <a href=\"https:\/\/preinscripcio.gencat.cat\/ca\/estudis\/batxillerat\/preinscriute\/sollicitud\/\">FER LA SOL\u00b7LICITUD<\/a><\/strong><\/span><\/p>\n<p>14 de maig: publicaci\u00f3 de la llista de sol\u00b7licituds amb puntuaci\u00f3 provisional:<\/p>\n<p>Del 14 al 20 de maig: presentaci\u00f3 de reclamacions.<\/p>\n<p>29 de maig: publicaci\u00f3 de la llista de sol\u00b7licituds ordenades.<\/p>\n<p>17 de juny:<\/p>\n<ul>\n<li>Publicaci\u00f3 de la llista d&#8217;alumnes assignats al centre<\/li>\n<li>Publicaci\u00f3 de la llista d&#8217;espera<\/li>\n<li>Publicaci\u00f3 de la llista de l&#8217;alumnat preinscrit al centre amb el centre assignat<\/li>\n<\/ul>\n<div class=\"bloc-mobil\">\n<div class=\"descripcio link-dotted\">\n<div class=\"bloc-mobil\">\n<div class=\"descripcio link-dotted\">\n<div class=\"bloc-mobil\">\n<div class=\"descripcio link-dotted\">\n<div class=\"descripcio link-dotted\">\n<div class=\"bloc-mobil\">\n<div class=\"descripcio link-dotted\">\n<div class=\"bloc-mobil\">\n<div class=\"descripcio link-dotted\">Per\u00edode de matr\u00edcula: del 18 al 30 de juny<\/div>\n<\/div>\n<div><\/div>\n<\/div>\n<\/div>\n<\/div>\n<\/div>\n<\/div>\n<\/div>\n<\/div>\n<\/div>\n<\/div>\n<p><strong>ENLLA\u00c7OS D\u2019INTER\u00c8S:<\/strong><\/p>\n<ul>\n<li style=\"text-align: justify;\">En aquests enlla\u00e7os s\u2019incorpora tota la informaci\u00f3 detallada i la documentaci\u00f3 necess\u00e0ria per tal de formalitzar la preinscripci\u00f3 i la matr\u00edcula:<\/li>\n<li><a href=\"https:\/\/preinscripcio.gencat.cat\/ca\/inici\">P\u00e0gina web de la preinscripci\u00f3 <\/a><a href=\"https:\/\/preinscripcio.gencat.cat\/ca\/inici\">del Departament d\u2019Educaci\u00f3.<\/a><\/li>\n<li><a href=\"https:\/\/preinscripcio.gencat.cat\/ca\/estudis\/batxillerat\/informat\/criteris-assignacio\/\">Ent\u00e9n els criteris d\u2019assignaci\u00f3 de pla\u00e7a<\/a><\/li>\n<li><a href=\"https:\/\/preinscripcio.gencat.cat\/ca\/estudis\/batxillerat\/ajuda\/dubtes-temes\/preinscripcio\/\">Tots els dubtes per temes<\/a><\/li>\n<li><a href=\"https:\/\/agora.xtec.cat\/ins-pere-ribot\/secretaria\/matricula-batxillerat\/\">Documentaci\u00f3 necess\u00e0ria per formalitzar la matr\u00edcula al nostre centre<\/a><\/li>\n<li>RESOLUCI\u00d3 del proc\u00e9s de preinscripci\u00f3 i matr\u00edcula.<\/li>\n<li style=\"text-align: justify;\">Totes les sol\u00b7licituds s\u00f3n en format telem\u00e0tic, per tant no hi ha la possibilitat de presentar la preinscripci\u00f3 presencialment en paper.<\/li>\n<li style=\"text-align: justify;\">Hi ha dos tipus de sol\u00b7licitud:<\/li>\n<li><strong>Electr\u00f2nica<\/strong>: cal identificaci\u00f3 digital\n<ul>\n<li>Mitjan\u00e7ant certificat digital, com DNI electr\u00f2nic, Cl@ve, idCat, etc. Si no es disposa de cap certificat, us en podeu generar un de forma f\u00e0cil, l\u2019idCat M\u00f2bil, us expliquem com:\n<ul>\n<li>Cal ser major de 16 anys.<\/li>\n<li>Cal disposar de DNI\/NIE\/Passaport\/Doc. identificador d\u2019un pa\u00eds de la UE o targeta de resid\u00e8ncia comunit\u00e0ria.<\/li>\n<li>Disposar d\u2019adre\u00e7a de correu electr\u00f2nic i un tel\u00e8fon m\u00f2bil a efectes d\u2019identificaci\u00f3 i contacte.<\/li>\n<li>Targeta sanit\u00e0ria per la teva identificaci\u00f3.<\/li>\n<\/ul>\n<\/li>\n<li>Accediu a l\u2019adre\u00e7a\u00a0\u00a0<a href=\"https:\/\/idcatmobil.seu.cat\/\">https:\/\/idcatmobil.seu.cat\/<\/a>\u00a0i trobareu les instruccions pas a pas de com fer-ho.<\/li>\n<li>Per utilitzar l\u2019idCAT M\u00f2bil nom\u00e9s cal introduir el n\u00famero de document d\u2019identitat i el n\u00famero de tel\u00e8fon m\u00f2bil en el web on calgui identificar-se electr\u00f2nicament per fer un tr\u00e0mit. Tot seguit es rep un missatge al tel\u00e8fon, que cont\u00e9 una clau d\u2019acc\u00e9s per<br \/>\nintroduir-la en el web. En aquest cas, al tr\u00e0mit de sol\u00b7licitud de preinscripci\u00f3.<\/li>\n<li>Una vegada identificats, caldr\u00e0 entrar el n\u00famero d\u2019identificaci\u00f3 de l\u2019alumne\/a a RALC que us proporcionar\u00e0 l\u2019escola on est\u00e0 matriculat per poder recuperar les seves dades personals i acad\u00e8miques, omplir les prefer\u00e8ncies i enviar la sol\u00b7licitud. En la majoria de casos no caldr\u00e0 fer res m\u00e9s ni adjuntar cap tipus de documentaci\u00f3, donat que s\u2019haur\u00e0 fet l\u2019intercanvi de validaci\u00f3 de les vostres dades amb totes les administracions implicades.<\/li>\n<\/ul>\n<\/li>\n<li><strong>Suport inform\u00e0tic<\/strong>: sense identificaci\u00f3 digital\n<ul>\n<li>Caldr\u00e0 identificar l\u2019alumne\/a amb el seu n\u00famero d\u2019identificaci\u00f3 d\u2019alumne i omplir el formulari, a l\u2019enviar-ho es far\u00e0 l\u2019intercanvi de dades amb les administracions implicades i adjuntar escanejada o fotografiada la documentaci\u00f3 d\u2019identificaci\u00f3 i filiaci\u00f3 (DNI, llibre de fam\u00edlia, etc.), juntament amb la que al\u00b7legueu a efectes de barems i que no s\u2019hagi pogut validar.<\/li>\n<\/ul>\n<\/li>\n<\/ul>\n<p><strong>INFORMACIONS I RECOMANACIONS:<\/strong><\/p>\n<ul>\n<li>Enlla\u00e7 al formulari de preinscripci\u00f3:\u00a0<a href=\"https:\/\/preinscripcio.gencat.cat\/ca\/estudis\/batxillerat\/preinscriute\/\">fes la preinscripci\u00f3<\/a><\/li>\n<li>L\u2019adre\u00e7a electr\u00f2nica per rebre les sol\u00b7licituds en suport inform\u00e0tic i la documentaci\u00f3 necess\u00e0ria requerida \u00e9s\u00a0<strong>preinscripcio<span class=\"\">@inspereribot.cat<\/span><\/strong><\/li>\n<li>Si tens cap dubte o necessites m\u00e9s informaci\u00f3 pots contactar amb nosaltres a l\u2019adre\u00e7a d\u2019e-mail<strong>\u00a0institut<span class=\"\">@inspereribot.cat\u00a0<\/span><\/strong><span class=\"\">o per tel\u00e8fon al\u00a0<\/span><strong><span class=\"\">937500708\u00a0<\/span><\/strong><span class=\"\">(de 08.30 a 14.30 h).<\/span><\/li>\n<li><strong>El codi de centre de l\u2019Institut Pere Ribot \u00e9s el 08057254<\/strong>, el necessitareu per indicar a quin centre voleu preinscriure-us.<\/li>\n<li>Tenir fotografiada o escanejada la documentaci\u00f3 en el mateix dispositiu des d\u2019on es fa la sol\u00b7licitud.<\/li>\n<li>Demaneu al vostre centre actual el n\u00famero d\u2019identificaci\u00f3 de l\u2019alumne RALC per poder lligar la vostra sol\u00b7licitud al seu expedient acad\u00e8mic i personal. El necessitareu per fer la preinscripci\u00f3.<\/li>\n<li>Cenyiu-vos al calendari establert. Lliurar la sol\u00b7licitud o la documentaci\u00f3 fora de termini us fa perdre tots els drets d\u2019adscripci\u00f3 i prioritat amb el risc que aix\u00f2 comporta de quedar-se sense pla\u00e7a al centre.<\/li>\n<li>S\u2019ha de presentar una sola sol\u00b7licitud i indicar-hi per ordre de prefer\u00e8ncia els diferents centres als que us interessa inscriure la vostra filla o fill.\u00a0<strong>No es poden presentar dues sol\u00b7licituds<\/strong>\u00a0a dos centre diferents per a uns mateixos estudis.<\/li>\n<li>Si teniu algun problema per formalitzar la sol\u00b7licitud de preinscripci\u00f3 (no tenir ordinador ni acc\u00e9s a internet) truqueu-nos i intentarem trobar una soluci\u00f3 perqu\u00e8 pugueu presentar la sol\u00b7licitud dins del termini establert.<\/li>\n<li style=\"text-align: justify;\"><strong>Instituts adscrits a l\u2019institut per al batxillerat:<br \/>\n<\/strong><\/li>\n<\/ul>\n<ul>\n<li style=\"list-style-type: none;\">\n<ul>\n<li style=\"text-align: justify;\">Institut Escola Pla de l&#8217;Avell\u00e0<\/li>\n<\/ul>\n<\/li>\n<\/ul>\n","protected":false},"excerpt":{"rendered":"<p><a href=\"https:\/\/drive.google.com\/file\/d\/1cJRaC4_O4ddVsEcSnPfN6W9f5mIeYHM9\/view?usp=sharing\">PRESENTACI\u00d3 PORTES OBERTES BATXILLERAT<\/a><br \/>\nEl Departament d\u2019Ensenyament estableix els processos d\u2019admissi\u00f3 dels alumnes als centres i, d\u2019entre d\u2019altres, pels ensenyaments sufragats amb fons p\u00fablics de batxillerat.<br \/>\n\u00c9s per aix\u00f2 que el Departament d&#8217;Ensenyament publica un calendari de preinscripci\u00f3 i matr\u00edcula per a cada un dels ensenyaments.<br \/>\nCal&hellip;  <a href=\"https:\/\/agora.xtec.cat\/ins-pere-ribot\/secretaria\/preinscripcio-batxillerat\/\" title=\"Read Preinscripci\u00f3 Batxillerat\">Llegeix m\u00e9s\u00bb<\/a><\/p>\n","protected":false},"author":1,"featured_media":0,"parent":81,"menu_order":0,"comment_status":"closed","ping_status":"closed","template":"page-templates\/side-menu.php","meta":{"_bbp_topic_count":0,"_bbp_reply_count":0,"_bbp_total_topic_count":0,"_bbp_total_reply_count":0,"_bbp_voice_count":0,"_bbp_anonymous_reply_count":0,"_bbp_topic_count_hidden":0,"_bbp_reply_count_hidden":0,"_bbp_forum_subforum_count":0,"footnotes":""},"class_list":["post-1020","page","type-page","status-publish","hentry"],"post_mailing_queue_ids":[],"_links":{"self":[{"href":"https:\/\/agora.xtec.cat\/ins-pere-ribot\/wp-json\/wp\/v2\/pages\/1020","targetHints":{"allow":["GET"]}}],"collection":[{"href":"https:\/\/agora.xtec.cat\/ins-pere-ribot\/wp-json\/wp\/v2\/pages"}],"about":[{"href":"https:\/\/agora.xtec.cat\/ins-pere-ribot\/wp-json\/wp\/v2\/types\/page"}],"author":[{"embeddable":true,"href":"https:\/\/agora.xtec.cat\/ins-pere-ribot\/wp-json\/wp\/v2\/users\/1"}],"replies":[{"embeddable":true,"href":"https:\/\/agora.xtec.cat\/ins-pere-ribot\/wp-json\/wp\/v2\/comments?post=1020"}],"version-history":[{"count":7,"href":"https:\/\/agora.xtec.cat\/ins-pere-ribot\/wp-json\/wp\/v2\/pages\/1020\/revisions"}],"predecessor-version":[{"id":7487,"href":"https:\/\/agora.xtec.cat\/ins-pere-ribot\/wp-json\/wp\/v2\/pages\/1020\/revisions\/7487"}],"up":[{"embeddable":true,"href":"https:\/\/agora.xtec.cat\/ins-pere-ribot\/wp-json\/wp\/v2\/pages\/81"}],"wp:attachment":[{"href":"https:\/\/agora.xtec.cat\/ins-pere-ribot\/wp-json\/wp\/v2\/media?parent=1020"}],"curies":[{"name":"wp","href":"https:\/\/api.w.org\/{rel}","templated":true}]}}