{"id":1014,"date":"2016-06-09T19:36:00","date_gmt":"2016-06-09T18:36:00","guid":{"rendered":"http:\/\/agora.xtec.cat\/ins-pere-ribot\/?page_id=1014"},"modified":"2026-04-15T09:47:54","modified_gmt":"2026-04-15T07:47:54","slug":"preinscripcio-eso","status":"publish","type":"page","link":"https:\/\/agora.xtec.cat\/ins-pere-ribot\/secretaria\/preinscripcio-eso\/","title":{"rendered":"Preinscripci\u00f3 ESO"},"content":{"rendered":"<p style=\"text-align: justify;\">En aquesta p\u00e0gina web i en els seus enlla\u00e7os podeu trobar tota la informaci\u00f3 necess\u00e0ria per tal de poder realitzar la preinscripci\u00f3 correctament. Tot i aix\u00ed, si teniu cap dubte o pregunta podeu contactar amb nosaltres a trav\u00e9s de l&#8217;e-mail <strong>institut@inspereribot.cat<\/strong> o al tel\u00e8fon <strong>93 750 07 08<\/strong> en horari de 08.30 a 14.30 h de dilluns a divendres.<\/p>\n<p style=\"text-align: justify;\">Si necessiteu informacions del nostre centre, en aquest enlla\u00e7 trobareu tota la informaci\u00f3 de les portes obertes: xerrada, v\u00eddeos explicatius, &#8230; <a href=\"https:\/\/agora.xtec.cat\/ins-pere-ribot\/portada\/general\/jornada-de-portes-obertes-per-al-curs-2026-2027\/\">PORTES OBERTES<\/a><\/p>\n<p><strong>PREINSCRIPCI\u00d3 I MATR\u00cdCULA DE L&#8217;ESO:<\/strong><\/p>\n<p><a href=\"https:\/\/preinscripcio.gencat.cat\/ca\/estudis\/eso\/inici\/\">Informaci\u00f3 oficial del Departament d&#8217;Educaci\u00f3<\/a><\/p>\n<p><a href=\"https:\/\/preinscripcio.gencat.cat\/ca\/estudis\/eso\/informat\/calendari\/\">CALENDARI OFICIAL DEL PROC\u00c9S<\/a><\/p>\n<h4>Enlla\u00e7 al formulari de preinscripci\u00f3: <a href=\"https:\/\/preinscripcio.gencat.cat\/ca\/estudis\/eso\/preinscriute\/sollicitud\/\">fes la preinscripci\u00f3<\/a><\/h4>\n<p>Us relacionem per ordre cronol\u00f2gic les actuacions principals del proc\u00e9s de preinscripci\u00f3 i matr\u00edcula per a l&#8217;ESO:<\/p>\n<ul>\n<li>3 de mar\u00e7 publicaci\u00f3 de l&#8217;oferta de places: <a href=\"http:\/\/mapaescolar.gencat.cat\">http:\/\/mapaescolar.gencat.cat<\/a>\n<ul>\n<li>1r d&#8217;ESO: 86<\/li>\n<li>2n d&#8217;ESO: 1<\/li>\n<li>3r d&#8217;ESO: 2<\/li>\n<li>4t d&#8217;ESO: 0<\/li>\n<\/ul>\n<\/li>\n<li style=\"text-align: justify;\"><strong>Per\u00edode de preinscripci\u00f3: <\/strong><span style=\"color: #ff0000;\"><span style=\"color: #000000;\"><strong>del 6 al 18 de mar\u00e7 de 2026<\/strong>\u00a0ambd\u00f3s inclosos<\/span><span style=\"color: #000000;\">.<\/span><\/span><\/li>\n<li>Dia 15 d&#8217;abril publicaci\u00f3 de les sol\u00b7licituds amb la puntuaci\u00f3 provisional. <a href=\"https:\/\/drive.google.com\/file\/d\/1dtUI4NTiVw2CKs4yaDJGO4Sq3luYTU6h\/view?usp=sharing\">LLISTAT ANONIMITZAT AMB LA PUNTUACI\u00d3 PROVISIONAL<\/a>.<\/li>\n<li>Del 15 al 20 d&#8217;abril termini de reclamaci\u00f3 a les puntuacions provisionals. Si has de presentar alguna reclamaci\u00f3 aqu\u00ed et deixem l&#8217;ajuda de:\n<ul>\n<li><a href=\"https:\/\/www.youtube.com\/watch?v=Y1HTJ25ueeY\" target=\"_blank\" rel=\"noopener\" data-saferedirecturl=\"https:\/\/www.google.com\/url?q=https:\/\/www.youtube.com\/watch?v%3DlcYkOcEAeuI&amp;source=gmail&amp;ust=1681805209113000&amp;usg=AOvVaw3u_4DIzbtLVfGrx4dFJ279\">Com presentar una reclamaci\u00f3 contra la llista amb puntuaci\u00f3 provisional<\/a><\/li>\n<li><a href=\"https:\/\/preinscripcio.gencat.cat\/ca\/estudis\/eso\/preinscriute\/seguiment-sollicitud\/llista-sollicituds-puntuacio\/\">Com reclamar<\/a><\/li>\n<\/ul>\n<\/li>\n<\/ul>\n<ul>\n<li><span style=\"color: #000000;\">23 d&#8217;abril publicaci\u00f3 de la llista de sol\u00b7licituds de preinscripci\u00f3 amb la puntuaci\u00f3 un cop resoltes les reclamacions.<\/span><\/li>\n<li><span style=\"color: #ff0000;\"><span style=\"color: #ff0000;\"><span style=\"color: #000000;\">28 d&#8217;abril sorteig i publicaci\u00f3 del n\u00famero de desempat.<br \/>\n<\/span><\/span><\/span><\/li>\n<li>29 d&#8217;abril publicaci\u00f3 de la llista ordenada de les sol\u00b7licituds de preinscripci\u00f3 al centre.<\/li>\n<li>10 de juny publicaci\u00f3 de la llista d&#8217;alumnes admesos.<\/li>\n<li><strong>Del 22 de juny al 30 de juny per\u00edode de matr\u00edcula.<\/strong><\/li>\n<\/ul>\n<p><strong style=\"font-family: inherit; font-size: 1em; text-align: justify;\">ENLLA\u00c7OS D&#8217;INTER\u00c8S:<\/strong><\/p>\n<p style=\"text-align: justify;\">En aquests enlla\u00e7os s&#8217;incorpora tota la informaci\u00f3 detallada i la documentaci\u00f3 necess\u00e0ria per tal de formalitzar la preinscripci\u00f3 i la matr\u00edcula:<\/p>\n<ul>\n<li><a href=\"https:\/\/preinscripcio.gencat.cat\/ca\/inici\">P\u00e0gina web de la preinscripci\u00f3 del Departament d&#8217;Educaci\u00f3.<\/a><\/li>\n<li><a href=\"https:\/\/agora.xtec.cat\/ins-pere-ribot\/portada\/general\/jornada-de-portes-obertes-per-al-curs-2026-2027\/\">Tota la informaci\u00f3 de la jornada de portes obertes<\/a><\/li>\n<li><a href=\"https:\/\/preinscripcio.gencat.cat\/ca\/estudis\/eso\/informat\/criteris-assignacio\/\">Ent\u00e9n els criteris d&#8217;assignaci\u00f3 de pla\u00e7a<\/a><\/li>\n<li><a href=\"https:\/\/agora.xtec.cat\/ins-pere-ribot\/secretaria\/matricula-eso\/\">Documentaci\u00f3 necess\u00e0ria per formalitzar la matr\u00edcula al nostre centre<\/a><\/li>\n<li style=\"text-align: justify;\">RESOLUCI\u00d3 del proc\u00e9s de preinscripci\u00f3 i matr\u00edcula del curs 26-27.<\/li>\n<\/ul>\n<p>A partir del curs passat totes les sol\u00b7licituds s\u00f3n en format telem\u00e0tic, per tant no hi ha la possibilitat de presentar la preinscripci\u00f3 presencialment en paper.<\/p>\n<p style=\"text-align: justify;\">Hi ha dos tipus de sol\u00b7licitud:<\/p>\n<ul>\n<li style=\"text-align: justify;\"><strong><span style=\"text-decoration: underline;\">Electr\u00f2nica<\/span><\/strong>: cal identificaci\u00f3 digital\n<ul>\n<li>Mitjan\u00e7ant certificat digital, com DNI electr\u00f2nic, Cl@ve, idCat, etc. Si no es disposa de cap certificat, us en podeu generar un de forma f\u00e0cil, l\u2019idCat M\u00f2bil, us expliquem com:\n<ul>\n<li>Cal ser major de 16 anys.<\/li>\n<li>Cal disposar de DNI\/NIE\/Passaport\/Doc. identificador d&#8217;un pa\u00eds de la UE o targeta de resid\u00e8ncia comunit\u00e0ria.<\/li>\n<li>Disposar d&#8217;adre\u00e7a de correu electr\u00f2nic i un tel\u00e8fon m\u00f2bil a efectes d&#8217;identificaci\u00f3 i contacte.<\/li>\n<li>Targeta sanit\u00e0ria per la teva identificaci\u00f3.<\/li>\n<\/ul>\n<\/li>\n<li>Accediu a l&#8217;adre\u00e7a\u00a0 <a href=\"https:\/\/idcatmobil.seu.cat\/\">https:\/\/idcatmobil.seu.cat\/<\/a> i trobareu les instruccions pas a pas de com fer-ho.<\/li>\n<li>Per utilitzar l\u2019idCAT M\u00f2bil nom\u00e9s cal introduir el n\u00famero de document d\u2019identitat i el n\u00famero de tel\u00e8fon m\u00f2bil en el web on calgui identificar-se electr\u00f2nicament per fer un tr\u00e0mit. Tot seguit es rep un missatge al tel\u00e8fon, que cont\u00e9 una clau d\u2019acc\u00e9s per<br \/>\nintroduir-la en el web. En aquest cas, al tr\u00e0mit de sol\u00b7licitud de preinscripci\u00f3.<\/li>\n<li>Una vegada identificats, caldr\u00e0 entrar el n\u00famero d\u2019identificaci\u00f3 de l\u2019alumne\/a a RALC que us proporcionar\u00e0 l\u2019escola on est\u00e0 matriculat per poder recuperar les seves dades personals i acad\u00e8miques, omplir les prefer\u00e8ncies i enviar la sol\u00b7licitud. En la majoria de casos no caldr\u00e0 fer res m\u00e9s ni adjuntar cap tipus de documentaci\u00f3, donat que s\u2019haur\u00e0 fet l\u2019intercanvi de validaci\u00f3 de les vostres dades amb totes les administracions implicades.<\/li>\n<\/ul>\n<\/li>\n<li><strong><span style=\"text-decoration: underline;\">Suport inform\u00e0tic<\/span><\/strong>: sense identificaci\u00f3 digital\n<ul>\n<li style=\"text-align: justify;\">Caldr\u00e0 identificar l\u2019alumne\/a amb el seu n\u00famero d\u2019identificaci\u00f3 d\u2019alumne i omplir el formulari, a l\u2019enviar-ho es far\u00e0 l\u2019intercanvi de dades amb les administracions implicades i adjuntar escanejada o fotografiada la documentaci\u00f3 d\u2019identificaci\u00f3 i filiaci\u00f3 (DNI, llibre de fam\u00edlia, etc.), juntament amb la que al\u00b7legueu a efectes de barems i que no s\u2019hagi pogut validar.<\/li>\n<\/ul>\n<\/li>\n<\/ul>\n<p>&nbsp;<\/p>\n<p><strong>INFORMACIONS I RECOMANACIONS:<\/strong><\/p>\n<ul>\n<li>Enlla\u00e7 al formulari de preinscripci\u00f3: <a href=\"https:\/\/preinscripcio.gencat.cat\/ca\/estudis\/eso\/preinscriute\/sollicitud\/\">fes la preinscripci\u00f3<\/a><\/li>\n<li style=\"text-align: justify;\">L&#8217;adre\u00e7a electr\u00f2nica per rebre les sol\u00b7licituds en suport inform\u00e0tic i la documentaci\u00f3 necess\u00e0ria requerida \u00e9s <strong>preinscripcio<span class=\"\">@inspereribot.cat<\/span><\/strong><\/li>\n<li style=\"text-align: justify;\">Si tens cap dubte o necessites m\u00e9s informaci\u00f3 pots contactar amb nosaltres a l&#8217;adre\u00e7a d&#8217;e-mail<strong> institut<span class=\"\">@inspereribot.cat <\/span><\/strong><span class=\"\">o per tel\u00e8fon al <\/span><strong><span class=\"\">937500708 <\/span><\/strong><span class=\"\">(de 08.30 a 14.30 h).<\/span><\/li>\n<li style=\"text-align: justify;\"><strong>El codi de centre de l&#8217;Institut Pere Ribot \u00e9s el 08057254<\/strong>, el necessitareu per indicar a quin centre us voleu preinscriure.<\/li>\n<li style=\"text-align: justify;\">Tenir fotografiada o escanejada la documentaci\u00f3 en el mateix dispositiu des d\u2019on es fa la sol\u00b7licitud.<\/li>\n<li style=\"text-align: justify;\">Demaneu al vostre centre actual el n\u00famero d&#8217;identificaci\u00f3 de l&#8217;alumne RALC per poder lligar la vostra sol\u00b7licitud al seu expedient acad\u00e8mic i personal. El necessitareu per fer la preinscripci\u00f3.<\/li>\n<li style=\"text-align: justify;\">Cenyiu-vos al calendari establert. Lliurar la sol\u00b7licitud o la documentaci\u00f3 fora de termini us fa perdre tots els drets d&#8217;adscripci\u00f3 i prioritat amb el risc que aix\u00f2 comporta de quedar-se sense pla\u00e7a al centre.<\/li>\n<li style=\"text-align: justify;\">S&#8217;ha de presentar una sola sol\u00b7licitud i indicar-hi per ordre de prefer\u00e8ncia els diferents centres als que us interessa inscriure la vostra filla o fill. <strong>No es poden presentar dues sol\u00b7licituds<\/strong> a dos centre diferents per a uns mateixos estudis.<\/li>\n<li style=\"text-align: justify;\">Si teniu algun problema per formalitzar la sol\u00b7licitud de preinscripci\u00f3 (no tenir ordinador ni acc\u00e9s a internet) truqueu-nos i intentarem trobar una soluci\u00f3 perqu\u00e8 pugueu presentar la sol\u00b7licitud dins del termini establert.<\/li>\n<\/ul>\n<p style=\"text-align: justify;\"><strong>Escoles adscrites a l&#8217;institut:<br \/>\n<\/strong><\/p>\n<blockquote>\n<ul style=\"list-style-type: disc;\">\n<li>Escola P\u00e9rez Sala<\/li>\n<li>Escola del Mar<\/li>\n<li>Escola Vaixell Burriac<\/li>\n<li>Escola Els Alocs<\/li>\n<li>Escola Presentaci\u00f3 de Vilassar de Mar<\/li>\n<\/ul>\n<p>Informaci\u00f3 de l&#8217;Ajuntament de Vilassar de Mar.<\/p>\n<p><a href=\"https:\/\/labressoleta.files.wordpress.com\/2020\/02\/2019-12-cataleg-ensenyament-vdm.pdf\"><img loading=\"lazy\" decoding=\"async\" class=\"aligncenter size-full wp-image-4338\" src=\"https:\/\/agora.xtec.cat\/ins-pere-ribot\/wp-content\/uploads\/usu1167\/2021\/02\/Informaci\u00f3-preinscripcio\u0301-escolar-curs-2021-20224.jpg\" alt=\"\" width=\"1533\" height=\"1098\" srcset=\"https:\/\/agora.xtec.cat\/ins-pere-ribot\/wp-content\/uploads\/usu1167\/2021\/02\/Informaci\u00f3-preinscripcio\u0301-escolar-curs-2021-20224.jpg 1533w, https:\/\/agora.xtec.cat\/ins-pere-ribot\/wp-content\/uploads\/usu1167\/2021\/02\/Informaci\u00f3-preinscripcio\u0301-escolar-curs-2021-20224-300x215.jpg 300w, https:\/\/agora.xtec.cat\/ins-pere-ribot\/wp-content\/uploads\/usu1167\/2021\/02\/Informaci\u00f3-preinscripcio\u0301-escolar-curs-2021-20224-768x550.jpg 768w, https:\/\/agora.xtec.cat\/ins-pere-ribot\/wp-content\/uploads\/usu1167\/2021\/02\/Informaci\u00f3-preinscripcio\u0301-escolar-curs-2021-20224-1024x733.jpg 1024w\" sizes=\"auto, (max-width: 1533px) 100vw, 1533px\" \/><\/a><\/p><\/blockquote>\n","protected":false},"excerpt":{"rendered":"<p>En aquesta p\u00e0gina web i en els seus enlla\u00e7os podeu trobar tota la informaci\u00f3 necess\u00e0ria per tal de poder realitzar la preinscripci\u00f3 correctament. Tot i aix\u00ed, si teniu cap dubte o pregunta podeu contactar amb nosaltres a trav\u00e9s de l&#8217;e-mail institut@inspereribot.cat o al tel\u00e8fon 93&hellip;  <a href=\"https:\/\/agora.xtec.cat\/ins-pere-ribot\/secretaria\/preinscripcio-eso\/\" title=\"Read Preinscripci\u00f3 ESO\">Llegeix m\u00e9s\u00bb<\/a><\/p>\n","protected":false},"author":1,"featured_media":0,"parent":81,"menu_order":0,"comment_status":"closed","ping_status":"closed","template":"page-templates\/side-menu.php","meta":{"_bbp_topic_count":0,"_bbp_reply_count":0,"_bbp_total_topic_count":0,"_bbp_total_reply_count":0,"_bbp_voice_count":0,"_bbp_anonymous_reply_count":0,"_bbp_topic_count_hidden":0,"_bbp_reply_count_hidden":0,"_bbp_forum_subforum_count":0,"footnotes":""},"class_list":["post-1014","page","type-page","status-publish","hentry"],"post_mailing_queue_ids":[],"_links":{"self":[{"href":"https:\/\/agora.xtec.cat\/ins-pere-ribot\/wp-json\/wp\/v2\/pages\/1014","targetHints":{"allow":["GET"]}}],"collection":[{"href":"https:\/\/agora.xtec.cat\/ins-pere-ribot\/wp-json\/wp\/v2\/pages"}],"about":[{"href":"https:\/\/agora.xtec.cat\/ins-pere-ribot\/wp-json\/wp\/v2\/types\/page"}],"author":[{"embeddable":true,"href":"https:\/\/agora.xtec.cat\/ins-pere-ribot\/wp-json\/wp\/v2\/users\/1"}],"replies":[{"embeddable":true,"href":"https:\/\/agora.xtec.cat\/ins-pere-ribot\/wp-json\/wp\/v2\/comments?post=1014"}],"version-history":[{"count":8,"href":"https:\/\/agora.xtec.cat\/ins-pere-ribot\/wp-json\/wp\/v2\/pages\/1014\/revisions"}],"predecessor-version":[{"id":7493,"href":"https:\/\/agora.xtec.cat\/ins-pere-ribot\/wp-json\/wp\/v2\/pages\/1014\/revisions\/7493"}],"up":[{"embeddable":true,"href":"https:\/\/agora.xtec.cat\/ins-pere-ribot\/wp-json\/wp\/v2\/pages\/81"}],"wp:attachment":[{"href":"https:\/\/agora.xtec.cat\/ins-pere-ribot\/wp-json\/wp\/v2\/media?parent=1014"}],"curies":[{"name":"wp","href":"https:\/\/api.w.org\/{rel}","templated":true}]}}