{"id":57,"date":"2014-09-17T17:01:07","date_gmt":"2014-09-17T17:01:07","guid":{"rendered":"http:\/\/agora.xtec.cat\/ins-noualcarras\/?page_id=57"},"modified":"2026-02-24T19:14:23","modified_gmt":"2026-02-24T18:14:23","slug":"projecte-educatiu","status":"publish","type":"page","link":"https:\/\/agora.xtec.cat\/ins-noualcarras\/projecte-educatiu\/","title":{"rendered":"Projecte educatiu"},"content":{"rendered":"<p>En aquesta secci\u00f3 incloem difrents p\u00e0gines que reflecteixen com desenvolupem el nostre projecte educatiu.<\/p>\n<p>En <a href=\"https:\/\/agora.xtec.cat\/ins-noualcarras\/general\/noticia-6\/\" target=\"_blank\" rel=\"noopener\">aquest enlla\u00e7<\/a> podeu consultar la <a href=\"https:\/\/agora.xtec.cat\/ins-noualcarras\/general\/noticia-6\/\">l\u00ednia pedag\u00f2gica i els principis d&#8217;actuaci\u00f3 compartits amb les fam\u00edlies a principis de mar\u00e7 del 2023<\/a>, i que van ser la base de l&#8217;arrencada del centre en la seva estrena el curs 2023-2024.<\/p>\n<p>El PEC recull la identitat de l&#8217;Institut Nou Alcarr\u00e0s tenint en compte les caracteri\u0301stiques socials i culturals del context escolar, n\u2019explicita els objectius, n\u2019orienta l\u2019activitat i hi dona sentit amb la finalitat que l\u2019alumnat assoleixi les compete\u0300ncies clau i el ma\u0300xim aprofitament educatiu.<\/p>\n<p><b>Prop\u00f2sit<\/b><\/p>\n<p><span style=\"font-weight: 400;\">El prop\u00f2sit de l\u2019Institut Nou Alcarr\u00e0s \u00e9s oferir un entorn educatiu acollidor que fomenti un aprenentatge integral, combinant el desenvolupament acad\u00e8mic i personal. Volem formar persones reflexives, creatives i responsables, capaces de pensar cr\u00edticament i resoldre problemes, amb un comprom\u00eds ferm amb els valors democr\u00e0tics, preparades per afrontar els reptes d\u2019una societat global i tecnol\u00f2gicament avan\u00e7ada.<\/span><\/p>\n<p><b>Missi\u00f3<\/b><\/p>\n<p><span style=\"font-weight: 400;\">La missi\u00f3 de l\u2019Institut Nou Alcarr\u00e0s \u00e9s oferir una educaci\u00f3 personalitzada i inclusiva que respongui a les necessitats de cada alumne. Treballem pel creixement intel\u00b7lectual, social i emocional, fomentant habilitats de col\u00b7laboraci\u00f3, autonomia i iniciativa. Promovem un aprenentatge actiu i innovador. Les nostres metodologies vinculen l\u2019alumnat amb el m\u00f3n real i afavoreixen la seva integraci\u00f3 positiva en la societat, sempre dins del marc dels valors democr\u00e0tics.<\/span><\/p>\n<p><b>Visi\u00f3<\/b><\/p>\n<p><span style=\"font-weight: 400;\">Ser un centre de refer\u00e8ncia per la qualitat, la creativitat i el pensament cr\u00edtic, que impulsi la participaci\u00f3 i el comprom\u00eds social. Volem que l\u2019alumnat adquireixi no nom\u00e9s coneixements, sin\u00f3 tamb\u00e9 compet\u00e8ncies i actituds per conviure, reflexionar i contribuir activament a una societat canviant i global. Ho fem amb transpar\u00e8ncia i col\u00b7laboraci\u00f3 amb tota la comunitat educativa, impulsant innovaci\u00f3 pedag\u00f2gica i millora cont\u00ednua.<\/span><\/p>\n<p><b>Valors<\/b><\/p>\n<p><span style=\"font-weight: 400;\">Els valors que impregnen l\u2019actuaci\u00f3 a l\u2019Institut Nou Alcarr\u00e0s s\u00f3n:<\/span><\/p>\n<ul>\n<li style=\"font-weight: 400;\" aria-level=\"1\"><b>Inclusi\u00f3 i equitat<\/b><span style=\"font-weight: 400;\">: Garantim un entorn on totes les caracter\u00edstiques personals siguin respectades i valorades, promovent una educaci\u00f3 de qualitat accessible per a tothom.<\/span><\/li>\n<li style=\"font-weight: 400;\" aria-level=\"1\"><b>Respecte i conviv\u00e8ncia<\/b><span style=\"font-weight: 400;\">: Valorem la diversitat com a font d\u2019enriquiment, fomentant di\u00e0leg, empatia i resoluci\u00f3 positiva de conflictes.<\/span><\/li>\n<li style=\"font-weight: 400;\" aria-level=\"1\"><b>Responsabilitat i comprom\u00eds<\/b><span style=\"font-weight: 400;\">: Estimulem l\u2019esfor\u00e7, la dedicaci\u00f3 i l\u2019autonomia com a base per al creixement personal i acad\u00e8mic.<\/span><\/li>\n<li style=\"font-weight: 400;\" aria-level=\"1\"><b>Benestar emocional:<\/b><span style=\"font-weight: 400;\"> Afavorim un entorn segur, motivador i respectu\u00f3s, que fomenti la confian\u00e7a, l\u2019autoconeixement i la regulaci\u00f3 emocional.<\/span><\/li>\n<li style=\"font-weight: 400;\" aria-level=\"1\"><b>Creativitat i pensament cr\u00edtic<\/b><span style=\"font-weight: 400;\">: Promovem la reflexi\u00f3, la innovaci\u00f3 i la capacitat de resoldre situacions complexes amb iniciativa i rigor.<\/span><\/li>\n<li style=\"font-weight: 400;\" aria-level=\"1\"><b>Participaci\u00f3 i col\u00b7laboraci\u00f3<\/b><span style=\"font-weight: 400;\">: Impulsem la implicaci\u00f3 activa de l\u2019alumnat i el treball cooperatiu, refor\u00e7ant el sentit de comunitat i responsabilitat compartida.<\/span><\/li>\n<li style=\"font-weight: 400;\" aria-level=\"1\"><b>Sostenibilitat i consci\u00e8ncia global<\/b><span style=\"font-weight: 400;\">: Eduquem ciutadans responsables, compromesos amb el medi ambient, amb perspectiva intercultural i sensibilitat de g\u00e8nere.<\/span><\/li>\n<li style=\"font-weight: 400;\" aria-level=\"1\"><b>Avaluaci\u00f3 formativa<\/b><span style=\"font-weight: 400;\">: Utilitzem l\u2019avaluaci\u00f3 continuada com a eina de millora i autodesenvolupament, fomentant la responsabilitat sobre el propi aprenentatge.<\/span><\/li>\n<\/ul>\n<p>&nbsp;<\/p>\n","protected":false},"excerpt":{"rendered":"<p>En aquesta secci\u00f3 incloem difrents p\u00e0gines que reflecteixen com desenvolupem el nostre projecte educatiu.<br \/>\nEn <a href=\"https:\/\/agora.xtec.cat\/ins-noualcarras\/general\/noticia-6\/\" target=\"_blank\" rel=\"noopener\">aquest enlla\u00e7<\/a> podeu consultar la <a href=\"https:\/\/agora.xtec.cat\/ins-noualcarras\/general\/noticia-6\/\">l\u00ednia pedag\u00f2gica i els principis d&#8217;actuaci\u00f3 compartits amb les fam\u00edlies a principis de mar\u00e7 del 2023<\/a>, i que van ser la base&hellip;  <a href=\"https:\/\/agora.xtec.cat\/ins-noualcarras\/projecte-educatiu\/\" title=\"Read Projecte educatiu\">Llegeix m\u00e9s\u00bb<\/a><\/p>\n","protected":false},"author":1,"featured_media":0,"parent":0,"menu_order":0,"comment_status":"closed","ping_status":"closed","template":"page-templates\/side-menu.php","meta":{"_bbp_topic_count":0,"_bbp_reply_count":0,"_bbp_total_topic_count":0,"_bbp_total_reply_count":0,"_bbp_voice_count":0,"_bbp_anonymous_reply_count":0,"_bbp_topic_count_hidden":0,"_bbp_reply_count_hidden":0,"_bbp_forum_subforum_count":0,"footnotes":""},"class_list":["post-57","page","type-page","status-publish","hentry"],"post_mailing_queue_ids":[],"_links":{"self":[{"href":"https:\/\/agora.xtec.cat\/ins-noualcarras\/wp-json\/wp\/v2\/pages\/57","targetHints":{"allow":["GET"]}}],"collection":[{"href":"https:\/\/agora.xtec.cat\/ins-noualcarras\/wp-json\/wp\/v2\/pages"}],"about":[{"href":"https:\/\/agora.xtec.cat\/ins-noualcarras\/wp-json\/wp\/v2\/types\/page"}],"author":[{"embeddable":true,"href":"https:\/\/agora.xtec.cat\/ins-noualcarras\/wp-json\/wp\/v2\/users\/1"}],"replies":[{"embeddable":true,"href":"https:\/\/agora.xtec.cat\/ins-noualcarras\/wp-json\/wp\/v2\/comments?post=57"}],"version-history":[{"count":6,"href":"https:\/\/agora.xtec.cat\/ins-noualcarras\/wp-json\/wp\/v2\/pages\/57\/revisions"}],"predecessor-version":[{"id":19949,"href":"https:\/\/agora.xtec.cat\/ins-noualcarras\/wp-json\/wp\/v2\/pages\/57\/revisions\/19949"}],"wp:attachment":[{"href":"https:\/\/agora.xtec.cat\/ins-noualcarras\/wp-json\/wp\/v2\/media?parent=57"}],"curies":[{"name":"wp","href":"https:\/\/api.w.org\/{rel}","templated":true}]}}