{"id":46,"date":"2014-09-17T16:53:45","date_gmt":"2014-09-17T16:53:45","guid":{"rendered":"http:\/\/agora.xtec.cat\/ins-noualcarras\/?page_id=46"},"modified":"2025-10-13T10:35:30","modified_gmt":"2025-10-13T08:35:30","slug":"organigrama","status":"publish","type":"page","link":"https:\/\/agora.xtec.cat\/ins-noualcarras\/linstitut\/organigrama\/","title":{"rendered":"Equip hum\u00e0"},"content":{"rendered":"<p>En els quatre primers cursos del centre la nostra organitzaci\u00f3 interna anir\u00e0 evolucionant d&#8217;acord amb el trasllat a la ubicaci\u00f3 definitiva, les necessitats del desplegament de l&#8217;oferta educativa de tots els nivells de l&#8217;ESO i l&#8217;augment del personal del centre.<\/p>\n<p><strong>EQUIP DIRECTIU 2025-2026<\/strong><\/p>\n<ul>\n<li><strong>Directora<\/strong>: Sara Cabello Ochoa<\/li>\n<li><strong>Secretari<\/strong>: Marc Blanch Abadia<\/li>\n<li><strong>Cap d&#8217;estudis<\/strong>: Antol\u00ed Olona Latorre<\/li>\n<li><strong>Coordinadora Pedag\u00f2gica<\/strong>: Elena Tri\u00f1aque Gilart<\/li>\n<\/ul>\n<p><strong style=\"font-family: inherit; font-size: 1em;\">DOCENTS PER ESPECIALITATS\u00a0<\/strong><\/p>\n<ul>\n<li><strong>Llengua catalana i literatura<\/strong>: Diana Mula Catal\u00e1n, Elena Tri\u00f1aque Gilart i Joan Roca Plovins<\/li>\n<li><strong>Llengua castellana i literatura<\/strong>: Eduard Mesalles Palau, Eva Visa Rexach i L\u00eddia Dolcet Maldonado<\/li>\n<li><strong style=\"font-family: inherit; font-size: 1em;\">Angl\u00e8s<\/strong><span style=\"font-family: inherit; font-size: 1em;\">: Cl\u00e0udia Jim\u00e9nez Chaubel, Helena Vila Pi\u00f1ol i Maria Maj\u00f3s Escol\u00e0<\/span><span style=\"font-family: inherit; font-size: 1em;\">\u00a0<\/span><\/li>\n<li><strong>Franc\u00e8s<\/strong>: Marina Vidal Palomera<\/li>\n<li><strong>Geografia i hist\u00f2ria<\/strong>: Marc Blanch Abadia, Marc Castells Ribes i Oscar Soriano Blasco<\/li>\n<li><strong>Biologia i Geologia<\/strong>: Anna Gin\u00e9 S\u00e1nchez i Marta Ricart Aranda<\/li>\n<li><strong>F\u00edsica i qu\u00edmica<\/strong>: Albert Pascual Cos i Maria Torrelles Vilella<\/li>\n<li><strong>Tecnologia<\/strong>: Eduard Frago Montanuy, Joel Solanes Panad\u00e9s i Sara Cabello Ochoa<\/li>\n<li><strong>Matem\u00e0tiques<\/strong>: Antol\u00ed Olona Latorre, Iris Dolcet Ribes, Joan Sanuy Jarne i N\u00faria P\u00e9rez At\u00e9s<\/li>\n<li><strong>Educaci\u00f3 f\u00edsica:<\/strong> \u00c0lex Torres Hoyas i JR Medrano Candel<\/li>\n<li><strong>Dibuix: <\/strong>Laura Mir Sanju\u00e1n<\/li>\n<li><strong>M\u00fasica:<\/strong> Francesc Marrod\u00e1n Secanell<\/li>\n<li><strong>Aula d&#8217;acollida (AA)<\/strong>: <span style=\"font-family: inherit; font-size: 1em;\">Anna Terrats Farr\u00e9<\/span><\/li>\n<li><strong style=\"font-family: inherit; font-size: 1em;\">Orientaci\u00f3 educativa<\/strong><span style=\"font-family: inherit; font-size: 1em;\">: Joaqu\u00edm Gibert Font i Mireia Beneria Farrero<\/span><\/li>\n<li><span style=\"font-family: inherit; font-size: 1em;\"><strong>Suport intensiu a l&#8217;escola inclusiva a secund\u00e0ria (SIEI):<\/strong> Macarena L\u00f3pez Peco<\/span><\/li>\n<li><span style=\"font-family: inherit; font-size: 1em;\"><strong>Suport Intensiu a l&#8217;audici\u00f3 i llenguatge (SIAL):<\/strong> Neus Ortega Campillo<\/span><\/li>\n<\/ul>\n<p><strong style=\"font-family: inherit; font-size: 1em;\">PAE<\/strong><\/p>\n<ul>\n<li><strong style=\"font-family: inherit; font-size: 1em;\">Educador d&#8217;educaci\u00f3 especial (EEE)<\/strong><span style=\"font-family: inherit; font-size: 1em;\">: Pau Carles Mora<\/span><\/li>\n<\/ul>\n<p><strong style=\"font-family: inherit; font-size: 1em;\">PAS<\/strong><\/p>\n<ul>\n<li><strong style=\"font-family: inherit; font-size: 1em;\">Conserge<\/strong><span style=\"font-family: inherit; font-size: 1em;\">: Gal\u00b7la Rovira Castro<\/span><\/li>\n<li><strong style=\"font-family: inherit; font-size: 1em;\">Auxiliar administrativa<\/strong>: Margot Plaza Rodes<\/li>\n<\/ul>\n","protected":false},"excerpt":{"rendered":"<p>En els quatre primers cursos del centre la nostra organitzaci\u00f3 interna anir\u00e0 evolucionant d&#8217;acord amb el trasllat a la ubicaci\u00f3 definitiva, les necessitats del desplegament de l&#8217;oferta educativa de tots els nivells de l&#8217;ESO i l&#8217;augment del personal del centre.<br \/>\nEQUIP DIRECTIU 2025-2026<\/p>\n<ul>\n<li>Directora: Sara Cabello Ochoa<\/li>\n<li>Secretari:&hellip;  <a href=\"https:\/\/agora.xtec.cat\/ins-noualcarras\/linstitut\/organigrama\/\" title=\"Read Equip hum\u00e0\">Llegeix m\u00e9s\u00bb<\/a><br \/>\n","protected":false},"author":1,"featured_media":0,"parent":19,"menu_order":4,"comment_status":"closed","ping_status":"closed","template":"page-templates\/side-menu.php","meta":{"_bbp_topic_count":0,"_bbp_reply_count":0,"_bbp_total_topic_count":0,"_bbp_total_reply_count":0,"_bbp_voice_count":0,"_bbp_anonymous_reply_count":0,"_bbp_topic_count_hidden":0,"_bbp_reply_count_hidden":0,"_bbp_forum_subforum_count":0,"footnotes":""},"class_list":["post-46","page","type-page","status-publish","hentry"],"post_mailing_queue_ids":[],"_links":{"self":[{"href":"https:\/\/agora.xtec.cat\/ins-noualcarras\/wp-json\/wp\/v2\/pages\/46","targetHints":{"allow":["GET"]}}],"collection":[{"href":"https:\/\/agora.xtec.cat\/ins-noualcarras\/wp-json\/wp\/v2\/pages"}],"about":[{"href":"https:\/\/agora.xtec.cat\/ins-noualcarras\/wp-json\/wp\/v2\/types\/page"}],"author":[{"embeddable":true,"href":"https:\/\/agora.xtec.cat\/ins-noualcarras\/wp-json\/wp\/v2\/users\/1"}],"replies":[{"embeddable":true,"href":"https:\/\/agora.xtec.cat\/ins-noualcarras\/wp-json\/wp\/v2\/comments?post=46"}],"version-history":[{"count":7,"href":"https:\/\/agora.xtec.cat\/ins-noualcarras\/wp-json\/wp\/v2\/pages\/46\/revisions"}],"predecessor-version":[{"id":19698,"href":"https:\/\/agora.xtec.cat\/ins-noualcarras\/wp-json\/wp\/v2\/pages\/46\/revisions\/19698"}],"up":[{"embeddable":true,"href":"https:\/\/agora.xtec.cat\/ins-noualcarras\/wp-json\/wp\/v2\/pages\/19"}],"wp:attachment":[{"href":"https:\/\/agora.xtec.cat\/ins-noualcarras\/wp-json\/wp\/v2\/media?parent=46"}],"curies":[{"name":"wp","href":"https:\/\/api.w.org\/{rel}","templated":true}]}}