{"id":43,"date":"2023-04-14T17:21:07","date_gmt":"2023-04-14T15:21:07","guid":{"rendered":"http:\/\/agora.xtec.cat\/ins-noualcarras\/?page_id=43"},"modified":"2025-11-27T19:13:58","modified_gmt":"2025-11-27T18:13:58","slug":"consell-escolar","status":"publish","type":"page","link":"https:\/\/agora.xtec.cat\/ins-noualcarras\/linstitut\/consell-escolar\/","title":{"rendered":"Consell escolar"},"content":{"rendered":"<p>El consell escolar \u00e9s l\u2019\u00f2rgan de participaci\u00f3 dels diferents sectors de la comunitat educativa en el govern del centre.<\/p>\n<header class=\"entry-header\"><\/header>\n<div class=\"entry-content\">\n<h4><strong>Composici\u00f3<\/strong><\/h4>\n<p>La nova composici\u00f3 del Consell Escolar, despr\u00e9s del proc\u00e9s electoral finalitzat el 20 de novembre de 2025, est\u00e0 format per les persones seg\u00fcents:<\/p>\n<ul>\n<li><strong>Directora<\/strong>: Sara Cabello Ochoa<\/li>\n<li><strong>Secretari<\/strong>: Marc Blanch Abadia<\/li>\n<li><strong>Cap d&#8217;estudis<\/strong>: Antol\u00ed Olona Latorre<\/li>\n<li><strong>Representants del professorat<\/strong>: L\u00eddia Dolcet Maldonado, Elena Tri\u00f1aque Gilart, Marta Ricart Aranda, Marc Castells Ribes i \u00c0lex Torres Hoyas<\/li>\n<li><strong>Representant del PAS<\/strong>: Gal\u00b7la Rovira Castro<\/li>\n<li><strong>Representant de les fam\u00edlies<\/strong>: Ivet Matges Cascarra i M\u00f2nica Ser\u00f3 Moreno<\/li>\n<li><strong>Representant de l\u2019AFA<\/strong>: German Par\u00eds Leza<\/li>\n<li><strong>Representant de l&#8217;ajuntament<\/strong>: Marta Morreres G\u00f2dia<\/li>\n<li><strong>Representants de l\u2019alumnat<\/strong>: Guim Paris G\u00f2dia i Mabintu Diaby Diaby<\/li>\n<\/ul>\n<h4><strong>Funcionament<\/strong><\/h4>\n<ul>\n<li>El Consell Escolar del centre es reuneix preceptivament una vegada al trimestre i sempre que el convoca la directora del centre o b\u00e9 ho sol\u00b7licita com a m\u00ednim un ter\u00e7 de les persones<br \/>\nmembres. A m\u00e9s, \u00e9s prescriptiu de fer una reuni\u00f3 a principi de curs i una altra a la seva finalitzaci\u00f3.<\/li>\n<li>Les decisions del Consell Escolar es prenen, normalment, per consens. Si no \u00e9s possible d&#8217;arribar-hi, la decisi\u00f3 s\u2019adopta per majoria de les persones membres presents, llevat dels casos en qu\u00e8 la normativa determini una altra majoria qualificada.<\/li>\n<li>Quan en l\u2019ordre del dia s\u2019incloguin temes o q\u00fcestions relacionades amb l\u2019activitat normal del centre que estiguin sota la tutela o responsabilitat immediata d\u2019alguna persona membre de la<br \/>\ncomunitat educativa que no sigui membre del consell escolar, se\u2019l podr\u00e0 convocar a la sessi\u00f3 per tal que informi sobre el tema o q\u00fcesti\u00f3 corresponent.<\/li>\n<\/ul>\n<\/div>\n","protected":false},"excerpt":{"rendered":"<p>El consell escolar \u00e9s l\u2019\u00f2rgan de participaci\u00f3 dels diferents sectors de la comunitat educativa en el govern del centre.<\/p>\n<p>Composici\u00f3<br \/>\nLa nova composici\u00f3 del Consell Escolar, despr\u00e9s del proc\u00e9s electoral finalitzat el 20 de novembre de 2025, est\u00e0 format per les persones seg\u00fcents:<\/p>\n<ul>\n<li>Directora: Sara Cabello Ochoa<\/li>\n<li>Secretari: Marc&hellip;  <a href=\"https:\/\/agora.xtec.cat\/ins-noualcarras\/linstitut\/consell-escolar\/\" title=\"Read Consell escolar\">Llegeix m\u00e9s\u00bb<\/a><br \/>\n","protected":false},"author":1,"featured_media":0,"parent":19,"menu_order":6,"comment_status":"closed","ping_status":"closed","template":"page-templates\/side-menu.php","meta":{"_bbp_topic_count":0,"_bbp_reply_count":0,"_bbp_total_topic_count":0,"_bbp_total_reply_count":0,"_bbp_voice_count":0,"_bbp_anonymous_reply_count":0,"_bbp_topic_count_hidden":0,"_bbp_reply_count_hidden":0,"_bbp_forum_subforum_count":0,"footnotes":""},"class_list":["post-43","page","type-page","status-publish","hentry"],"post_mailing_queue_ids":[],"_links":{"self":[{"href":"https:\/\/agora.xtec.cat\/ins-noualcarras\/wp-json\/wp\/v2\/pages\/43","targetHints":{"allow":["GET"]}}],"collection":[{"href":"https:\/\/agora.xtec.cat\/ins-noualcarras\/wp-json\/wp\/v2\/pages"}],"about":[{"href":"https:\/\/agora.xtec.cat\/ins-noualcarras\/wp-json\/wp\/v2\/types\/page"}],"author":[{"embeddable":true,"href":"https:\/\/agora.xtec.cat\/ins-noualcarras\/wp-json\/wp\/v2\/users\/1"}],"replies":[{"embeddable":true,"href":"https:\/\/agora.xtec.cat\/ins-noualcarras\/wp-json\/wp\/v2\/comments?post=43"}],"version-history":[{"count":6,"href":"https:\/\/agora.xtec.cat\/ins-noualcarras\/wp-json\/wp\/v2\/pages\/43\/revisions"}],"predecessor-version":[{"id":19782,"href":"https:\/\/agora.xtec.cat\/ins-noualcarras\/wp-json\/wp\/v2\/pages\/43\/revisions\/19782"}],"up":[{"embeddable":true,"href":"https:\/\/agora.xtec.cat\/ins-noualcarras\/wp-json\/wp\/v2\/pages\/19"}],"wp:attachment":[{"href":"https:\/\/agora.xtec.cat\/ins-noualcarras\/wp-json\/wp\/v2\/media?parent=43"}],"curies":[{"name":"wp","href":"https:\/\/api.w.org\/{rel}","templated":true}]}}