{"id":19923,"date":"2026-02-24T17:40:02","date_gmt":"2026-02-24T16:40:02","guid":{"rendered":"https:\/\/agora.xtec.cat\/ins-noualcarras\/?page_id=19923"},"modified":"2026-02-24T17:56:36","modified_gmt":"2026-02-24T16:56:36","slug":"matricula-alumnes-nous-al-centre-curs-2026-2027","status":"publish","type":"page","link":"https:\/\/agora.xtec.cat\/ins-noualcarras\/secretaria\/matricula-alumnes-nous-al-centre-curs-2026-2027\/","title":{"rendered":"Matr\u00edcula alumnes nous al centre curs 2026-2027"},"content":{"rendered":"<p>El per\u00edode de matr\u00edcula per l\u2019alumnat d\u2019ESO nou al centre el curs 2026-2027 \u00e9s del 22 al 30 de juny.<\/p>\n<p>A partir del 24 de juny es citar\u00e0 a cada fam\u00edlia, via correu electr\u00f2nic, per tenir una primera entrevista. L\u2019entrevista ha de servir per comen\u00e7ar a con\u00e8ixer-nos i compartir aquelles informacions adients per garantir la millor acollida de l\u2019alumnat de 1r d\u2019ESO el curs vinent.<\/p>\n<p>Durant l\u2019<span class=\"gmail-il\">entrevista<\/span>\u00a0us demanarem signar la carta de comprom\u00eds educatiu per l\u2019etapa de l\u2019ESO (recomanem llegir-la abans del dia de l\u2019entrevista) i\u00a0 els fulls d\u2019autoritzacions imprescindibles per comen\u00e7ar el curs amb normalitat.<\/p>\n<p>Tamb\u00e9 informarem del pagament de llibres, material i de la tria de mat\u00e8ries optatives.<\/p>\n<div><\/div>\n<ul>\n<li>IMPORTANT:\u00a0<strong><a href=\"https:\/\/agora.xtec.cat\/ins-noualcarras\/wp-content\/uploads\/usu2381\/2026\/02\/01-nn_entrevista-families_docs_a-lliurar_ESO.pdf\" target=\"_blank\" rel=\"noopener\">Documents que cal portar fotocopiats el dia de l\u2019entrevista\u00a0<\/a><\/strong><\/li>\n<li><strong><a href=\"https:\/\/agora.xtec.cat\/ins-noualcarras\/wp-content\/uploads\/usu2381\/2025\/06\/0-2526-carta-de-compromis-educatiu.pdf\" target=\"_blank\" rel=\"noopener\">Carta de comprom\u00eds educatiu per l\u2019etapa de l\u2019ESO<\/a>\u00a0<\/strong>(important llegir-la abans del dia de l\u2019entrevista)<\/li>\n<\/ul>\n<p>Fulls d\u2019autoritzacions:<\/p>\n<ul>\n<li><a href=\"https:\/\/agora.xtec.cat\/ins-noualcarras\/wp-content\/uploads\/usu2381\/2026\/02\/0-2627-Autoritzacio-sortides-municipi.pdf\" target=\"_blank\" rel=\"noopener\">Autoritzaci\u00f3 de sortides curriculars i complement\u00e0ries al municipi d\u2019Alcarr\u00e0s<\/a><\/li>\n<li>Altres autoritzacions relatives al drets d\u2019\u00fas d\u2019imatge, publicaci\u00f3 de materials\u2026(properament disponibles)<\/li>\n<\/ul>\n","protected":false},"excerpt":{"rendered":"<p>El per\u00edode de matr\u00edcula per l\u2019alumnat d\u2019ESO nou al centre el curs 2026-2027 \u00e9s del 22 al 30 de juny.<br \/>\nA partir del 24 de juny es citar\u00e0 a cada fam\u00edlia, via correu electr\u00f2nic, per tenir una primera entrevista. L\u2019entrevista ha de servir per comen\u00e7ar a&hellip;  <a href=\"https:\/\/agora.xtec.cat\/ins-noualcarras\/secretaria\/matricula-alumnes-nous-al-centre-curs-2026-2027\/\" title=\"Read Matr\u00edcula alumnes nous al centre curs 2026-2027\">Llegeix m\u00e9s\u00bb<\/a><\/p>\n","protected":false},"author":1,"featured_media":0,"parent":81,"menu_order":2,"comment_status":"closed","ping_status":"closed","template":"page-templates\/side-menu.php","meta":{"_bbp_topic_count":0,"_bbp_reply_count":0,"_bbp_total_topic_count":0,"_bbp_total_reply_count":0,"_bbp_voice_count":0,"_bbp_anonymous_reply_count":0,"_bbp_topic_count_hidden":0,"_bbp_reply_count_hidden":0,"_bbp_forum_subforum_count":0,"footnotes":""},"class_list":["post-19923","page","type-page","status-publish","hentry"],"post_mailing_queue_ids":[],"_links":{"self":[{"href":"https:\/\/agora.xtec.cat\/ins-noualcarras\/wp-json\/wp\/v2\/pages\/19923","targetHints":{"allow":["GET"]}}],"collection":[{"href":"https:\/\/agora.xtec.cat\/ins-noualcarras\/wp-json\/wp\/v2\/pages"}],"about":[{"href":"https:\/\/agora.xtec.cat\/ins-noualcarras\/wp-json\/wp\/v2\/types\/page"}],"author":[{"embeddable":true,"href":"https:\/\/agora.xtec.cat\/ins-noualcarras\/wp-json\/wp\/v2\/users\/1"}],"replies":[{"embeddable":true,"href":"https:\/\/agora.xtec.cat\/ins-noualcarras\/wp-json\/wp\/v2\/comments?post=19923"}],"version-history":[{"count":2,"href":"https:\/\/agora.xtec.cat\/ins-noualcarras\/wp-json\/wp\/v2\/pages\/19923\/revisions"}],"predecessor-version":[{"id":19936,"href":"https:\/\/agora.xtec.cat\/ins-noualcarras\/wp-json\/wp\/v2\/pages\/19923\/revisions\/19936"}],"up":[{"embeddable":true,"href":"https:\/\/agora.xtec.cat\/ins-noualcarras\/wp-json\/wp\/v2\/pages\/81"}],"wp:attachment":[{"href":"https:\/\/agora.xtec.cat\/ins-noualcarras\/wp-json\/wp\/v2\/media?parent=19923"}],"curies":[{"name":"wp","href":"https:\/\/api.w.org\/{rel}","templated":true}]}}