{"id":19838,"date":"2026-01-11T09:48:33","date_gmt":"2026-01-11T08:48:33","guid":{"rendered":"https:\/\/agora.xtec.cat\/ins-noualcarras\/?page_id=19838"},"modified":"2026-02-24T19:03:33","modified_gmt":"2026-02-24T18:03:33","slug":"espais-de-treball-organitzacio-del-temps-lectiu","status":"publish","type":"page","link":"https:\/\/agora.xtec.cat\/ins-noualcarras\/projecte-educatiu\/espais-de-treball-organitzacio-del-temps-lectiu\/","title":{"rendered":"Espais de treball"},"content":{"rendered":"<p><span class=\"a_GcMg font-feature-liga-off font-feature-clig-off font-feature-calt-off text-decoration-none text-strikethrough-none\">Organitzem les 30 h lectives setmanals dels 4 cursos d\u2019ESO en <\/span><span class=\"a_GcMg font-feature-liga-off font-feature-clig-off font-feature-calt-off text-decoration-none text-strikethrough-none\">espais de treball diversos<\/span><span class=\"a_GcMg font-feature-liga-off font-feature-clig-off font-feature-calt-off text-decoration-none text-strikethrough-none\">, que complementen l\u2019aprenentatge de les mat\u00e8ries curriculars comunes que corresponen al 87 % de les sessions d\u2019aula.<\/span><\/p>\n<table style=\"border-collapse: collapse; width: 70.7459%; height: 320px;\">\n<tbody>\n<tr style=\"height: 48px;\">\n<td style=\"width: 10.7662%; height: 48px;\"><a href=\"https:\/\/agora.xtec.cat\/ins-noualcarras\/categoria\/espais-de-treball\/mat-com\/\" target=\"_blank\" rel=\"noopener\"><img loading=\"lazy\" decoding=\"async\" class=\"aligncenter wp-image-19937\" src=\"https:\/\/agora.xtec.cat\/ins-noualcarras\/wp-content\/uploads\/usu2381\/2026\/02\/19197893-1024x683.jpg\" alt=\"\" width=\"113\" height=\"75\" srcset=\"https:\/\/agora.xtec.cat\/ins-noualcarras\/wp-content\/uploads\/usu2381\/2026\/02\/19197893-1024x683.jpg 1024w, https:\/\/agora.xtec.cat\/ins-noualcarras\/wp-content\/uploads\/usu2381\/2026\/02\/19197893-300x200.jpg 300w, https:\/\/agora.xtec.cat\/ins-noualcarras\/wp-content\/uploads\/usu2381\/2026\/02\/19197893-768x512.jpg 768w, https:\/\/agora.xtec.cat\/ins-noualcarras\/wp-content\/uploads\/usu2381\/2026\/02\/19197893-1536x1024.jpg 1536w, https:\/\/agora.xtec.cat\/ins-noualcarras\/wp-content\/uploads\/usu2381\/2026\/02\/19197893-2048x1366.jpg 2048w\" sizes=\"auto, (max-width: 113px) 100vw, 113px\" \/><\/a><\/td>\n<td style=\"width: 14.6%; height: 48px;\"><a href=\"https:\/\/agora.xtec.cat\/ins-noualcarras\/categoria\/espais-de-treball\/mat-com\/\" target=\"_blank\" rel=\"noopener\"><strong><strong>Mat\u00e8ries comunes<\/strong><\/strong><\/a><\/td>\n<td style=\"width: 42.9111%; height: 48px;\"><span class=\"a_GcMg font-feature-liga-off font-feature-clig-off font-feature-calt-off text-decoration-none text-strikethrough-none\">Aprenentatges b\u00e0sics del curr\u00edculum mitjan\u00e7ant situacions d\u2019aprenentatge.<\/span><\/td>\n<\/tr>\n<tr style=\"height: 32px;\">\n<td style=\"width: 10.7662%; height: 32px;\"><span style=\"color: #2795b6;\"><a style=\"color: #2795b6;\" href=\"https:\/\/agora.xtec.cat\/ins-noualcarras\/categoria\/espais-de-treball\/espai-lector\/\" target=\"_blank\" rel=\"noopener\"><img loading=\"lazy\" decoding=\"async\" class=\"aligncenter wp-image-18801\" src=\"https:\/\/agora.xtec.cat\/ins-noualcarras\/wp-content\/uploads\/usu2381\/2024\/04\/EL_logo-1.png\" alt=\"\" width=\"113\" height=\"71\" srcset=\"https:\/\/agora.xtec.cat\/ins-noualcarras\/wp-content\/uploads\/usu2381\/2024\/04\/EL_logo-1.png 316w, https:\/\/agora.xtec.cat\/ins-noualcarras\/wp-content\/uploads\/usu2381\/2024\/04\/EL_logo-1-300x189.png 300w\" sizes=\"auto, (max-width: 113px) 100vw, 113px\" \/><\/a><\/span><\/p>\n<p>&nbsp;<\/td>\n<td style=\"width: 14.6%; height: 32px;\"><a href=\"https:\/\/agora.xtec.cat\/ins-noualcarras\/categoria\/espais-de-treball\/espai-lector\/\" target=\"_blank\" rel=\"noopener\"><strong>Espai lector (EL)<\/strong><\/a><\/td>\n<td style=\"width: 42.9111%; height: 32px;\">\n<p dir=\"ltr\">Apostem per l\u2019impuls de la lectura al voltant de 3 eixos: \u201cSaber llegir\u201d, \u201cLlegir per aprendre\u201d i \u201cGust per llegir\u201d.<\/p>\n<p dir=\"ltr\">Est\u00e0 present tots els dies de la setmana,\u00a0 treballem especialment el \u201cGust per llegir\u201d i s\u2019organitza en 3 blocs:<\/p>\n<ul>\n<li dir=\"ltr\">Lectura lliure (Lectura aut\u00f2noma 3 dies a la setmana)<\/li>\n<li dir=\"ltr\">Lectura en veu alta (LVA)<\/li>\n<li dir=\"ltr\">Club lector (compartim les nostres lectures, recomanem llibres\u2026)<\/li>\n<\/ul>\n<\/td>\n<\/tr>\n<tr style=\"height: 32px;\">\n<td style=\"width: 10.7662%; height: 32px;\"><a href=\"https:\/\/agora.xtec.cat\/ins-noualcarras\/wp-content\/uploads\/usu2381\/2026\/02\/Wavy_Med-08_Single-03-scaled.jpg\"><img loading=\"lazy\" decoding=\"async\" class=\"wp-image-19938 aligncenter\" src=\"https:\/\/agora.xtec.cat\/ins-noualcarras\/wp-content\/uploads\/usu2381\/2026\/02\/Wavy_Med-08_Single-03-1024x1024.jpg\" alt=\"\" width=\"98\" height=\"98\" srcset=\"https:\/\/agora.xtec.cat\/ins-noualcarras\/wp-content\/uploads\/usu2381\/2026\/02\/Wavy_Med-08_Single-03-1024x1024.jpg 1024w, https:\/\/agora.xtec.cat\/ins-noualcarras\/wp-content\/uploads\/usu2381\/2026\/02\/Wavy_Med-08_Single-03-300x300.jpg 300w, https:\/\/agora.xtec.cat\/ins-noualcarras\/wp-content\/uploads\/usu2381\/2026\/02\/Wavy_Med-08_Single-03-150x150.jpg 150w, https:\/\/agora.xtec.cat\/ins-noualcarras\/wp-content\/uploads\/usu2381\/2026\/02\/Wavy_Med-08_Single-03-768x768.jpg 768w, https:\/\/agora.xtec.cat\/ins-noualcarras\/wp-content\/uploads\/usu2381\/2026\/02\/Wavy_Med-08_Single-03-1536x1536.jpg 1536w, https:\/\/agora.xtec.cat\/ins-noualcarras\/wp-content\/uploads\/usu2381\/2026\/02\/Wavy_Med-08_Single-03-2048x2048.jpg 2048w\" sizes=\"auto, (max-width: 98px) 100vw, 98px\" \/><\/a><\/td>\n<td style=\"width: 14.6%; height: 32px;\"><strong>Tutoria<\/strong><\/td>\n<td style=\"width: 42.9111%; height: 32px;\"><span class=\"a_GcMg font-feature-liga-off font-feature-clig-off font-feature-calt-off text-decoration-none text-strikethrough-none\">Acompanyament, habilitats socials, t\u00e8cniques d\u2019estudi i orientaci\u00f3.<\/span><\/td>\n<\/tr>\n<tr style=\"height: 32px;\">\n<td style=\"width: 10.7662%; height: 32px;\"><a href=\"https:\/\/agora.xtec.cat\/ins-noualcarras\/categoria\/espais-de-treball\/espai-de-participacio\/\" target=\"_blank\" rel=\"noopener\"><img loading=\"lazy\" decoding=\"async\" class=\"aligncenter wp-image-18851\" src=\"https:\/\/agora.xtec.cat\/ins-noualcarras\/wp-content\/uploads\/usu2381\/2024\/04\/EP_logo.png\" alt=\"\" width=\"96\" height=\"96\" srcset=\"https:\/\/agora.xtec.cat\/ins-noualcarras\/wp-content\/uploads\/usu2381\/2024\/04\/EP_logo.png 252w, https:\/\/agora.xtec.cat\/ins-noualcarras\/wp-content\/uploads\/usu2381\/2024\/04\/EP_logo-150x150.png 150w\" sizes=\"auto, (max-width: 96px) 100vw, 96px\" \/><\/a><\/td>\n<td style=\"width: 14.6%; height: 32px;\"><strong>Valors \/ <a href=\"https:\/\/agora.xtec.cat\/ins-noualcarras\/categoria\/espais-de-treball\/espai-de-participacio\/\" target=\"_blank\" rel=\"noopener\">Espai de Participaci\u00f3 (EP)<\/a><\/strong><\/td>\n<td style=\"width: 42.9111%; height: 32px;\">\n<p class=\"cvGsUA direction-ltr align-start para-style-body\"><span class=\"a_GcMg font-feature-liga-off font-feature-clig-off font-feature-calt-off text-decoration-none text-strikethrough-none\">Treball de valors.<\/span><\/p>\n<p class=\"cvGsUA direction-ltr align-start para-style-body\"><span class=\"a_GcMg font-feature-liga-off font-feature-clig-off font-feature-calt-off text-decoration-none text-strikethrough-none\">L\u2019Espai\u00a0 de participaci\u00f3 refor\u00e7a la participaci\u00f3 democr\u00e0tica de\u00a0 l\u2019alumnat en el dia a dia del centre. S\u2019organitza en comissions d\u2019alumnes, que s\u2019encarreguen de dinamitzar i fer propostes relacionades amb algun aspecte concret de l\u2019organitzaci\u00f3 i gesti\u00f3 del centre. (1r i 2n ESO).<\/span><\/p>\n<\/td>\n<\/tr>\n<tr style=\"height: 32px;\">\n<td style=\"width: 10.7662%; height: 32px;\"><a href=\"https:\/\/agora.xtec.cat\/ins-noualcarras\/categoria\/espais-de-treball\/espai-obert\/\" target=\"_blank\" rel=\"noopener\"><img loading=\"lazy\" decoding=\"async\" class=\"aligncenter wp-image-18850\" src=\"https:\/\/agora.xtec.cat\/ins-noualcarras\/wp-content\/uploads\/usu2381\/2024\/04\/EO_logo.png\" alt=\"\" width=\"75\" height=\"74\" srcset=\"https:\/\/agora.xtec.cat\/ins-noualcarras\/wp-content\/uploads\/usu2381\/2024\/04\/EO_logo.png 244w, https:\/\/agora.xtec.cat\/ins-noualcarras\/wp-content\/uploads\/usu2381\/2024\/04\/EO_logo-150x150.png 150w\" sizes=\"auto, (max-width: 75px) 100vw, 75px\" \/><\/a><\/td>\n<td style=\"width: 14.6%; height: 32px;\"><a href=\"https:\/\/agora.xtec.cat\/ins-noualcarras\/categoria\/espais-de-treball\/espai-obert\/\" target=\"_blank\" rel=\"noopener\"><strong>Espai Obert (EO)<\/strong><\/a><\/td>\n<td style=\"width: 42.9111%; height: 32px;\"><span class=\"a_GcMg font-feature-liga-off font-feature-clig-off font-feature-calt-off text-decoration-none text-strikethrough-none\">Aprenentatge obert i divers amb la participaci\u00f3 d\u2019experts (1r ESO).<\/span><\/td>\n<\/tr>\n<tr style=\"height: 32px;\">\n<td style=\"width: 10.7662%; height: 48px;\" rowspan=\"2\"><a href=\"https:\/\/agora.xtec.cat\/ins-noualcarras\/categoria\/espais-de-treball\/espai-creatiu\/\" target=\"_blank\" rel=\"noopener\"><img loading=\"lazy\" decoding=\"async\" class=\"aligncenter wp-image-801\" src=\"https:\/\/agora.xtec.cat\/ins-noualcarras\/wp-content\/uploads\/usu2381\/2023\/10\/Icona-web-EC-e1697024106288.jpg\" alt=\"\" width=\"96\" height=\"100\" \/><\/a><\/td>\n<td style=\"width: 14.6%; height: 32px;\"><a href=\"https:\/\/agora.xtec.cat\/ins-noualcarras\/categoria\/espais-de-treball\/espai-creatiu\/\" target=\"_blank\" rel=\"noopener\"><strong>Espai creatiu (EC i EC+)<\/strong><\/a><\/p>\n<p><strong>EC &#8211; Mat\u00e8ries optatives<\/strong><\/td>\n<td style=\"width: 42.9111%; height: 32px;\">\n<p class=\"cvGsUA direction-ltr align-start para-style-body\"><span class=\"a_GcMg font-feature-liga-off font-feature-clig-off font-feature-calt-off text-decoration-none text-strikethrough-none\">Creativitat i interessos personals.<\/span><\/p>\n<p class=\"cvGsUA direction-ltr align-start para-style-body\"><span class=\"a_GcMg font-feature-liga-off font-feature-clig-off font-feature-calt-off text-decoration-none text-strikethrough-none\">Mat\u00e8ries optatives<\/span><span class=\"a_GcMg font-feature-liga-off font-feature-clig-off font-feature-calt-off text-decoration-none text-strikethrough-none\"> (trimestrals a 1r i 2n, anuals a 3r i 4t d&#8217;ESO).<\/span><\/p>\n<\/td>\n<\/tr>\n<tr style=\"height: 16px;\">\n<td style=\"width: 14.6%; height: 16px;\"><strong>EC+ &#8211; Reptes<\/strong><\/td>\n<td style=\"width: 42.9111%; height: 16px;\">\n<p class=\"cvGsUA direction-ltr align-start para-style-body\"><span class=\"a_GcMg font-feature-liga-off font-feature-clig-off font-feature-calt-off text-decoration-none text-strikethrough-none\">Els reptes de curta durada (1r i 2n ESO) contribueixen a la personalitzaci\u00f3 de l\u2019aprenentatge. Prioritzen el treball de les compet\u00e8ncies transversals i el desenvolupament de la creativitat. Cada alumne tria els reptes a resoldre, que es proposen agrupats en 3 \u00e0mbits: Comunicaci\u00f3, STEAM i Social i art\u00edstic.<\/span><\/p>\n<p class=\"cvGsUA direction-ltr align-start para-style-body\"><span class=\"a_GcMg font-feature-liga-off font-feature-clig-off font-feature-calt-off text-decoration-none text-strikethrough-none\">Taller de lleng\u00fces (3r i 4t ESO).<\/span><\/p>\n<p class=\"cvGsUA direction-ltr align-start para-style-body\"><span class=\"a_GcMg font-feature-liga-off font-feature-clig-off font-feature-calt-off text-decoration-none text-strikethrough-none\">Reptes matem\u00e0tiques (3r i 4t ESO).<\/span><\/p>\n<\/td>\n<\/tr>\n<tr style=\"height: 32px;\">\n<td style=\"width: 10.7662%; height: 32px;\"><a href=\"https:\/\/agora.xtec.cat\/ins-noualcarras\/categoria\/espais-de-treball\/espai-globalitzat\/\" target=\"_blank\" rel=\"noopener\"><img loading=\"lazy\" decoding=\"async\" class=\"aligncenter wp-image-786\" src=\"https:\/\/agora.xtec.cat\/ins-noualcarras\/wp-content\/uploads\/usu2381\/2023\/09\/icona-web-EG.jpg\" alt=\"\" width=\"90\" height=\"91\" srcset=\"https:\/\/agora.xtec.cat\/ins-noualcarras\/wp-content\/uploads\/usu2381\/2023\/09\/icona-web-EG.jpg 195w, https:\/\/agora.xtec.cat\/ins-noualcarras\/wp-content\/uploads\/usu2381\/2023\/09\/icona-web-EG-150x150.jpg 150w\" sizes=\"auto, (max-width: 90px) 100vw, 90px\" \/><\/a><\/td>\n<td style=\"width: 14.6%; height: 32px;\"><a href=\"https:\/\/agora.xtec.cat\/ins-noualcarras\/categoria\/espais-de-treball\/espai-globalitzat\/\" target=\"_blank\" rel=\"noopener\"><strong>Espai globalitzat (EG)<\/strong><\/a><\/td>\n<td style=\"width: 42.9111%; height: 32px;\">\n<p class=\"cvGsUA direction-ltr align-start para-style-body\"><span class=\"a_GcMg font-feature-liga-off font-feature-clig-off font-feature-calt-off text-decoration-none text-strikethrough-none\">Projectes multidisciplinaris <\/span><span class=\"a_GcMg font-feature-liga-off font-feature-clig-off font-feature-calt-off text-decoration-none text-strikethrough-none\">(1r i 2n ESO).<\/span><\/p>\n<p class=\"cvGsUA direction-ltr align-start para-style-body\"><span class=\"a_GcMg font-feature-liga-off font-feature-clig-off font-feature-calt-off text-decoration-none text-strikethrough-none\">Projectes d\u2019\u00e0mbit (3r ESO).<\/span><\/p>\n<p class=\"cvGsUA direction-ltr align-start para-style-body\"><span class=\"a_GcMg font-feature-liga-off font-feature-clig-off font-feature-calt-off text-decoration-none text-strikethrough-none\">Projectes a partir d\u2019enc\u00e0rrecs d\u2019entitats de l\u2019entorn, Treball de Recerca<\/span> <span class=\"a_GcMg font-feature-liga-off font-feature-clig-off font-feature-calt-off text-decoration-none text-strikethrough-none\">i Servei Comunitari (4t ESO).<\/span><\/p>\n<\/td>\n<\/tr>\n<tr style=\"height: 32px;\">\n<td style=\"width: 10.7662%; height: 32px;\"><\/td>\n<td style=\"width: 14.6%; height: 32px;\"><strong>Esbarjo dinamitzat<\/strong><\/td>\n<td style=\"width: 42.9111%; height: 32px;\"><span class=\"a_GcMg font-feature-liga-off font-feature-clig-off font-feature-calt-off text-decoration-none text-strikethrough-none\">Temps de lleure amb activitats diverses per afavorir la conviv\u00e8ncia positiva entre tot l&#8217;alumnat.<\/span><\/td>\n<\/tr>\n<tr style=\"height: 32px;\">\n<td style=\"width: 10.7662%; height: 32px;\"><\/td>\n<td style=\"width: 14.6%; height: 32px;\"><\/td>\n<td style=\"width: 42.9111%; height: 32px;\"><\/td>\n<\/tr>\n<\/tbody>\n<\/table>\n<p>&nbsp;<\/p>\n","protected":false},"excerpt":{"rendered":"<p>Organitzem les 30 h lectives setmanals dels 4 cursos d\u2019ESO en espais de treball diversos, que complementen l\u2019aprenentatge de les mat\u00e8ries curriculars comunes que corresponen al 87 % de les sessions d\u2019aula.<\/p>\n<p><a href=\"https:\/\/agora.xtec.cat\/ins-noualcarras\/categoria\/espais-de-treball\/mat-com\/\" target=\"_blank\" rel=\"noopener\"><\/a><br \/>\n<a href=\"https:\/\/agora.xtec.cat\/ins-noualcarras\/categoria\/espais-de-treball\/mat-com\/\" target=\"_blank\" rel=\"noopener\">Mat\u00e8ries comunes<\/a><br \/>\nAprenentatges b\u00e0sics del curr\u00edculum mitjan\u00e7ant situacions d\u2019aprenentatge.<\/p>\n<p><a&hellip;  <a href=\"https:\/\/agora.xtec.cat\/ins-noualcarras\/projecte-educatiu\/espais-de-treball-organitzacio-del-temps-lectiu\/\" title=\"Read Espais de treball\">Llegeix m\u00e9s\u00bb<\/a><\/p>\n","protected":false},"author":1,"featured_media":0,"parent":57,"menu_order":0,"comment_status":"closed","ping_status":"closed","template":"page-templates\/side-menu.php","meta":{"_bbp_topic_count":0,"_bbp_reply_count":0,"_bbp_total_topic_count":0,"_bbp_total_reply_count":0,"_bbp_voice_count":0,"_bbp_anonymous_reply_count":0,"_bbp_topic_count_hidden":0,"_bbp_reply_count_hidden":0,"_bbp_forum_subforum_count":0,"footnotes":""},"class_list":["post-19838","page","type-page","status-publish","hentry"],"post_mailing_queue_ids":[],"_links":{"self":[{"href":"https:\/\/agora.xtec.cat\/ins-noualcarras\/wp-json\/wp\/v2\/pages\/19838","targetHints":{"allow":["GET"]}}],"collection":[{"href":"https:\/\/agora.xtec.cat\/ins-noualcarras\/wp-json\/wp\/v2\/pages"}],"about":[{"href":"https:\/\/agora.xtec.cat\/ins-noualcarras\/wp-json\/wp\/v2\/types\/page"}],"author":[{"embeddable":true,"href":"https:\/\/agora.xtec.cat\/ins-noualcarras\/wp-json\/wp\/v2\/users\/1"}],"replies":[{"embeddable":true,"href":"https:\/\/agora.xtec.cat\/ins-noualcarras\/wp-json\/wp\/v2\/comments?post=19838"}],"version-history":[{"count":6,"href":"https:\/\/agora.xtec.cat\/ins-noualcarras\/wp-json\/wp\/v2\/pages\/19838\/revisions"}],"predecessor-version":[{"id":19941,"href":"https:\/\/agora.xtec.cat\/ins-noualcarras\/wp-json\/wp\/v2\/pages\/19838\/revisions\/19941"}],"up":[{"embeddable":true,"href":"https:\/\/agora.xtec.cat\/ins-noualcarras\/wp-json\/wp\/v2\/pages\/57"}],"wp:attachment":[{"href":"https:\/\/agora.xtec.cat\/ins-noualcarras\/wp-json\/wp\/v2\/media?parent=19838"}],"curies":[{"name":"wp","href":"https:\/\/api.w.org\/{rel}","templated":true}]}}