{"id":19680,"date":"2025-10-13T08:58:59","date_gmt":"2025-10-13T06:58:59","guid":{"rendered":"https:\/\/agora.xtec.cat\/ins-noualcarras\/?page_id=19680"},"modified":"2025-10-13T10:22:20","modified_gmt":"2025-10-13T08:22:20","slug":"innovacio-educativa","status":"publish","type":"page","link":"https:\/\/agora.xtec.cat\/ins-noualcarras\/projecte-educatiu\/innovacio-educativa\/","title":{"rendered":"Innovaci\u00f3 educativa, programes i xarxes"},"content":{"rendered":"<div>\n<div class=\"entradeta__wrapper\">\n<div class=\"row\">\n<div class=\"basic_text_peq col-xs-12\">\n<div class=\"pd-15x link-dotted\" data-crawling=\"principal-body\">\n<p>Els programes d\u2019innovaci\u00f3 consisteixen en plans d\u2019acci\u00f3 que el Departament d\u2019Educaci\u00f3 prioritza i impulsa; i que tenen com a finalitat millorar els resultats del sistema educatiu adequant-lo al canvi i a l\u2019evoluci\u00f3 social. Amb la mateixa finalitat tamb\u00e9 s\u2019inclouen les iniciatives d\u2019altres institucions amb les quals el Departament col\u00b7labora mitjan\u00e7ant acords o convenis.<\/p>\n<p style=\"text-align: center;\"><a href=\"https:\/\/innovacio.xtec.gencat.cat\/centre\/25010450\" target=\"_blank\" rel=\"noopener\">El Nou Alcarr\u00e0s al mapa d&#8217;innovaci\u00f3 pedag\u00f2gica<\/a><\/p>\n<p><strong>Programes d&#8217;innovaci\u00f3:<\/strong><\/p>\n<ul>\n<li><a href=\"https:\/\/agora.xtec.cat\/ins-noualcarras\/recercaula\/\" target=\"_blank\" rel=\"noopener\">Aprenentatge entre iguals: RecercAula\u00a0\u00a0<\/a><\/li>\n<\/ul>\n<p><strong>Xarxes educatives:<\/strong><\/p>\n<ul>\n<li><a href=\"https:\/\/innovacio.xtec.gencat.cat\/programa\/3023\" target=\"_blank\" rel=\"noopener\">Xarxa Centres RecercAula<\/a><\/li>\n<li><a href=\"https:\/\/innovacio.xtec.gencat.cat\/programa\/3022\" target=\"_blank\" rel=\"noopener\">Xarxa Centres ULAE<\/a><\/li>\n<li><a href=\"https:\/\/innovacio.xtec.gencat.cat\/programa\/3012\" target=\"_blank\" rel=\"noopener\">Xarxa Comissi\u00f3 digital de Centre<\/a><\/li>\n<li><a href=\"https:\/\/innovacio.xtec.gencat.cat\/programa\/3011\" target=\"_blank\" rel=\"noopener\">Xarxa Coordinaci\u00f3 digital de Centre<\/a><\/li>\n<li><a href=\"https:\/\/innovacio.xtec.gencat.cat\/programa\/3001\" target=\"_blank\" rel=\"noopener\">Xarxa de Compet\u00e8ncies<\/a><\/li>\n<\/ul>\n<p><strong>Altres projectes educatius<\/strong>:<\/p>\n<ul>\n<li><a href=\"https:\/\/agora.xtec.cat\/ins-noualcarras\/projecte-educatiu\/projectes-i-programes\/henka-escoles-resilients\/\" target=\"_blank\" rel=\"noopener\">Henka &#8211; Escoles resilients<\/a><\/li>\n<li><a href=\"https:\/\/projectes.xtec.cat\/educacioinclusiva\/general\/centres-en-dansa-per-la-inclusio\/\" target=\"_blank\" rel=\"noopener\">Centres en dansa per la inclusi\u00f3<\/a><\/li>\n<li><a style=\"font-family: inherit; font-size: 1em;\" href=\"https:\/\/espanadigital.gob.es\/lineas-de-actuacion\/programa-codigo-escuela-40\" target=\"_blank\" rel=\"noopener\">Equipament de programaci\u00f3 i\u00a0 rob\u00f2tica &#8211; Programa C\u00f3digo 4.0\u00a0<\/a><\/li>\n<li><span style=\"font-family: inherit; font-size: 1em;\">Pla de millora d&#8217;oportunitats educatives PMOE-PROA+ (2024-2028)<\/span><\/li>\n<li>Programa temporal de suport intensiu a les matem\u00e0tiques<\/li>\n<\/ul>\n<p>&nbsp;<\/p>\n<p>&nbsp;<\/p>\n<\/div>\n<\/div>\n<\/div>\n<\/div>\n<\/div>\n<div class=\"fpca_article padding-xs padding-sm padding-md\" data-id=\"c6e2fd90-c8af-11ed-82da-005056924a59\"><\/div>\n","protected":false},"excerpt":{"rendered":"<p>Els programes d\u2019innovaci\u00f3 consisteixen en plans d\u2019acci\u00f3 que el Departament d\u2019Educaci\u00f3 prioritza i impulsa; i que tenen com a finalitat millorar els resultats del sistema educatiu adequant-lo al canvi i a l\u2019evoluci\u00f3 social. Amb la mateixa finalitat tamb\u00e9 s\u2019inclouen les iniciatives d\u2019altres institucions amb les&hellip;  <a href=\"https:\/\/agora.xtec.cat\/ins-noualcarras\/projecte-educatiu\/innovacio-educativa\/\" title=\"Read Innovaci\u00f3 educativa, programes i xarxes\">Llegeix m\u00e9s\u00bb<\/a><\/p>\n","protected":false},"author":1,"featured_media":0,"parent":57,"menu_order":3,"comment_status":"closed","ping_status":"closed","template":"page-templates\/side-menu.php","meta":{"_bbp_topic_count":0,"_bbp_reply_count":0,"_bbp_total_topic_count":0,"_bbp_total_reply_count":0,"_bbp_voice_count":0,"_bbp_anonymous_reply_count":0,"_bbp_topic_count_hidden":0,"_bbp_reply_count_hidden":0,"_bbp_forum_subforum_count":0,"footnotes":""},"class_list":["post-19680","page","type-page","status-publish","hentry"],"post_mailing_queue_ids":[],"_links":{"self":[{"href":"https:\/\/agora.xtec.cat\/ins-noualcarras\/wp-json\/wp\/v2\/pages\/19680","targetHints":{"allow":["GET"]}}],"collection":[{"href":"https:\/\/agora.xtec.cat\/ins-noualcarras\/wp-json\/wp\/v2\/pages"}],"about":[{"href":"https:\/\/agora.xtec.cat\/ins-noualcarras\/wp-json\/wp\/v2\/types\/page"}],"author":[{"embeddable":true,"href":"https:\/\/agora.xtec.cat\/ins-noualcarras\/wp-json\/wp\/v2\/users\/1"}],"replies":[{"embeddable":true,"href":"https:\/\/agora.xtec.cat\/ins-noualcarras\/wp-json\/wp\/v2\/comments?post=19680"}],"version-history":[{"count":7,"href":"https:\/\/agora.xtec.cat\/ins-noualcarras\/wp-json\/wp\/v2\/pages\/19680\/revisions"}],"predecessor-version":[{"id":19697,"href":"https:\/\/agora.xtec.cat\/ins-noualcarras\/wp-json\/wp\/v2\/pages\/19680\/revisions\/19697"}],"up":[{"embeddable":true,"href":"https:\/\/agora.xtec.cat\/ins-noualcarras\/wp-json\/wp\/v2\/pages\/57"}],"wp:attachment":[{"href":"https:\/\/agora.xtec.cat\/ins-noualcarras\/wp-json\/wp\/v2\/media?parent=19680"}],"curies":[{"name":"wp","href":"https:\/\/api.w.org\/{rel}","templated":true}]}}