{"id":19674,"date":"2025-10-13T08:47:36","date_gmt":"2025-10-13T06:47:36","guid":{"rendered":"https:\/\/agora.xtec.cat\/ins-noualcarras\/?page_id=19674"},"modified":"2026-01-21T11:36:33","modified_gmt":"2026-01-21T10:36:33","slug":"cultura-digital-edc","status":"publish","type":"page","link":"https:\/\/agora.xtec.cat\/ins-noualcarras\/projecte-educatiu\/estrategia-digital-de-centre-edc\/cultura-digital-edc\/","title":{"rendered":"Cultura digital (EDC)"},"content":{"rendered":"<h2><b>Comissi\u00f3 EDC<\/b><\/h2>\n<p><span style=\"font-weight: 400;\">La Comissi\u00f3 Digital de l\u2019Institut est\u00e0 formada per la persona responsable de la coordinaci\u00f3 digital, un representant de l\u2019equip directiu i els caps d\u2019\u00e0mbit.<\/span><\/p>\n<p><span style=\"font-weight: 400;\">La Comissi\u00f3 es reuneix quinzenalment. S\u2019estableixen, regularment, com a ordre del dia, aspectes d\u2019estrat\u00e8gia digital, que es van planificant en funci\u00f3 de les necessitats de cada moment i de la planificaci\u00f3 de les activitats planificades.\u00a0<\/span><\/p>\n<h2><b>Serveis digitals<\/b><\/h2>\n<p><span style=\"font-weight: 400;\">Totes les aules de grup tenen projector\/panells interactius i el centre t\u00e9 una xarxa wifi accessible des de tots els espais. El professorat del centre disposa d\u2019un ordinador personal i l\u2019alumnat tamb\u00e9, a partir del 2n trimestre de 1r d\u2019ESO.<\/span><\/p>\n<p><span style=\"font-weight: 400;\">L\u2019Institut Nou Alcarr\u00e0s disposa dels <\/span><b>serveis digitals<\/b><span style=\"font-weight: 400;\"> seg\u00fcents:<\/span><\/p>\n<ul>\n<li style=\"font-weight: 400;\" aria-level=\"1\"><b>Domini.cat. <\/b><span style=\"font-weight: 400;\">El centre t\u00e9 el domini propi <\/span><a href=\"http:\/\/insnoualcarras.cat\"><span style=\"font-weight: 400;\">insnoualcarras.cat<\/span><\/a><span style=\"font-weight: 400;\">.<\/span><\/li>\n<li style=\"font-weight: 400;\" aria-level=\"1\"><span style=\"font-weight: 400;\">Serveis que proporciona el Departament d\u2019Educaci\u00f3 a trav\u00e9s d<\/span><b>\u2019\u00c0gora-EIX<\/b><span style=\"font-weight: 400;\"> (sistema d&#8217;allotjament m\u00faltiple):<\/span>\n<ul>\n<li style=\"font-weight: 400;\" aria-level=\"2\"><b>Nodes<\/b><span style=\"font-weight: 400;\">: la plataforma on s\u2019allotja la <\/span><a href=\"https:\/\/agora.xtec.cat\/ins-noualcarras\/\"><span style=\"font-weight: 400;\">p\u00e0gina web del centre<\/span><\/a><span style=\"font-weight: 400;\">.\u00a0<\/span><\/li>\n<li style=\"font-weight: 400;\" aria-level=\"2\"><b>Moodle.<\/b><span style=\"font-weight: 400;\">\u00a0<\/span><\/li>\n<\/ul>\n<\/li>\n<li style=\"font-weight: 400;\" aria-level=\"1\"><b>Google Workspace. <\/b><span style=\"font-weight: 400;\">El compte de Google Workspace per a Centres Educatius ens proporciona, entre altres, eines de comunicaci\u00f3 (correu corporatiu per alumnat i professorat i <\/span><i><span style=\"font-weight: 400;\">Google Meet<\/span><\/i><span style=\"font-weight: 400;\">), emmagatzematge i edici\u00f3 col\u00b7laborativa de documents per a l\u2019alumnat i professorat (<\/span><i><span style=\"font-weight: 400;\">Drive<\/span><\/i><span style=\"font-weight: 400;\">), organitzaci\u00f3 (calendari) i EVA (<\/span><i><span style=\"font-weight: 400;\">C<\/span><\/i><i><span style=\"font-weight: 400;\">lassroom<\/span><\/i><span style=\"font-weight: 400;\">).<\/span><\/li>\n<li style=\"font-weight: 400;\" aria-level=\"1\"><b>Additio. <\/b><span style=\"font-weight: 400;\">\u00c9s l\u2019eina utilitzada pel professorat per a la gesti\u00f3 di\u00e0ria de l\u2019aula. Permet passar l\u2019assist\u00e8ncia, avaluar l\u2019alumnat, i registrar incid\u00e8ncies o observacions. Tamb\u00e9 s\u2019utilitza per a la comunicaci\u00f3 amb les fam\u00edlies, cosa que permet compartir informaci\u00f3 rellevant sobre el seguiment acad\u00e8mic i la conviv\u00e8ncia.<\/span><\/li>\n<li style=\"font-weight: 400;\" aria-level=\"1\"><b>Canva for education. <\/b><span style=\"font-weight: 400;\">Plataforma de disseny i comunicaci\u00f3 visual per al professorat i alumnat.<\/span><\/li>\n<\/ul>\n","protected":false},"excerpt":{"rendered":"<p>Comissi\u00f3 EDC<br \/>\nLa Comissi\u00f3 Digital de l\u2019Institut est\u00e0 formada per la persona responsable de la coordinaci\u00f3 digital, un representant de l\u2019equip directiu i els caps d\u2019\u00e0mbit.<br \/>\nLa Comissi\u00f3 es reuneix quinzenalment. S\u2019estableixen, regularment, com a ordre del dia, aspectes d\u2019estrat\u00e8gia digital, que es van planificant en funci\u00f3&hellip;  <a href=\"https:\/\/agora.xtec.cat\/ins-noualcarras\/projecte-educatiu\/estrategia-digital-de-centre-edc\/cultura-digital-edc\/\" title=\"Read Cultura digital (EDC)\">Llegeix m\u00e9s\u00bb<\/a><\/p>\n","protected":false},"author":1,"featured_media":0,"parent":19638,"menu_order":6,"comment_status":"closed","ping_status":"closed","template":"page-templates\/side-menu.php","meta":{"_bbp_topic_count":0,"_bbp_reply_count":0,"_bbp_total_topic_count":0,"_bbp_total_reply_count":0,"_bbp_voice_count":0,"_bbp_anonymous_reply_count":0,"_bbp_topic_count_hidden":0,"_bbp_reply_count_hidden":0,"_bbp_forum_subforum_count":0,"footnotes":""},"class_list":["post-19674","page","type-page","status-publish","hentry"],"post_mailing_queue_ids":[],"_links":{"self":[{"href":"https:\/\/agora.xtec.cat\/ins-noualcarras\/wp-json\/wp\/v2\/pages\/19674","targetHints":{"allow":["GET"]}}],"collection":[{"href":"https:\/\/agora.xtec.cat\/ins-noualcarras\/wp-json\/wp\/v2\/pages"}],"about":[{"href":"https:\/\/agora.xtec.cat\/ins-noualcarras\/wp-json\/wp\/v2\/types\/page"}],"author":[{"embeddable":true,"href":"https:\/\/agora.xtec.cat\/ins-noualcarras\/wp-json\/wp\/v2\/users\/1"}],"replies":[{"embeddable":true,"href":"https:\/\/agora.xtec.cat\/ins-noualcarras\/wp-json\/wp\/v2\/comments?post=19674"}],"version-history":[{"count":2,"href":"https:\/\/agora.xtec.cat\/ins-noualcarras\/wp-json\/wp\/v2\/pages\/19674\/revisions"}],"predecessor-version":[{"id":19676,"href":"https:\/\/agora.xtec.cat\/ins-noualcarras\/wp-json\/wp\/v2\/pages\/19674\/revisions\/19676"}],"up":[{"embeddable":true,"href":"https:\/\/agora.xtec.cat\/ins-noualcarras\/wp-json\/wp\/v2\/pages\/19638"}],"wp:attachment":[{"href":"https:\/\/agora.xtec.cat\/ins-noualcarras\/wp-json\/wp\/v2\/media?parent=19674"}],"curies":[{"name":"wp","href":"https:\/\/api.w.org\/{rel}","templated":true}]}}