{"id":19669,"date":"2025-10-13T08:35:34","date_gmt":"2025-10-13T06:35:34","guid":{"rendered":"https:\/\/agora.xtec.cat\/ins-noualcarras\/?page_id=19669"},"modified":"2025-10-13T09:03:09","modified_gmt":"2025-10-13T07:03:09","slug":"avaluacio-i-millora-edc","status":"publish","type":"page","link":"https:\/\/agora.xtec.cat\/ins-noualcarras\/projecte-educatiu\/estrategia-digital-de-centre-edc\/avaluacio-i-millora-edc\/","title":{"rendered":"Avaluaci\u00f3 i millora (EDC)"},"content":{"rendered":"<p><span style=\"font-weight: 400;\">L\u2019avaluaci\u00f3 de l\u2019EDC ha de mesurar l\u2019\u00e8xit de les accions previstes i identificar \u00e0mbits de millora. Com que l\u2019hem iniciat sense una diagnosi est\u00e0ndard, ser\u00e0 un proc\u00e9s din\u00e0mic, adaptant-se al creixement del centre i a les dades disponibles.<\/span><\/p>\n<p><span style=\"font-weight: 400;\">Definits els objectius i planificades les accions, els responsables valoraran el desenvolupament de les activitats a mesura que s\u2019executin. Aquesta avaluaci\u00f3 cont\u00ednua permetr\u00e0 ajustar-les si cal per garantir l\u2019assoliment dels objectius de l\u2019EDC.<\/span><\/p>\n<p><span style=\"font-weight: 400;\">Al final de cada curs es far\u00e0 una avaluaci\u00f3 en profunditat de l\u2019EDC, amb l\u2019objectiu de revisar cada una de les activitats planificades. La comissi\u00f3 d\u2019EDC ser\u00e0 qui proposar\u00e0 si cal fer o no modificacions d\u2019objectius, activitats o temporitzaci\u00f3. Els resultats d\u2019aquesta avaluaci\u00f3 es recolliran a la mem\u00f2ria anual del curs.<\/span><\/p>\n<p><span style=\"font-weight: 400;\">En acabar el per\u00edode planificat de desenvolupament de l\u2019EDC, coincidint amb el curs del desplegament dels 4 cursos de l\u2019ESO al centre, es far\u00e0 una avaluaci\u00f3 final que servir\u00e0 per valorar l\u2019estrat\u00e8gia realitzada en la seva globalitat i es plantejar\u00e0 una diagnosi acurada amb la participaci\u00f3 de tots els agents de la comunitat educativa.<\/span><\/p>\n","protected":false},"excerpt":{"rendered":"<p>L\u2019avaluaci\u00f3 de l\u2019EDC ha de mesurar l\u2019\u00e8xit de les accions previstes i identificar \u00e0mbits de millora. Com que l\u2019hem iniciat sense una diagnosi est\u00e0ndard, ser\u00e0 un proc\u00e9s din\u00e0mic, adaptant-se al creixement del centre i a les dades disponibles.<br \/>\nDefinits els objectius i planificades les accions, els&hellip;  <a href=\"https:\/\/agora.xtec.cat\/ins-noualcarras\/projecte-educatiu\/estrategia-digital-de-centre-edc\/avaluacio-i-millora-edc\/\" title=\"Read Avaluaci\u00f3 i millora (EDC)\">Llegeix m\u00e9s\u00bb<\/a><\/p>\n","protected":false},"author":1,"featured_media":0,"parent":19638,"menu_order":4,"comment_status":"closed","ping_status":"closed","template":"page-templates\/side-menu.php","meta":{"_bbp_topic_count":0,"_bbp_reply_count":0,"_bbp_total_topic_count":0,"_bbp_total_reply_count":0,"_bbp_voice_count":0,"_bbp_anonymous_reply_count":0,"_bbp_topic_count_hidden":0,"_bbp_reply_count_hidden":0,"_bbp_forum_subforum_count":0,"footnotes":""},"class_list":["post-19669","page","type-page","status-publish","hentry"],"post_mailing_queue_ids":[],"_links":{"self":[{"href":"https:\/\/agora.xtec.cat\/ins-noualcarras\/wp-json\/wp\/v2\/pages\/19669","targetHints":{"allow":["GET"]}}],"collection":[{"href":"https:\/\/agora.xtec.cat\/ins-noualcarras\/wp-json\/wp\/v2\/pages"}],"about":[{"href":"https:\/\/agora.xtec.cat\/ins-noualcarras\/wp-json\/wp\/v2\/types\/page"}],"author":[{"embeddable":true,"href":"https:\/\/agora.xtec.cat\/ins-noualcarras\/wp-json\/wp\/v2\/users\/1"}],"replies":[{"embeddable":true,"href":"https:\/\/agora.xtec.cat\/ins-noualcarras\/wp-json\/wp\/v2\/comments?post=19669"}],"version-history":[{"count":1,"href":"https:\/\/agora.xtec.cat\/ins-noualcarras\/wp-json\/wp\/v2\/pages\/19669\/revisions"}],"predecessor-version":[{"id":19670,"href":"https:\/\/agora.xtec.cat\/ins-noualcarras\/wp-json\/wp\/v2\/pages\/19669\/revisions\/19670"}],"up":[{"embeddable":true,"href":"https:\/\/agora.xtec.cat\/ins-noualcarras\/wp-json\/wp\/v2\/pages\/19638"}],"wp:attachment":[{"href":"https:\/\/agora.xtec.cat\/ins-noualcarras\/wp-json\/wp\/v2\/media?parent=19669"}],"curies":[{"name":"wp","href":"https:\/\/api.w.org\/{rel}","templated":true}]}}