{"id":19665,"date":"2025-10-13T08:31:39","date_gmt":"2025-10-13T06:31:39","guid":{"rendered":"https:\/\/agora.xtec.cat\/ins-noualcarras\/?page_id=19665"},"modified":"2026-01-21T11:29:20","modified_gmt":"2026-01-21T10:29:20","slug":"planificacio-i-seguiment-edc","status":"publish","type":"page","link":"https:\/\/agora.xtec.cat\/ins-noualcarras\/projecte-educatiu\/estrategia-digital-de-centre-edc\/planificacio-i-seguiment-edc\/","title":{"rendered":"Planificaci\u00f3 i seguiment (EDC)"},"content":{"rendered":"<p><span style=\"font-weight: 400;\">Per cadascun dels objectius s&#8217;ha fet una primera proposta de planificaci\u00f3 d\u2019activitats i la seva temporitzaci\u00f3 per a l\u2019assoliment dels objectius fins al curs 2026-2027. Per a cada activitat s\u2019ha elaborat una fitxa que ha de facilitar el seguiment i avaluaci\u00f3 del seu proc\u00e9s i consecuci\u00f3<\/span><span style=\"font-weight: 400;\">. Incloem aqu\u00ed el resum de les activitats per cadascun dels objectius.<\/span><\/p>\n<p><a href=\"https:\/\/agora.xtec.cat\/ins-noualcarras\/wp-content\/uploads\/usu2381\/2026\/01\/activitats-edc.jpg\"><img loading=\"lazy\" decoding=\"async\" class=\"aligncenter size-full wp-image-19849\" src=\"https:\/\/agora.xtec.cat\/ins-noualcarras\/wp-content\/uploads\/usu2381\/2026\/01\/activitats-edc.jpg\" alt=\"\" width=\"724\" height=\"721\" srcset=\"https:\/\/agora.xtec.cat\/ins-noualcarras\/wp-content\/uploads\/usu2381\/2026\/01\/activitats-edc.jpg 724w, https:\/\/agora.xtec.cat\/ins-noualcarras\/wp-content\/uploads\/usu2381\/2026\/01\/activitats-edc-300x300.jpg 300w, https:\/\/agora.xtec.cat\/ins-noualcarras\/wp-content\/uploads\/usu2381\/2026\/01\/activitats-edc-150x150.jpg 150w\" sizes=\"auto, (max-width: 724px) 100vw, 724px\" \/><\/a><\/p>\n","protected":false},"excerpt":{"rendered":"<p>Per cadascun dels objectius s&#8217;ha fet una primera proposta de planificaci\u00f3 d\u2019activitats i la seva temporitzaci\u00f3 per a l\u2019assoliment dels objectius fins al curs 2026-2027. Per a cada activitat s\u2019ha elaborat una fitxa que ha de facilitar el seguiment i avaluaci\u00f3 del seu proc\u00e9s i&hellip;  <a href=\"https:\/\/agora.xtec.cat\/ins-noualcarras\/projecte-educatiu\/estrategia-digital-de-centre-edc\/planificacio-i-seguiment-edc\/\" title=\"Read Planificaci\u00f3 i seguiment (EDC)\">Llegeix m\u00e9s\u00bb<\/a><\/p>\n","protected":false},"author":1,"featured_media":0,"parent":19638,"menu_order":3,"comment_status":"closed","ping_status":"closed","template":"page-templates\/side-menu.php","meta":{"_bbp_topic_count":0,"_bbp_reply_count":0,"_bbp_total_topic_count":0,"_bbp_total_reply_count":0,"_bbp_voice_count":0,"_bbp_anonymous_reply_count":0,"_bbp_topic_count_hidden":0,"_bbp_reply_count_hidden":0,"_bbp_forum_subforum_count":0,"footnotes":""},"class_list":["post-19665","page","type-page","status-publish","hentry"],"post_mailing_queue_ids":[],"_links":{"self":[{"href":"https:\/\/agora.xtec.cat\/ins-noualcarras\/wp-json\/wp\/v2\/pages\/19665","targetHints":{"allow":["GET"]}}],"collection":[{"href":"https:\/\/agora.xtec.cat\/ins-noualcarras\/wp-json\/wp\/v2\/pages"}],"about":[{"href":"https:\/\/agora.xtec.cat\/ins-noualcarras\/wp-json\/wp\/v2\/types\/page"}],"author":[{"embeddable":true,"href":"https:\/\/agora.xtec.cat\/ins-noualcarras\/wp-json\/wp\/v2\/users\/1"}],"replies":[{"embeddable":true,"href":"https:\/\/agora.xtec.cat\/ins-noualcarras\/wp-json\/wp\/v2\/comments?post=19665"}],"version-history":[{"count":4,"href":"https:\/\/agora.xtec.cat\/ins-noualcarras\/wp-json\/wp\/v2\/pages\/19665\/revisions"}],"predecessor-version":[{"id":19850,"href":"https:\/\/agora.xtec.cat\/ins-noualcarras\/wp-json\/wp\/v2\/pages\/19665\/revisions\/19850"}],"up":[{"embeddable":true,"href":"https:\/\/agora.xtec.cat\/ins-noualcarras\/wp-json\/wp\/v2\/pages\/19638"}],"wp:attachment":[{"href":"https:\/\/agora.xtec.cat\/ins-noualcarras\/wp-json\/wp\/v2\/media?parent=19665"}],"curies":[{"name":"wp","href":"https:\/\/api.w.org\/{rel}","templated":true}]}}