{"id":19660,"date":"2025-10-13T08:28:41","date_gmt":"2025-10-13T06:28:41","guid":{"rendered":"https:\/\/agora.xtec.cat\/ins-noualcarras\/?page_id=19660"},"modified":"2025-10-13T09:04:31","modified_gmt":"2025-10-13T07:04:31","slug":"objectius-edc","status":"publish","type":"page","link":"https:\/\/agora.xtec.cat\/ins-noualcarras\/projecte-educatiu\/estrategia-digital-de-centre-edc\/objectius-edc\/","title":{"rendered":"Objectius (EDC)"},"content":{"rendered":"<p><span style=\"font-weight: 400;\">D\u2019acord en el moment en qu\u00e8 es troba el centre i les consideracions plantejades en la fase de diagnosi, considerem indispensable prioritzar els objectius seg\u00fcents durant els 4 primers cursos de desplegament del centre:<\/span><\/p>\n<ol>\n<li style=\"font-weight: 400;\" aria-level=\"1\"><span style=\"font-weight: 400;\">Dissenyar el desplegament curricular de l\u2019\u00e0mbit digital en tots els espais de treball dels diferents cursos d\u2019ESO. (Per millorar la compet\u00e8ncia digital de l\u2019alumnat i assegurar l\u2019assoliment de totes les compet\u00e8ncies).<\/span><\/li>\n<li style=\"font-weight: 400;\" aria-level=\"1\"><span style=\"font-weight: 400;\">Fomentar la formaci\u00f3 cont\u00ednua del professorat del centre, l\u2019aprenentatge entre iguals, i l\u2019intercanvi d\u2019experi\u00e8ncies did\u00e0ctiques i metodol\u00f2giques entre el professorat del centre i en xarxes externes al centre. (Per millorar la compet\u00e8ncia digital docent).<\/span><\/li>\n<li style=\"font-weight: 400;\" aria-level=\"1\"><span style=\"font-weight: 400;\">Promoure l\u2019\u00fas de les eines digitals en l\u2019avaluaci\u00f3 de l\u2019alumnat. (Per facilitar la reflexi\u00f3 sobre el seu aprenentatge).<\/span><\/li>\n<li style=\"font-weight: 400;\" aria-level=\"1\"><span style=\"font-weight: 400;\">Avan\u00e7ar i concretar la cultura digital del centre de manera compartida amb tot l\u2019equip docent.<\/span><\/li>\n<\/ol>\n","protected":false},"excerpt":{"rendered":"<p>D\u2019acord en el moment en qu\u00e8 es troba el centre i les consideracions plantejades en la fase de diagnosi, considerem indispensable prioritzar els objectius seg\u00fcents durant els 4 primers cursos de desplegament del centre:<\/p>\n<ol>\n<li style=\"font-weight: 400;\" aria-level=\"1\">Dissenyar el desplegament curricular de l\u2019\u00e0mbit digital en tots&hellip;  <a href=\"https:\/\/agora.xtec.cat\/ins-noualcarras\/projecte-educatiu\/estrategia-digital-de-centre-edc\/objectius-edc\/\" title=\"Read Objectius (EDC)\">Llegeix m\u00e9s\u00bb<\/a><br \/>\n","protected":false},"author":1,"featured_media":0,"parent":19638,"menu_order":2,"comment_status":"closed","ping_status":"closed","template":"page-templates\/side-menu.php","meta":{"_bbp_topic_count":0,"_bbp_reply_count":0,"_bbp_total_topic_count":0,"_bbp_total_reply_count":0,"_bbp_voice_count":0,"_bbp_anonymous_reply_count":0,"_bbp_topic_count_hidden":0,"_bbp_reply_count_hidden":0,"_bbp_forum_subforum_count":0,"footnotes":""},"class_list":["post-19660","page","type-page","status-publish","hentry"],"post_mailing_queue_ids":[],"_links":{"self":[{"href":"https:\/\/agora.xtec.cat\/ins-noualcarras\/wp-json\/wp\/v2\/pages\/19660","targetHints":{"allow":["GET"]}}],"collection":[{"href":"https:\/\/agora.xtec.cat\/ins-noualcarras\/wp-json\/wp\/v2\/pages"}],"about":[{"href":"https:\/\/agora.xtec.cat\/ins-noualcarras\/wp-json\/wp\/v2\/types\/page"}],"author":[{"embeddable":true,"href":"https:\/\/agora.xtec.cat\/ins-noualcarras\/wp-json\/wp\/v2\/users\/1"}],"replies":[{"embeddable":true,"href":"https:\/\/agora.xtec.cat\/ins-noualcarras\/wp-json\/wp\/v2\/comments?post=19660"}],"version-history":[{"count":2,"href":"https:\/\/agora.xtec.cat\/ins-noualcarras\/wp-json\/wp\/v2\/pages\/19660\/revisions"}],"predecessor-version":[{"id":19673,"href":"https:\/\/agora.xtec.cat\/ins-noualcarras\/wp-json\/wp\/v2\/pages\/19660\/revisions\/19673"}],"up":[{"embeddable":true,"href":"https:\/\/agora.xtec.cat\/ins-noualcarras\/wp-json\/wp\/v2\/pages\/19638"}],"wp:attachment":[{"href":"https:\/\/agora.xtec.cat\/ins-noualcarras\/wp-json\/wp\/v2\/media?parent=19660"}],"curies":[{"name":"wp","href":"https:\/\/api.w.org\/{rel}","templated":true}]}}