{"id":19638,"date":"2025-10-12T20:25:31","date_gmt":"2025-10-12T18:25:31","guid":{"rendered":"https:\/\/agora.xtec.cat\/ins-noualcarras\/?page_id=19638"},"modified":"2025-10-13T09:20:25","modified_gmt":"2025-10-13T07:20:25","slug":"estrategia-digital-de-centre-edc","status":"publish","type":"page","link":"https:\/\/agora.xtec.cat\/ins-noualcarras\/projecte-educatiu\/estrategia-digital-de-centre-edc\/","title":{"rendered":"Estrat\u00e8gia Digital de Centre (EDC)"},"content":{"rendered":"<p><span style=\"font-weight: 400;\">L&#8217;<\/span><a href=\"https:\/\/educacio.gencat.cat\/web\/.content\/home\/departament\/publicacions\/colleccions\/pla-educacio-digital\/estrategia-digital-centre\/estrategia-digital-centre.pdf\"><span style=\"font-weight: 400;\">estrat\u00e8gia digital de centre (EDC)<\/span><\/a><span style=\"font-weight: 400;\"> defineix i concreta les l\u00ednies d&#8217;actuaci\u00f3 del centre que fan possible que docents, alumnat i centre assoleixin la compet\u00e8ncia digital. Compr\u00e8n tots els \u00e0mbits del centre implicats: organitzatius, metodol\u00f2gics, curriculars i comunicatius, que cal abordar des d\u2019una perspectiva d&#8217;innovaci\u00f3 i de millora cont\u00ednua.<\/span><\/p>\n<p><span style=\"font-weight: 400;\">T\u00e9 com a referent el <\/span><a href=\"https:\/\/educacio.gencat.cat\/web\/.content\/home\/departament\/publicacions\/colleccions\/pla-educacio-digital\/pla-educacio-digital-catalunya\/pla-educacio-digital.pdf\"><span style=\"font-weight: 400;\">Pla d\u2019educaci\u00f3 digital de Catalunya (PEDC)<\/span><\/a><span style=\"font-weight: 400;\">, on s\u2019indica la necessitat d\u2019assolir la fita d\u2019una societat digitalment competent, fent \u00e8mfasi en l\u2019equitat i tenint en compte l\u2019evoluci\u00f3 del context social i tecnol\u00f2gic.<\/span><\/p>\n<p><span style=\"font-weight: 400;\">Com a centre de nova creaci\u00f3 iniciat el curs 2023-2024, entenem aquesta primera versi\u00f3 com una declaraci\u00f3 d\u2019intencions<\/span> <span style=\"font-weight: 400;\">d&#8217;on vol arribar el centre en termes digitals, i un primer pla de treball a seguir en els pr\u00f2xims tres cursos, per anar construint la cultura digital del centre, alhora que anem consolidant el Projecte Educatiu (PEC) i concretant les Normes d\u2019Organitzaci\u00f3 i Funcionament (NOFC).<\/span><\/p>\n<p><span style=\"font-weight: 400;\">Volem que sigui pr\u00e0ctica, que reculli les accions realitzades a l\u2019inici del centre i ens permeti planificar les que es realitzaran en els primers cursos de funcionament,\u00a0 per aconseguir la m\u00e0xima compet\u00e8ncia digital de l\u2019alumnat, del professorat i del centre educatiu, amb el benent\u00e8s que caldr\u00e0 anar-les adaptant a l\u2019evoluci\u00f3 del desplegament del centre.<\/span><\/p>\n<p><span style=\"font-weight: 400;\">Per elaborar l&#8217;estrat\u00e8gia, hem seguit les recomanacions recollides a l\u2019<\/span><a href=\"https:\/\/projectes.xtec.cat\/edc-suport\/\"><span style=\"font-weight: 400;\">Espai de suport a l&#8217;estrat\u00e8gia digital de centre<\/span><\/a><span style=\"font-weight: 400;\">\u00a0 i hem comptat amb l\u2019assessorament d\u2019un mentor digital durant el curs 2023-2024.<\/span><\/p>\n<p><span style=\"font-weight: 400;\">L\u2019EDC compr\u00e8n dues parts: <\/span><\/p>\n<ul>\n<li><strong>Part estrat\u00e8gica <\/strong><\/li>\n<\/ul>\n<p><strong>\u00a0 \u00a0 \u00a0 \u00a0 \u00a0 \u00a0 Inclou 4 fases: <\/strong><strong><a href=\"https:\/\/agora.xtec.cat\/ins-noualcarras\/projecte-educatiu\/estrategia-digital-de-centre-edc\/diagnosi\/\" target=\"_blank\" rel=\"noopener\">Diagnosi<\/a>, <\/strong><strong><a href=\"https:\/\/agora.xtec.cat\/ins-noualcarras\/projecte-educatiu\/estrategia-digital-de-centre-edc\/part-estrategica\/objectius-edc\/\" target=\"_blank\" rel=\"noopener\">Objectius<\/a>, <\/strong><strong><a href=\"https:\/\/agora.xtec.cat\/ins-noualcarras\/projecte-educatiu\/estrategia-digital-de-centre-edc\/planificacio-i-seguiment-edc\/\" target=\"_blank\" rel=\"noopener\">Planificaci\u00f3 i Seguiment<\/a>, <\/strong>i <strong><a href=\"https:\/\/agora.xtec.cat\/ins-noualcarras\/projecte-educatiu\/estrategia-digital-de-centre-edc\/avaluacio-i-millora-edc\/\" target=\"_blank\" rel=\"noopener\">Avaluaci\u00f3 i millora<\/a><a href=\"https:\/\/agora.xtec.cat\/ins-noualcarras\/projecte-educatiu\/estrategia-digital-de-centre-edc\/part-estrategica\/avaluacio-i-millora-edc\/\">.<\/a><\/strong><\/p>\n<ul>\n<li><strong><a href=\"https:\/\/agora.xtec.cat\/ins-noualcarras\/projecte-educatiu\/estrategia-digital-de-centre-edc\/cultura-digital-edc\/\">Cultura Digital del centre<\/a><\/strong><\/li>\n<\/ul>\n<p>&nbsp;<\/p>\n<p>&nbsp;<\/p>\n","protected":false},"excerpt":{"rendered":"<p>L&#8217;<a href=\"https:\/\/educacio.gencat.cat\/web\/.content\/home\/departament\/publicacions\/colleccions\/pla-educacio-digital\/estrategia-digital-centre\/estrategia-digital-centre.pdf\">estrat\u00e8gia digital de centre (EDC)<\/a> defineix i concreta les l\u00ednies d&#8217;actuaci\u00f3 del centre que fan possible que docents, alumnat i centre assoleixin la compet\u00e8ncia digital. Compr\u00e8n tots els \u00e0mbits del centre implicats: organitzatius, metodol\u00f2gics, curriculars i comunicatius, que cal abordar des d\u2019una perspectiva d&#8217;innovaci\u00f3&hellip;  <a href=\"https:\/\/agora.xtec.cat\/ins-noualcarras\/projecte-educatiu\/estrategia-digital-de-centre-edc\/\" title=\"Read Estrat\u00e8gia Digital de Centre (EDC)\">Llegeix m\u00e9s\u00bb<\/a><\/p>\n","protected":false},"author":1,"featured_media":0,"parent":57,"menu_order":1,"comment_status":"closed","ping_status":"closed","template":"page-templates\/side-menu.php","meta":{"_bbp_topic_count":0,"_bbp_reply_count":0,"_bbp_total_topic_count":0,"_bbp_total_reply_count":0,"_bbp_voice_count":0,"_bbp_anonymous_reply_count":0,"_bbp_topic_count_hidden":0,"_bbp_reply_count_hidden":0,"_bbp_forum_subforum_count":0,"footnotes":""},"class_list":["post-19638","page","type-page","status-publish","hentry"],"post_mailing_queue_ids":[],"_links":{"self":[{"href":"https:\/\/agora.xtec.cat\/ins-noualcarras\/wp-json\/wp\/v2\/pages\/19638","targetHints":{"allow":["GET"]}}],"collection":[{"href":"https:\/\/agora.xtec.cat\/ins-noualcarras\/wp-json\/wp\/v2\/pages"}],"about":[{"href":"https:\/\/agora.xtec.cat\/ins-noualcarras\/wp-json\/wp\/v2\/types\/page"}],"author":[{"embeddable":true,"href":"https:\/\/agora.xtec.cat\/ins-noualcarras\/wp-json\/wp\/v2\/users\/1"}],"replies":[{"embeddable":true,"href":"https:\/\/agora.xtec.cat\/ins-noualcarras\/wp-json\/wp\/v2\/comments?post=19638"}],"version-history":[{"count":6,"href":"https:\/\/agora.xtec.cat\/ins-noualcarras\/wp-json\/wp\/v2\/pages\/19638\/revisions"}],"predecessor-version":[{"id":19678,"href":"https:\/\/agora.xtec.cat\/ins-noualcarras\/wp-json\/wp\/v2\/pages\/19638\/revisions\/19678"}],"up":[{"embeddable":true,"href":"https:\/\/agora.xtec.cat\/ins-noualcarras\/wp-json\/wp\/v2\/pages\/57"}],"wp:attachment":[{"href":"https:\/\/agora.xtec.cat\/ins-noualcarras\/wp-json\/wp\/v2\/media?parent=19638"}],"curies":[{"name":"wp","href":"https:\/\/api.w.org\/{rel}","templated":true}]}}